{"id":59882,"date":"2025-09-01T02:57:57","date_gmt":"2025-09-01T00:57:57","guid":{"rendered":"https:\/\/zdesmedicpro-velepro.kuhada.net\/?post_type=product&#038;p=59882"},"modified":"2026-04-14T09:30:06","modified_gmt":"2026-04-14T07:30:06","slug":"maska-za-kisik-s-ohio-spremnikom-djeca","status":"publish","type":"product","link":"https:\/\/medicpro.hr\/veleprodaja\/proizvod\/maska-za-kisik-s-ohio-spremnikom-djeca\/","title":{"rendered":"MASKA ZA KISIK S OHIO SPREMNIKOM, DJECA"},"content":{"rendered":"<p>Maska za<strong> terapiju kisikom<\/strong> za <strong>djecu<\/strong> s <strong>nepovratnim ventilom bez ponovnog disanja.\u00a0<\/strong><\/p>\n<p>Maska za kisik s ohio spremnikom funkcionira na na\u010din da prilikom udisaja, dijete udi\u0161e \u010disti kisik koji se nalazi u spremniku (ohio spremnik), a kod izdisaja, zrak izlazi kroz bo\u010dne strane maske.<\/p>\n<p>Maska je opremljena sustavom jednosmjernog ventila koji spre\u010dava da se izdisani kisik mije\u0161a s kisikom u spremniku. Jednosmjerni ventili sprje\u010davaju da izdahnuti zrak ulazi u rezervoar s kisikom, a sam rezervoar povezan je s kisikom (obi\u010dno bocom). Ova maska koristi se u hitnim situacijama kako bi se sprije\u010dila hipoksemija (malo kisika u krvi).<\/p>\n<p>U cijenu je uklju\u010deno sljede\u0107e:<\/p>\n<ul>\n<li>Maska za lice (u potpunosti prekriva nos i usta).<\/li>\n<li>Rezervoar (ohio spremnik).<\/li>\n<li>Crijevo du\u017eine 200 cm.<\/li>\n<\/ul>\n<p><strong>Opasnost: Prekidi u protoku zraka mogu dovesti do gu\u0161enja djeteta.<\/strong><\/p>\n<p><strong>NE KORISTITI<\/strong> masku ako <strong>dijete povra\u0107a<\/strong>, ako je <strong>umorno<\/strong> ili <strong>bez svijesti.<\/strong><\/p>\n<p><strong>Koristiti uz nadzor stru\u010dne osobe (zdravstveni radnik).<\/strong><\/p>\n","protected":false},"excerpt":{"rendered":"<p>Maska za terapiju kisikom za djecu s nepovratnim ventilom bez ponovnog disanja.\u00a0 Maska za kisik s ohio spremnikom funkcionira na<\/p>\n","protected":false},"featured_media":49799,"comment_status":"open","ping_status":"closed","template":"","meta":[],"product_brand":[],"product_cat":[708,786,787],"product_tag":[],"class_list":{"0":"post-59882","1":"product","2":"type-product","3":"status-publish","4":"has-post-thumbnail","6":"product_cat-prva-pomoc-i-reanimacija","7":"product_cat-maske","8":"product_cat-maske-za-kisik","10":"first","11":"instock","12":"taxable","13":"shipping-taxable","14":"purchasable","15":"product-type-simple"},"acf":[],"yoast_head":"<!-- This site is optimized with the Yoast SEO plugin v27.3 - https:\/\/yoast.com\/product\/yoast-seo-wordpress\/ -->\n<title>MASKA ZA KISIK S OHIO SPREMNIKOM, DJECA - Medicpro<\/title>\n<meta name=\"robots\" content=\"index, follow, max-snippet:-1, max-image-preview:large, max-video-preview:-1\" \/>\n<link rel=\"canonical\" href=\"https:\/\/medicpro.hr\/veleprodaja\/proizvod\/maska-za-kisik-s-ohio-spremnikom-djeca\/\" \/>\n<meta property=\"og:locale\" content=\"hr_HR\" \/>\n<meta property=\"og:type\" content=\"article\" \/>\n<meta property=\"og:title\" content=\"MASKA ZA KISIK S OHIO SPREMNIKOM, DJECA - Medicpro\" \/>\n<meta property=\"og:description\" content=\"Maska za terapiju kisikom za djecu s nepovratnim ventilom bez ponovnog disanja.\u00a0 Maska za kisik s ohio spremnikom funkcionira na\" \/>\n<meta property=\"og:url\" content=\"https:\/\/medicpro.hr\/veleprodaja\/proizvod\/maska-za-kisik-s-ohio-spremnikom-djeca\/\" \/>\n<meta property=\"og:site_name\" content=\"Medicpro\" \/>\n<meta property=\"article:modified_time\" content=\"2026-04-14T07:30:06+00:00\" \/>\n<meta property=\"og:image\" content=\"https:\/\/medicpro.hr\/veleprodaja\/wp-content\/uploads\/2025\/06\/products-6372-1-3.jpg\" \/>\n\t<meta property=\"og:image:width\" content=\"596\" \/>\n\t<meta property=\"og:image:height\" content=\"800\" \/>\n\t<meta property=\"og:image:type\" content=\"image\/jpeg\" \/>\n<meta name=\"twitter:card\" content=\"summary_large_image\" \/>\n<meta name=\"twitter:label1\" content=\"Procijenjeno vrijeme \u010ditanja\" \/>\n\t<meta name=\"twitter:data1\" content=\"1 minuta\" \/>\n<script type=\"application\/ld+json\" class=\"yoast-schema-graph\">{\"@context\":\"https:\\\/\\\/schema.org\",\"@graph\":[{\"@type\":\"WebPage\",\"@id\":\"https:\\\/\\\/medicpro.hr\\\/veleprodaja\\\/proizvod\\\/maska-za-kisik-s-ohio-spremnikom-djeca\\\/\",\"url\":\"https:\\\/\\\/medicpro.hr\\\/veleprodaja\\\/proizvod\\\/maska-za-kisik-s-ohio-spremnikom-djeca\\\/\",\"name\":\"MASKA ZA KISIK S OHIO SPREMNIKOM, DJECA - Medicpro\",\"isPartOf\":{\"@id\":\"https:\\\/\\\/medicpro.hr\\\/veleprodaja\\\/#website\"},\"primaryImageOfPage\":{\"@id\":\"https:\\\/\\\/medicpro.hr\\\/veleprodaja\\\/proizvod\\\/maska-za-kisik-s-ohio-spremnikom-djeca\\\/#primaryimage\"},\"image\":{\"@id\":\"https:\\\/\\\/medicpro.hr\\\/veleprodaja\\\/proizvod\\\/maska-za-kisik-s-ohio-spremnikom-djeca\\\/#primaryimage\"},\"thumbnailUrl\":\"https:\\\/\\\/medicpro.hr\\\/veleprodaja\\\/wp-content\\\/uploads\\\/2025\\\/06\\\/products-6372-1-3.jpg\",\"datePublished\":\"2025-09-01T00:57:57+00:00\",\"dateModified\":\"2026-04-14T07:30:06+00:00\",\"breadcrumb\":{\"@id\":\"https:\\\/\\\/medicpro.hr\\\/veleprodaja\\\/proizvod\\\/maska-za-kisik-s-ohio-spremnikom-djeca\\\/#breadcrumb\"},\"inLanguage\":\"hr\",\"potentialAction\":[{\"@type\":\"ReadAction\",\"target\":[\"https:\\\/\\\/medicpro.hr\\\/veleprodaja\\\/proizvod\\\/maska-za-kisik-s-ohio-spremnikom-djeca\\\/\"]}]},{\"@type\":\"ImageObject\",\"inLanguage\":\"hr\",\"@id\":\"https:\\\/\\\/medicpro.hr\\\/veleprodaja\\\/proizvod\\\/maska-za-kisik-s-ohio-spremnikom-djeca\\\/#primaryimage\",\"url\":\"https:\\\/\\\/medicpro.hr\\\/veleprodaja\\\/wp-content\\\/uploads\\\/2025\\\/06\\\/products-6372-1-3.jpg\",\"contentUrl\":\"https:\\\/\\\/medicpro.hr\\\/veleprodaja\\\/wp-content\\\/uploads\\\/2025\\\/06\\\/products-6372-1-3.jpg\",\"width\":596,\"height\":800},{\"@type\":\"BreadcrumbList\",\"@id\":\"https:\\\/\\\/medicpro.hr\\\/veleprodaja\\\/proizvod\\\/maska-za-kisik-s-ohio-spremnikom-djeca\\\/#breadcrumb\",\"itemListElement\":[{\"@type\":\"ListItem\",\"position\":1,\"name\":\"Po\u010detna stranica\",\"item\":\"https:\\\/\\\/medicpro.hr\\\/veleprodaja\\\/\"},{\"@type\":\"ListItem\",\"position\":2,\"name\":\"Veleprodaja\",\"item\":\"https:\\\/\\\/medicpro.hr\\\/veleprodaja\\\/trgovina\\\/\"},{\"@type\":\"ListItem\",\"position\":3,\"name\":\"MASKA ZA KISIK S OHIO SPREMNIKOM, DJECA\"}]},{\"@type\":\"WebSite\",\"@id\":\"https:\\\/\\\/medicpro.hr\\\/veleprodaja\\\/#website\",\"url\":\"https:\\\/\\\/medicpro.hr\\\/veleprodaja\\\/\",\"name\":\"Medicpro.hr\",\"description\":\"Medicinski potro\u0161ni materijal i oprema\",\"publisher\":{\"@id\":\"https:\\\/\\\/medicpro.hr\\\/veleprodaja\\\/#organization\"},\"potentialAction\":[{\"@type\":\"SearchAction\",\"target\":{\"@type\":\"EntryPoint\",\"urlTemplate\":\"https:\\\/\\\/medicpro.hr\\\/veleprodaja\\\/?s={search_term_string}\"},\"query-input\":{\"@type\":\"PropertyValueSpecification\",\"valueRequired\":true,\"valueName\":\"search_term_string\"}}],\"inLanguage\":\"hr\"},{\"@type\":\"Organization\",\"@id\":\"https:\\\/\\\/medicpro.hr\\\/veleprodaja\\\/#organization\",\"name\":\"Medicpro d.o.o.\",\"url\":\"https:\\\/\\\/medicpro.hr\\\/veleprodaja\\\/\",\"logo\":{\"@type\":\"ImageObject\",\"inLanguage\":\"hr\",\"@id\":\"https:\\\/\\\/medicpro.hr\\\/veleprodaja\\\/#\\\/schema\\\/logo\\\/image\\\/\",\"url\":\"https:\\\/\\\/medicpro.hr\\\/veleprodaja\\\/wp-content\\\/uploads\\\/2025\\\/05\\\/medicpro_logo.svg\",\"contentUrl\":\"https:\\\/\\\/medicpro.hr\\\/veleprodaja\\\/wp-content\\\/uploads\\\/2025\\\/05\\\/medicpro_logo.svg\",\"width\":226,\"height\":42,\"caption\":\"Medicpro d.o.o.\"},\"image\":{\"@id\":\"https:\\\/\\\/medicpro.hr\\\/veleprodaja\\\/#\\\/schema\\\/logo\\\/image\\\/\"}}]}<\/script>\n<!-- \/ Yoast SEO plugin. -->","yoast_head_json":{"title":"MASKA ZA KISIK S OHIO SPREMNIKOM, DJECA - Medicpro","robots":{"index":"index","follow":"follow","max-snippet":"max-snippet:-1","max-image-preview":"max-image-preview:large","max-video-preview":"max-video-preview:-1"},"canonical":"https:\/\/medicpro.hr\/veleprodaja\/proizvod\/maska-za-kisik-s-ohio-spremnikom-djeca\/","og_locale":"hr_HR","og_type":"article","og_title":"MASKA ZA KISIK S OHIO SPREMNIKOM, DJECA - Medicpro","og_description":"Maska za terapiju kisikom za djecu s nepovratnim ventilom bez ponovnog disanja.\u00a0 Maska za kisik s ohio spremnikom funkcionira na","og_url":"https:\/\/medicpro.hr\/veleprodaja\/proizvod\/maska-za-kisik-s-ohio-spremnikom-djeca\/","og_site_name":"Medicpro","article_modified_time":"2026-04-14T07:30:06+00:00","og_image":[{"width":596,"height":800,"url":"https:\/\/medicpro.hr\/veleprodaja\/wp-content\/uploads\/2025\/06\/products-6372-1-3.jpg","type":"image\/jpeg"}],"twitter_card":"summary_large_image","twitter_misc":{"Procijenjeno vrijeme \u010ditanja":"1 minuta"},"schema":{"@context":"https:\/\/schema.org","@graph":[{"@type":"WebPage","@id":"https:\/\/medicpro.hr\/veleprodaja\/proizvod\/maska-za-kisik-s-ohio-spremnikom-djeca\/","url":"https:\/\/medicpro.hr\/veleprodaja\/proizvod\/maska-za-kisik-s-ohio-spremnikom-djeca\/","name":"MASKA ZA KISIK S OHIO SPREMNIKOM, DJECA - Medicpro","isPartOf":{"@id":"https:\/\/medicpro.hr\/veleprodaja\/#website"},"primaryImageOfPage":{"@id":"https:\/\/medicpro.hr\/veleprodaja\/proizvod\/maska-za-kisik-s-ohio-spremnikom-djeca\/#primaryimage"},"image":{"@id":"https:\/\/medicpro.hr\/veleprodaja\/proizvod\/maska-za-kisik-s-ohio-spremnikom-djeca\/#primaryimage"},"thumbnailUrl":"https:\/\/medicpro.hr\/veleprodaja\/wp-content\/uploads\/2025\/06\/products-6372-1-3.jpg","datePublished":"2025-09-01T00:57:57+00:00","dateModified":"2026-04-14T07:30:06+00:00","breadcrumb":{"@id":"https:\/\/medicpro.hr\/veleprodaja\/proizvod\/maska-za-kisik-s-ohio-spremnikom-djeca\/#breadcrumb"},"inLanguage":"hr","potentialAction":[{"@type":"ReadAction","target":["https:\/\/medicpro.hr\/veleprodaja\/proizvod\/maska-za-kisik-s-ohio-spremnikom-djeca\/"]}]},{"@type":"ImageObject","inLanguage":"hr","@id":"https:\/\/medicpro.hr\/veleprodaja\/proizvod\/maska-za-kisik-s-ohio-spremnikom-djeca\/#primaryimage","url":"https:\/\/medicpro.hr\/veleprodaja\/wp-content\/uploads\/2025\/06\/products-6372-1-3.jpg","contentUrl":"https:\/\/medicpro.hr\/veleprodaja\/wp-content\/uploads\/2025\/06\/products-6372-1-3.jpg","width":596,"height":800},{"@type":"BreadcrumbList","@id":"https:\/\/medicpro.hr\/veleprodaja\/proizvod\/maska-za-kisik-s-ohio-spremnikom-djeca\/#breadcrumb","itemListElement":[{"@type":"ListItem","position":1,"name":"Po\u010detna stranica","item":"https:\/\/medicpro.hr\/veleprodaja\/"},{"@type":"ListItem","position":2,"name":"Veleprodaja","item":"https:\/\/medicpro.hr\/veleprodaja\/trgovina\/"},{"@type":"ListItem","position":3,"name":"MASKA ZA KISIK S OHIO SPREMNIKOM, DJECA"}]},{"@type":"WebSite","@id":"https:\/\/medicpro.hr\/veleprodaja\/#website","url":"https:\/\/medicpro.hr\/veleprodaja\/","name":"Medicpro.hr","description":"Medicinski potro\u0161ni materijal i oprema","publisher":{"@id":"https:\/\/medicpro.hr\/veleprodaja\/#organization"},"potentialAction":[{"@type":"SearchAction","target":{"@type":"EntryPoint","urlTemplate":"https:\/\/medicpro.hr\/veleprodaja\/?s={search_term_string}"},"query-input":{"@type":"PropertyValueSpecification","valueRequired":true,"valueName":"search_term_string"}}],"inLanguage":"hr"},{"@type":"Organization","@id":"https:\/\/medicpro.hr\/veleprodaja\/#organization","name":"Medicpro d.o.o.","url":"https:\/\/medicpro.hr\/veleprodaja\/","logo":{"@type":"ImageObject","inLanguage":"hr","@id":"https:\/\/medicpro.hr\/veleprodaja\/#\/schema\/logo\/image\/","url":"https:\/\/medicpro.hr\/veleprodaja\/wp-content\/uploads\/2025\/05\/medicpro_logo.svg","contentUrl":"https:\/\/medicpro.hr\/veleprodaja\/wp-content\/uploads\/2025\/05\/medicpro_logo.svg","width":226,"height":42,"caption":"Medicpro d.o.o."},"image":{"@id":"https:\/\/medicpro.hr\/veleprodaja\/#\/schema\/logo\/image\/"}}]}},"_links":{"self":[{"href":"https:\/\/medicpro.hr\/veleprodaja\/wp-json\/wp\/v2\/product\/59882","targetHints":{"allow":["GET"]}}],"collection":[{"href":"https:\/\/medicpro.hr\/veleprodaja\/wp-json\/wp\/v2\/product"}],"about":[{"href":"https:\/\/medicpro.hr\/veleprodaja\/wp-json\/wp\/v2\/types\/product"}],"replies":[{"embeddable":true,"href":"https:\/\/medicpro.hr\/veleprodaja\/wp-json\/wp\/v2\/comments?post=59882"}],"wp:featuredmedia":[{"embeddable":true,"href":"https:\/\/medicpro.hr\/veleprodaja\/wp-json\/wp\/v2\/media\/49799"}],"wp:attachment":[{"href":"https:\/\/medicpro.hr\/veleprodaja\/wp-json\/wp\/v2\/media?parent=59882"}],"wp:term":[{"taxonomy":"product_brand","embeddable":true,"href":"https:\/\/medicpro.hr\/veleprodaja\/wp-json\/wp\/v2\/product_brand?post=59882"},{"taxonomy":"product_cat","embeddable":true,"href":"https:\/\/medicpro.hr\/veleprodaja\/wp-json\/wp\/v2\/product_cat?post=59882"},{"taxonomy":"product_tag","embeddable":true,"href":"https:\/\/medicpro.hr\/veleprodaja\/wp-json\/wp\/v2\/product_tag?post=59882"}],"curies":[{"name":"wp","href":"https:\/\/api.w.org\/{rel}","templated":true}]}}