{"id":59846,"date":"2025-09-01T02:57:52","date_gmt":"2025-09-01T00:57:52","guid":{"rendered":"https:\/\/zdesmedicpro-velepro.kuhada.net\/?post_type=product&#038;p=59846"},"modified":"2025-09-12T11:02:26","modified_gmt":"2025-09-12T09:02:26","slug":"galileo-delta-a","status":"publish","type":"product","link":"https:\/\/medicpro.hr\/veleprodaja\/proizvod\/galileo-delta-a\/","title":{"rendered":"GALILEO DELTA A"},"content":{"rendered":"<p>Terapija mi\u0161i\u0107a za pacijente koji ne mogu stajati bez potpore.<\/p>\n<p>Namijenjen je odraslim osobama visine do 190 cm.<\/p>\n<p>Princip Galilea temelji se na prirodnom kretanju ljudskog hoda. Galileovo bo\u010dno izmjeni\u010dno kretanje sli\u010dno je kretanju klackalice s promjenjivom amplitudom i frekvencijom, te stoga poti\u010de uzorak kretanja sli\u010dan ljudskom hodu. Brzo kretanje platforme za vje\u017ebanje uzrokuje naginjanje pokreta zdjelice, ba\u0161 kao i kod hodanja, ali mnogo \u010de\u0161\u0107e. Za kompenzaciju, tijelo reagira ritmi\u010dkim kontrakcijama mi\u0161i\u0107a, naizmjeni\u010dno izme\u0111u lijeve i desne strane tijela. Uz frekvenciju od oko 10 herca nadalje, ove kontrakcije mi\u0161i\u0107a nisu svjesni proces, ve\u0107 refleksni. Ovaj \u00a0refleks rastezanja aktivira mi\u0161i\u0107e u nogama, trbuhu i le\u0111ima prenose\u0107i informacije ravno u mo\u017edano deblo.<\/p>\n<p>Vibracije koje generira Galileo mogu se kontinuirano mijenjati u amplitudi i frekvenciji neovisno o tjelesnoj te\u017eini.<\/p>\n<p>Frekvenciju u hercima (ciklusi u sekundi) potrebno je odabrati i postaviti na ure\u0111aj, a uvijek se bira prema cilju treninga. Dakle, niske frekvencije se koriste za mobilizaciju, srednje frekvencije za treniranje mi\u0161i\u0107ne funkcije i visoke frekvencije za pove\u0107anje u\u010dinkovitosti mi\u0161i\u0107a.<\/p>\n<p>Za razliku od drugih trening platformi s vertikalnim (gore i dolje) pokretom, nagibni pokret Galileo terapije simulira ljudski hod na fiziolo\u0161ki na\u010din.<\/p>\n<p>Ure\u0111aj je jedinstven zbog pomicanja bo\u010dnih strana, pa je tijekom Galileo terapije kralje\u017enica stimulirana i blagim bo\u010dnim nagibom zdjelice. Kod svih ostalih platformi za vje\u017ebanje s vertikalnim kretanjem, kralje\u017enica se, zbog sile koja djeluje isklju\u010divo vertikalno, neprestano gotovo isklju\u010divo komprimira i raste\u017ee.<\/p>\n<p>Fiziolo\u0161ka stimulacija kralje\u017enice s Galileovom naizmjeni\u010dnom funkcijom omogu\u0107uje, s toga, bolje djelovanje na mi\u0161i\u0107e le\u0111a i trbuha.<\/p>\n<p>Indikacije za uporabu Galileo ure\u0111aja: slabost mi\u0161i\u0107a i propadanje mi\u0161i\u0107a uslijed gubitka fizi\u010dke spreme, pobolj\u0161anje kompenzacijskih performansa mi\u0161i\u0107a pri razli\u010ditim oblicima mi\u0161i\u0107ne distrofije, osteoporoza, spasticne pareses \u2013 npr. nakon mo\u017edanog udara i MS, paraplegija. Parkinson, \u00a0inkontinencija uzrokovana stresom, bolovi u le\u0111ima, pobolj\u0161anja cirkulacija, ograni\u010dena pokretljivost zglobova, prevencija padanja&#8230;<\/p>\n<p>Detalje o proizvodu mo\u017eete prona\u0107i na sljede\u0107em linku:<a href=\"https:\/\/www.galileo-training.com\/us-english\/products\/galileo-therapy-systems.html\">https:\/\/www.galileo-training.com\/us-english\/products\/galileo-therapy-systems.html<\/a><\/p>\n<p>Technical data:<\/p>\n<p>Type numbers: 8N055020, 8N055021<br \/>Medical device: Yes<br \/>Certificate: CE0123<br \/>External control: Nonexistent<br \/>Internal control: Yes<br \/>Remote control: Yes<br \/>Frequency range (from\/to): 5..33 Hz<br \/>Amplitude (from\/to): 0..+\/-3,4 mm<br \/>Stroke: 0..6,8 mm<br \/>Max. acceleration: 12,3 g<br \/>Dimensions base unit (l\/w\/h): 682 x 490 x 131 mm<br \/>Dimensions footplate (l\/w): 547 x 349 mm<br \/>Overall dimensions (l\/w\/h): 2400 x 700 x 950 mm<br \/>Weight base unit: 33 kg<br \/>Total weight: 113 kg<br \/>Max. load (body weight): 120 kg<br \/>Power consumption: 400 VA<br \/>Categorisation: professional<br \/>Wobbel function: Yes<br \/>Dimensions: TiltTable in horizontal position: 2400 x 700 x 950 mm, Bed size: 1900 x 600 mm<br \/>Weight: TiltTable without base unit: 80 kg, incl. base unit: 111 kg<br \/>Options &#8211; Option: Galileo\u00ae Med 25 TT<\/p>\n","protected":false},"excerpt":{"rendered":"<p>Terapija mi\u0161i\u0107a za pacijente koji ne mogu stajati bez potpore. Namijenjen je odraslim osobama visine do 190 cm. Princip Galilea<\/p>\n","protected":false},"featured_media":49732,"comment_status":"open","ping_status":"closed","template":"","meta":[],"product_brand":[],"product_cat":[705,755],"product_tag":[],"class_list":{"0":"post-59846","1":"product","2":"type-product","3":"status-publish","4":"has-post-thumbnail","6":"product_cat-fizikalna-terapija","7":"product_cat-galileo-uredaji","9":"first","10":"onbackorder","11":"taxable","12":"shipping-taxable","13":"purchasable","14":"product-type-simple"},"acf":[],"yoast_head":"<!-- This site is optimized with the Yoast SEO plugin v27.3 - https:\/\/yoast.com\/product\/yoast-seo-wordpress\/ -->\n<title>GALILEO DELTA A - Medicpro<\/title>\n<meta name=\"robots\" content=\"index, follow, max-snippet:-1, max-image-preview:large, max-video-preview:-1\" \/>\n<link rel=\"canonical\" href=\"https:\/\/medicpro.hr\/veleprodaja\/proizvod\/galileo-delta-a\/\" \/>\n<meta property=\"og:locale\" content=\"hr_HR\" \/>\n<meta property=\"og:type\" content=\"article\" \/>\n<meta property=\"og:title\" content=\"GALILEO DELTA A - Medicpro\" \/>\n<meta property=\"og:description\" content=\"Terapija mi\u0161i\u0107a za pacijente koji ne mogu stajati bez potpore. Namijenjen je odraslim osobama visine do 190 cm. Princip Galilea\" \/>\n<meta property=\"og:url\" content=\"https:\/\/medicpro.hr\/veleprodaja\/proizvod\/galileo-delta-a\/\" \/>\n<meta property=\"og:site_name\" content=\"Medicpro\" \/>\n<meta property=\"article:modified_time\" content=\"2025-09-12T09:02:26+00:00\" \/>\n<meta property=\"og:image\" content=\"https:\/\/medicpro.hr\/veleprodaja\/wp-content\/uploads\/2025\/06\/products-6646-1-1.jpg\" \/>\n\t<meta property=\"og:image:width\" content=\"640\" \/>\n\t<meta property=\"og:image:height\" content=\"956\" \/>\n\t<meta property=\"og:image:type\" content=\"image\/jpeg\" \/>\n<meta name=\"twitter:card\" content=\"summary_large_image\" \/>\n<meta name=\"twitter:label1\" content=\"Procijenjeno vrijeme \u010ditanja\" \/>\n\t<meta name=\"twitter:data1\" content=\"2 minute\" \/>\n<script type=\"application\/ld+json\" class=\"yoast-schema-graph\">{\"@context\":\"https:\\\/\\\/schema.org\",\"@graph\":[{\"@type\":\"WebPage\",\"@id\":\"https:\\\/\\\/medicpro.hr\\\/veleprodaja\\\/proizvod\\\/galileo-delta-a\\\/\",\"url\":\"https:\\\/\\\/medicpro.hr\\\/veleprodaja\\\/proizvod\\\/galileo-delta-a\\\/\",\"name\":\"GALILEO DELTA A - Medicpro\",\"isPartOf\":{\"@id\":\"https:\\\/\\\/medicpro.hr\\\/veleprodaja\\\/#website\"},\"primaryImageOfPage\":{\"@id\":\"https:\\\/\\\/medicpro.hr\\\/veleprodaja\\\/proizvod\\\/galileo-delta-a\\\/#primaryimage\"},\"image\":{\"@id\":\"https:\\\/\\\/medicpro.hr\\\/veleprodaja\\\/proizvod\\\/galileo-delta-a\\\/#primaryimage\"},\"thumbnailUrl\":\"https:\\\/\\\/medicpro.hr\\\/veleprodaja\\\/wp-content\\\/uploads\\\/2025\\\/06\\\/products-6646-1-1.jpg\",\"datePublished\":\"2025-09-01T00:57:52+00:00\",\"dateModified\":\"2025-09-12T09:02:26+00:00\",\"breadcrumb\":{\"@id\":\"https:\\\/\\\/medicpro.hr\\\/veleprodaja\\\/proizvod\\\/galileo-delta-a\\\/#breadcrumb\"},\"inLanguage\":\"hr\",\"potentialAction\":[{\"@type\":\"ReadAction\",\"target\":[\"https:\\\/\\\/medicpro.hr\\\/veleprodaja\\\/proizvod\\\/galileo-delta-a\\\/\"]}]},{\"@type\":\"ImageObject\",\"inLanguage\":\"hr\",\"@id\":\"https:\\\/\\\/medicpro.hr\\\/veleprodaja\\\/proizvod\\\/galileo-delta-a\\\/#primaryimage\",\"url\":\"https:\\\/\\\/medicpro.hr\\\/veleprodaja\\\/wp-content\\\/uploads\\\/2025\\\/06\\\/products-6646-1-1.jpg\",\"contentUrl\":\"https:\\\/\\\/medicpro.hr\\\/veleprodaja\\\/wp-content\\\/uploads\\\/2025\\\/06\\\/products-6646-1-1.jpg\",\"width\":640,\"height\":956},{\"@type\":\"BreadcrumbList\",\"@id\":\"https:\\\/\\\/medicpro.hr\\\/veleprodaja\\\/proizvod\\\/galileo-delta-a\\\/#breadcrumb\",\"itemListElement\":[{\"@type\":\"ListItem\",\"position\":1,\"name\":\"Po\u010detna stranica\",\"item\":\"https:\\\/\\\/medicpro.hr\\\/veleprodaja\\\/\"},{\"@type\":\"ListItem\",\"position\":2,\"name\":\"Veleprodaja\",\"item\":\"https:\\\/\\\/medicpro.hr\\\/veleprodaja\\\/trgovina\\\/\"},{\"@type\":\"ListItem\",\"position\":3,\"name\":\"GALILEO DELTA A\"}]},{\"@type\":\"WebSite\",\"@id\":\"https:\\\/\\\/medicpro.hr\\\/veleprodaja\\\/#website\",\"url\":\"https:\\\/\\\/medicpro.hr\\\/veleprodaja\\\/\",\"name\":\"Medicpro.hr\",\"description\":\"Medicinski potro\u0161ni materijal i oprema\",\"publisher\":{\"@id\":\"https:\\\/\\\/medicpro.hr\\\/veleprodaja\\\/#organization\"},\"potentialAction\":[{\"@type\":\"SearchAction\",\"target\":{\"@type\":\"EntryPoint\",\"urlTemplate\":\"https:\\\/\\\/medicpro.hr\\\/veleprodaja\\\/?s={search_term_string}\"},\"query-input\":{\"@type\":\"PropertyValueSpecification\",\"valueRequired\":true,\"valueName\":\"search_term_string\"}}],\"inLanguage\":\"hr\"},{\"@type\":\"Organization\",\"@id\":\"https:\\\/\\\/medicpro.hr\\\/veleprodaja\\\/#organization\",\"name\":\"Medicpro d.o.o.\",\"url\":\"https:\\\/\\\/medicpro.hr\\\/veleprodaja\\\/\",\"logo\":{\"@type\":\"ImageObject\",\"inLanguage\":\"hr\",\"@id\":\"https:\\\/\\\/medicpro.hr\\\/veleprodaja\\\/#\\\/schema\\\/logo\\\/image\\\/\",\"url\":\"https:\\\/\\\/medicpro.hr\\\/veleprodaja\\\/wp-content\\\/uploads\\\/2025\\\/05\\\/medicpro_logo.svg\",\"contentUrl\":\"https:\\\/\\\/medicpro.hr\\\/veleprodaja\\\/wp-content\\\/uploads\\\/2025\\\/05\\\/medicpro_logo.svg\",\"width\":226,\"height\":42,\"caption\":\"Medicpro d.o.o.\"},\"image\":{\"@id\":\"https:\\\/\\\/medicpro.hr\\\/veleprodaja\\\/#\\\/schema\\\/logo\\\/image\\\/\"}}]}<\/script>\n<!-- \/ Yoast SEO plugin. -->","yoast_head_json":{"title":"GALILEO DELTA A - Medicpro","robots":{"index":"index","follow":"follow","max-snippet":"max-snippet:-1","max-image-preview":"max-image-preview:large","max-video-preview":"max-video-preview:-1"},"canonical":"https:\/\/medicpro.hr\/veleprodaja\/proizvod\/galileo-delta-a\/","og_locale":"hr_HR","og_type":"article","og_title":"GALILEO DELTA A - Medicpro","og_description":"Terapija mi\u0161i\u0107a za pacijente koji ne mogu stajati bez potpore. Namijenjen je odraslim osobama visine do 190 cm. Princip Galilea","og_url":"https:\/\/medicpro.hr\/veleprodaja\/proizvod\/galileo-delta-a\/","og_site_name":"Medicpro","article_modified_time":"2025-09-12T09:02:26+00:00","og_image":[{"width":640,"height":956,"url":"https:\/\/medicpro.hr\/veleprodaja\/wp-content\/uploads\/2025\/06\/products-6646-1-1.jpg","type":"image\/jpeg"}],"twitter_card":"summary_large_image","twitter_misc":{"Procijenjeno vrijeme \u010ditanja":"2 minute"},"schema":{"@context":"https:\/\/schema.org","@graph":[{"@type":"WebPage","@id":"https:\/\/medicpro.hr\/veleprodaja\/proizvod\/galileo-delta-a\/","url":"https:\/\/medicpro.hr\/veleprodaja\/proizvod\/galileo-delta-a\/","name":"GALILEO DELTA A - Medicpro","isPartOf":{"@id":"https:\/\/medicpro.hr\/veleprodaja\/#website"},"primaryImageOfPage":{"@id":"https:\/\/medicpro.hr\/veleprodaja\/proizvod\/galileo-delta-a\/#primaryimage"},"image":{"@id":"https:\/\/medicpro.hr\/veleprodaja\/proizvod\/galileo-delta-a\/#primaryimage"},"thumbnailUrl":"https:\/\/medicpro.hr\/veleprodaja\/wp-content\/uploads\/2025\/06\/products-6646-1-1.jpg","datePublished":"2025-09-01T00:57:52+00:00","dateModified":"2025-09-12T09:02:26+00:00","breadcrumb":{"@id":"https:\/\/medicpro.hr\/veleprodaja\/proizvod\/galileo-delta-a\/#breadcrumb"},"inLanguage":"hr","potentialAction":[{"@type":"ReadAction","target":["https:\/\/medicpro.hr\/veleprodaja\/proizvod\/galileo-delta-a\/"]}]},{"@type":"ImageObject","inLanguage":"hr","@id":"https:\/\/medicpro.hr\/veleprodaja\/proizvod\/galileo-delta-a\/#primaryimage","url":"https:\/\/medicpro.hr\/veleprodaja\/wp-content\/uploads\/2025\/06\/products-6646-1-1.jpg","contentUrl":"https:\/\/medicpro.hr\/veleprodaja\/wp-content\/uploads\/2025\/06\/products-6646-1-1.jpg","width":640,"height":956},{"@type":"BreadcrumbList","@id":"https:\/\/medicpro.hr\/veleprodaja\/proizvod\/galileo-delta-a\/#breadcrumb","itemListElement":[{"@type":"ListItem","position":1,"name":"Po\u010detna stranica","item":"https:\/\/medicpro.hr\/veleprodaja\/"},{"@type":"ListItem","position":2,"name":"Veleprodaja","item":"https:\/\/medicpro.hr\/veleprodaja\/trgovina\/"},{"@type":"ListItem","position":3,"name":"GALILEO DELTA A"}]},{"@type":"WebSite","@id":"https:\/\/medicpro.hr\/veleprodaja\/#website","url":"https:\/\/medicpro.hr\/veleprodaja\/","name":"Medicpro.hr","description":"Medicinski potro\u0161ni materijal i oprema","publisher":{"@id":"https:\/\/medicpro.hr\/veleprodaja\/#organization"},"potentialAction":[{"@type":"SearchAction","target":{"@type":"EntryPoint","urlTemplate":"https:\/\/medicpro.hr\/veleprodaja\/?s={search_term_string}"},"query-input":{"@type":"PropertyValueSpecification","valueRequired":true,"valueName":"search_term_string"}}],"inLanguage":"hr"},{"@type":"Organization","@id":"https:\/\/medicpro.hr\/veleprodaja\/#organization","name":"Medicpro d.o.o.","url":"https:\/\/medicpro.hr\/veleprodaja\/","logo":{"@type":"ImageObject","inLanguage":"hr","@id":"https:\/\/medicpro.hr\/veleprodaja\/#\/schema\/logo\/image\/","url":"https:\/\/medicpro.hr\/veleprodaja\/wp-content\/uploads\/2025\/05\/medicpro_logo.svg","contentUrl":"https:\/\/medicpro.hr\/veleprodaja\/wp-content\/uploads\/2025\/05\/medicpro_logo.svg","width":226,"height":42,"caption":"Medicpro d.o.o."},"image":{"@id":"https:\/\/medicpro.hr\/veleprodaja\/#\/schema\/logo\/image\/"}}]}},"_links":{"self":[{"href":"https:\/\/medicpro.hr\/veleprodaja\/wp-json\/wp\/v2\/product\/59846","targetHints":{"allow":["GET"]}}],"collection":[{"href":"https:\/\/medicpro.hr\/veleprodaja\/wp-json\/wp\/v2\/product"}],"about":[{"href":"https:\/\/medicpro.hr\/veleprodaja\/wp-json\/wp\/v2\/types\/product"}],"replies":[{"embeddable":true,"href":"https:\/\/medicpro.hr\/veleprodaja\/wp-json\/wp\/v2\/comments?post=59846"}],"wp:featuredmedia":[{"embeddable":true,"href":"https:\/\/medicpro.hr\/veleprodaja\/wp-json\/wp\/v2\/media\/49732"}],"wp:attachment":[{"href":"https:\/\/medicpro.hr\/veleprodaja\/wp-json\/wp\/v2\/media?parent=59846"}],"wp:term":[{"taxonomy":"product_brand","embeddable":true,"href":"https:\/\/medicpro.hr\/veleprodaja\/wp-json\/wp\/v2\/product_brand?post=59846"},{"taxonomy":"product_cat","embeddable":true,"href":"https:\/\/medicpro.hr\/veleprodaja\/wp-json\/wp\/v2\/product_cat?post=59846"},{"taxonomy":"product_tag","embeddable":true,"href":"https:\/\/medicpro.hr\/veleprodaja\/wp-json\/wp\/v2\/product_tag?post=59846"}],"curies":[{"name":"wp","href":"https:\/\/api.w.org\/{rel}","templated":true}]}}