{"id":59833,"date":"2025-09-01T02:57:52","date_gmt":"2025-09-01T00:57:52","guid":{"rendered":"https:\/\/zdesmedicpro-velepro.kuhada.net\/?post_type=product&#038;p=59833"},"modified":"2026-01-29T09:49:35","modified_gmt":"2026-01-29T08:49:35","slug":"toplomjer-beskontaktni-visiofocus","status":"publish","type":"product","link":"https:\/\/medicpro.hr\/veleprodaja\/proizvod\/toplomjer-beskontaktni-visiofocus\/","title":{"rendered":"TOPLOMJER BESKONTAKTNI, VISIOFOCUS"},"content":{"rendered":"<ul>\n<li><strong>Napredni termometar s ekskluzivnim patentiranim sustavom za precizno mjerenje tjelesne i sobne temperature.<\/strong><\/li>\n<li>Potpuno higijenski, bez dodirivanja ko\u017ee, VisioFocus\u00ae u\u010ditava toplinu i izra\u010dunava temperaturu cijelog tijela.<\/li>\n<li><strong>Mjerenje temperature za manje od 1 sekunde.<\/strong><\/li>\n<li>S patentiranim AQCS i MQCS sustavom za odr\u017eavanje ispravne i konstantne sobne temperature tijekom duljih razdoblja kori\u0161tenja ili pri prelasku izme\u0111u prostorija s razli\u010ditim temperaturama.<\/li>\n<li>Klini\u010dki ispitan.<\/li>\n<li><strong>Mogu\u0107nost mjerenja temperature predmeta ili teku\u0107ina (npr. mlijeka ili vode).<\/strong><\/li>\n<li>Bez lasera: za ve\u0107u sigurnost ukoliko su o\u010di korisnika otvorene tijekom mjerenja.<\/li>\n<li>Niski tro\u0161kovi zahvaljuju\u0107i brzini mjerenja i dugom trajanju baterije.<\/li>\n<li>Baterija dolazi uz toplomjer.<\/li>\n<li>Toplomjer je proizveden u Italiji.<\/li>\n<\/ul>\n<p><strong>Tehni\u010dke specifikacije:<\/strong><\/p>\n<ul>\n<li>Raspon mjerenja na \u010delu: 34 &#8211; 42.5\u00b0C.<\/li>\n<li>Raspon mjerenja predmeta ili teku\u0107ine: 1 &#8211; 80\u00b0C.<\/li>\n<li>Raspon mjerenja sobne temperature: 16 &#8211; 40\u00b0C.<\/li>\n<li>Mogu\u0107nost mjerenja sobne temperature izme\u0111u 10 i 16\u00b0C te 40 i 45\u00b0C, no u tom slu\u010daju je to\u010dnost mjerenja smanjena.<\/li>\n<li>Udaljenost prilikom mjerenja: oko 6 cm.<\/li>\n<li>Baterije: 4 x AAA\/LR03 (alkalne).<\/li>\n<li>Trajanje baterije: oko 30.000 mjerenja.<\/li>\n<li>Vrijeme mjerenja: manje od 1 sekunde.<\/li>\n<li>Vrijeme izme\u0111u uzastopnih mjerenja: oko 2 sekunde.<\/li>\n<\/ul>\n","protected":false},"excerpt":{"rendered":"<p>Napredni termometar s ekskluzivnim patentiranim sustavom za precizno mjerenje tjelesne i sobne temperature. Potpuno higijenski, bez dodirivanja ko\u017ee, VisioFocus\u00ae u\u010ditava<\/p>\n","protected":false},"featured_media":49717,"comment_status":"open","ping_status":"closed","template":"","meta":[],"product_brand":[],"product_cat":[702,770],"product_tag":[],"class_list":{"0":"post-59833","1":"product","2":"type-product","3":"status-publish","4":"has-post-thumbnail","6":"product_cat-dijagnostika","7":"product_cat-toplomjeri","9":"first","10":"onbackorder","11":"taxable","12":"shipping-taxable","13":"purchasable","14":"product-type-simple"},"acf":[],"yoast_head":"<!-- This site is optimized with the Yoast SEO plugin v27.3 - https:\/\/yoast.com\/product\/yoast-seo-wordpress\/ -->\n<title>TOPLOMJER BESKONTAKTNI, VISIOFOCUS - Medicpro<\/title>\n<meta name=\"robots\" content=\"index, follow, max-snippet:-1, max-image-preview:large, max-video-preview:-1\" \/>\n<link rel=\"canonical\" href=\"https:\/\/medicpro.hr\/veleprodaja\/proizvod\/toplomjer-beskontaktni-visiofocus\/\" \/>\n<meta property=\"og:locale\" content=\"hr_HR\" \/>\n<meta property=\"og:type\" content=\"article\" \/>\n<meta property=\"og:title\" content=\"TOPLOMJER BESKONTAKTNI, VISIOFOCUS - Medicpro\" \/>\n<meta property=\"og:description\" content=\"Napredni termometar s ekskluzivnim patentiranim sustavom za precizno mjerenje tjelesne i sobne temperature. Potpuno higijenski, bez dodirivanja ko\u017ee, VisioFocus\u00ae u\u010ditava\" \/>\n<meta property=\"og:url\" content=\"https:\/\/medicpro.hr\/veleprodaja\/proizvod\/toplomjer-beskontaktni-visiofocus\/\" \/>\n<meta property=\"og:site_name\" content=\"Medicpro\" \/>\n<meta property=\"article:modified_time\" content=\"2026-01-29T08:49:35+00:00\" \/>\n<meta property=\"og:image\" content=\"https:\/\/medicpro.hr\/veleprodaja\/wp-content\/uploads\/2025\/06\/beskontaktni-toplomjer-visiofocus-3.jpg\" \/>\n\t<meta property=\"og:image:width\" content=\"800\" \/>\n\t<meta property=\"og:image:height\" content=\"600\" \/>\n\t<meta property=\"og:image:type\" content=\"image\/jpeg\" \/>\n<meta name=\"twitter:card\" content=\"summary_large_image\" \/>\n<meta name=\"twitter:label1\" content=\"Procijenjeno vrijeme \u010ditanja\" \/>\n\t<meta name=\"twitter:data1\" content=\"1 minuta\" \/>\n<script type=\"application\/ld+json\" class=\"yoast-schema-graph\">{\"@context\":\"https:\\\/\\\/schema.org\",\"@graph\":[{\"@type\":\"WebPage\",\"@id\":\"https:\\\/\\\/medicpro.hr\\\/veleprodaja\\\/proizvod\\\/toplomjer-beskontaktni-visiofocus\\\/\",\"url\":\"https:\\\/\\\/medicpro.hr\\\/veleprodaja\\\/proizvod\\\/toplomjer-beskontaktni-visiofocus\\\/\",\"name\":\"TOPLOMJER BESKONTAKTNI, VISIOFOCUS - Medicpro\",\"isPartOf\":{\"@id\":\"https:\\\/\\\/medicpro.hr\\\/veleprodaja\\\/#website\"},\"primaryImageOfPage\":{\"@id\":\"https:\\\/\\\/medicpro.hr\\\/veleprodaja\\\/proizvod\\\/toplomjer-beskontaktni-visiofocus\\\/#primaryimage\"},\"image\":{\"@id\":\"https:\\\/\\\/medicpro.hr\\\/veleprodaja\\\/proizvod\\\/toplomjer-beskontaktni-visiofocus\\\/#primaryimage\"},\"thumbnailUrl\":\"https:\\\/\\\/medicpro.hr\\\/veleprodaja\\\/wp-content\\\/uploads\\\/2025\\\/06\\\/beskontaktni-toplomjer-visiofocus-3.jpg\",\"datePublished\":\"2025-09-01T00:57:52+00:00\",\"dateModified\":\"2026-01-29T08:49:35+00:00\",\"breadcrumb\":{\"@id\":\"https:\\\/\\\/medicpro.hr\\\/veleprodaja\\\/proizvod\\\/toplomjer-beskontaktni-visiofocus\\\/#breadcrumb\"},\"inLanguage\":\"hr\",\"potentialAction\":[{\"@type\":\"ReadAction\",\"target\":[\"https:\\\/\\\/medicpro.hr\\\/veleprodaja\\\/proizvod\\\/toplomjer-beskontaktni-visiofocus\\\/\"]}]},{\"@type\":\"ImageObject\",\"inLanguage\":\"hr\",\"@id\":\"https:\\\/\\\/medicpro.hr\\\/veleprodaja\\\/proizvod\\\/toplomjer-beskontaktni-visiofocus\\\/#primaryimage\",\"url\":\"https:\\\/\\\/medicpro.hr\\\/veleprodaja\\\/wp-content\\\/uploads\\\/2025\\\/06\\\/beskontaktni-toplomjer-visiofocus-3.jpg\",\"contentUrl\":\"https:\\\/\\\/medicpro.hr\\\/veleprodaja\\\/wp-content\\\/uploads\\\/2025\\\/06\\\/beskontaktni-toplomjer-visiofocus-3.jpg\",\"width\":800,\"height\":600},{\"@type\":\"BreadcrumbList\",\"@id\":\"https:\\\/\\\/medicpro.hr\\\/veleprodaja\\\/proizvod\\\/toplomjer-beskontaktni-visiofocus\\\/#breadcrumb\",\"itemListElement\":[{\"@type\":\"ListItem\",\"position\":1,\"name\":\"Po\u010detna stranica\",\"item\":\"https:\\\/\\\/medicpro.hr\\\/veleprodaja\\\/\"},{\"@type\":\"ListItem\",\"position\":2,\"name\":\"Veleprodaja\",\"item\":\"https:\\\/\\\/medicpro.hr\\\/veleprodaja\\\/trgovina\\\/\"},{\"@type\":\"ListItem\",\"position\":3,\"name\":\"TOPLOMJER BESKONTAKTNI, VISIOFOCUS\"}]},{\"@type\":\"WebSite\",\"@id\":\"https:\\\/\\\/medicpro.hr\\\/veleprodaja\\\/#website\",\"url\":\"https:\\\/\\\/medicpro.hr\\\/veleprodaja\\\/\",\"name\":\"Medicpro.hr\",\"description\":\"Medicinski potro\u0161ni materijal i oprema\",\"publisher\":{\"@id\":\"https:\\\/\\\/medicpro.hr\\\/veleprodaja\\\/#organization\"},\"potentialAction\":[{\"@type\":\"SearchAction\",\"target\":{\"@type\":\"EntryPoint\",\"urlTemplate\":\"https:\\\/\\\/medicpro.hr\\\/veleprodaja\\\/?s={search_term_string}\"},\"query-input\":{\"@type\":\"PropertyValueSpecification\",\"valueRequired\":true,\"valueName\":\"search_term_string\"}}],\"inLanguage\":\"hr\"},{\"@type\":\"Organization\",\"@id\":\"https:\\\/\\\/medicpro.hr\\\/veleprodaja\\\/#organization\",\"name\":\"Medicpro d.o.o.\",\"url\":\"https:\\\/\\\/medicpro.hr\\\/veleprodaja\\\/\",\"logo\":{\"@type\":\"ImageObject\",\"inLanguage\":\"hr\",\"@id\":\"https:\\\/\\\/medicpro.hr\\\/veleprodaja\\\/#\\\/schema\\\/logo\\\/image\\\/\",\"url\":\"https:\\\/\\\/medicpro.hr\\\/veleprodaja\\\/wp-content\\\/uploads\\\/2025\\\/05\\\/medicpro_logo.svg\",\"contentUrl\":\"https:\\\/\\\/medicpro.hr\\\/veleprodaja\\\/wp-content\\\/uploads\\\/2025\\\/05\\\/medicpro_logo.svg\",\"width\":226,\"height\":42,\"caption\":\"Medicpro d.o.o.\"},\"image\":{\"@id\":\"https:\\\/\\\/medicpro.hr\\\/veleprodaja\\\/#\\\/schema\\\/logo\\\/image\\\/\"}}]}<\/script>\n<!-- \/ Yoast SEO plugin. -->","yoast_head_json":{"title":"TOPLOMJER BESKONTAKTNI, VISIOFOCUS - Medicpro","robots":{"index":"index","follow":"follow","max-snippet":"max-snippet:-1","max-image-preview":"max-image-preview:large","max-video-preview":"max-video-preview:-1"},"canonical":"https:\/\/medicpro.hr\/veleprodaja\/proizvod\/toplomjer-beskontaktni-visiofocus\/","og_locale":"hr_HR","og_type":"article","og_title":"TOPLOMJER BESKONTAKTNI, VISIOFOCUS - Medicpro","og_description":"Napredni termometar s ekskluzivnim patentiranim sustavom za precizno mjerenje tjelesne i sobne temperature. Potpuno higijenski, bez dodirivanja ko\u017ee, VisioFocus\u00ae u\u010ditava","og_url":"https:\/\/medicpro.hr\/veleprodaja\/proizvod\/toplomjer-beskontaktni-visiofocus\/","og_site_name":"Medicpro","article_modified_time":"2026-01-29T08:49:35+00:00","og_image":[{"width":800,"height":600,"url":"https:\/\/medicpro.hr\/veleprodaja\/wp-content\/uploads\/2025\/06\/beskontaktni-toplomjer-visiofocus-3.jpg","type":"image\/jpeg"}],"twitter_card":"summary_large_image","twitter_misc":{"Procijenjeno vrijeme \u010ditanja":"1 minuta"},"schema":{"@context":"https:\/\/schema.org","@graph":[{"@type":"WebPage","@id":"https:\/\/medicpro.hr\/veleprodaja\/proizvod\/toplomjer-beskontaktni-visiofocus\/","url":"https:\/\/medicpro.hr\/veleprodaja\/proizvod\/toplomjer-beskontaktni-visiofocus\/","name":"TOPLOMJER BESKONTAKTNI, VISIOFOCUS - Medicpro","isPartOf":{"@id":"https:\/\/medicpro.hr\/veleprodaja\/#website"},"primaryImageOfPage":{"@id":"https:\/\/medicpro.hr\/veleprodaja\/proizvod\/toplomjer-beskontaktni-visiofocus\/#primaryimage"},"image":{"@id":"https:\/\/medicpro.hr\/veleprodaja\/proizvod\/toplomjer-beskontaktni-visiofocus\/#primaryimage"},"thumbnailUrl":"https:\/\/medicpro.hr\/veleprodaja\/wp-content\/uploads\/2025\/06\/beskontaktni-toplomjer-visiofocus-3.jpg","datePublished":"2025-09-01T00:57:52+00:00","dateModified":"2026-01-29T08:49:35+00:00","breadcrumb":{"@id":"https:\/\/medicpro.hr\/veleprodaja\/proizvod\/toplomjer-beskontaktni-visiofocus\/#breadcrumb"},"inLanguage":"hr","potentialAction":[{"@type":"ReadAction","target":["https:\/\/medicpro.hr\/veleprodaja\/proizvod\/toplomjer-beskontaktni-visiofocus\/"]}]},{"@type":"ImageObject","inLanguage":"hr","@id":"https:\/\/medicpro.hr\/veleprodaja\/proizvod\/toplomjer-beskontaktni-visiofocus\/#primaryimage","url":"https:\/\/medicpro.hr\/veleprodaja\/wp-content\/uploads\/2025\/06\/beskontaktni-toplomjer-visiofocus-3.jpg","contentUrl":"https:\/\/medicpro.hr\/veleprodaja\/wp-content\/uploads\/2025\/06\/beskontaktni-toplomjer-visiofocus-3.jpg","width":800,"height":600},{"@type":"BreadcrumbList","@id":"https:\/\/medicpro.hr\/veleprodaja\/proizvod\/toplomjer-beskontaktni-visiofocus\/#breadcrumb","itemListElement":[{"@type":"ListItem","position":1,"name":"Po\u010detna stranica","item":"https:\/\/medicpro.hr\/veleprodaja\/"},{"@type":"ListItem","position":2,"name":"Veleprodaja","item":"https:\/\/medicpro.hr\/veleprodaja\/trgovina\/"},{"@type":"ListItem","position":3,"name":"TOPLOMJER BESKONTAKTNI, VISIOFOCUS"}]},{"@type":"WebSite","@id":"https:\/\/medicpro.hr\/veleprodaja\/#website","url":"https:\/\/medicpro.hr\/veleprodaja\/","name":"Medicpro.hr","description":"Medicinski potro\u0161ni materijal i oprema","publisher":{"@id":"https:\/\/medicpro.hr\/veleprodaja\/#organization"},"potentialAction":[{"@type":"SearchAction","target":{"@type":"EntryPoint","urlTemplate":"https:\/\/medicpro.hr\/veleprodaja\/?s={search_term_string}"},"query-input":{"@type":"PropertyValueSpecification","valueRequired":true,"valueName":"search_term_string"}}],"inLanguage":"hr"},{"@type":"Organization","@id":"https:\/\/medicpro.hr\/veleprodaja\/#organization","name":"Medicpro d.o.o.","url":"https:\/\/medicpro.hr\/veleprodaja\/","logo":{"@type":"ImageObject","inLanguage":"hr","@id":"https:\/\/medicpro.hr\/veleprodaja\/#\/schema\/logo\/image\/","url":"https:\/\/medicpro.hr\/veleprodaja\/wp-content\/uploads\/2025\/05\/medicpro_logo.svg","contentUrl":"https:\/\/medicpro.hr\/veleprodaja\/wp-content\/uploads\/2025\/05\/medicpro_logo.svg","width":226,"height":42,"caption":"Medicpro d.o.o."},"image":{"@id":"https:\/\/medicpro.hr\/veleprodaja\/#\/schema\/logo\/image\/"}}]}},"_links":{"self":[{"href":"https:\/\/medicpro.hr\/veleprodaja\/wp-json\/wp\/v2\/product\/59833","targetHints":{"allow":["GET"]}}],"collection":[{"href":"https:\/\/medicpro.hr\/veleprodaja\/wp-json\/wp\/v2\/product"}],"about":[{"href":"https:\/\/medicpro.hr\/veleprodaja\/wp-json\/wp\/v2\/types\/product"}],"replies":[{"embeddable":true,"href":"https:\/\/medicpro.hr\/veleprodaja\/wp-json\/wp\/v2\/comments?post=59833"}],"wp:featuredmedia":[{"embeddable":true,"href":"https:\/\/medicpro.hr\/veleprodaja\/wp-json\/wp\/v2\/media\/49717"}],"wp:attachment":[{"href":"https:\/\/medicpro.hr\/veleprodaja\/wp-json\/wp\/v2\/media?parent=59833"}],"wp:term":[{"taxonomy":"product_brand","embeddable":true,"href":"https:\/\/medicpro.hr\/veleprodaja\/wp-json\/wp\/v2\/product_brand?post=59833"},{"taxonomy":"product_cat","embeddable":true,"href":"https:\/\/medicpro.hr\/veleprodaja\/wp-json\/wp\/v2\/product_cat?post=59833"},{"taxonomy":"product_tag","embeddable":true,"href":"https:\/\/medicpro.hr\/veleprodaja\/wp-json\/wp\/v2\/product_tag?post=59833"}],"curies":[{"name":"wp","href":"https:\/\/api.w.org\/{rel}","templated":true}]}}