{"id":59827,"date":"2025-09-01T02:57:49","date_gmt":"2025-09-01T00:57:49","guid":{"rendered":"https:\/\/zdesmedicpro-velepro.kuhada.net\/?post_type=product&#038;p=59827"},"modified":"2025-09-12T11:02:25","modified_gmt":"2025-09-12T09:02:25","slug":"tens-ems-uredaj-digitalni-beurer-em-80","status":"publish","type":"product","link":"https:\/\/medicpro.hr\/veleprodaja\/proizvod\/tens-ems-uredaj-digitalni-beurer-em-80\/","title":{"rendered":"TENS \/EMS URE\u0110AJ, DIGITALNI, BEURER EM 80"},"content":{"rendered":"<ul>\n<li>Digitalni TENS\/EMS <strong>ure\u0111aj za elektroterapiju protiv bolova (TENS) i za stimulaciju mi\u0161i\u0107a (ENS)<\/strong>.<\/li>\n<li>Ure\u0111aj slu\u017ei i <strong>za opu\u0161tanje, masa\u017eu, trening i regeneraciju mi\u0161i\u0107a<\/strong>.<\/li>\n<li>Sadr\u017ei 8 samoljepljivih gel elektroda (45 x 45 mm) te 4 odvojeno podesiva kanala.<\/li>\n<li><strong>Elektroterapiju je mogu\u0107e odraditi s 30 unaprijed definiranih (programiranih) programa<\/strong>.<\/li>\n<li>Mogu\u0107e je slo\u017eiti 20 programa prema \u017eeljenoj frekvenciji, \u0161irini pulsa te vremenu trajanja terapije.<\/li>\n<li>Podesivo vrijeme tretmana je od 5 do 90 minuta.<\/li>\n<li>\u0160irinu impulsa je mogu\u0107e podesiti od 40 do 250 \u00b5s po fazi.<\/li>\n<li>Izlazna struja iznosi max. 180 mA p-p (500 Ohm).<\/li>\n<li>Izlaznu frekvenciju je mogu\u0107e podesiti od 1 do 120 Hz.<\/li>\n<li>Uklju\u010dene baterije i torbica za spremanje ure\u0111aja.<\/li>\n<li>Jamstvo na ure\u0111aj je 5 godina.<\/li>\n<\/ul>\n","protected":false},"excerpt":{"rendered":"<p>Digitalni TENS\/EMS ure\u0111aj za elektroterapiju protiv bolova (TENS) i za stimulaciju mi\u0161i\u0107a (ENS). Ure\u0111aj slu\u017ei i za opu\u0161tanje, masa\u017eu, trening<\/p>\n","protected":false},"featured_media":49715,"comment_status":"open","ping_status":"closed","template":"","meta":[],"product_brand":[],"product_cat":[705,706,745],"product_tag":[],"class_list":{"0":"post-59827","1":"product","2":"type-product","3":"status-publish","4":"has-post-thumbnail","6":"product_cat-fizikalna-terapija","7":"product_cat-t-e-n-s-i-ems-uredaji","8":"product_cat-t-e-n-s-uredaji","10":"first","11":"onbackorder","12":"taxable","13":"shipping-taxable","14":"purchasable","15":"product-type-simple"},"acf":[],"yoast_head":"<!-- This site is optimized with the Yoast SEO plugin v27.3 - https:\/\/yoast.com\/product\/yoast-seo-wordpress\/ -->\n<title>TENS \/EMS URE\u0110AJ, DIGITALNI, BEURER EM 80 - Medicpro<\/title>\n<meta name=\"robots\" content=\"index, follow, max-snippet:-1, max-image-preview:large, max-video-preview:-1\" \/>\n<link rel=\"canonical\" href=\"https:\/\/medicpro.hr\/veleprodaja\/proizvod\/tens-ems-uredaj-digitalni-beurer-em-80\/\" \/>\n<meta property=\"og:locale\" content=\"hr_HR\" \/>\n<meta property=\"og:type\" content=\"article\" \/>\n<meta property=\"og:title\" content=\"TENS \/EMS URE\u0110AJ, DIGITALNI, BEURER EM 80 - Medicpro\" \/>\n<meta property=\"og:description\" content=\"Digitalni TENS\/EMS ure\u0111aj za elektroterapiju protiv bolova (TENS) i za stimulaciju mi\u0161i\u0107a (ENS). Ure\u0111aj slu\u017ei i za opu\u0161tanje, masa\u017eu, trening\" \/>\n<meta property=\"og:url\" content=\"https:\/\/medicpro.hr\/veleprodaja\/proizvod\/tens-ems-uredaj-digitalni-beurer-em-80\/\" \/>\n<meta property=\"og:site_name\" content=\"Medicpro\" \/>\n<meta property=\"article:modified_time\" content=\"2025-09-12T09:02:25+00:00\" \/>\n<meta property=\"og:image\" content=\"https:\/\/medicpro.hr\/veleprodaja\/wp-content\/uploads\/2025\/06\/TENS-EMS-Uredaj-Digitalni-Beurer-Em-80-3.jpg\" \/>\n\t<meta property=\"og:image:width\" content=\"800\" \/>\n\t<meta property=\"og:image:height\" content=\"642\" \/>\n\t<meta property=\"og:image:type\" content=\"image\/jpeg\" \/>\n<meta name=\"twitter:card\" content=\"summary_large_image\" \/>\n<meta name=\"twitter:label1\" content=\"Procijenjeno vrijeme \u010ditanja\" \/>\n\t<meta name=\"twitter:data1\" content=\"1 minuta\" \/>\n<script type=\"application\/ld+json\" class=\"yoast-schema-graph\">{\"@context\":\"https:\\\/\\\/schema.org\",\"@graph\":[{\"@type\":\"WebPage\",\"@id\":\"https:\\\/\\\/medicpro.hr\\\/veleprodaja\\\/proizvod\\\/tens-ems-uredaj-digitalni-beurer-em-80\\\/\",\"url\":\"https:\\\/\\\/medicpro.hr\\\/veleprodaja\\\/proizvod\\\/tens-ems-uredaj-digitalni-beurer-em-80\\\/\",\"name\":\"TENS \\\/EMS URE\u0110AJ, DIGITALNI, BEURER EM 80 - Medicpro\",\"isPartOf\":{\"@id\":\"https:\\\/\\\/medicpro.hr\\\/veleprodaja\\\/#website\"},\"primaryImageOfPage\":{\"@id\":\"https:\\\/\\\/medicpro.hr\\\/veleprodaja\\\/proizvod\\\/tens-ems-uredaj-digitalni-beurer-em-80\\\/#primaryimage\"},\"image\":{\"@id\":\"https:\\\/\\\/medicpro.hr\\\/veleprodaja\\\/proizvod\\\/tens-ems-uredaj-digitalni-beurer-em-80\\\/#primaryimage\"},\"thumbnailUrl\":\"https:\\\/\\\/medicpro.hr\\\/veleprodaja\\\/wp-content\\\/uploads\\\/2025\\\/06\\\/TENS-EMS-Uredaj-Digitalni-Beurer-Em-80-3.jpg\",\"datePublished\":\"2025-09-01T00:57:49+00:00\",\"dateModified\":\"2025-09-12T09:02:25+00:00\",\"breadcrumb\":{\"@id\":\"https:\\\/\\\/medicpro.hr\\\/veleprodaja\\\/proizvod\\\/tens-ems-uredaj-digitalni-beurer-em-80\\\/#breadcrumb\"},\"inLanguage\":\"hr\",\"potentialAction\":[{\"@type\":\"ReadAction\",\"target\":[\"https:\\\/\\\/medicpro.hr\\\/veleprodaja\\\/proizvod\\\/tens-ems-uredaj-digitalni-beurer-em-80\\\/\"]}]},{\"@type\":\"ImageObject\",\"inLanguage\":\"hr\",\"@id\":\"https:\\\/\\\/medicpro.hr\\\/veleprodaja\\\/proizvod\\\/tens-ems-uredaj-digitalni-beurer-em-80\\\/#primaryimage\",\"url\":\"https:\\\/\\\/medicpro.hr\\\/veleprodaja\\\/wp-content\\\/uploads\\\/2025\\\/06\\\/TENS-EMS-Uredaj-Digitalni-Beurer-Em-80-3.jpg\",\"contentUrl\":\"https:\\\/\\\/medicpro.hr\\\/veleprodaja\\\/wp-content\\\/uploads\\\/2025\\\/06\\\/TENS-EMS-Uredaj-Digitalni-Beurer-Em-80-3.jpg\",\"width\":800,\"height\":642},{\"@type\":\"BreadcrumbList\",\"@id\":\"https:\\\/\\\/medicpro.hr\\\/veleprodaja\\\/proizvod\\\/tens-ems-uredaj-digitalni-beurer-em-80\\\/#breadcrumb\",\"itemListElement\":[{\"@type\":\"ListItem\",\"position\":1,\"name\":\"Po\u010detna stranica\",\"item\":\"https:\\\/\\\/medicpro.hr\\\/veleprodaja\\\/\"},{\"@type\":\"ListItem\",\"position\":2,\"name\":\"Veleprodaja\",\"item\":\"https:\\\/\\\/medicpro.hr\\\/veleprodaja\\\/trgovina\\\/\"},{\"@type\":\"ListItem\",\"position\":3,\"name\":\"TENS \\\/EMS URE\u0110AJ, DIGITALNI, BEURER EM 80\"}]},{\"@type\":\"WebSite\",\"@id\":\"https:\\\/\\\/medicpro.hr\\\/veleprodaja\\\/#website\",\"url\":\"https:\\\/\\\/medicpro.hr\\\/veleprodaja\\\/\",\"name\":\"Medicpro.hr\",\"description\":\"Medicinski potro\u0161ni materijal i oprema\",\"publisher\":{\"@id\":\"https:\\\/\\\/medicpro.hr\\\/veleprodaja\\\/#organization\"},\"potentialAction\":[{\"@type\":\"SearchAction\",\"target\":{\"@type\":\"EntryPoint\",\"urlTemplate\":\"https:\\\/\\\/medicpro.hr\\\/veleprodaja\\\/?s={search_term_string}\"},\"query-input\":{\"@type\":\"PropertyValueSpecification\",\"valueRequired\":true,\"valueName\":\"search_term_string\"}}],\"inLanguage\":\"hr\"},{\"@type\":\"Organization\",\"@id\":\"https:\\\/\\\/medicpro.hr\\\/veleprodaja\\\/#organization\",\"name\":\"Medicpro d.o.o.\",\"url\":\"https:\\\/\\\/medicpro.hr\\\/veleprodaja\\\/\",\"logo\":{\"@type\":\"ImageObject\",\"inLanguage\":\"hr\",\"@id\":\"https:\\\/\\\/medicpro.hr\\\/veleprodaja\\\/#\\\/schema\\\/logo\\\/image\\\/\",\"url\":\"https:\\\/\\\/medicpro.hr\\\/veleprodaja\\\/wp-content\\\/uploads\\\/2025\\\/05\\\/medicpro_logo.svg\",\"contentUrl\":\"https:\\\/\\\/medicpro.hr\\\/veleprodaja\\\/wp-content\\\/uploads\\\/2025\\\/05\\\/medicpro_logo.svg\",\"width\":226,\"height\":42,\"caption\":\"Medicpro d.o.o.\"},\"image\":{\"@id\":\"https:\\\/\\\/medicpro.hr\\\/veleprodaja\\\/#\\\/schema\\\/logo\\\/image\\\/\"}}]}<\/script>\n<!-- \/ Yoast SEO plugin. -->","yoast_head_json":{"title":"TENS \/EMS URE\u0110AJ, DIGITALNI, BEURER EM 80 - Medicpro","robots":{"index":"index","follow":"follow","max-snippet":"max-snippet:-1","max-image-preview":"max-image-preview:large","max-video-preview":"max-video-preview:-1"},"canonical":"https:\/\/medicpro.hr\/veleprodaja\/proizvod\/tens-ems-uredaj-digitalni-beurer-em-80\/","og_locale":"hr_HR","og_type":"article","og_title":"TENS \/EMS URE\u0110AJ, DIGITALNI, BEURER EM 80 - Medicpro","og_description":"Digitalni TENS\/EMS ure\u0111aj za elektroterapiju protiv bolova (TENS) i za stimulaciju mi\u0161i\u0107a (ENS). Ure\u0111aj slu\u017ei i za opu\u0161tanje, masa\u017eu, trening","og_url":"https:\/\/medicpro.hr\/veleprodaja\/proizvod\/tens-ems-uredaj-digitalni-beurer-em-80\/","og_site_name":"Medicpro","article_modified_time":"2025-09-12T09:02:25+00:00","og_image":[{"width":800,"height":642,"url":"https:\/\/medicpro.hr\/veleprodaja\/wp-content\/uploads\/2025\/06\/TENS-EMS-Uredaj-Digitalni-Beurer-Em-80-3.jpg","type":"image\/jpeg"}],"twitter_card":"summary_large_image","twitter_misc":{"Procijenjeno vrijeme \u010ditanja":"1 minuta"},"schema":{"@context":"https:\/\/schema.org","@graph":[{"@type":"WebPage","@id":"https:\/\/medicpro.hr\/veleprodaja\/proizvod\/tens-ems-uredaj-digitalni-beurer-em-80\/","url":"https:\/\/medicpro.hr\/veleprodaja\/proizvod\/tens-ems-uredaj-digitalni-beurer-em-80\/","name":"TENS \/EMS URE\u0110AJ, DIGITALNI, BEURER EM 80 - Medicpro","isPartOf":{"@id":"https:\/\/medicpro.hr\/veleprodaja\/#website"},"primaryImageOfPage":{"@id":"https:\/\/medicpro.hr\/veleprodaja\/proizvod\/tens-ems-uredaj-digitalni-beurer-em-80\/#primaryimage"},"image":{"@id":"https:\/\/medicpro.hr\/veleprodaja\/proizvod\/tens-ems-uredaj-digitalni-beurer-em-80\/#primaryimage"},"thumbnailUrl":"https:\/\/medicpro.hr\/veleprodaja\/wp-content\/uploads\/2025\/06\/TENS-EMS-Uredaj-Digitalni-Beurer-Em-80-3.jpg","datePublished":"2025-09-01T00:57:49+00:00","dateModified":"2025-09-12T09:02:25+00:00","breadcrumb":{"@id":"https:\/\/medicpro.hr\/veleprodaja\/proizvod\/tens-ems-uredaj-digitalni-beurer-em-80\/#breadcrumb"},"inLanguage":"hr","potentialAction":[{"@type":"ReadAction","target":["https:\/\/medicpro.hr\/veleprodaja\/proizvod\/tens-ems-uredaj-digitalni-beurer-em-80\/"]}]},{"@type":"ImageObject","inLanguage":"hr","@id":"https:\/\/medicpro.hr\/veleprodaja\/proizvod\/tens-ems-uredaj-digitalni-beurer-em-80\/#primaryimage","url":"https:\/\/medicpro.hr\/veleprodaja\/wp-content\/uploads\/2025\/06\/TENS-EMS-Uredaj-Digitalni-Beurer-Em-80-3.jpg","contentUrl":"https:\/\/medicpro.hr\/veleprodaja\/wp-content\/uploads\/2025\/06\/TENS-EMS-Uredaj-Digitalni-Beurer-Em-80-3.jpg","width":800,"height":642},{"@type":"BreadcrumbList","@id":"https:\/\/medicpro.hr\/veleprodaja\/proizvod\/tens-ems-uredaj-digitalni-beurer-em-80\/#breadcrumb","itemListElement":[{"@type":"ListItem","position":1,"name":"Po\u010detna stranica","item":"https:\/\/medicpro.hr\/veleprodaja\/"},{"@type":"ListItem","position":2,"name":"Veleprodaja","item":"https:\/\/medicpro.hr\/veleprodaja\/trgovina\/"},{"@type":"ListItem","position":3,"name":"TENS \/EMS URE\u0110AJ, DIGITALNI, BEURER EM 80"}]},{"@type":"WebSite","@id":"https:\/\/medicpro.hr\/veleprodaja\/#website","url":"https:\/\/medicpro.hr\/veleprodaja\/","name":"Medicpro.hr","description":"Medicinski potro\u0161ni materijal i oprema","publisher":{"@id":"https:\/\/medicpro.hr\/veleprodaja\/#organization"},"potentialAction":[{"@type":"SearchAction","target":{"@type":"EntryPoint","urlTemplate":"https:\/\/medicpro.hr\/veleprodaja\/?s={search_term_string}"},"query-input":{"@type":"PropertyValueSpecification","valueRequired":true,"valueName":"search_term_string"}}],"inLanguage":"hr"},{"@type":"Organization","@id":"https:\/\/medicpro.hr\/veleprodaja\/#organization","name":"Medicpro d.o.o.","url":"https:\/\/medicpro.hr\/veleprodaja\/","logo":{"@type":"ImageObject","inLanguage":"hr","@id":"https:\/\/medicpro.hr\/veleprodaja\/#\/schema\/logo\/image\/","url":"https:\/\/medicpro.hr\/veleprodaja\/wp-content\/uploads\/2025\/05\/medicpro_logo.svg","contentUrl":"https:\/\/medicpro.hr\/veleprodaja\/wp-content\/uploads\/2025\/05\/medicpro_logo.svg","width":226,"height":42,"caption":"Medicpro d.o.o."},"image":{"@id":"https:\/\/medicpro.hr\/veleprodaja\/#\/schema\/logo\/image\/"}}]}},"_links":{"self":[{"href":"https:\/\/medicpro.hr\/veleprodaja\/wp-json\/wp\/v2\/product\/59827","targetHints":{"allow":["GET"]}}],"collection":[{"href":"https:\/\/medicpro.hr\/veleprodaja\/wp-json\/wp\/v2\/product"}],"about":[{"href":"https:\/\/medicpro.hr\/veleprodaja\/wp-json\/wp\/v2\/types\/product"}],"replies":[{"embeddable":true,"href":"https:\/\/medicpro.hr\/veleprodaja\/wp-json\/wp\/v2\/comments?post=59827"}],"wp:featuredmedia":[{"embeddable":true,"href":"https:\/\/medicpro.hr\/veleprodaja\/wp-json\/wp\/v2\/media\/49715"}],"wp:attachment":[{"href":"https:\/\/medicpro.hr\/veleprodaja\/wp-json\/wp\/v2\/media?parent=59827"}],"wp:term":[{"taxonomy":"product_brand","embeddable":true,"href":"https:\/\/medicpro.hr\/veleprodaja\/wp-json\/wp\/v2\/product_brand?post=59827"},{"taxonomy":"product_cat","embeddable":true,"href":"https:\/\/medicpro.hr\/veleprodaja\/wp-json\/wp\/v2\/product_cat?post=59827"},{"taxonomy":"product_tag","embeddable":true,"href":"https:\/\/medicpro.hr\/veleprodaja\/wp-json\/wp\/v2\/product_tag?post=59827"}],"curies":[{"name":"wp","href":"https:\/\/api.w.org\/{rel}","templated":true}]}}