{"id":59754,"date":"2025-09-01T02:57:40","date_gmt":"2025-09-01T00:57:40","guid":{"rendered":"https:\/\/zdesmedicpro-velepro.kuhada.net\/?post_type=product&#038;p=59754"},"modified":"2026-04-14T09:30:03","modified_gmt":"2026-04-14T07:30:03","slug":"benzin-medicinski-10-l","status":"publish","type":"product","link":"https:\/\/medicpro.hr\/veleprodaja\/proizvod\/benzin-medicinski-10-l\/","title":{"rendered":"BENZIN MEDICINSKI 10 L"},"content":{"rendered":"<ul>\n<li>Medicinski benzin (<em>Benzinum medicinale<\/em>), hidroobra\u0111en (nisko-vriju\u0107i) laki benzin.<\/li>\n<li><strong>Slu\u017ei kao sredstvo za \u010di\u0161\u0107enje i odma\u0161\u0107ivanje, industrijsko otapalo i reagens za analizu (laboratorijska kemikalija)<\/strong>.<\/li>\n<li>Bistra i bezbojna teku\u0107ina.<\/li>\n<li>Lako zapaljiva teku\u0107ina i para.<\/li>\n<li>Stvara opasne plinove sa zrakom. Reagira s jakim kiselinama i lu\u017einama, te oksidansima.<\/li>\n<li>Dr\u017eati daleko od topline i svih potencijalnih izvora zapaljivanja uklju\u010duju\u0107i stati\u010dki elektricitet.<\/li>\n<li>Cijena se odnosi na pakiranje od 10 l.<\/li>\n<li>Medicinski benzin dostupan je tako\u0111er u pakiranju od <a href=\"https:\/\/medicpro.hr\/veleprodaja\/proizvod\/benzin-medicinski-1-l\/\" target=\"_blank\" rel=\"noopener\">1 litre<\/a>.<\/li>\n<\/ul>\n<p><strong>Oprez!\u00a0<\/strong><\/p>\n<p>Medicinski benzin u dodiru s ko\u017eom izaziva pucanje, su\u0161enje, peckanje i \u017earenje ko\u017ee. Udisanje njegovih para dovodi do ka\u0161lja, vrtoglavice, ote\u017eanog disanja i mogu\u0107nosti prestanka disanja, pospanosti, glavobolje, mu\u010dnine, op\u0107e slabosti organizma i nesvjestice. U slu\u010daju gutanja dolazi do bolova u trbuhu, mu\u010dnine, proljeva i povra\u0107anja.<\/p>\n<p><em><span style=\"color: #3366ff;\"><strong>Obavijest<\/strong>: medicinski benzin se prema \u010dlanku 96. Zakona o tro\u0161arinama smatra energentom za koji \u010dlankom 97. istog zakona nije propisana visina tro\u0161arine. U svrhu neobra\u010dunavanja tro\u0161arine na navedeni energent, kupac treba popuniti i potpisati izjavu da se isti ne\u0107e koristiti kao pogonsko gorivo, gorivo za grijanje ili kao dodatak pogonskom gorivu. U slu\u010daju da narud\u017ebu izvr\u0161ite putem web shopa ili e-maila, izjavu \u0107emo Vam poslati na e-mail adresu koju ste koristili za izvr\u0161avanje narud\u017ebe. U slu\u010daju telefonske narud\u017ebe, na\u0161 djelatnik \u0107e Vas zamoliti za e-mail adresu na koju Vam mo\u017eemo poslati izjavu koju trebate popuniti i potpisati te vratiti nama. Nakon \u0161to nam e-mailom vratite ispunjenu i potpisanu izjavu, naru\u010denu robu \u0161aljemo na Va\u0161u adresu.<\/span><br \/>\n<\/em><\/p>\n<p>&nbsp;<\/p>\n","protected":false},"excerpt":{"rendered":"<p>Medicinski benzin (Benzinum medicinale), hidroobra\u0111en (nisko-vriju\u0107i) laki benzin. Slu\u017ei kao sredstvo za \u010di\u0161\u0107enje i odma\u0161\u0107ivanje, industrijsko otapalo i reagens za<\/p>\n","protected":false},"featured_media":49538,"comment_status":"open","ping_status":"closed","template":"","meta":[],"product_brand":[],"product_cat":[704],"product_tag":[],"class_list":{"0":"post-59754","1":"product","2":"type-product","3":"status-publish","4":"has-post-thumbnail","6":"product_cat-medicinske-tekucine","8":"first","9":"instock","10":"taxable","11":"shipping-taxable","12":"purchasable","13":"product-type-simple"},"acf":[],"yoast_head":"<!-- This site is optimized with the Yoast SEO plugin v27.3 - https:\/\/yoast.com\/product\/yoast-seo-wordpress\/ -->\n<title>BENZIN MEDICINSKI 10 L - Medicpro<\/title>\n<meta name=\"robots\" content=\"index, follow, max-snippet:-1, max-image-preview:large, max-video-preview:-1\" \/>\n<link rel=\"canonical\" href=\"https:\/\/medicpro.hr\/veleprodaja\/proizvod\/benzin-medicinski-10-l\/\" \/>\n<meta property=\"og:locale\" content=\"hr_HR\" \/>\n<meta property=\"og:type\" content=\"article\" \/>\n<meta property=\"og:title\" content=\"BENZIN MEDICINSKI 10 L - Medicpro\" \/>\n<meta property=\"og:description\" content=\"Medicinski benzin (Benzinum medicinale), hidroobra\u0111en (nisko-vriju\u0107i) laki benzin. Slu\u017ei kao sredstvo za \u010di\u0161\u0107enje i odma\u0161\u0107ivanje, industrijsko otapalo i reagens za\" \/>\n<meta property=\"og:url\" content=\"https:\/\/medicpro.hr\/veleprodaja\/proizvod\/benzin-medicinski-10-l\/\" \/>\n<meta property=\"og:site_name\" content=\"Medicpro\" \/>\n<meta property=\"article:modified_time\" content=\"2026-04-14T07:30:03+00:00\" \/>\n<meta property=\"og:image\" content=\"https:\/\/medicpro.hr\/veleprodaja\/wp-content\/uploads\/2025\/06\/Benzin-Medicinski-10L-3.jpg\" \/>\n\t<meta property=\"og:image:width\" content=\"1500\" \/>\n\t<meta property=\"og:image:height\" content=\"1500\" \/>\n\t<meta property=\"og:image:type\" content=\"image\/jpeg\" \/>\n<meta name=\"twitter:card\" content=\"summary_large_image\" \/>\n<meta name=\"twitter:label1\" content=\"Procijenjeno vrijeme \u010ditanja\" \/>\n\t<meta name=\"twitter:data1\" content=\"1 minuta\" \/>\n<script type=\"application\/ld+json\" class=\"yoast-schema-graph\">{\"@context\":\"https:\\\/\\\/schema.org\",\"@graph\":[{\"@type\":\"WebPage\",\"@id\":\"https:\\\/\\\/medicpro.hr\\\/veleprodaja\\\/proizvod\\\/benzin-medicinski-10-l\\\/\",\"url\":\"https:\\\/\\\/medicpro.hr\\\/veleprodaja\\\/proizvod\\\/benzin-medicinski-10-l\\\/\",\"name\":\"BENZIN MEDICINSKI 10 L - Medicpro\",\"isPartOf\":{\"@id\":\"https:\\\/\\\/medicpro.hr\\\/veleprodaja\\\/#website\"},\"primaryImageOfPage\":{\"@id\":\"https:\\\/\\\/medicpro.hr\\\/veleprodaja\\\/proizvod\\\/benzin-medicinski-10-l\\\/#primaryimage\"},\"image\":{\"@id\":\"https:\\\/\\\/medicpro.hr\\\/veleprodaja\\\/proizvod\\\/benzin-medicinski-10-l\\\/#primaryimage\"},\"thumbnailUrl\":\"https:\\\/\\\/medicpro.hr\\\/veleprodaja\\\/wp-content\\\/uploads\\\/2025\\\/06\\\/Benzin-Medicinski-10L-3.jpg\",\"datePublished\":\"2025-09-01T00:57:40+00:00\",\"dateModified\":\"2026-04-14T07:30:03+00:00\",\"breadcrumb\":{\"@id\":\"https:\\\/\\\/medicpro.hr\\\/veleprodaja\\\/proizvod\\\/benzin-medicinski-10-l\\\/#breadcrumb\"},\"inLanguage\":\"hr\",\"potentialAction\":[{\"@type\":\"ReadAction\",\"target\":[\"https:\\\/\\\/medicpro.hr\\\/veleprodaja\\\/proizvod\\\/benzin-medicinski-10-l\\\/\"]}]},{\"@type\":\"ImageObject\",\"inLanguage\":\"hr\",\"@id\":\"https:\\\/\\\/medicpro.hr\\\/veleprodaja\\\/proizvod\\\/benzin-medicinski-10-l\\\/#primaryimage\",\"url\":\"https:\\\/\\\/medicpro.hr\\\/veleprodaja\\\/wp-content\\\/uploads\\\/2025\\\/06\\\/Benzin-Medicinski-10L-3.jpg\",\"contentUrl\":\"https:\\\/\\\/medicpro.hr\\\/veleprodaja\\\/wp-content\\\/uploads\\\/2025\\\/06\\\/Benzin-Medicinski-10L-3.jpg\",\"width\":1500,\"height\":1500},{\"@type\":\"BreadcrumbList\",\"@id\":\"https:\\\/\\\/medicpro.hr\\\/veleprodaja\\\/proizvod\\\/benzin-medicinski-10-l\\\/#breadcrumb\",\"itemListElement\":[{\"@type\":\"ListItem\",\"position\":1,\"name\":\"Po\u010detna stranica\",\"item\":\"https:\\\/\\\/medicpro.hr\\\/veleprodaja\\\/\"},{\"@type\":\"ListItem\",\"position\":2,\"name\":\"Veleprodaja\",\"item\":\"https:\\\/\\\/medicpro.hr\\\/veleprodaja\\\/trgovina\\\/\"},{\"@type\":\"ListItem\",\"position\":3,\"name\":\"BENZIN MEDICINSKI 10 L\"}]},{\"@type\":\"WebSite\",\"@id\":\"https:\\\/\\\/medicpro.hr\\\/veleprodaja\\\/#website\",\"url\":\"https:\\\/\\\/medicpro.hr\\\/veleprodaja\\\/\",\"name\":\"Medicpro.hr\",\"description\":\"Medicinski potro\u0161ni materijal i oprema\",\"publisher\":{\"@id\":\"https:\\\/\\\/medicpro.hr\\\/veleprodaja\\\/#organization\"},\"potentialAction\":[{\"@type\":\"SearchAction\",\"target\":{\"@type\":\"EntryPoint\",\"urlTemplate\":\"https:\\\/\\\/medicpro.hr\\\/veleprodaja\\\/?s={search_term_string}\"},\"query-input\":{\"@type\":\"PropertyValueSpecification\",\"valueRequired\":true,\"valueName\":\"search_term_string\"}}],\"inLanguage\":\"hr\"},{\"@type\":\"Organization\",\"@id\":\"https:\\\/\\\/medicpro.hr\\\/veleprodaja\\\/#organization\",\"name\":\"Medicpro d.o.o.\",\"url\":\"https:\\\/\\\/medicpro.hr\\\/veleprodaja\\\/\",\"logo\":{\"@type\":\"ImageObject\",\"inLanguage\":\"hr\",\"@id\":\"https:\\\/\\\/medicpro.hr\\\/veleprodaja\\\/#\\\/schema\\\/logo\\\/image\\\/\",\"url\":\"https:\\\/\\\/medicpro.hr\\\/veleprodaja\\\/wp-content\\\/uploads\\\/2025\\\/05\\\/medicpro_logo.svg\",\"contentUrl\":\"https:\\\/\\\/medicpro.hr\\\/veleprodaja\\\/wp-content\\\/uploads\\\/2025\\\/05\\\/medicpro_logo.svg\",\"width\":226,\"height\":42,\"caption\":\"Medicpro d.o.o.\"},\"image\":{\"@id\":\"https:\\\/\\\/medicpro.hr\\\/veleprodaja\\\/#\\\/schema\\\/logo\\\/image\\\/\"}}]}<\/script>\n<!-- \/ Yoast SEO plugin. -->","yoast_head_json":{"title":"BENZIN MEDICINSKI 10 L - Medicpro","robots":{"index":"index","follow":"follow","max-snippet":"max-snippet:-1","max-image-preview":"max-image-preview:large","max-video-preview":"max-video-preview:-1"},"canonical":"https:\/\/medicpro.hr\/veleprodaja\/proizvod\/benzin-medicinski-10-l\/","og_locale":"hr_HR","og_type":"article","og_title":"BENZIN MEDICINSKI 10 L - Medicpro","og_description":"Medicinski benzin (Benzinum medicinale), hidroobra\u0111en (nisko-vriju\u0107i) laki benzin. Slu\u017ei kao sredstvo za \u010di\u0161\u0107enje i odma\u0161\u0107ivanje, industrijsko otapalo i reagens za","og_url":"https:\/\/medicpro.hr\/veleprodaja\/proizvod\/benzin-medicinski-10-l\/","og_site_name":"Medicpro","article_modified_time":"2026-04-14T07:30:03+00:00","og_image":[{"width":1500,"height":1500,"url":"https:\/\/medicpro.hr\/veleprodaja\/wp-content\/uploads\/2025\/06\/Benzin-Medicinski-10L-3.jpg","type":"image\/jpeg"}],"twitter_card":"summary_large_image","twitter_misc":{"Procijenjeno vrijeme \u010ditanja":"1 minuta"},"schema":{"@context":"https:\/\/schema.org","@graph":[{"@type":"WebPage","@id":"https:\/\/medicpro.hr\/veleprodaja\/proizvod\/benzin-medicinski-10-l\/","url":"https:\/\/medicpro.hr\/veleprodaja\/proizvod\/benzin-medicinski-10-l\/","name":"BENZIN MEDICINSKI 10 L - Medicpro","isPartOf":{"@id":"https:\/\/medicpro.hr\/veleprodaja\/#website"},"primaryImageOfPage":{"@id":"https:\/\/medicpro.hr\/veleprodaja\/proizvod\/benzin-medicinski-10-l\/#primaryimage"},"image":{"@id":"https:\/\/medicpro.hr\/veleprodaja\/proizvod\/benzin-medicinski-10-l\/#primaryimage"},"thumbnailUrl":"https:\/\/medicpro.hr\/veleprodaja\/wp-content\/uploads\/2025\/06\/Benzin-Medicinski-10L-3.jpg","datePublished":"2025-09-01T00:57:40+00:00","dateModified":"2026-04-14T07:30:03+00:00","breadcrumb":{"@id":"https:\/\/medicpro.hr\/veleprodaja\/proizvod\/benzin-medicinski-10-l\/#breadcrumb"},"inLanguage":"hr","potentialAction":[{"@type":"ReadAction","target":["https:\/\/medicpro.hr\/veleprodaja\/proizvod\/benzin-medicinski-10-l\/"]}]},{"@type":"ImageObject","inLanguage":"hr","@id":"https:\/\/medicpro.hr\/veleprodaja\/proizvod\/benzin-medicinski-10-l\/#primaryimage","url":"https:\/\/medicpro.hr\/veleprodaja\/wp-content\/uploads\/2025\/06\/Benzin-Medicinski-10L-3.jpg","contentUrl":"https:\/\/medicpro.hr\/veleprodaja\/wp-content\/uploads\/2025\/06\/Benzin-Medicinski-10L-3.jpg","width":1500,"height":1500},{"@type":"BreadcrumbList","@id":"https:\/\/medicpro.hr\/veleprodaja\/proizvod\/benzin-medicinski-10-l\/#breadcrumb","itemListElement":[{"@type":"ListItem","position":1,"name":"Po\u010detna stranica","item":"https:\/\/medicpro.hr\/veleprodaja\/"},{"@type":"ListItem","position":2,"name":"Veleprodaja","item":"https:\/\/medicpro.hr\/veleprodaja\/trgovina\/"},{"@type":"ListItem","position":3,"name":"BENZIN MEDICINSKI 10 L"}]},{"@type":"WebSite","@id":"https:\/\/medicpro.hr\/veleprodaja\/#website","url":"https:\/\/medicpro.hr\/veleprodaja\/","name":"Medicpro.hr","description":"Medicinski potro\u0161ni materijal i oprema","publisher":{"@id":"https:\/\/medicpro.hr\/veleprodaja\/#organization"},"potentialAction":[{"@type":"SearchAction","target":{"@type":"EntryPoint","urlTemplate":"https:\/\/medicpro.hr\/veleprodaja\/?s={search_term_string}"},"query-input":{"@type":"PropertyValueSpecification","valueRequired":true,"valueName":"search_term_string"}}],"inLanguage":"hr"},{"@type":"Organization","@id":"https:\/\/medicpro.hr\/veleprodaja\/#organization","name":"Medicpro d.o.o.","url":"https:\/\/medicpro.hr\/veleprodaja\/","logo":{"@type":"ImageObject","inLanguage":"hr","@id":"https:\/\/medicpro.hr\/veleprodaja\/#\/schema\/logo\/image\/","url":"https:\/\/medicpro.hr\/veleprodaja\/wp-content\/uploads\/2025\/05\/medicpro_logo.svg","contentUrl":"https:\/\/medicpro.hr\/veleprodaja\/wp-content\/uploads\/2025\/05\/medicpro_logo.svg","width":226,"height":42,"caption":"Medicpro d.o.o."},"image":{"@id":"https:\/\/medicpro.hr\/veleprodaja\/#\/schema\/logo\/image\/"}}]}},"_links":{"self":[{"href":"https:\/\/medicpro.hr\/veleprodaja\/wp-json\/wp\/v2\/product\/59754","targetHints":{"allow":["GET"]}}],"collection":[{"href":"https:\/\/medicpro.hr\/veleprodaja\/wp-json\/wp\/v2\/product"}],"about":[{"href":"https:\/\/medicpro.hr\/veleprodaja\/wp-json\/wp\/v2\/types\/product"}],"replies":[{"embeddable":true,"href":"https:\/\/medicpro.hr\/veleprodaja\/wp-json\/wp\/v2\/comments?post=59754"}],"wp:featuredmedia":[{"embeddable":true,"href":"https:\/\/medicpro.hr\/veleprodaja\/wp-json\/wp\/v2\/media\/49538"}],"wp:attachment":[{"href":"https:\/\/medicpro.hr\/veleprodaja\/wp-json\/wp\/v2\/media?parent=59754"}],"wp:term":[{"taxonomy":"product_brand","embeddable":true,"href":"https:\/\/medicpro.hr\/veleprodaja\/wp-json\/wp\/v2\/product_brand?post=59754"},{"taxonomy":"product_cat","embeddable":true,"href":"https:\/\/medicpro.hr\/veleprodaja\/wp-json\/wp\/v2\/product_cat?post=59754"},{"taxonomy":"product_tag","embeddable":true,"href":"https:\/\/medicpro.hr\/veleprodaja\/wp-json\/wp\/v2\/product_tag?post=59754"}],"curies":[{"name":"wp","href":"https:\/\/api.w.org\/{rel}","templated":true}]}}