{"id":59749,"date":"2025-09-01T02:57:40","date_gmt":"2025-09-01T00:57:40","guid":{"rendered":"https:\/\/zdesmedicpro-velepro.kuhada.net\/?post_type=product&#038;p=59749"},"modified":"2025-09-12T11:02:25","modified_gmt":"2025-09-12T09:02:25","slug":"osvjezivac-prostora-beurer-la-30","status":"publish","type":"product","link":"https:\/\/medicpro.hr\/veleprodaja\/proizvod\/osvjezivac-prostora-beurer-la-30\/","title":{"rendered":"OSVJE\u017dIVA\u010c PROSTORA BEURER LA 30"},"content":{"rendered":"<ul>\n<li><strong>Ultrazvu\u010dni osvje\u017eiva\u010d prostora za ku\u0107nu aromaterapiju<\/strong>.<\/li>\n<li><strong>Be\u0161uman rad osvje\u017eiva\u010da<\/strong> omogu\u0107uje opu\u0161taju\u0107u atmosferu (mo\u017ee se koristiti u spava\u0107oj sobi).<\/li>\n<li>Aroma difuzer sadr\u017ei <strong>LED osvjetljenje s izmjenjivim bojama<\/strong>.<\/li>\n<li>Ure\u0111aj je kompatibilan s aromati\u010dnim uljima topivima u vodi.<\/li>\n<li>Omogu\u0107uje mikro sitno raspr\u0161ivanje aromati\u010dnih ulja.<\/li>\n<li>Raspr\u0161ivanje je mogu\u0107e sa ili bez LED osvjetljenja,<\/li>\n<li>Prikladan za prostorije do 15 m\u00b2.<\/li>\n<li>Mo\u017ee se koristiti u neposrednoj blizini korisnika.<\/li>\n<li>Kapacitet (zapremnina) spremnika: 100 ml.<\/li>\n<li>Nakon \u0161to se spremnik isprazni ure\u0111aj se automatski isklju\u010di.<\/li>\n<li>Snaga ure\u0111aja (potro\u0161nja u sat vremena): 12 W.<\/li>\n<li><strong>Ure\u0111aj s niskom potro\u0161njom energije<\/strong>.<\/li>\n<li>Te\u017eina ure\u0111aja (s mre\u017enim ispravlja\u010dem): 320 g.<\/li>\n<li>Dimenzija proizvoda: 21,5 cm (visina) x 10 cm (promjer).<\/li>\n<li>U cijenu je uklju\u010dena plasti\u010dna mjerica za dolijevanje vode i strujni adapter.<\/li>\n<li>Jamstvo na ure\u0111aj je 3 godine.<\/li>\n<\/ul>\n","protected":false},"excerpt":{"rendered":"<p>Ultrazvu\u010dni osvje\u017eiva\u010d prostora za ku\u0107nu aromaterapiju. Be\u0161uman rad osvje\u017eiva\u010da omogu\u0107uje opu\u0161taju\u0107u atmosferu (mo\u017ee se koristiti u spava\u0107oj sobi). Aroma difuzer<\/p>\n","protected":false},"featured_media":49526,"comment_status":"open","ping_status":"closed","template":"","meta":[],"product_brand":[],"product_cat":[700,811],"product_tag":[],"class_list":{"0":"post-59749","1":"product","2":"type-product","3":"status-publish","4":"has-post-thumbnail","6":"product_cat-medicinski-uredaji","7":"product_cat-ostali-medicinski-uredaji","9":"first","10":"onbackorder","11":"taxable","12":"shipping-taxable","13":"purchasable","14":"product-type-simple"},"acf":[],"yoast_head":"<!-- This site is optimized with the Yoast SEO plugin v27.3 - https:\/\/yoast.com\/product\/yoast-seo-wordpress\/ -->\n<title>OSVJE\u017dIVA\u010c PROSTORA BEURER LA 30 - Medicpro<\/title>\n<meta name=\"robots\" content=\"index, follow, max-snippet:-1, max-image-preview:large, max-video-preview:-1\" \/>\n<link rel=\"canonical\" href=\"https:\/\/medicpro.hr\/veleprodaja\/proizvod\/osvjezivac-prostora-beurer-la-30\/\" \/>\n<meta property=\"og:locale\" content=\"hr_HR\" \/>\n<meta property=\"og:type\" content=\"article\" \/>\n<meta property=\"og:title\" content=\"OSVJE\u017dIVA\u010c PROSTORA BEURER LA 30 - Medicpro\" \/>\n<meta property=\"og:description\" content=\"Ultrazvu\u010dni osvje\u017eiva\u010d prostora za ku\u0107nu aromaterapiju. Be\u0161uman rad osvje\u017eiva\u010da omogu\u0107uje opu\u0161taju\u0107u atmosferu (mo\u017ee se koristiti u spava\u0107oj sobi). Aroma difuzer\" \/>\n<meta property=\"og:url\" content=\"https:\/\/medicpro.hr\/veleprodaja\/proizvod\/osvjezivac-prostora-beurer-la-30\/\" \/>\n<meta property=\"og:site_name\" content=\"Medicpro\" \/>\n<meta property=\"article:modified_time\" content=\"2025-09-12T09:02:25+00:00\" \/>\n<meta property=\"og:image\" content=\"https:\/\/medicpro.hr\/veleprodaja\/wp-content\/uploads\/2025\/06\/products-4726-1-3.jpg\" \/>\n\t<meta property=\"og:image:width\" content=\"390\" \/>\n\t<meta property=\"og:image:height\" content=\"800\" \/>\n\t<meta property=\"og:image:type\" content=\"image\/jpeg\" \/>\n<meta name=\"twitter:card\" content=\"summary_large_image\" \/>\n<meta name=\"twitter:label1\" content=\"Procijenjeno vrijeme \u010ditanja\" \/>\n\t<meta name=\"twitter:data1\" content=\"1 minuta\" \/>\n<script type=\"application\/ld+json\" class=\"yoast-schema-graph\">{\"@context\":\"https:\\\/\\\/schema.org\",\"@graph\":[{\"@type\":\"WebPage\",\"@id\":\"https:\\\/\\\/medicpro.hr\\\/veleprodaja\\\/proizvod\\\/osvjezivac-prostora-beurer-la-30\\\/\",\"url\":\"https:\\\/\\\/medicpro.hr\\\/veleprodaja\\\/proizvod\\\/osvjezivac-prostora-beurer-la-30\\\/\",\"name\":\"OSVJE\u017dIVA\u010c PROSTORA BEURER LA 30 - Medicpro\",\"isPartOf\":{\"@id\":\"https:\\\/\\\/medicpro.hr\\\/veleprodaja\\\/#website\"},\"primaryImageOfPage\":{\"@id\":\"https:\\\/\\\/medicpro.hr\\\/veleprodaja\\\/proizvod\\\/osvjezivac-prostora-beurer-la-30\\\/#primaryimage\"},\"image\":{\"@id\":\"https:\\\/\\\/medicpro.hr\\\/veleprodaja\\\/proizvod\\\/osvjezivac-prostora-beurer-la-30\\\/#primaryimage\"},\"thumbnailUrl\":\"https:\\\/\\\/medicpro.hr\\\/veleprodaja\\\/wp-content\\\/uploads\\\/2025\\\/06\\\/products-4726-1-3.jpg\",\"datePublished\":\"2025-09-01T00:57:40+00:00\",\"dateModified\":\"2025-09-12T09:02:25+00:00\",\"breadcrumb\":{\"@id\":\"https:\\\/\\\/medicpro.hr\\\/veleprodaja\\\/proizvod\\\/osvjezivac-prostora-beurer-la-30\\\/#breadcrumb\"},\"inLanguage\":\"hr\",\"potentialAction\":[{\"@type\":\"ReadAction\",\"target\":[\"https:\\\/\\\/medicpro.hr\\\/veleprodaja\\\/proizvod\\\/osvjezivac-prostora-beurer-la-30\\\/\"]}]},{\"@type\":\"ImageObject\",\"inLanguage\":\"hr\",\"@id\":\"https:\\\/\\\/medicpro.hr\\\/veleprodaja\\\/proizvod\\\/osvjezivac-prostora-beurer-la-30\\\/#primaryimage\",\"url\":\"https:\\\/\\\/medicpro.hr\\\/veleprodaja\\\/wp-content\\\/uploads\\\/2025\\\/06\\\/products-4726-1-3.jpg\",\"contentUrl\":\"https:\\\/\\\/medicpro.hr\\\/veleprodaja\\\/wp-content\\\/uploads\\\/2025\\\/06\\\/products-4726-1-3.jpg\",\"width\":390,\"height\":800},{\"@type\":\"BreadcrumbList\",\"@id\":\"https:\\\/\\\/medicpro.hr\\\/veleprodaja\\\/proizvod\\\/osvjezivac-prostora-beurer-la-30\\\/#breadcrumb\",\"itemListElement\":[{\"@type\":\"ListItem\",\"position\":1,\"name\":\"Po\u010detna stranica\",\"item\":\"https:\\\/\\\/medicpro.hr\\\/veleprodaja\\\/\"},{\"@type\":\"ListItem\",\"position\":2,\"name\":\"Veleprodaja\",\"item\":\"https:\\\/\\\/medicpro.hr\\\/veleprodaja\\\/trgovina\\\/\"},{\"@type\":\"ListItem\",\"position\":3,\"name\":\"OSVJE\u017dIVA\u010c PROSTORA BEURER LA 30\"}]},{\"@type\":\"WebSite\",\"@id\":\"https:\\\/\\\/medicpro.hr\\\/veleprodaja\\\/#website\",\"url\":\"https:\\\/\\\/medicpro.hr\\\/veleprodaja\\\/\",\"name\":\"Medicpro.hr\",\"description\":\"Medicinski potro\u0161ni materijal i oprema\",\"publisher\":{\"@id\":\"https:\\\/\\\/medicpro.hr\\\/veleprodaja\\\/#organization\"},\"potentialAction\":[{\"@type\":\"SearchAction\",\"target\":{\"@type\":\"EntryPoint\",\"urlTemplate\":\"https:\\\/\\\/medicpro.hr\\\/veleprodaja\\\/?s={search_term_string}\"},\"query-input\":{\"@type\":\"PropertyValueSpecification\",\"valueRequired\":true,\"valueName\":\"search_term_string\"}}],\"inLanguage\":\"hr\"},{\"@type\":\"Organization\",\"@id\":\"https:\\\/\\\/medicpro.hr\\\/veleprodaja\\\/#organization\",\"name\":\"Medicpro d.o.o.\",\"url\":\"https:\\\/\\\/medicpro.hr\\\/veleprodaja\\\/\",\"logo\":{\"@type\":\"ImageObject\",\"inLanguage\":\"hr\",\"@id\":\"https:\\\/\\\/medicpro.hr\\\/veleprodaja\\\/#\\\/schema\\\/logo\\\/image\\\/\",\"url\":\"https:\\\/\\\/medicpro.hr\\\/veleprodaja\\\/wp-content\\\/uploads\\\/2025\\\/05\\\/medicpro_logo.svg\",\"contentUrl\":\"https:\\\/\\\/medicpro.hr\\\/veleprodaja\\\/wp-content\\\/uploads\\\/2025\\\/05\\\/medicpro_logo.svg\",\"width\":226,\"height\":42,\"caption\":\"Medicpro d.o.o.\"},\"image\":{\"@id\":\"https:\\\/\\\/medicpro.hr\\\/veleprodaja\\\/#\\\/schema\\\/logo\\\/image\\\/\"}}]}<\/script>\n<!-- \/ Yoast SEO plugin. -->","yoast_head_json":{"title":"OSVJE\u017dIVA\u010c PROSTORA BEURER LA 30 - Medicpro","robots":{"index":"index","follow":"follow","max-snippet":"max-snippet:-1","max-image-preview":"max-image-preview:large","max-video-preview":"max-video-preview:-1"},"canonical":"https:\/\/medicpro.hr\/veleprodaja\/proizvod\/osvjezivac-prostora-beurer-la-30\/","og_locale":"hr_HR","og_type":"article","og_title":"OSVJE\u017dIVA\u010c PROSTORA BEURER LA 30 - Medicpro","og_description":"Ultrazvu\u010dni osvje\u017eiva\u010d prostora za ku\u0107nu aromaterapiju. Be\u0161uman rad osvje\u017eiva\u010da omogu\u0107uje opu\u0161taju\u0107u atmosferu (mo\u017ee se koristiti u spava\u0107oj sobi). Aroma difuzer","og_url":"https:\/\/medicpro.hr\/veleprodaja\/proizvod\/osvjezivac-prostora-beurer-la-30\/","og_site_name":"Medicpro","article_modified_time":"2025-09-12T09:02:25+00:00","og_image":[{"width":390,"height":800,"url":"https:\/\/medicpro.hr\/veleprodaja\/wp-content\/uploads\/2025\/06\/products-4726-1-3.jpg","type":"image\/jpeg"}],"twitter_card":"summary_large_image","twitter_misc":{"Procijenjeno vrijeme \u010ditanja":"1 minuta"},"schema":{"@context":"https:\/\/schema.org","@graph":[{"@type":"WebPage","@id":"https:\/\/medicpro.hr\/veleprodaja\/proizvod\/osvjezivac-prostora-beurer-la-30\/","url":"https:\/\/medicpro.hr\/veleprodaja\/proizvod\/osvjezivac-prostora-beurer-la-30\/","name":"OSVJE\u017dIVA\u010c PROSTORA BEURER LA 30 - Medicpro","isPartOf":{"@id":"https:\/\/medicpro.hr\/veleprodaja\/#website"},"primaryImageOfPage":{"@id":"https:\/\/medicpro.hr\/veleprodaja\/proizvod\/osvjezivac-prostora-beurer-la-30\/#primaryimage"},"image":{"@id":"https:\/\/medicpro.hr\/veleprodaja\/proizvod\/osvjezivac-prostora-beurer-la-30\/#primaryimage"},"thumbnailUrl":"https:\/\/medicpro.hr\/veleprodaja\/wp-content\/uploads\/2025\/06\/products-4726-1-3.jpg","datePublished":"2025-09-01T00:57:40+00:00","dateModified":"2025-09-12T09:02:25+00:00","breadcrumb":{"@id":"https:\/\/medicpro.hr\/veleprodaja\/proizvod\/osvjezivac-prostora-beurer-la-30\/#breadcrumb"},"inLanguage":"hr","potentialAction":[{"@type":"ReadAction","target":["https:\/\/medicpro.hr\/veleprodaja\/proizvod\/osvjezivac-prostora-beurer-la-30\/"]}]},{"@type":"ImageObject","inLanguage":"hr","@id":"https:\/\/medicpro.hr\/veleprodaja\/proizvod\/osvjezivac-prostora-beurer-la-30\/#primaryimage","url":"https:\/\/medicpro.hr\/veleprodaja\/wp-content\/uploads\/2025\/06\/products-4726-1-3.jpg","contentUrl":"https:\/\/medicpro.hr\/veleprodaja\/wp-content\/uploads\/2025\/06\/products-4726-1-3.jpg","width":390,"height":800},{"@type":"BreadcrumbList","@id":"https:\/\/medicpro.hr\/veleprodaja\/proizvod\/osvjezivac-prostora-beurer-la-30\/#breadcrumb","itemListElement":[{"@type":"ListItem","position":1,"name":"Po\u010detna stranica","item":"https:\/\/medicpro.hr\/veleprodaja\/"},{"@type":"ListItem","position":2,"name":"Veleprodaja","item":"https:\/\/medicpro.hr\/veleprodaja\/trgovina\/"},{"@type":"ListItem","position":3,"name":"OSVJE\u017dIVA\u010c PROSTORA BEURER LA 30"}]},{"@type":"WebSite","@id":"https:\/\/medicpro.hr\/veleprodaja\/#website","url":"https:\/\/medicpro.hr\/veleprodaja\/","name":"Medicpro.hr","description":"Medicinski potro\u0161ni materijal i oprema","publisher":{"@id":"https:\/\/medicpro.hr\/veleprodaja\/#organization"},"potentialAction":[{"@type":"SearchAction","target":{"@type":"EntryPoint","urlTemplate":"https:\/\/medicpro.hr\/veleprodaja\/?s={search_term_string}"},"query-input":{"@type":"PropertyValueSpecification","valueRequired":true,"valueName":"search_term_string"}}],"inLanguage":"hr"},{"@type":"Organization","@id":"https:\/\/medicpro.hr\/veleprodaja\/#organization","name":"Medicpro d.o.o.","url":"https:\/\/medicpro.hr\/veleprodaja\/","logo":{"@type":"ImageObject","inLanguage":"hr","@id":"https:\/\/medicpro.hr\/veleprodaja\/#\/schema\/logo\/image\/","url":"https:\/\/medicpro.hr\/veleprodaja\/wp-content\/uploads\/2025\/05\/medicpro_logo.svg","contentUrl":"https:\/\/medicpro.hr\/veleprodaja\/wp-content\/uploads\/2025\/05\/medicpro_logo.svg","width":226,"height":42,"caption":"Medicpro d.o.o."},"image":{"@id":"https:\/\/medicpro.hr\/veleprodaja\/#\/schema\/logo\/image\/"}}]}},"_links":{"self":[{"href":"https:\/\/medicpro.hr\/veleprodaja\/wp-json\/wp\/v2\/product\/59749","targetHints":{"allow":["GET"]}}],"collection":[{"href":"https:\/\/medicpro.hr\/veleprodaja\/wp-json\/wp\/v2\/product"}],"about":[{"href":"https:\/\/medicpro.hr\/veleprodaja\/wp-json\/wp\/v2\/types\/product"}],"replies":[{"embeddable":true,"href":"https:\/\/medicpro.hr\/veleprodaja\/wp-json\/wp\/v2\/comments?post=59749"}],"wp:featuredmedia":[{"embeddable":true,"href":"https:\/\/medicpro.hr\/veleprodaja\/wp-json\/wp\/v2\/media\/49526"}],"wp:attachment":[{"href":"https:\/\/medicpro.hr\/veleprodaja\/wp-json\/wp\/v2\/media?parent=59749"}],"wp:term":[{"taxonomy":"product_brand","embeddable":true,"href":"https:\/\/medicpro.hr\/veleprodaja\/wp-json\/wp\/v2\/product_brand?post=59749"},{"taxonomy":"product_cat","embeddable":true,"href":"https:\/\/medicpro.hr\/veleprodaja\/wp-json\/wp\/v2\/product_cat?post=59749"},{"taxonomy":"product_tag","embeddable":true,"href":"https:\/\/medicpro.hr\/veleprodaja\/wp-json\/wp\/v2\/product_tag?post=59749"}],"curies":[{"name":"wp","href":"https:\/\/api.w.org\/{rel}","templated":true}]}}