{"id":59739,"date":"2025-09-01T02:57:40","date_gmt":"2025-09-01T00:57:40","guid":{"rendered":"https:\/\/zdesmedicpro-velepro.kuhada.net\/?post_type=product&#038;p=59739"},"modified":"2025-09-12T11:02:25","modified_gmt":"2025-09-12T09:02:25","slug":"tlakomjer-za-zapesce-beurer-bc-44","status":"publish","type":"product","link":"https:\/\/medicpro.hr\/veleprodaja\/proizvod\/tlakomjer-za-zapesce-beurer-bc-44\/","title":{"rendered":"TLAKOMJER ZA ZAPE\u0160\u0106E BEURER BC 44"},"content":{"rendered":"<ul>\n<li>Tlakomjer <strong>za automatsko mjerenje krvnog tlaka i pulsa na zape\u0161\u0107u<\/strong>.<\/li>\n<li><strong>Upozorava na aritmiju<\/strong>.<\/li>\n<li>Jednostavan je za upotrebu (koristi se samo jedan gumb).<\/li>\n<li>Sadr\u017ei plavo osvijetljen zaslon.<\/li>\n<li>Prikladan za zape\u0161\u0107a opsega 14-19,5 cm.<\/li>\n<li>Pohranjuje prosjek svih mjerenja te prosjek jutarnjih i ve\u010dernjih mjerenja za posljednjih 7 dana.<\/li>\n<li>Mogu\u0107nost memoriranja izmjerenih vrijednosti (2 x 60 memorijskih mjesta).<\/li>\n<li>Automatski se isklju\u010duje.<\/li>\n<li><strong>Prikazuje poruku prilikom nepravilne upotrebe<\/strong>.<\/li>\n<li>Sadr\u017ei indikator koji ukazuje na slabu bateriju.<\/li>\n<li>Uklju\u010dena torbica za spremanje ure\u0111aja i baterije.<\/li>\n<li>Jamstvo na tlakomjer je 5 godina.<\/li>\n<\/ul>\n","protected":false},"excerpt":{"rendered":"<p>Tlakomjer za automatsko mjerenje krvnog tlaka i pulsa na zape\u0161\u0107u. Upozorava na aritmiju. Jednostavan je za upotrebu (koristi se samo<\/p>\n","protected":false},"featured_media":49511,"comment_status":"open","ping_status":"closed","template":"","meta":[],"product_brand":[],"product_cat":[702,782],"product_tag":[],"class_list":{"0":"post-59739","1":"product","2":"type-product","3":"status-publish","4":"has-post-thumbnail","6":"product_cat-dijagnostika","7":"product_cat-tlakomjeri","9":"first","10":"onbackorder","11":"taxable","12":"shipping-taxable","13":"purchasable","14":"product-type-simple"},"acf":[],"yoast_head":"<!-- This site is optimized with the Yoast SEO plugin v27.3 - https:\/\/yoast.com\/product\/yoast-seo-wordpress\/ -->\n<title>TLAKOMJER ZA ZAPE\u0160\u0106E BEURER BC 44 - Medicpro<\/title>\n<meta name=\"robots\" content=\"index, follow, max-snippet:-1, max-image-preview:large, max-video-preview:-1\" \/>\n<link rel=\"canonical\" href=\"https:\/\/medicpro.hr\/veleprodaja\/proizvod\/tlakomjer-za-zapesce-beurer-bc-44\/\" \/>\n<meta property=\"og:locale\" content=\"hr_HR\" \/>\n<meta property=\"og:type\" content=\"article\" \/>\n<meta property=\"og:title\" content=\"TLAKOMJER ZA ZAPE\u0160\u0106E BEURER BC 44 - Medicpro\" \/>\n<meta property=\"og:description\" content=\"Tlakomjer za automatsko mjerenje krvnog tlaka i pulsa na zape\u0161\u0107u. Upozorava na aritmiju. Jednostavan je za upotrebu (koristi se samo\" \/>\n<meta property=\"og:url\" content=\"https:\/\/medicpro.hr\/veleprodaja\/proizvod\/tlakomjer-za-zapesce-beurer-bc-44\/\" \/>\n<meta property=\"og:site_name\" content=\"Medicpro\" \/>\n<meta property=\"article:modified_time\" content=\"2025-09-12T09:02:25+00:00\" \/>\n<meta property=\"og:image\" content=\"https:\/\/medicpro.hr\/veleprodaja\/wp-content\/uploads\/2025\/06\/Tlakomjer-za-Zapesce-Beurer-BC-44-3.jpg\" \/>\n\t<meta property=\"og:image:width\" content=\"758\" \/>\n\t<meta property=\"og:image:height\" content=\"758\" \/>\n\t<meta property=\"og:image:type\" content=\"image\/jpeg\" \/>\n<meta name=\"twitter:card\" content=\"summary_large_image\" \/>\n<script type=\"application\/ld+json\" class=\"yoast-schema-graph\">{\"@context\":\"https:\\\/\\\/schema.org\",\"@graph\":[{\"@type\":\"WebPage\",\"@id\":\"https:\\\/\\\/medicpro.hr\\\/veleprodaja\\\/proizvod\\\/tlakomjer-za-zapesce-beurer-bc-44\\\/\",\"url\":\"https:\\\/\\\/medicpro.hr\\\/veleprodaja\\\/proizvod\\\/tlakomjer-za-zapesce-beurer-bc-44\\\/\",\"name\":\"TLAKOMJER ZA ZAPE\u0160\u0106E BEURER BC 44 - Medicpro\",\"isPartOf\":{\"@id\":\"https:\\\/\\\/medicpro.hr\\\/veleprodaja\\\/#website\"},\"primaryImageOfPage\":{\"@id\":\"https:\\\/\\\/medicpro.hr\\\/veleprodaja\\\/proizvod\\\/tlakomjer-za-zapesce-beurer-bc-44\\\/#primaryimage\"},\"image\":{\"@id\":\"https:\\\/\\\/medicpro.hr\\\/veleprodaja\\\/proizvod\\\/tlakomjer-za-zapesce-beurer-bc-44\\\/#primaryimage\"},\"thumbnailUrl\":\"https:\\\/\\\/medicpro.hr\\\/veleprodaja\\\/wp-content\\\/uploads\\\/2025\\\/06\\\/Tlakomjer-za-Zapesce-Beurer-BC-44-3.jpg\",\"datePublished\":\"2025-09-01T00:57:40+00:00\",\"dateModified\":\"2025-09-12T09:02:25+00:00\",\"breadcrumb\":{\"@id\":\"https:\\\/\\\/medicpro.hr\\\/veleprodaja\\\/proizvod\\\/tlakomjer-za-zapesce-beurer-bc-44\\\/#breadcrumb\"},\"inLanguage\":\"hr\",\"potentialAction\":[{\"@type\":\"ReadAction\",\"target\":[\"https:\\\/\\\/medicpro.hr\\\/veleprodaja\\\/proizvod\\\/tlakomjer-za-zapesce-beurer-bc-44\\\/\"]}]},{\"@type\":\"ImageObject\",\"inLanguage\":\"hr\",\"@id\":\"https:\\\/\\\/medicpro.hr\\\/veleprodaja\\\/proizvod\\\/tlakomjer-za-zapesce-beurer-bc-44\\\/#primaryimage\",\"url\":\"https:\\\/\\\/medicpro.hr\\\/veleprodaja\\\/wp-content\\\/uploads\\\/2025\\\/06\\\/Tlakomjer-za-Zapesce-Beurer-BC-44-3.jpg\",\"contentUrl\":\"https:\\\/\\\/medicpro.hr\\\/veleprodaja\\\/wp-content\\\/uploads\\\/2025\\\/06\\\/Tlakomjer-za-Zapesce-Beurer-BC-44-3.jpg\",\"width\":758,\"height\":758},{\"@type\":\"BreadcrumbList\",\"@id\":\"https:\\\/\\\/medicpro.hr\\\/veleprodaja\\\/proizvod\\\/tlakomjer-za-zapesce-beurer-bc-44\\\/#breadcrumb\",\"itemListElement\":[{\"@type\":\"ListItem\",\"position\":1,\"name\":\"Po\u010detna stranica\",\"item\":\"https:\\\/\\\/medicpro.hr\\\/veleprodaja\\\/\"},{\"@type\":\"ListItem\",\"position\":2,\"name\":\"Veleprodaja\",\"item\":\"https:\\\/\\\/medicpro.hr\\\/veleprodaja\\\/trgovina\\\/\"},{\"@type\":\"ListItem\",\"position\":3,\"name\":\"TLAKOMJER ZA ZAPE\u0160\u0106E BEURER BC 44\"}]},{\"@type\":\"WebSite\",\"@id\":\"https:\\\/\\\/medicpro.hr\\\/veleprodaja\\\/#website\",\"url\":\"https:\\\/\\\/medicpro.hr\\\/veleprodaja\\\/\",\"name\":\"Medicpro.hr\",\"description\":\"Medicinski potro\u0161ni materijal i oprema\",\"publisher\":{\"@id\":\"https:\\\/\\\/medicpro.hr\\\/veleprodaja\\\/#organization\"},\"potentialAction\":[{\"@type\":\"SearchAction\",\"target\":{\"@type\":\"EntryPoint\",\"urlTemplate\":\"https:\\\/\\\/medicpro.hr\\\/veleprodaja\\\/?s={search_term_string}\"},\"query-input\":{\"@type\":\"PropertyValueSpecification\",\"valueRequired\":true,\"valueName\":\"search_term_string\"}}],\"inLanguage\":\"hr\"},{\"@type\":\"Organization\",\"@id\":\"https:\\\/\\\/medicpro.hr\\\/veleprodaja\\\/#organization\",\"name\":\"Medicpro d.o.o.\",\"url\":\"https:\\\/\\\/medicpro.hr\\\/veleprodaja\\\/\",\"logo\":{\"@type\":\"ImageObject\",\"inLanguage\":\"hr\",\"@id\":\"https:\\\/\\\/medicpro.hr\\\/veleprodaja\\\/#\\\/schema\\\/logo\\\/image\\\/\",\"url\":\"https:\\\/\\\/medicpro.hr\\\/veleprodaja\\\/wp-content\\\/uploads\\\/2025\\\/05\\\/medicpro_logo.svg\",\"contentUrl\":\"https:\\\/\\\/medicpro.hr\\\/veleprodaja\\\/wp-content\\\/uploads\\\/2025\\\/05\\\/medicpro_logo.svg\",\"width\":226,\"height\":42,\"caption\":\"Medicpro d.o.o.\"},\"image\":{\"@id\":\"https:\\\/\\\/medicpro.hr\\\/veleprodaja\\\/#\\\/schema\\\/logo\\\/image\\\/\"}}]}<\/script>\n<!-- \/ Yoast SEO plugin. -->","yoast_head_json":{"title":"TLAKOMJER ZA ZAPE\u0160\u0106E BEURER BC 44 - Medicpro","robots":{"index":"index","follow":"follow","max-snippet":"max-snippet:-1","max-image-preview":"max-image-preview:large","max-video-preview":"max-video-preview:-1"},"canonical":"https:\/\/medicpro.hr\/veleprodaja\/proizvod\/tlakomjer-za-zapesce-beurer-bc-44\/","og_locale":"hr_HR","og_type":"article","og_title":"TLAKOMJER ZA ZAPE\u0160\u0106E BEURER BC 44 - Medicpro","og_description":"Tlakomjer za automatsko mjerenje krvnog tlaka i pulsa na zape\u0161\u0107u. Upozorava na aritmiju. Jednostavan je za upotrebu (koristi se samo","og_url":"https:\/\/medicpro.hr\/veleprodaja\/proizvod\/tlakomjer-za-zapesce-beurer-bc-44\/","og_site_name":"Medicpro","article_modified_time":"2025-09-12T09:02:25+00:00","og_image":[{"width":758,"height":758,"url":"https:\/\/medicpro.hr\/veleprodaja\/wp-content\/uploads\/2025\/06\/Tlakomjer-za-Zapesce-Beurer-BC-44-3.jpg","type":"image\/jpeg"}],"twitter_card":"summary_large_image","schema":{"@context":"https:\/\/schema.org","@graph":[{"@type":"WebPage","@id":"https:\/\/medicpro.hr\/veleprodaja\/proizvod\/tlakomjer-za-zapesce-beurer-bc-44\/","url":"https:\/\/medicpro.hr\/veleprodaja\/proizvod\/tlakomjer-za-zapesce-beurer-bc-44\/","name":"TLAKOMJER ZA ZAPE\u0160\u0106E BEURER BC 44 - Medicpro","isPartOf":{"@id":"https:\/\/medicpro.hr\/veleprodaja\/#website"},"primaryImageOfPage":{"@id":"https:\/\/medicpro.hr\/veleprodaja\/proizvod\/tlakomjer-za-zapesce-beurer-bc-44\/#primaryimage"},"image":{"@id":"https:\/\/medicpro.hr\/veleprodaja\/proizvod\/tlakomjer-za-zapesce-beurer-bc-44\/#primaryimage"},"thumbnailUrl":"https:\/\/medicpro.hr\/veleprodaja\/wp-content\/uploads\/2025\/06\/Tlakomjer-za-Zapesce-Beurer-BC-44-3.jpg","datePublished":"2025-09-01T00:57:40+00:00","dateModified":"2025-09-12T09:02:25+00:00","breadcrumb":{"@id":"https:\/\/medicpro.hr\/veleprodaja\/proizvod\/tlakomjer-za-zapesce-beurer-bc-44\/#breadcrumb"},"inLanguage":"hr","potentialAction":[{"@type":"ReadAction","target":["https:\/\/medicpro.hr\/veleprodaja\/proizvod\/tlakomjer-za-zapesce-beurer-bc-44\/"]}]},{"@type":"ImageObject","inLanguage":"hr","@id":"https:\/\/medicpro.hr\/veleprodaja\/proizvod\/tlakomjer-za-zapesce-beurer-bc-44\/#primaryimage","url":"https:\/\/medicpro.hr\/veleprodaja\/wp-content\/uploads\/2025\/06\/Tlakomjer-za-Zapesce-Beurer-BC-44-3.jpg","contentUrl":"https:\/\/medicpro.hr\/veleprodaja\/wp-content\/uploads\/2025\/06\/Tlakomjer-za-Zapesce-Beurer-BC-44-3.jpg","width":758,"height":758},{"@type":"BreadcrumbList","@id":"https:\/\/medicpro.hr\/veleprodaja\/proizvod\/tlakomjer-za-zapesce-beurer-bc-44\/#breadcrumb","itemListElement":[{"@type":"ListItem","position":1,"name":"Po\u010detna stranica","item":"https:\/\/medicpro.hr\/veleprodaja\/"},{"@type":"ListItem","position":2,"name":"Veleprodaja","item":"https:\/\/medicpro.hr\/veleprodaja\/trgovina\/"},{"@type":"ListItem","position":3,"name":"TLAKOMJER ZA ZAPE\u0160\u0106E BEURER BC 44"}]},{"@type":"WebSite","@id":"https:\/\/medicpro.hr\/veleprodaja\/#website","url":"https:\/\/medicpro.hr\/veleprodaja\/","name":"Medicpro.hr","description":"Medicinski potro\u0161ni materijal i oprema","publisher":{"@id":"https:\/\/medicpro.hr\/veleprodaja\/#organization"},"potentialAction":[{"@type":"SearchAction","target":{"@type":"EntryPoint","urlTemplate":"https:\/\/medicpro.hr\/veleprodaja\/?s={search_term_string}"},"query-input":{"@type":"PropertyValueSpecification","valueRequired":true,"valueName":"search_term_string"}}],"inLanguage":"hr"},{"@type":"Organization","@id":"https:\/\/medicpro.hr\/veleprodaja\/#organization","name":"Medicpro d.o.o.","url":"https:\/\/medicpro.hr\/veleprodaja\/","logo":{"@type":"ImageObject","inLanguage":"hr","@id":"https:\/\/medicpro.hr\/veleprodaja\/#\/schema\/logo\/image\/","url":"https:\/\/medicpro.hr\/veleprodaja\/wp-content\/uploads\/2025\/05\/medicpro_logo.svg","contentUrl":"https:\/\/medicpro.hr\/veleprodaja\/wp-content\/uploads\/2025\/05\/medicpro_logo.svg","width":226,"height":42,"caption":"Medicpro d.o.o."},"image":{"@id":"https:\/\/medicpro.hr\/veleprodaja\/#\/schema\/logo\/image\/"}}]}},"_links":{"self":[{"href":"https:\/\/medicpro.hr\/veleprodaja\/wp-json\/wp\/v2\/product\/59739","targetHints":{"allow":["GET"]}}],"collection":[{"href":"https:\/\/medicpro.hr\/veleprodaja\/wp-json\/wp\/v2\/product"}],"about":[{"href":"https:\/\/medicpro.hr\/veleprodaja\/wp-json\/wp\/v2\/types\/product"}],"replies":[{"embeddable":true,"href":"https:\/\/medicpro.hr\/veleprodaja\/wp-json\/wp\/v2\/comments?post=59739"}],"wp:featuredmedia":[{"embeddable":true,"href":"https:\/\/medicpro.hr\/veleprodaja\/wp-json\/wp\/v2\/media\/49511"}],"wp:attachment":[{"href":"https:\/\/medicpro.hr\/veleprodaja\/wp-json\/wp\/v2\/media?parent=59739"}],"wp:term":[{"taxonomy":"product_brand","embeddable":true,"href":"https:\/\/medicpro.hr\/veleprodaja\/wp-json\/wp\/v2\/product_brand?post=59739"},{"taxonomy":"product_cat","embeddable":true,"href":"https:\/\/medicpro.hr\/veleprodaja\/wp-json\/wp\/v2\/product_cat?post=59739"},{"taxonomy":"product_tag","embeddable":true,"href":"https:\/\/medicpro.hr\/veleprodaja\/wp-json\/wp\/v2\/product_tag?post=59739"}],"curies":[{"name":"wp","href":"https:\/\/api.w.org\/{rel}","templated":true}]}}