{"id":59738,"date":"2025-09-01T02:57:36","date_gmt":"2025-09-01T00:57:36","guid":{"rendered":"https:\/\/zdesmedicpro-velepro.kuhada.net\/?post_type=product&#038;p=59738"},"modified":"2025-11-05T13:40:12","modified_gmt":"2025-11-05T12:40:12","slug":"tlakomjer-za-nadlakticu-beurer-bm-85","status":"publish","type":"product","link":"https:\/\/medicpro.hr\/veleprodaja\/proizvod\/tlakomjer-za-nadlakticu-beurer-bm-85\/","title":{"rendered":"TLAKOMJER ZA NADLAKTICU BEURER BM 85"},"content":{"rendered":"<ul>\n<li>Tlakomjer<strong> za automatsko mjerenje krvnog tlaka i pulsa na nadlaktici<\/strong>.<\/li>\n<li>Mogu\u0107nost preuzimanja <em>Beurer HealthManager<\/em> aplikacije i prijenosa mjerenja na smartphone Bluetooth tehnologijom.<\/li>\n<li><strong>Upozorava na aritmiju<\/strong>.<\/li>\n<li>Sadr\u017ei indikator opu\u0161tenosti koji <strong>pokazuje da li krvo\u017eilni sustav jest ili nije dovoljno opu\u0161ten za mjerenje krvnog tlaka<\/strong>.<\/li>\n<li>Man\u017eeta je prikladna za nadlaktice opsega 22-42 cm.<\/li>\n<li>Pohranjuje prosjek svih izmjerenih vrijednosti te prosjek jutarnjih i ve\u010dernjih mjerenja krvnog tlaka izmjerenih tijekom posljednih 7 dana.<\/li>\n<li>Mogu\u0107nost memoriranja izmjerenih vrijednosti (2 x 60 memorijskih mjesta).<\/li>\n<li>Prikazuje datum i vrijeme mjerenja.<\/li>\n<li>Sadr\u017ei bijelo osvijetljen zaslon te START\/STOP tipku.<\/li>\n<li>Automatski se isklju\u010duje.<\/li>\n<li><strong>Prikazuje poruku prilikom nepravilne upotrebe<\/strong>.<\/li>\n<li>Sadr\u017ei indikator prazne baterije.<\/li>\n<li>Uklju\u010dena Litij-ionska punjiva baterija, torbica, dr\u017ea\u010d za man\u017eetu te USB kabel.<\/li>\n<li>Jamstvo na tlakomjer je 5 godina.<\/li>\n<\/ul>\n","protected":false},"excerpt":{"rendered":"<p>Tlakomjer za automatsko mjerenje krvnog tlaka i pulsa na nadlaktici. Mogu\u0107nost preuzimanja Beurer HealthManager aplikacije i prijenosa mjerenja na smartphone<\/p>\n","protected":false},"featured_media":49508,"comment_status":"open","ping_status":"closed","template":"","meta":[],"product_brand":[],"product_cat":[702,782],"product_tag":[],"class_list":{"0":"post-59738","1":"product","2":"type-product","3":"status-publish","4":"has-post-thumbnail","6":"product_cat-dijagnostika","7":"product_cat-tlakomjeri","9":"first","10":"onbackorder","11":"taxable","12":"shipping-taxable","13":"purchasable","14":"product-type-simple"},"acf":[],"yoast_head":"<!-- This site is optimized with the Yoast SEO plugin v27.3 - https:\/\/yoast.com\/product\/yoast-seo-wordpress\/ -->\n<title>TLAKOMJER ZA NADLAKTICU BEURER BM 85 - Medicpro<\/title>\n<meta name=\"robots\" content=\"index, follow, max-snippet:-1, max-image-preview:large, max-video-preview:-1\" \/>\n<link rel=\"canonical\" href=\"https:\/\/medicpro.hr\/veleprodaja\/proizvod\/tlakomjer-za-nadlakticu-beurer-bm-85\/\" \/>\n<meta property=\"og:locale\" content=\"hr_HR\" \/>\n<meta property=\"og:type\" content=\"article\" \/>\n<meta property=\"og:title\" content=\"TLAKOMJER ZA NADLAKTICU BEURER BM 85 - Medicpro\" \/>\n<meta property=\"og:description\" content=\"Tlakomjer za automatsko mjerenje krvnog tlaka i pulsa na nadlaktici. Mogu\u0107nost preuzimanja Beurer HealthManager aplikacije i prijenosa mjerenja na smartphone\" \/>\n<meta property=\"og:url\" content=\"https:\/\/medicpro.hr\/veleprodaja\/proizvod\/tlakomjer-za-nadlakticu-beurer-bm-85\/\" \/>\n<meta property=\"og:site_name\" content=\"Medicpro\" \/>\n<meta property=\"article:modified_time\" content=\"2025-11-05T12:40:12+00:00\" \/>\n<meta property=\"og:image\" content=\"https:\/\/medicpro.hr\/veleprodaja\/wp-content\/uploads\/2025\/06\/tlakomjer-za-nadlakticu-beurer-bm-85-5.jpg\" \/>\n\t<meta property=\"og:image:width\" content=\"600\" \/>\n\t<meta property=\"og:image:height\" content=\"600\" \/>\n\t<meta property=\"og:image:type\" content=\"image\/jpeg\" \/>\n<meta name=\"twitter:card\" content=\"summary_large_image\" \/>\n<meta name=\"twitter:label1\" content=\"Procijenjeno vrijeme \u010ditanja\" \/>\n\t<meta name=\"twitter:data1\" content=\"1 minuta\" \/>\n<script type=\"application\/ld+json\" class=\"yoast-schema-graph\">{\"@context\":\"https:\\\/\\\/schema.org\",\"@graph\":[{\"@type\":\"WebPage\",\"@id\":\"https:\\\/\\\/medicpro.hr\\\/veleprodaja\\\/proizvod\\\/tlakomjer-za-nadlakticu-beurer-bm-85\\\/\",\"url\":\"https:\\\/\\\/medicpro.hr\\\/veleprodaja\\\/proizvod\\\/tlakomjer-za-nadlakticu-beurer-bm-85\\\/\",\"name\":\"TLAKOMJER ZA NADLAKTICU BEURER BM 85 - Medicpro\",\"isPartOf\":{\"@id\":\"https:\\\/\\\/medicpro.hr\\\/veleprodaja\\\/#website\"},\"primaryImageOfPage\":{\"@id\":\"https:\\\/\\\/medicpro.hr\\\/veleprodaja\\\/proizvod\\\/tlakomjer-za-nadlakticu-beurer-bm-85\\\/#primaryimage\"},\"image\":{\"@id\":\"https:\\\/\\\/medicpro.hr\\\/veleprodaja\\\/proizvod\\\/tlakomjer-za-nadlakticu-beurer-bm-85\\\/#primaryimage\"},\"thumbnailUrl\":\"https:\\\/\\\/medicpro.hr\\\/veleprodaja\\\/wp-content\\\/uploads\\\/2025\\\/06\\\/tlakomjer-za-nadlakticu-beurer-bm-85-5.jpg\",\"datePublished\":\"2025-09-01T00:57:36+00:00\",\"dateModified\":\"2025-11-05T12:40:12+00:00\",\"breadcrumb\":{\"@id\":\"https:\\\/\\\/medicpro.hr\\\/veleprodaja\\\/proizvod\\\/tlakomjer-za-nadlakticu-beurer-bm-85\\\/#breadcrumb\"},\"inLanguage\":\"hr\",\"potentialAction\":[{\"@type\":\"ReadAction\",\"target\":[\"https:\\\/\\\/medicpro.hr\\\/veleprodaja\\\/proizvod\\\/tlakomjer-za-nadlakticu-beurer-bm-85\\\/\"]}]},{\"@type\":\"ImageObject\",\"inLanguage\":\"hr\",\"@id\":\"https:\\\/\\\/medicpro.hr\\\/veleprodaja\\\/proizvod\\\/tlakomjer-za-nadlakticu-beurer-bm-85\\\/#primaryimage\",\"url\":\"https:\\\/\\\/medicpro.hr\\\/veleprodaja\\\/wp-content\\\/uploads\\\/2025\\\/06\\\/tlakomjer-za-nadlakticu-beurer-bm-85-5.jpg\",\"contentUrl\":\"https:\\\/\\\/medicpro.hr\\\/veleprodaja\\\/wp-content\\\/uploads\\\/2025\\\/06\\\/tlakomjer-za-nadlakticu-beurer-bm-85-5.jpg\",\"width\":600,\"height\":600},{\"@type\":\"BreadcrumbList\",\"@id\":\"https:\\\/\\\/medicpro.hr\\\/veleprodaja\\\/proizvod\\\/tlakomjer-za-nadlakticu-beurer-bm-85\\\/#breadcrumb\",\"itemListElement\":[{\"@type\":\"ListItem\",\"position\":1,\"name\":\"Po\u010detna stranica\",\"item\":\"https:\\\/\\\/medicpro.hr\\\/veleprodaja\\\/\"},{\"@type\":\"ListItem\",\"position\":2,\"name\":\"Veleprodaja\",\"item\":\"https:\\\/\\\/medicpro.hr\\\/veleprodaja\\\/trgovina\\\/\"},{\"@type\":\"ListItem\",\"position\":3,\"name\":\"TLAKOMJER ZA NADLAKTICU BEURER BM 85\"}]},{\"@type\":\"WebSite\",\"@id\":\"https:\\\/\\\/medicpro.hr\\\/veleprodaja\\\/#website\",\"url\":\"https:\\\/\\\/medicpro.hr\\\/veleprodaja\\\/\",\"name\":\"Medicpro.hr\",\"description\":\"Medicinski potro\u0161ni materijal i oprema\",\"publisher\":{\"@id\":\"https:\\\/\\\/medicpro.hr\\\/veleprodaja\\\/#organization\"},\"potentialAction\":[{\"@type\":\"SearchAction\",\"target\":{\"@type\":\"EntryPoint\",\"urlTemplate\":\"https:\\\/\\\/medicpro.hr\\\/veleprodaja\\\/?s={search_term_string}\"},\"query-input\":{\"@type\":\"PropertyValueSpecification\",\"valueRequired\":true,\"valueName\":\"search_term_string\"}}],\"inLanguage\":\"hr\"},{\"@type\":\"Organization\",\"@id\":\"https:\\\/\\\/medicpro.hr\\\/veleprodaja\\\/#organization\",\"name\":\"Medicpro d.o.o.\",\"url\":\"https:\\\/\\\/medicpro.hr\\\/veleprodaja\\\/\",\"logo\":{\"@type\":\"ImageObject\",\"inLanguage\":\"hr\",\"@id\":\"https:\\\/\\\/medicpro.hr\\\/veleprodaja\\\/#\\\/schema\\\/logo\\\/image\\\/\",\"url\":\"https:\\\/\\\/medicpro.hr\\\/veleprodaja\\\/wp-content\\\/uploads\\\/2025\\\/05\\\/medicpro_logo.svg\",\"contentUrl\":\"https:\\\/\\\/medicpro.hr\\\/veleprodaja\\\/wp-content\\\/uploads\\\/2025\\\/05\\\/medicpro_logo.svg\",\"width\":226,\"height\":42,\"caption\":\"Medicpro d.o.o.\"},\"image\":{\"@id\":\"https:\\\/\\\/medicpro.hr\\\/veleprodaja\\\/#\\\/schema\\\/logo\\\/image\\\/\"}}]}<\/script>\n<!-- \/ Yoast SEO plugin. -->","yoast_head_json":{"title":"TLAKOMJER ZA NADLAKTICU BEURER BM 85 - Medicpro","robots":{"index":"index","follow":"follow","max-snippet":"max-snippet:-1","max-image-preview":"max-image-preview:large","max-video-preview":"max-video-preview:-1"},"canonical":"https:\/\/medicpro.hr\/veleprodaja\/proizvod\/tlakomjer-za-nadlakticu-beurer-bm-85\/","og_locale":"hr_HR","og_type":"article","og_title":"TLAKOMJER ZA NADLAKTICU BEURER BM 85 - Medicpro","og_description":"Tlakomjer za automatsko mjerenje krvnog tlaka i pulsa na nadlaktici. Mogu\u0107nost preuzimanja Beurer HealthManager aplikacije i prijenosa mjerenja na smartphone","og_url":"https:\/\/medicpro.hr\/veleprodaja\/proizvod\/tlakomjer-za-nadlakticu-beurer-bm-85\/","og_site_name":"Medicpro","article_modified_time":"2025-11-05T12:40:12+00:00","og_image":[{"width":600,"height":600,"url":"https:\/\/medicpro.hr\/veleprodaja\/wp-content\/uploads\/2025\/06\/tlakomjer-za-nadlakticu-beurer-bm-85-5.jpg","type":"image\/jpeg"}],"twitter_card":"summary_large_image","twitter_misc":{"Procijenjeno vrijeme \u010ditanja":"1 minuta"},"schema":{"@context":"https:\/\/schema.org","@graph":[{"@type":"WebPage","@id":"https:\/\/medicpro.hr\/veleprodaja\/proizvod\/tlakomjer-za-nadlakticu-beurer-bm-85\/","url":"https:\/\/medicpro.hr\/veleprodaja\/proizvod\/tlakomjer-za-nadlakticu-beurer-bm-85\/","name":"TLAKOMJER ZA NADLAKTICU BEURER BM 85 - Medicpro","isPartOf":{"@id":"https:\/\/medicpro.hr\/veleprodaja\/#website"},"primaryImageOfPage":{"@id":"https:\/\/medicpro.hr\/veleprodaja\/proizvod\/tlakomjer-za-nadlakticu-beurer-bm-85\/#primaryimage"},"image":{"@id":"https:\/\/medicpro.hr\/veleprodaja\/proizvod\/tlakomjer-za-nadlakticu-beurer-bm-85\/#primaryimage"},"thumbnailUrl":"https:\/\/medicpro.hr\/veleprodaja\/wp-content\/uploads\/2025\/06\/tlakomjer-za-nadlakticu-beurer-bm-85-5.jpg","datePublished":"2025-09-01T00:57:36+00:00","dateModified":"2025-11-05T12:40:12+00:00","breadcrumb":{"@id":"https:\/\/medicpro.hr\/veleprodaja\/proizvod\/tlakomjer-za-nadlakticu-beurer-bm-85\/#breadcrumb"},"inLanguage":"hr","potentialAction":[{"@type":"ReadAction","target":["https:\/\/medicpro.hr\/veleprodaja\/proizvod\/tlakomjer-za-nadlakticu-beurer-bm-85\/"]}]},{"@type":"ImageObject","inLanguage":"hr","@id":"https:\/\/medicpro.hr\/veleprodaja\/proizvod\/tlakomjer-za-nadlakticu-beurer-bm-85\/#primaryimage","url":"https:\/\/medicpro.hr\/veleprodaja\/wp-content\/uploads\/2025\/06\/tlakomjer-za-nadlakticu-beurer-bm-85-5.jpg","contentUrl":"https:\/\/medicpro.hr\/veleprodaja\/wp-content\/uploads\/2025\/06\/tlakomjer-za-nadlakticu-beurer-bm-85-5.jpg","width":600,"height":600},{"@type":"BreadcrumbList","@id":"https:\/\/medicpro.hr\/veleprodaja\/proizvod\/tlakomjer-za-nadlakticu-beurer-bm-85\/#breadcrumb","itemListElement":[{"@type":"ListItem","position":1,"name":"Po\u010detna stranica","item":"https:\/\/medicpro.hr\/veleprodaja\/"},{"@type":"ListItem","position":2,"name":"Veleprodaja","item":"https:\/\/medicpro.hr\/veleprodaja\/trgovina\/"},{"@type":"ListItem","position":3,"name":"TLAKOMJER ZA NADLAKTICU BEURER BM 85"}]},{"@type":"WebSite","@id":"https:\/\/medicpro.hr\/veleprodaja\/#website","url":"https:\/\/medicpro.hr\/veleprodaja\/","name":"Medicpro.hr","description":"Medicinski potro\u0161ni materijal i oprema","publisher":{"@id":"https:\/\/medicpro.hr\/veleprodaja\/#organization"},"potentialAction":[{"@type":"SearchAction","target":{"@type":"EntryPoint","urlTemplate":"https:\/\/medicpro.hr\/veleprodaja\/?s={search_term_string}"},"query-input":{"@type":"PropertyValueSpecification","valueRequired":true,"valueName":"search_term_string"}}],"inLanguage":"hr"},{"@type":"Organization","@id":"https:\/\/medicpro.hr\/veleprodaja\/#organization","name":"Medicpro d.o.o.","url":"https:\/\/medicpro.hr\/veleprodaja\/","logo":{"@type":"ImageObject","inLanguage":"hr","@id":"https:\/\/medicpro.hr\/veleprodaja\/#\/schema\/logo\/image\/","url":"https:\/\/medicpro.hr\/veleprodaja\/wp-content\/uploads\/2025\/05\/medicpro_logo.svg","contentUrl":"https:\/\/medicpro.hr\/veleprodaja\/wp-content\/uploads\/2025\/05\/medicpro_logo.svg","width":226,"height":42,"caption":"Medicpro d.o.o."},"image":{"@id":"https:\/\/medicpro.hr\/veleprodaja\/#\/schema\/logo\/image\/"}}]}},"_links":{"self":[{"href":"https:\/\/medicpro.hr\/veleprodaja\/wp-json\/wp\/v2\/product\/59738","targetHints":{"allow":["GET"]}}],"collection":[{"href":"https:\/\/medicpro.hr\/veleprodaja\/wp-json\/wp\/v2\/product"}],"about":[{"href":"https:\/\/medicpro.hr\/veleprodaja\/wp-json\/wp\/v2\/types\/product"}],"replies":[{"embeddable":true,"href":"https:\/\/medicpro.hr\/veleprodaja\/wp-json\/wp\/v2\/comments?post=59738"}],"wp:featuredmedia":[{"embeddable":true,"href":"https:\/\/medicpro.hr\/veleprodaja\/wp-json\/wp\/v2\/media\/49508"}],"wp:attachment":[{"href":"https:\/\/medicpro.hr\/veleprodaja\/wp-json\/wp\/v2\/media?parent=59738"}],"wp:term":[{"taxonomy":"product_brand","embeddable":true,"href":"https:\/\/medicpro.hr\/veleprodaja\/wp-json\/wp\/v2\/product_brand?post=59738"},{"taxonomy":"product_cat","embeddable":true,"href":"https:\/\/medicpro.hr\/veleprodaja\/wp-json\/wp\/v2\/product_cat?post=59738"},{"taxonomy":"product_tag","embeddable":true,"href":"https:\/\/medicpro.hr\/veleprodaja\/wp-json\/wp\/v2\/product_tag?post=59738"}],"curies":[{"name":"wp","href":"https:\/\/api.w.org\/{rel}","templated":true}]}}