{"id":59726,"date":"2025-09-01T02:57:36","date_gmt":"2025-09-01T00:57:36","guid":{"rendered":"https:\/\/zdesmedicpro-velepro.kuhada.net\/?post_type=product&#038;p=59726"},"modified":"2026-03-03T12:55:38","modified_gmt":"2026-03-03T11:55:38","slug":"vodilica-stilet-xl-45-cm-bez-konektora-za-ett-7-0-11-0-mm","status":"publish","type":"product","link":"https:\/\/medicpro.hr\/veleprodaja\/proizvod\/vodilica-stilet-xl-45-cm-bez-konektora-za-ett-7-0-11-0-mm\/","title":{"rendered":"VODILICA STILET, XL, 45 cm bez konektora, ZA ETT 7.0-11.0 mm"},"content":{"rendered":"<ul>\n<li>Vodilica stilet namijenjena je za lak\u0161e uvo\u0111enje endotrahealnog tubusa tijekom intubacije.<\/li>\n<li>Duljina vodilice iznosi <strong>45 cm<\/strong> (velika veli\u010dina).<\/li>\n<li>Prikladna je za endotrahealne tubuse promjera <strong>7.0 \u2013 11. mm<\/strong>.<\/li>\n<li>Opremljena je mekim, atraumatskim vrhom radi smanjenja rizika od ozljede sluznice.<\/li>\n<li>Verzija je <strong>bez silikonskog konektora<\/strong>.<\/li>\n<li>Proizvod je vi\u0161ekratan i mo\u017ee se <strong>sterilizirati<\/strong> prema va\u017ee\u0107im medicinskim protokolima.<\/li>\n<\/ul>\n","protected":false},"excerpt":{"rendered":"<p>Vodilica stilet namijenjena je za lak\u0161e uvo\u0111enje endotrahealnog tubusa tijekom intubacije. Duljina vodilice iznosi 45 cm (velika veli\u010dina). Prikladna je<\/p>\n","protected":false},"featured_media":2060791,"comment_status":"open","ping_status":"closed","template":"","meta":[],"product_brand":[],"product_cat":[708,744],"product_tag":[],"class_list":{"0":"post-59726","1":"product","2":"type-product","3":"status-publish","4":"has-post-thumbnail","6":"product_cat-prva-pomoc-i-reanimacija","7":"product_cat-tubusi","9":"first","10":"instock","11":"taxable","12":"shipping-taxable","13":"purchasable","14":"product-type-simple"},"acf":[],"yoast_head":"<!-- This site is optimized with the Yoast SEO plugin v27.3 - https:\/\/yoast.com\/product\/yoast-seo-wordpress\/ -->\n<title>VODILICA STILET, XL, 45 cm bez konektora, ZA ETT 7.0-11.0 mm - Medicpro<\/title>\n<meta name=\"description\" content=\"Vodilica stilet 45 cm (velika) bez silikonskog konektora za lak\u0161e i sigurnije uvo\u0111enje endotrahealnog tubusa promjera 7.0 \u2013 11.0 mm, s mekim atraumatskim vrhom, vi\u0161ekratna i sterilizabilna.\" \/>\n<meta name=\"robots\" content=\"index, follow, max-snippet:-1, max-image-preview:large, max-video-preview:-1\" \/>\n<link rel=\"canonical\" href=\"https:\/\/medicpro.hr\/veleprodaja\/proizvod\/vodilica-stilet-xl-45-cm-bez-konektora-za-ett-7-0-11-0-mm\/\" \/>\n<meta property=\"og:locale\" content=\"hr_HR\" \/>\n<meta property=\"og:type\" content=\"article\" \/>\n<meta property=\"og:title\" content=\"VODILICA STILET, XL, 45 cm bez konektora, ZA ETT 7.0-11.0 mm - Medicpro\" \/>\n<meta property=\"og:description\" content=\"Vodilica stilet 45 cm (velika) bez silikonskog konektora za lak\u0161e i sigurnije uvo\u0111enje endotrahealnog tubusa promjera 7.0 \u2013 11.0 mm, s mekim atraumatskim vrhom, vi\u0161ekratna i sterilizabilna.\" \/>\n<meta property=\"og:url\" content=\"https:\/\/medicpro.hr\/veleprodaja\/proizvod\/vodilica-stilet-xl-45-cm-bez-konektora-za-ett-7-0-11-0-mm\/\" \/>\n<meta property=\"og:site_name\" content=\"Medicpro\" \/>\n<meta property=\"article:modified_time\" content=\"2026-03-03T11:55:38+00:00\" \/>\n<meta property=\"og:image\" content=\"https:\/\/medicpro.hr\/veleprodaja\/wp-content\/uploads\/2025\/09\/vodilica-stilet-srednji-38cm-bez-konektora.png\" \/>\n\t<meta property=\"og:image:width\" content=\"1890\" \/>\n\t<meta property=\"og:image:height\" content=\"1890\" \/>\n\t<meta property=\"og:image:type\" content=\"image\/png\" \/>\n<meta name=\"twitter:card\" content=\"summary_large_image\" \/>\n<meta name=\"twitter:label1\" content=\"Procijenjeno vrijeme \u010ditanja\" \/>\n\t<meta name=\"twitter:data1\" content=\"1 minuta\" \/>\n<script type=\"application\/ld+json\" class=\"yoast-schema-graph\">{\"@context\":\"https:\\\/\\\/schema.org\",\"@graph\":[{\"@type\":\"WebPage\",\"@id\":\"https:\\\/\\\/medicpro.hr\\\/veleprodaja\\\/proizvod\\\/vodilica-stilet-xl-45-cm-bez-konektora-za-ett-7-0-11-0-mm\\\/\",\"url\":\"https:\\\/\\\/medicpro.hr\\\/veleprodaja\\\/proizvod\\\/vodilica-stilet-xl-45-cm-bez-konektora-za-ett-7-0-11-0-mm\\\/\",\"name\":\"VODILICA STILET, XL, 45 cm bez konektora, ZA ETT 7.0-11.0 mm - Medicpro\",\"isPartOf\":{\"@id\":\"https:\\\/\\\/medicpro.hr\\\/veleprodaja\\\/#website\"},\"primaryImageOfPage\":{\"@id\":\"https:\\\/\\\/medicpro.hr\\\/veleprodaja\\\/proizvod\\\/vodilica-stilet-xl-45-cm-bez-konektora-za-ett-7-0-11-0-mm\\\/#primaryimage\"},\"image\":{\"@id\":\"https:\\\/\\\/medicpro.hr\\\/veleprodaja\\\/proizvod\\\/vodilica-stilet-xl-45-cm-bez-konektora-za-ett-7-0-11-0-mm\\\/#primaryimage\"},\"thumbnailUrl\":\"https:\\\/\\\/medicpro.hr\\\/veleprodaja\\\/wp-content\\\/uploads\\\/2025\\\/09\\\/vodilica-stilet-srednji-38cm-bez-konektora.png\",\"datePublished\":\"2025-09-01T00:57:36+00:00\",\"dateModified\":\"2026-03-03T11:55:38+00:00\",\"description\":\"Vodilica stilet 45 cm (velika) bez silikonskog konektora za lak\u0161e i sigurnije uvo\u0111enje endotrahealnog tubusa promjera 7.0 \u2013 11.0 mm, s mekim atraumatskim vrhom, vi\u0161ekratna i sterilizabilna.\",\"breadcrumb\":{\"@id\":\"https:\\\/\\\/medicpro.hr\\\/veleprodaja\\\/proizvod\\\/vodilica-stilet-xl-45-cm-bez-konektora-za-ett-7-0-11-0-mm\\\/#breadcrumb\"},\"inLanguage\":\"hr\",\"potentialAction\":[{\"@type\":\"ReadAction\",\"target\":[\"https:\\\/\\\/medicpro.hr\\\/veleprodaja\\\/proizvod\\\/vodilica-stilet-xl-45-cm-bez-konektora-za-ett-7-0-11-0-mm\\\/\"]}]},{\"@type\":\"ImageObject\",\"inLanguage\":\"hr\",\"@id\":\"https:\\\/\\\/medicpro.hr\\\/veleprodaja\\\/proizvod\\\/vodilica-stilet-xl-45-cm-bez-konektora-za-ett-7-0-11-0-mm\\\/#primaryimage\",\"url\":\"https:\\\/\\\/medicpro.hr\\\/veleprodaja\\\/wp-content\\\/uploads\\\/2025\\\/09\\\/vodilica-stilet-srednji-38cm-bez-konektora.png\",\"contentUrl\":\"https:\\\/\\\/medicpro.hr\\\/veleprodaja\\\/wp-content\\\/uploads\\\/2025\\\/09\\\/vodilica-stilet-srednji-38cm-bez-konektora.png\",\"width\":1890,\"height\":1890,\"caption\":\"vodilica stilet du\u017eine 34 cm bez konektora\"},{\"@type\":\"BreadcrumbList\",\"@id\":\"https:\\\/\\\/medicpro.hr\\\/veleprodaja\\\/proizvod\\\/vodilica-stilet-xl-45-cm-bez-konektora-za-ett-7-0-11-0-mm\\\/#breadcrumb\",\"itemListElement\":[{\"@type\":\"ListItem\",\"position\":1,\"name\":\"Po\u010detna stranica\",\"item\":\"https:\\\/\\\/medicpro.hr\\\/veleprodaja\\\/\"},{\"@type\":\"ListItem\",\"position\":2,\"name\":\"Veleprodaja\",\"item\":\"https:\\\/\\\/medicpro.hr\\\/veleprodaja\\\/trgovina\\\/\"},{\"@type\":\"ListItem\",\"position\":3,\"name\":\"VODILICA STILET, XL, 45 cm bez konektora, ZA ETT 7.0-11.0 mm\"}]},{\"@type\":\"WebSite\",\"@id\":\"https:\\\/\\\/medicpro.hr\\\/veleprodaja\\\/#website\",\"url\":\"https:\\\/\\\/medicpro.hr\\\/veleprodaja\\\/\",\"name\":\"Medicpro.hr\",\"description\":\"Medicinski potro\u0161ni materijal i oprema\",\"publisher\":{\"@id\":\"https:\\\/\\\/medicpro.hr\\\/veleprodaja\\\/#organization\"},\"potentialAction\":[{\"@type\":\"SearchAction\",\"target\":{\"@type\":\"EntryPoint\",\"urlTemplate\":\"https:\\\/\\\/medicpro.hr\\\/veleprodaja\\\/?s={search_term_string}\"},\"query-input\":{\"@type\":\"PropertyValueSpecification\",\"valueRequired\":true,\"valueName\":\"search_term_string\"}}],\"inLanguage\":\"hr\"},{\"@type\":\"Organization\",\"@id\":\"https:\\\/\\\/medicpro.hr\\\/veleprodaja\\\/#organization\",\"name\":\"Medicpro d.o.o.\",\"url\":\"https:\\\/\\\/medicpro.hr\\\/veleprodaja\\\/\",\"logo\":{\"@type\":\"ImageObject\",\"inLanguage\":\"hr\",\"@id\":\"https:\\\/\\\/medicpro.hr\\\/veleprodaja\\\/#\\\/schema\\\/logo\\\/image\\\/\",\"url\":\"https:\\\/\\\/medicpro.hr\\\/veleprodaja\\\/wp-content\\\/uploads\\\/2025\\\/05\\\/medicpro_logo.svg\",\"contentUrl\":\"https:\\\/\\\/medicpro.hr\\\/veleprodaja\\\/wp-content\\\/uploads\\\/2025\\\/05\\\/medicpro_logo.svg\",\"width\":226,\"height\":42,\"caption\":\"Medicpro d.o.o.\"},\"image\":{\"@id\":\"https:\\\/\\\/medicpro.hr\\\/veleprodaja\\\/#\\\/schema\\\/logo\\\/image\\\/\"}}]}<\/script>\n<!-- \/ Yoast SEO plugin. -->","yoast_head_json":{"title":"VODILICA STILET, XL, 45 cm bez konektora, ZA ETT 7.0-11.0 mm - Medicpro","description":"Vodilica stilet 45 cm (velika) bez silikonskog konektora za lak\u0161e i sigurnije uvo\u0111enje endotrahealnog tubusa promjera 7.0 \u2013 11.0 mm, s mekim atraumatskim vrhom, vi\u0161ekratna i sterilizabilna.","robots":{"index":"index","follow":"follow","max-snippet":"max-snippet:-1","max-image-preview":"max-image-preview:large","max-video-preview":"max-video-preview:-1"},"canonical":"https:\/\/medicpro.hr\/veleprodaja\/proizvod\/vodilica-stilet-xl-45-cm-bez-konektora-za-ett-7-0-11-0-mm\/","og_locale":"hr_HR","og_type":"article","og_title":"VODILICA STILET, XL, 45 cm bez konektora, ZA ETT 7.0-11.0 mm - Medicpro","og_description":"Vodilica stilet 45 cm (velika) bez silikonskog konektora za lak\u0161e i sigurnije uvo\u0111enje endotrahealnog tubusa promjera 7.0 \u2013 11.0 mm, s mekim atraumatskim vrhom, vi\u0161ekratna i sterilizabilna.","og_url":"https:\/\/medicpro.hr\/veleprodaja\/proizvod\/vodilica-stilet-xl-45-cm-bez-konektora-za-ett-7-0-11-0-mm\/","og_site_name":"Medicpro","article_modified_time":"2026-03-03T11:55:38+00:00","og_image":[{"width":1890,"height":1890,"url":"https:\/\/medicpro.hr\/veleprodaja\/wp-content\/uploads\/2025\/09\/vodilica-stilet-srednji-38cm-bez-konektora.png","type":"image\/png"}],"twitter_card":"summary_large_image","twitter_misc":{"Procijenjeno vrijeme \u010ditanja":"1 minuta"},"schema":{"@context":"https:\/\/schema.org","@graph":[{"@type":"WebPage","@id":"https:\/\/medicpro.hr\/veleprodaja\/proizvod\/vodilica-stilet-xl-45-cm-bez-konektora-za-ett-7-0-11-0-mm\/","url":"https:\/\/medicpro.hr\/veleprodaja\/proizvod\/vodilica-stilet-xl-45-cm-bez-konektora-za-ett-7-0-11-0-mm\/","name":"VODILICA STILET, XL, 45 cm bez konektora, ZA ETT 7.0-11.0 mm - Medicpro","isPartOf":{"@id":"https:\/\/medicpro.hr\/veleprodaja\/#website"},"primaryImageOfPage":{"@id":"https:\/\/medicpro.hr\/veleprodaja\/proizvod\/vodilica-stilet-xl-45-cm-bez-konektora-za-ett-7-0-11-0-mm\/#primaryimage"},"image":{"@id":"https:\/\/medicpro.hr\/veleprodaja\/proizvod\/vodilica-stilet-xl-45-cm-bez-konektora-za-ett-7-0-11-0-mm\/#primaryimage"},"thumbnailUrl":"https:\/\/medicpro.hr\/veleprodaja\/wp-content\/uploads\/2025\/09\/vodilica-stilet-srednji-38cm-bez-konektora.png","datePublished":"2025-09-01T00:57:36+00:00","dateModified":"2026-03-03T11:55:38+00:00","description":"Vodilica stilet 45 cm (velika) bez silikonskog konektora za lak\u0161e i sigurnije uvo\u0111enje endotrahealnog tubusa promjera 7.0 \u2013 11.0 mm, s mekim atraumatskim vrhom, vi\u0161ekratna i sterilizabilna.","breadcrumb":{"@id":"https:\/\/medicpro.hr\/veleprodaja\/proizvod\/vodilica-stilet-xl-45-cm-bez-konektora-za-ett-7-0-11-0-mm\/#breadcrumb"},"inLanguage":"hr","potentialAction":[{"@type":"ReadAction","target":["https:\/\/medicpro.hr\/veleprodaja\/proizvod\/vodilica-stilet-xl-45-cm-bez-konektora-za-ett-7-0-11-0-mm\/"]}]},{"@type":"ImageObject","inLanguage":"hr","@id":"https:\/\/medicpro.hr\/veleprodaja\/proizvod\/vodilica-stilet-xl-45-cm-bez-konektora-za-ett-7-0-11-0-mm\/#primaryimage","url":"https:\/\/medicpro.hr\/veleprodaja\/wp-content\/uploads\/2025\/09\/vodilica-stilet-srednji-38cm-bez-konektora.png","contentUrl":"https:\/\/medicpro.hr\/veleprodaja\/wp-content\/uploads\/2025\/09\/vodilica-stilet-srednji-38cm-bez-konektora.png","width":1890,"height":1890,"caption":"vodilica stilet du\u017eine 34 cm bez konektora"},{"@type":"BreadcrumbList","@id":"https:\/\/medicpro.hr\/veleprodaja\/proizvod\/vodilica-stilet-xl-45-cm-bez-konektora-za-ett-7-0-11-0-mm\/#breadcrumb","itemListElement":[{"@type":"ListItem","position":1,"name":"Po\u010detna stranica","item":"https:\/\/medicpro.hr\/veleprodaja\/"},{"@type":"ListItem","position":2,"name":"Veleprodaja","item":"https:\/\/medicpro.hr\/veleprodaja\/trgovina\/"},{"@type":"ListItem","position":3,"name":"VODILICA STILET, XL, 45 cm bez konektora, ZA ETT 7.0-11.0 mm"}]},{"@type":"WebSite","@id":"https:\/\/medicpro.hr\/veleprodaja\/#website","url":"https:\/\/medicpro.hr\/veleprodaja\/","name":"Medicpro.hr","description":"Medicinski potro\u0161ni materijal i oprema","publisher":{"@id":"https:\/\/medicpro.hr\/veleprodaja\/#organization"},"potentialAction":[{"@type":"SearchAction","target":{"@type":"EntryPoint","urlTemplate":"https:\/\/medicpro.hr\/veleprodaja\/?s={search_term_string}"},"query-input":{"@type":"PropertyValueSpecification","valueRequired":true,"valueName":"search_term_string"}}],"inLanguage":"hr"},{"@type":"Organization","@id":"https:\/\/medicpro.hr\/veleprodaja\/#organization","name":"Medicpro d.o.o.","url":"https:\/\/medicpro.hr\/veleprodaja\/","logo":{"@type":"ImageObject","inLanguage":"hr","@id":"https:\/\/medicpro.hr\/veleprodaja\/#\/schema\/logo\/image\/","url":"https:\/\/medicpro.hr\/veleprodaja\/wp-content\/uploads\/2025\/05\/medicpro_logo.svg","contentUrl":"https:\/\/medicpro.hr\/veleprodaja\/wp-content\/uploads\/2025\/05\/medicpro_logo.svg","width":226,"height":42,"caption":"Medicpro d.o.o."},"image":{"@id":"https:\/\/medicpro.hr\/veleprodaja\/#\/schema\/logo\/image\/"}}]}},"_links":{"self":[{"href":"https:\/\/medicpro.hr\/veleprodaja\/wp-json\/wp\/v2\/product\/59726","targetHints":{"allow":["GET"]}}],"collection":[{"href":"https:\/\/medicpro.hr\/veleprodaja\/wp-json\/wp\/v2\/product"}],"about":[{"href":"https:\/\/medicpro.hr\/veleprodaja\/wp-json\/wp\/v2\/types\/product"}],"replies":[{"embeddable":true,"href":"https:\/\/medicpro.hr\/veleprodaja\/wp-json\/wp\/v2\/comments?post=59726"}],"wp:featuredmedia":[{"embeddable":true,"href":"https:\/\/medicpro.hr\/veleprodaja\/wp-json\/wp\/v2\/media\/2060791"}],"wp:attachment":[{"href":"https:\/\/medicpro.hr\/veleprodaja\/wp-json\/wp\/v2\/media?parent=59726"}],"wp:term":[{"taxonomy":"product_brand","embeddable":true,"href":"https:\/\/medicpro.hr\/veleprodaja\/wp-json\/wp\/v2\/product_brand?post=59726"},{"taxonomy":"product_cat","embeddable":true,"href":"https:\/\/medicpro.hr\/veleprodaja\/wp-json\/wp\/v2\/product_cat?post=59726"},{"taxonomy":"product_tag","embeddable":true,"href":"https:\/\/medicpro.hr\/veleprodaja\/wp-json\/wp\/v2\/product_tag?post=59726"}],"curies":[{"name":"wp","href":"https:\/\/api.w.org\/{rel}","templated":true}]}}