{"id":59720,"date":"2025-09-01T02:57:36","date_gmt":"2025-09-01T00:57:36","guid":{"rendered":"https:\/\/zdesmedicpro-velepro.kuhada.net\/?post_type=product&#038;p=59720"},"modified":"2025-09-12T11:02:25","modified_gmt":"2025-09-12T09:02:25","slug":"elektroda-zoll-stat-padz-ii-za-def-aed-plus","status":"publish","type":"product","link":"https:\/\/medicpro.hr\/veleprodaja\/proizvod\/elektroda-zoll-stat-padz-ii-za-def-aed-plus\/","title":{"rendered":"ELEKTRODA ZOLL &#8220;STAT PADZ II&#8221; za def. AED PLUS"},"content":{"rendered":"<ul>\n<li>ZOLL Stat-Padz II su elektrode kompatibilne s <a href=\"https:\/\/medicpro.hr\/veleprodaja\/proizvod\/defibrilator-zoll-aed-plus-osnovni-hrv\/\" target=\"_blank\" rel=\"noopener\">ZOLL AED Plus<\/a> i ZOLL AED Pro defibrilatorima.<\/li>\n<li>Ove Stat-Padz II sadr\u017ee dvije elektrode koje se postavljaju na prsnu kost tijekom sr\u010danog zastoja.<\/li>\n<li>Mogu se isklju\u010diti iz ZOLL AED Plus i priklju\u010diti izravno u ZOLL M, E ili R defibrilator kada profesionalna hitna pomo\u0107 stigne na mjesto doga\u0111aja.<\/li>\n<li>Rok trajanja CPR-D-padz elektroda: 5 godina.<\/li>\n<\/ul>\n","protected":false},"excerpt":{"rendered":"<p>ZOLL Stat-Padz II su elektrode kompatibilne s ZOLL AED Plus i ZOLL AED Pro defibrilatorima. Ove Stat-Padz II sadr\u017ee dvije<\/p>\n","protected":false},"featured_media":0,"comment_status":"open","ping_status":"closed","template":"","meta":[],"product_brand":[],"product_cat":[708,709],"product_tag":[],"class_list":{"0":"post-59720","1":"product","2":"type-product","3":"status-publish","5":"product_cat-prva-pomoc-i-reanimacija","6":"product_cat-defibrilatori","8":"first","9":"onbackorder","10":"taxable","11":"shipping-taxable","12":"purchasable","13":"product-type-simple"},"acf":[],"yoast_head":"<!-- This site is optimized with the Yoast SEO plugin v27.3 - https:\/\/yoast.com\/product\/yoast-seo-wordpress\/ -->\n<title>ELEKTRODA ZOLL &quot;STAT PADZ II&quot; za def. AED PLUS - Medicpro<\/title>\n<meta name=\"robots\" content=\"index, follow, max-snippet:-1, max-image-preview:large, max-video-preview:-1\" \/>\n<link rel=\"canonical\" href=\"https:\/\/medicpro.hr\/veleprodaja\/proizvod\/elektroda-zoll-stat-padz-ii-za-def-aed-plus\/\" \/>\n<meta property=\"og:locale\" content=\"hr_HR\" \/>\n<meta property=\"og:type\" content=\"article\" \/>\n<meta property=\"og:title\" content=\"ELEKTRODA ZOLL &quot;STAT PADZ II&quot; za def. AED PLUS - Medicpro\" \/>\n<meta property=\"og:description\" content=\"ZOLL Stat-Padz II su elektrode kompatibilne s ZOLL AED Plus i ZOLL AED Pro defibrilatorima. Ove Stat-Padz II sadr\u017ee dvije\" \/>\n<meta property=\"og:url\" content=\"https:\/\/medicpro.hr\/veleprodaja\/proizvod\/elektroda-zoll-stat-padz-ii-za-def-aed-plus\/\" \/>\n<meta property=\"og:site_name\" content=\"Medicpro\" \/>\n<meta property=\"article:modified_time\" content=\"2025-09-12T09:02:25+00:00\" \/>\n<meta name=\"twitter:card\" content=\"summary_large_image\" \/>\n<script type=\"application\/ld+json\" class=\"yoast-schema-graph\">{\"@context\":\"https:\\\/\\\/schema.org\",\"@graph\":[{\"@type\":\"WebPage\",\"@id\":\"https:\\\/\\\/medicpro.hr\\\/veleprodaja\\\/proizvod\\\/elektroda-zoll-stat-padz-ii-za-def-aed-plus\\\/\",\"url\":\"https:\\\/\\\/medicpro.hr\\\/veleprodaja\\\/proizvod\\\/elektroda-zoll-stat-padz-ii-za-def-aed-plus\\\/\",\"name\":\"ELEKTRODA ZOLL \\\"STAT PADZ II\\\" za def. AED PLUS - Medicpro\",\"isPartOf\":{\"@id\":\"https:\\\/\\\/medicpro.hr\\\/veleprodaja\\\/#website\"},\"datePublished\":\"2025-09-01T00:57:36+00:00\",\"dateModified\":\"2025-09-12T09:02:25+00:00\",\"breadcrumb\":{\"@id\":\"https:\\\/\\\/medicpro.hr\\\/veleprodaja\\\/proizvod\\\/elektroda-zoll-stat-padz-ii-za-def-aed-plus\\\/#breadcrumb\"},\"inLanguage\":\"hr\",\"potentialAction\":[{\"@type\":\"ReadAction\",\"target\":[\"https:\\\/\\\/medicpro.hr\\\/veleprodaja\\\/proizvod\\\/elektroda-zoll-stat-padz-ii-za-def-aed-plus\\\/\"]}]},{\"@type\":\"BreadcrumbList\",\"@id\":\"https:\\\/\\\/medicpro.hr\\\/veleprodaja\\\/proizvod\\\/elektroda-zoll-stat-padz-ii-za-def-aed-plus\\\/#breadcrumb\",\"itemListElement\":[{\"@type\":\"ListItem\",\"position\":1,\"name\":\"Po\u010detna stranica\",\"item\":\"https:\\\/\\\/medicpro.hr\\\/veleprodaja\\\/\"},{\"@type\":\"ListItem\",\"position\":2,\"name\":\"Veleprodaja\",\"item\":\"https:\\\/\\\/medicpro.hr\\\/veleprodaja\\\/trgovina\\\/\"},{\"@type\":\"ListItem\",\"position\":3,\"name\":\"ELEKTRODA ZOLL &#8220;STAT PADZ II&#8221; za def. AED PLUS\"}]},{\"@type\":\"WebSite\",\"@id\":\"https:\\\/\\\/medicpro.hr\\\/veleprodaja\\\/#website\",\"url\":\"https:\\\/\\\/medicpro.hr\\\/veleprodaja\\\/\",\"name\":\"Medicpro.hr\",\"description\":\"Medicinski potro\u0161ni materijal i oprema\",\"publisher\":{\"@id\":\"https:\\\/\\\/medicpro.hr\\\/veleprodaja\\\/#organization\"},\"potentialAction\":[{\"@type\":\"SearchAction\",\"target\":{\"@type\":\"EntryPoint\",\"urlTemplate\":\"https:\\\/\\\/medicpro.hr\\\/veleprodaja\\\/?s={search_term_string}\"},\"query-input\":{\"@type\":\"PropertyValueSpecification\",\"valueRequired\":true,\"valueName\":\"search_term_string\"}}],\"inLanguage\":\"hr\"},{\"@type\":\"Organization\",\"@id\":\"https:\\\/\\\/medicpro.hr\\\/veleprodaja\\\/#organization\",\"name\":\"Medicpro d.o.o.\",\"url\":\"https:\\\/\\\/medicpro.hr\\\/veleprodaja\\\/\",\"logo\":{\"@type\":\"ImageObject\",\"inLanguage\":\"hr\",\"@id\":\"https:\\\/\\\/medicpro.hr\\\/veleprodaja\\\/#\\\/schema\\\/logo\\\/image\\\/\",\"url\":\"https:\\\/\\\/medicpro.hr\\\/veleprodaja\\\/wp-content\\\/uploads\\\/2025\\\/05\\\/medicpro_logo.svg\",\"contentUrl\":\"https:\\\/\\\/medicpro.hr\\\/veleprodaja\\\/wp-content\\\/uploads\\\/2025\\\/05\\\/medicpro_logo.svg\",\"width\":226,\"height\":42,\"caption\":\"Medicpro d.o.o.\"},\"image\":{\"@id\":\"https:\\\/\\\/medicpro.hr\\\/veleprodaja\\\/#\\\/schema\\\/logo\\\/image\\\/\"}}]}<\/script>\n<!-- \/ Yoast SEO plugin. -->","yoast_head_json":{"title":"ELEKTRODA ZOLL \"STAT PADZ II\" za def. AED PLUS - Medicpro","robots":{"index":"index","follow":"follow","max-snippet":"max-snippet:-1","max-image-preview":"max-image-preview:large","max-video-preview":"max-video-preview:-1"},"canonical":"https:\/\/medicpro.hr\/veleprodaja\/proizvod\/elektroda-zoll-stat-padz-ii-za-def-aed-plus\/","og_locale":"hr_HR","og_type":"article","og_title":"ELEKTRODA ZOLL \"STAT PADZ II\" za def. AED PLUS - Medicpro","og_description":"ZOLL Stat-Padz II su elektrode kompatibilne s ZOLL AED Plus i ZOLL AED Pro defibrilatorima. Ove Stat-Padz II sadr\u017ee dvije","og_url":"https:\/\/medicpro.hr\/veleprodaja\/proizvod\/elektroda-zoll-stat-padz-ii-za-def-aed-plus\/","og_site_name":"Medicpro","article_modified_time":"2025-09-12T09:02:25+00:00","twitter_card":"summary_large_image","schema":{"@context":"https:\/\/schema.org","@graph":[{"@type":"WebPage","@id":"https:\/\/medicpro.hr\/veleprodaja\/proizvod\/elektroda-zoll-stat-padz-ii-za-def-aed-plus\/","url":"https:\/\/medicpro.hr\/veleprodaja\/proizvod\/elektroda-zoll-stat-padz-ii-za-def-aed-plus\/","name":"ELEKTRODA ZOLL \"STAT PADZ II\" za def. AED PLUS - Medicpro","isPartOf":{"@id":"https:\/\/medicpro.hr\/veleprodaja\/#website"},"datePublished":"2025-09-01T00:57:36+00:00","dateModified":"2025-09-12T09:02:25+00:00","breadcrumb":{"@id":"https:\/\/medicpro.hr\/veleprodaja\/proizvod\/elektroda-zoll-stat-padz-ii-za-def-aed-plus\/#breadcrumb"},"inLanguage":"hr","potentialAction":[{"@type":"ReadAction","target":["https:\/\/medicpro.hr\/veleprodaja\/proizvod\/elektroda-zoll-stat-padz-ii-za-def-aed-plus\/"]}]},{"@type":"BreadcrumbList","@id":"https:\/\/medicpro.hr\/veleprodaja\/proizvod\/elektroda-zoll-stat-padz-ii-za-def-aed-plus\/#breadcrumb","itemListElement":[{"@type":"ListItem","position":1,"name":"Po\u010detna stranica","item":"https:\/\/medicpro.hr\/veleprodaja\/"},{"@type":"ListItem","position":2,"name":"Veleprodaja","item":"https:\/\/medicpro.hr\/veleprodaja\/trgovina\/"},{"@type":"ListItem","position":3,"name":"ELEKTRODA ZOLL &#8220;STAT PADZ II&#8221; za def. AED PLUS"}]},{"@type":"WebSite","@id":"https:\/\/medicpro.hr\/veleprodaja\/#website","url":"https:\/\/medicpro.hr\/veleprodaja\/","name":"Medicpro.hr","description":"Medicinski potro\u0161ni materijal i oprema","publisher":{"@id":"https:\/\/medicpro.hr\/veleprodaja\/#organization"},"potentialAction":[{"@type":"SearchAction","target":{"@type":"EntryPoint","urlTemplate":"https:\/\/medicpro.hr\/veleprodaja\/?s={search_term_string}"},"query-input":{"@type":"PropertyValueSpecification","valueRequired":true,"valueName":"search_term_string"}}],"inLanguage":"hr"},{"@type":"Organization","@id":"https:\/\/medicpro.hr\/veleprodaja\/#organization","name":"Medicpro d.o.o.","url":"https:\/\/medicpro.hr\/veleprodaja\/","logo":{"@type":"ImageObject","inLanguage":"hr","@id":"https:\/\/medicpro.hr\/veleprodaja\/#\/schema\/logo\/image\/","url":"https:\/\/medicpro.hr\/veleprodaja\/wp-content\/uploads\/2025\/05\/medicpro_logo.svg","contentUrl":"https:\/\/medicpro.hr\/veleprodaja\/wp-content\/uploads\/2025\/05\/medicpro_logo.svg","width":226,"height":42,"caption":"Medicpro d.o.o."},"image":{"@id":"https:\/\/medicpro.hr\/veleprodaja\/#\/schema\/logo\/image\/"}}]}},"_links":{"self":[{"href":"https:\/\/medicpro.hr\/veleprodaja\/wp-json\/wp\/v2\/product\/59720","targetHints":{"allow":["GET"]}}],"collection":[{"href":"https:\/\/medicpro.hr\/veleprodaja\/wp-json\/wp\/v2\/product"}],"about":[{"href":"https:\/\/medicpro.hr\/veleprodaja\/wp-json\/wp\/v2\/types\/product"}],"replies":[{"embeddable":true,"href":"https:\/\/medicpro.hr\/veleprodaja\/wp-json\/wp\/v2\/comments?post=59720"}],"wp:attachment":[{"href":"https:\/\/medicpro.hr\/veleprodaja\/wp-json\/wp\/v2\/media?parent=59720"}],"wp:term":[{"taxonomy":"product_brand","embeddable":true,"href":"https:\/\/medicpro.hr\/veleprodaja\/wp-json\/wp\/v2\/product_brand?post=59720"},{"taxonomy":"product_cat","embeddable":true,"href":"https:\/\/medicpro.hr\/veleprodaja\/wp-json\/wp\/v2\/product_cat?post=59720"},{"taxonomy":"product_tag","embeddable":true,"href":"https:\/\/medicpro.hr\/veleprodaja\/wp-json\/wp\/v2\/product_tag?post=59720"}],"curies":[{"name":"wp","href":"https:\/\/api.w.org\/{rel}","templated":true}]}}