{"id":59689,"date":"2025-09-01T02:57:32","date_gmt":"2025-09-01T00:57:32","guid":{"rendered":"https:\/\/zdesmedicpro-velepro.kuhada.net\/?post_type=product&#038;p=59689"},"modified":"2025-09-12T11:02:29","modified_gmt":"2025-09-12T09:02:29","slug":"zavoj-elasticni-peha-fix-ost-4cm-x-4m-a20","status":"publish","type":"product","link":"https:\/\/medicpro.hr\/veleprodaja\/proizvod\/zavoj-elasticni-peha-fix-ost-4cm-x-4m-a20\/","title":{"rendered":"ZAVOJ ELASTI\u010cNI PEHA-FIX OST 4cm x 4m a&#8217;20"},"content":{"rendered":"<ul>\n<li>Peha-fix je zavoj koji se koristi za pri\u010dvr\u0161\u0107ivanje razli\u010ditih vrsta obloga, posebno na zglobovima i zaobljenim dijelovima tijela.<\/li>\n<li><strong>Vrlo pogodan za pacijente s osjetljivom ko\u017eom<\/strong>.<\/li>\n<li><strong>Previjanje je zbog elasti\u010dnosti jednostavno<\/strong>, pouzdano zavoj ne klizi.<\/li>\n<li>Zavoj je rijetko pleten, prozra\u010dan i <strong>ne izaziva iritacije na ko\u017ei<\/strong>.<\/li>\n<li>Raste\u017ee se oko 160 % (sastav 70% viskoza i 30% poliamid).<\/li>\n<li>Mogu\u0107nost autoklaviranja (134 \u00b0C).<\/li>\n<li>Dimenzija: 4 cm x 4 m.<\/li>\n<li>Cijena se odnosi na pakiranje u kojem se nalazi 20 komada.<\/li>\n<\/ul>\n","protected":false},"excerpt":{"rendered":"<p>Peha-fix je zavoj koji se koristi za pri\u010dvr\u0161\u0107ivanje razli\u010ditih vrsta obloga, posebno na zglobovima i zaobljenim dijelovima tijela. Vrlo pogodan<\/p>\n","protected":false},"featured_media":49397,"comment_status":"open","ping_status":"closed","template":"","meta":[],"product_brand":[],"product_cat":[748,807],"product_tag":[],"class_list":{"0":"post-59689","1":"product","2":"type-product","3":"status-publish","4":"has-post-thumbnail","6":"product_cat-zavojni-materijal","7":"product_cat-zavojni-elasticni-zavoji","9":"first","10":"onbackorder","11":"taxable","12":"shipping-taxable","13":"purchasable","14":"product-type-simple"},"acf":[],"yoast_head":"<!-- This site is optimized with the Yoast SEO plugin v27.3 - https:\/\/yoast.com\/product\/yoast-seo-wordpress\/ -->\n<title>ZAVOJ ELASTI\u010cNI PEHA-FIX OST 4cm x 4m a&#039;20 - Medicpro<\/title>\n<meta name=\"robots\" content=\"index, follow, max-snippet:-1, max-image-preview:large, max-video-preview:-1\" \/>\n<link rel=\"canonical\" href=\"https:\/\/medicpro.hr\/veleprodaja\/proizvod\/zavoj-elasticni-peha-fix-ost-4cm-x-4m-a20\/\" \/>\n<meta property=\"og:locale\" content=\"hr_HR\" \/>\n<meta property=\"og:type\" content=\"article\" \/>\n<meta property=\"og:title\" content=\"ZAVOJ ELASTI\u010cNI PEHA-FIX OST 4cm x 4m a&#039;20 - Medicpro\" \/>\n<meta property=\"og:description\" content=\"Peha-fix je zavoj koji se koristi za pri\u010dvr\u0161\u0107ivanje razli\u010ditih vrsta obloga, posebno na zglobovima i zaobljenim dijelovima tijela. Vrlo pogodan\" \/>\n<meta property=\"og:url\" content=\"https:\/\/medicpro.hr\/veleprodaja\/proizvod\/zavoj-elasticni-peha-fix-ost-4cm-x-4m-a20\/\" \/>\n<meta property=\"og:site_name\" content=\"Medicpro\" \/>\n<meta property=\"article:modified_time\" content=\"2025-09-12T09:02:29+00:00\" \/>\n<meta property=\"og:image\" content=\"https:\/\/medicpro.hr\/veleprodaja\/wp-content\/uploads\/2025\/06\/zavoj-elasticni-peha-fix-ost-4-cm-x-4-m-a-20-3.jpg\" \/>\n\t<meta property=\"og:image:width\" content=\"800\" \/>\n\t<meta property=\"og:image:height\" content=\"1040\" \/>\n\t<meta property=\"og:image:type\" content=\"image\/jpeg\" \/>\n<meta name=\"twitter:card\" content=\"summary_large_image\" \/>\n<script type=\"application\/ld+json\" class=\"yoast-schema-graph\">{\"@context\":\"https:\\\/\\\/schema.org\",\"@graph\":[{\"@type\":\"WebPage\",\"@id\":\"https:\\\/\\\/medicpro.hr\\\/veleprodaja\\\/proizvod\\\/zavoj-elasticni-peha-fix-ost-4cm-x-4m-a20\\\/\",\"url\":\"https:\\\/\\\/medicpro.hr\\\/veleprodaja\\\/proizvod\\\/zavoj-elasticni-peha-fix-ost-4cm-x-4m-a20\\\/\",\"name\":\"ZAVOJ ELASTI\u010cNI PEHA-FIX OST 4cm x 4m a'20 - Medicpro\",\"isPartOf\":{\"@id\":\"https:\\\/\\\/medicpro.hr\\\/veleprodaja\\\/#website\"},\"primaryImageOfPage\":{\"@id\":\"https:\\\/\\\/medicpro.hr\\\/veleprodaja\\\/proizvod\\\/zavoj-elasticni-peha-fix-ost-4cm-x-4m-a20\\\/#primaryimage\"},\"image\":{\"@id\":\"https:\\\/\\\/medicpro.hr\\\/veleprodaja\\\/proizvod\\\/zavoj-elasticni-peha-fix-ost-4cm-x-4m-a20\\\/#primaryimage\"},\"thumbnailUrl\":\"https:\\\/\\\/medicpro.hr\\\/veleprodaja\\\/wp-content\\\/uploads\\\/2025\\\/06\\\/zavoj-elasticni-peha-fix-ost-4-cm-x-4-m-a-20-3.jpg\",\"datePublished\":\"2025-09-01T00:57:32+00:00\",\"dateModified\":\"2025-09-12T09:02:29+00:00\",\"breadcrumb\":{\"@id\":\"https:\\\/\\\/medicpro.hr\\\/veleprodaja\\\/proizvod\\\/zavoj-elasticni-peha-fix-ost-4cm-x-4m-a20\\\/#breadcrumb\"},\"inLanguage\":\"hr\",\"potentialAction\":[{\"@type\":\"ReadAction\",\"target\":[\"https:\\\/\\\/medicpro.hr\\\/veleprodaja\\\/proizvod\\\/zavoj-elasticni-peha-fix-ost-4cm-x-4m-a20\\\/\"]}]},{\"@type\":\"ImageObject\",\"inLanguage\":\"hr\",\"@id\":\"https:\\\/\\\/medicpro.hr\\\/veleprodaja\\\/proizvod\\\/zavoj-elasticni-peha-fix-ost-4cm-x-4m-a20\\\/#primaryimage\",\"url\":\"https:\\\/\\\/medicpro.hr\\\/veleprodaja\\\/wp-content\\\/uploads\\\/2025\\\/06\\\/zavoj-elasticni-peha-fix-ost-4-cm-x-4-m-a-20-3.jpg\",\"contentUrl\":\"https:\\\/\\\/medicpro.hr\\\/veleprodaja\\\/wp-content\\\/uploads\\\/2025\\\/06\\\/zavoj-elasticni-peha-fix-ost-4-cm-x-4-m-a-20-3.jpg\",\"width\":800,\"height\":1040},{\"@type\":\"BreadcrumbList\",\"@id\":\"https:\\\/\\\/medicpro.hr\\\/veleprodaja\\\/proizvod\\\/zavoj-elasticni-peha-fix-ost-4cm-x-4m-a20\\\/#breadcrumb\",\"itemListElement\":[{\"@type\":\"ListItem\",\"position\":1,\"name\":\"Po\u010detna stranica\",\"item\":\"https:\\\/\\\/medicpro.hr\\\/veleprodaja\\\/\"},{\"@type\":\"ListItem\",\"position\":2,\"name\":\"Veleprodaja\",\"item\":\"https:\\\/\\\/medicpro.hr\\\/veleprodaja\\\/trgovina\\\/\"},{\"@type\":\"ListItem\",\"position\":3,\"name\":\"ZAVOJ ELASTI\u010cNI PEHA-FIX OST 4cm x 4m a&#8217;20\"}]},{\"@type\":\"WebSite\",\"@id\":\"https:\\\/\\\/medicpro.hr\\\/veleprodaja\\\/#website\",\"url\":\"https:\\\/\\\/medicpro.hr\\\/veleprodaja\\\/\",\"name\":\"Medicpro.hr\",\"description\":\"Medicinski potro\u0161ni materijal i oprema\",\"publisher\":{\"@id\":\"https:\\\/\\\/medicpro.hr\\\/veleprodaja\\\/#organization\"},\"potentialAction\":[{\"@type\":\"SearchAction\",\"target\":{\"@type\":\"EntryPoint\",\"urlTemplate\":\"https:\\\/\\\/medicpro.hr\\\/veleprodaja\\\/?s={search_term_string}\"},\"query-input\":{\"@type\":\"PropertyValueSpecification\",\"valueRequired\":true,\"valueName\":\"search_term_string\"}}],\"inLanguage\":\"hr\"},{\"@type\":\"Organization\",\"@id\":\"https:\\\/\\\/medicpro.hr\\\/veleprodaja\\\/#organization\",\"name\":\"Medicpro d.o.o.\",\"url\":\"https:\\\/\\\/medicpro.hr\\\/veleprodaja\\\/\",\"logo\":{\"@type\":\"ImageObject\",\"inLanguage\":\"hr\",\"@id\":\"https:\\\/\\\/medicpro.hr\\\/veleprodaja\\\/#\\\/schema\\\/logo\\\/image\\\/\",\"url\":\"https:\\\/\\\/medicpro.hr\\\/veleprodaja\\\/wp-content\\\/uploads\\\/2025\\\/05\\\/medicpro_logo.svg\",\"contentUrl\":\"https:\\\/\\\/medicpro.hr\\\/veleprodaja\\\/wp-content\\\/uploads\\\/2025\\\/05\\\/medicpro_logo.svg\",\"width\":226,\"height\":42,\"caption\":\"Medicpro d.o.o.\"},\"image\":{\"@id\":\"https:\\\/\\\/medicpro.hr\\\/veleprodaja\\\/#\\\/schema\\\/logo\\\/image\\\/\"}}]}<\/script>\n<!-- \/ Yoast SEO plugin. -->","yoast_head_json":{"title":"ZAVOJ ELASTI\u010cNI PEHA-FIX OST 4cm x 4m a'20 - Medicpro","robots":{"index":"index","follow":"follow","max-snippet":"max-snippet:-1","max-image-preview":"max-image-preview:large","max-video-preview":"max-video-preview:-1"},"canonical":"https:\/\/medicpro.hr\/veleprodaja\/proizvod\/zavoj-elasticni-peha-fix-ost-4cm-x-4m-a20\/","og_locale":"hr_HR","og_type":"article","og_title":"ZAVOJ ELASTI\u010cNI PEHA-FIX OST 4cm x 4m a'20 - Medicpro","og_description":"Peha-fix je zavoj koji se koristi za pri\u010dvr\u0161\u0107ivanje razli\u010ditih vrsta obloga, posebno na zglobovima i zaobljenim dijelovima tijela. Vrlo pogodan","og_url":"https:\/\/medicpro.hr\/veleprodaja\/proizvod\/zavoj-elasticni-peha-fix-ost-4cm-x-4m-a20\/","og_site_name":"Medicpro","article_modified_time":"2025-09-12T09:02:29+00:00","og_image":[{"width":800,"height":1040,"url":"https:\/\/medicpro.hr\/veleprodaja\/wp-content\/uploads\/2025\/06\/zavoj-elasticni-peha-fix-ost-4-cm-x-4-m-a-20-3.jpg","type":"image\/jpeg"}],"twitter_card":"summary_large_image","schema":{"@context":"https:\/\/schema.org","@graph":[{"@type":"WebPage","@id":"https:\/\/medicpro.hr\/veleprodaja\/proizvod\/zavoj-elasticni-peha-fix-ost-4cm-x-4m-a20\/","url":"https:\/\/medicpro.hr\/veleprodaja\/proizvod\/zavoj-elasticni-peha-fix-ost-4cm-x-4m-a20\/","name":"ZAVOJ ELASTI\u010cNI PEHA-FIX OST 4cm x 4m a'20 - Medicpro","isPartOf":{"@id":"https:\/\/medicpro.hr\/veleprodaja\/#website"},"primaryImageOfPage":{"@id":"https:\/\/medicpro.hr\/veleprodaja\/proizvod\/zavoj-elasticni-peha-fix-ost-4cm-x-4m-a20\/#primaryimage"},"image":{"@id":"https:\/\/medicpro.hr\/veleprodaja\/proizvod\/zavoj-elasticni-peha-fix-ost-4cm-x-4m-a20\/#primaryimage"},"thumbnailUrl":"https:\/\/medicpro.hr\/veleprodaja\/wp-content\/uploads\/2025\/06\/zavoj-elasticni-peha-fix-ost-4-cm-x-4-m-a-20-3.jpg","datePublished":"2025-09-01T00:57:32+00:00","dateModified":"2025-09-12T09:02:29+00:00","breadcrumb":{"@id":"https:\/\/medicpro.hr\/veleprodaja\/proizvod\/zavoj-elasticni-peha-fix-ost-4cm-x-4m-a20\/#breadcrumb"},"inLanguage":"hr","potentialAction":[{"@type":"ReadAction","target":["https:\/\/medicpro.hr\/veleprodaja\/proizvod\/zavoj-elasticni-peha-fix-ost-4cm-x-4m-a20\/"]}]},{"@type":"ImageObject","inLanguage":"hr","@id":"https:\/\/medicpro.hr\/veleprodaja\/proizvod\/zavoj-elasticni-peha-fix-ost-4cm-x-4m-a20\/#primaryimage","url":"https:\/\/medicpro.hr\/veleprodaja\/wp-content\/uploads\/2025\/06\/zavoj-elasticni-peha-fix-ost-4-cm-x-4-m-a-20-3.jpg","contentUrl":"https:\/\/medicpro.hr\/veleprodaja\/wp-content\/uploads\/2025\/06\/zavoj-elasticni-peha-fix-ost-4-cm-x-4-m-a-20-3.jpg","width":800,"height":1040},{"@type":"BreadcrumbList","@id":"https:\/\/medicpro.hr\/veleprodaja\/proizvod\/zavoj-elasticni-peha-fix-ost-4cm-x-4m-a20\/#breadcrumb","itemListElement":[{"@type":"ListItem","position":1,"name":"Po\u010detna stranica","item":"https:\/\/medicpro.hr\/veleprodaja\/"},{"@type":"ListItem","position":2,"name":"Veleprodaja","item":"https:\/\/medicpro.hr\/veleprodaja\/trgovina\/"},{"@type":"ListItem","position":3,"name":"ZAVOJ ELASTI\u010cNI PEHA-FIX OST 4cm x 4m a&#8217;20"}]},{"@type":"WebSite","@id":"https:\/\/medicpro.hr\/veleprodaja\/#website","url":"https:\/\/medicpro.hr\/veleprodaja\/","name":"Medicpro.hr","description":"Medicinski potro\u0161ni materijal i oprema","publisher":{"@id":"https:\/\/medicpro.hr\/veleprodaja\/#organization"},"potentialAction":[{"@type":"SearchAction","target":{"@type":"EntryPoint","urlTemplate":"https:\/\/medicpro.hr\/veleprodaja\/?s={search_term_string}"},"query-input":{"@type":"PropertyValueSpecification","valueRequired":true,"valueName":"search_term_string"}}],"inLanguage":"hr"},{"@type":"Organization","@id":"https:\/\/medicpro.hr\/veleprodaja\/#organization","name":"Medicpro d.o.o.","url":"https:\/\/medicpro.hr\/veleprodaja\/","logo":{"@type":"ImageObject","inLanguage":"hr","@id":"https:\/\/medicpro.hr\/veleprodaja\/#\/schema\/logo\/image\/","url":"https:\/\/medicpro.hr\/veleprodaja\/wp-content\/uploads\/2025\/05\/medicpro_logo.svg","contentUrl":"https:\/\/medicpro.hr\/veleprodaja\/wp-content\/uploads\/2025\/05\/medicpro_logo.svg","width":226,"height":42,"caption":"Medicpro d.o.o."},"image":{"@id":"https:\/\/medicpro.hr\/veleprodaja\/#\/schema\/logo\/image\/"}}]}},"_links":{"self":[{"href":"https:\/\/medicpro.hr\/veleprodaja\/wp-json\/wp\/v2\/product\/59689","targetHints":{"allow":["GET"]}}],"collection":[{"href":"https:\/\/medicpro.hr\/veleprodaja\/wp-json\/wp\/v2\/product"}],"about":[{"href":"https:\/\/medicpro.hr\/veleprodaja\/wp-json\/wp\/v2\/types\/product"}],"replies":[{"embeddable":true,"href":"https:\/\/medicpro.hr\/veleprodaja\/wp-json\/wp\/v2\/comments?post=59689"}],"wp:featuredmedia":[{"embeddable":true,"href":"https:\/\/medicpro.hr\/veleprodaja\/wp-json\/wp\/v2\/media\/49397"}],"wp:attachment":[{"href":"https:\/\/medicpro.hr\/veleprodaja\/wp-json\/wp\/v2\/media?parent=59689"}],"wp:term":[{"taxonomy":"product_brand","embeddable":true,"href":"https:\/\/medicpro.hr\/veleprodaja\/wp-json\/wp\/v2\/product_brand?post=59689"},{"taxonomy":"product_cat","embeddable":true,"href":"https:\/\/medicpro.hr\/veleprodaja\/wp-json\/wp\/v2\/product_cat?post=59689"},{"taxonomy":"product_tag","embeddable":true,"href":"https:\/\/medicpro.hr\/veleprodaja\/wp-json\/wp\/v2\/product_tag?post=59689"}],"curies":[{"name":"wp","href":"https:\/\/api.w.org\/{rel}","templated":true}]}}