{"id":59638,"date":"2025-09-01T02:57:24","date_gmt":"2025-09-01T00:57:24","guid":{"rendered":"https:\/\/zdesmedicpro-velepro.kuhada.net\/?post_type=product&#038;p=59638"},"modified":"2025-09-12T11:02:33","modified_gmt":"2025-09-12T09:02:33","slug":"tlakomjer-na-pero-gamma-xxl-zidni","status":"publish","type":"product","link":"https:\/\/medicpro.hr\/veleprodaja\/proizvod\/tlakomjer-na-pero-gamma-xxl-zidni\/","title":{"rendered":"TLAKOMJER na pero &#8220;Gamma XXL&#8221;, zidni"},"content":{"rendered":"<ul>\n<li>Zidni model tlakomjera na pero &#8220;Gamma XXL&#8221;.<\/li>\n<li>Robusna polikarbonatna konstrukcija modernog dizajna otporna na te\u0161ke uvjete i \u010destu upotrebu.<\/li>\n<li>Velika skala promjera 130 mm vidljiva je iz svakog kuta prostorije.<\/li>\n<li>Precizna kalibracija \u201cHigh Quality Indicator\u201d produljuje vijek trajanja i smanjuje potrebu provjere to\u010dnosti i servisa.<\/li>\n<li>Tlakomjer sad\u017ei standarnu man\u017eetu koja odgovara opsegu nadlaktice 25-34 cm (veli\u010dina 11).<\/li>\n<li>Sadr\u017ei spiralno crijevo du\u017eine 3 metra.<\/li>\n<li>Jamstvo: 10 godina.<\/li>\n<\/ul>\n<p>Mjerno podru\u010dje: 0-300 mmHg<br \/>\nTo\u010dnost: +\/- 3 mmHg<br \/>\nPodjela mjerne skale: 2 mmHg<\/p>\n","protected":false},"excerpt":{"rendered":"<p>Zidni model tlakomjera na pero &#8220;Gamma XXL&#8221;. Robusna polikarbonatna konstrukcija modernog dizajna otporna na te\u0161ke uvjete i \u010destu upotrebu. Velika<\/p>\n","protected":false},"featured_media":49283,"comment_status":"open","ping_status":"closed","template":"","meta":[],"product_brand":[],"product_cat":[702,782],"product_tag":[],"class_list":{"0":"post-59638","1":"product","2":"type-product","3":"status-publish","4":"has-post-thumbnail","6":"product_cat-dijagnostika","7":"product_cat-tlakomjeri","9":"first","10":"onbackorder","11":"taxable","12":"shipping-taxable","13":"purchasable","14":"product-type-simple"},"acf":[],"yoast_head":"<!-- This site is optimized with the Yoast SEO plugin v27.3 - https:\/\/yoast.com\/product\/yoast-seo-wordpress\/ -->\n<title>TLAKOMJER na pero &quot;Gamma XXL&quot;, zidni - Medicpro<\/title>\n<meta name=\"robots\" content=\"index, follow, max-snippet:-1, max-image-preview:large, max-video-preview:-1\" \/>\n<link rel=\"canonical\" href=\"https:\/\/medicpro.hr\/veleprodaja\/proizvod\/tlakomjer-na-pero-gamma-xxl-zidni\/\" \/>\n<meta property=\"og:locale\" content=\"hr_HR\" \/>\n<meta property=\"og:type\" content=\"article\" \/>\n<meta property=\"og:title\" content=\"TLAKOMJER na pero &quot;Gamma XXL&quot;, zidni - Medicpro\" \/>\n<meta property=\"og:description\" content=\"Zidni model tlakomjera na pero &#8220;Gamma XXL&#8221;. Robusna polikarbonatna konstrukcija modernog dizajna otporna na te\u0161ke uvjete i \u010destu upotrebu. Velika\" \/>\n<meta property=\"og:url\" content=\"https:\/\/medicpro.hr\/veleprodaja\/proizvod\/tlakomjer-na-pero-gamma-xxl-zidni\/\" \/>\n<meta property=\"og:site_name\" content=\"Medicpro\" \/>\n<meta property=\"article:modified_time\" content=\"2025-09-12T09:02:33+00:00\" \/>\n<meta property=\"og:image\" content=\"https:\/\/medicpro.hr\/veleprodaja\/wp-content\/uploads\/2025\/06\/products-5259-1-3.jpg\" \/>\n\t<meta property=\"og:image:width\" content=\"516\" \/>\n\t<meta property=\"og:image:height\" content=\"579\" \/>\n\t<meta property=\"og:image:type\" content=\"image\/jpeg\" \/>\n<meta name=\"twitter:card\" content=\"summary_large_image\" \/>\n<script type=\"application\/ld+json\" class=\"yoast-schema-graph\">{\"@context\":\"https:\\\/\\\/schema.org\",\"@graph\":[{\"@type\":\"WebPage\",\"@id\":\"https:\\\/\\\/medicpro.hr\\\/veleprodaja\\\/proizvod\\\/tlakomjer-na-pero-gamma-xxl-zidni\\\/\",\"url\":\"https:\\\/\\\/medicpro.hr\\\/veleprodaja\\\/proizvod\\\/tlakomjer-na-pero-gamma-xxl-zidni\\\/\",\"name\":\"TLAKOMJER na pero \\\"Gamma XXL\\\", zidni - Medicpro\",\"isPartOf\":{\"@id\":\"https:\\\/\\\/medicpro.hr\\\/veleprodaja\\\/#website\"},\"primaryImageOfPage\":{\"@id\":\"https:\\\/\\\/medicpro.hr\\\/veleprodaja\\\/proizvod\\\/tlakomjer-na-pero-gamma-xxl-zidni\\\/#primaryimage\"},\"image\":{\"@id\":\"https:\\\/\\\/medicpro.hr\\\/veleprodaja\\\/proizvod\\\/tlakomjer-na-pero-gamma-xxl-zidni\\\/#primaryimage\"},\"thumbnailUrl\":\"https:\\\/\\\/medicpro.hr\\\/veleprodaja\\\/wp-content\\\/uploads\\\/2025\\\/06\\\/products-5259-1-3.jpg\",\"datePublished\":\"2025-09-01T00:57:24+00:00\",\"dateModified\":\"2025-09-12T09:02:33+00:00\",\"breadcrumb\":{\"@id\":\"https:\\\/\\\/medicpro.hr\\\/veleprodaja\\\/proizvod\\\/tlakomjer-na-pero-gamma-xxl-zidni\\\/#breadcrumb\"},\"inLanguage\":\"hr\",\"potentialAction\":[{\"@type\":\"ReadAction\",\"target\":[\"https:\\\/\\\/medicpro.hr\\\/veleprodaja\\\/proizvod\\\/tlakomjer-na-pero-gamma-xxl-zidni\\\/\"]}]},{\"@type\":\"ImageObject\",\"inLanguage\":\"hr\",\"@id\":\"https:\\\/\\\/medicpro.hr\\\/veleprodaja\\\/proizvod\\\/tlakomjer-na-pero-gamma-xxl-zidni\\\/#primaryimage\",\"url\":\"https:\\\/\\\/medicpro.hr\\\/veleprodaja\\\/wp-content\\\/uploads\\\/2025\\\/06\\\/products-5259-1-3.jpg\",\"contentUrl\":\"https:\\\/\\\/medicpro.hr\\\/veleprodaja\\\/wp-content\\\/uploads\\\/2025\\\/06\\\/products-5259-1-3.jpg\",\"width\":516,\"height\":579},{\"@type\":\"BreadcrumbList\",\"@id\":\"https:\\\/\\\/medicpro.hr\\\/veleprodaja\\\/proizvod\\\/tlakomjer-na-pero-gamma-xxl-zidni\\\/#breadcrumb\",\"itemListElement\":[{\"@type\":\"ListItem\",\"position\":1,\"name\":\"Po\u010detna stranica\",\"item\":\"https:\\\/\\\/medicpro.hr\\\/veleprodaja\\\/\"},{\"@type\":\"ListItem\",\"position\":2,\"name\":\"Veleprodaja\",\"item\":\"https:\\\/\\\/medicpro.hr\\\/veleprodaja\\\/trgovina\\\/\"},{\"@type\":\"ListItem\",\"position\":3,\"name\":\"TLAKOMJER na pero &#8220;Gamma XXL&#8221;, zidni\"}]},{\"@type\":\"WebSite\",\"@id\":\"https:\\\/\\\/medicpro.hr\\\/veleprodaja\\\/#website\",\"url\":\"https:\\\/\\\/medicpro.hr\\\/veleprodaja\\\/\",\"name\":\"Medicpro.hr\",\"description\":\"Medicinski potro\u0161ni materijal i oprema\",\"publisher\":{\"@id\":\"https:\\\/\\\/medicpro.hr\\\/veleprodaja\\\/#organization\"},\"potentialAction\":[{\"@type\":\"SearchAction\",\"target\":{\"@type\":\"EntryPoint\",\"urlTemplate\":\"https:\\\/\\\/medicpro.hr\\\/veleprodaja\\\/?s={search_term_string}\"},\"query-input\":{\"@type\":\"PropertyValueSpecification\",\"valueRequired\":true,\"valueName\":\"search_term_string\"}}],\"inLanguage\":\"hr\"},{\"@type\":\"Organization\",\"@id\":\"https:\\\/\\\/medicpro.hr\\\/veleprodaja\\\/#organization\",\"name\":\"Medicpro d.o.o.\",\"url\":\"https:\\\/\\\/medicpro.hr\\\/veleprodaja\\\/\",\"logo\":{\"@type\":\"ImageObject\",\"inLanguage\":\"hr\",\"@id\":\"https:\\\/\\\/medicpro.hr\\\/veleprodaja\\\/#\\\/schema\\\/logo\\\/image\\\/\",\"url\":\"https:\\\/\\\/medicpro.hr\\\/veleprodaja\\\/wp-content\\\/uploads\\\/2025\\\/05\\\/medicpro_logo.svg\",\"contentUrl\":\"https:\\\/\\\/medicpro.hr\\\/veleprodaja\\\/wp-content\\\/uploads\\\/2025\\\/05\\\/medicpro_logo.svg\",\"width\":226,\"height\":42,\"caption\":\"Medicpro d.o.o.\"},\"image\":{\"@id\":\"https:\\\/\\\/medicpro.hr\\\/veleprodaja\\\/#\\\/schema\\\/logo\\\/image\\\/\"}}]}<\/script>\n<!-- \/ Yoast SEO plugin. -->","yoast_head_json":{"title":"TLAKOMJER na pero \"Gamma XXL\", zidni - Medicpro","robots":{"index":"index","follow":"follow","max-snippet":"max-snippet:-1","max-image-preview":"max-image-preview:large","max-video-preview":"max-video-preview:-1"},"canonical":"https:\/\/medicpro.hr\/veleprodaja\/proizvod\/tlakomjer-na-pero-gamma-xxl-zidni\/","og_locale":"hr_HR","og_type":"article","og_title":"TLAKOMJER na pero \"Gamma XXL\", zidni - Medicpro","og_description":"Zidni model tlakomjera na pero &#8220;Gamma XXL&#8221;. Robusna polikarbonatna konstrukcija modernog dizajna otporna na te\u0161ke uvjete i \u010destu upotrebu. Velika","og_url":"https:\/\/medicpro.hr\/veleprodaja\/proizvod\/tlakomjer-na-pero-gamma-xxl-zidni\/","og_site_name":"Medicpro","article_modified_time":"2025-09-12T09:02:33+00:00","og_image":[{"width":516,"height":579,"url":"https:\/\/medicpro.hr\/veleprodaja\/wp-content\/uploads\/2025\/06\/products-5259-1-3.jpg","type":"image\/jpeg"}],"twitter_card":"summary_large_image","schema":{"@context":"https:\/\/schema.org","@graph":[{"@type":"WebPage","@id":"https:\/\/medicpro.hr\/veleprodaja\/proizvod\/tlakomjer-na-pero-gamma-xxl-zidni\/","url":"https:\/\/medicpro.hr\/veleprodaja\/proizvod\/tlakomjer-na-pero-gamma-xxl-zidni\/","name":"TLAKOMJER na pero \"Gamma XXL\", zidni - Medicpro","isPartOf":{"@id":"https:\/\/medicpro.hr\/veleprodaja\/#website"},"primaryImageOfPage":{"@id":"https:\/\/medicpro.hr\/veleprodaja\/proizvod\/tlakomjer-na-pero-gamma-xxl-zidni\/#primaryimage"},"image":{"@id":"https:\/\/medicpro.hr\/veleprodaja\/proizvod\/tlakomjer-na-pero-gamma-xxl-zidni\/#primaryimage"},"thumbnailUrl":"https:\/\/medicpro.hr\/veleprodaja\/wp-content\/uploads\/2025\/06\/products-5259-1-3.jpg","datePublished":"2025-09-01T00:57:24+00:00","dateModified":"2025-09-12T09:02:33+00:00","breadcrumb":{"@id":"https:\/\/medicpro.hr\/veleprodaja\/proizvod\/tlakomjer-na-pero-gamma-xxl-zidni\/#breadcrumb"},"inLanguage":"hr","potentialAction":[{"@type":"ReadAction","target":["https:\/\/medicpro.hr\/veleprodaja\/proizvod\/tlakomjer-na-pero-gamma-xxl-zidni\/"]}]},{"@type":"ImageObject","inLanguage":"hr","@id":"https:\/\/medicpro.hr\/veleprodaja\/proizvod\/tlakomjer-na-pero-gamma-xxl-zidni\/#primaryimage","url":"https:\/\/medicpro.hr\/veleprodaja\/wp-content\/uploads\/2025\/06\/products-5259-1-3.jpg","contentUrl":"https:\/\/medicpro.hr\/veleprodaja\/wp-content\/uploads\/2025\/06\/products-5259-1-3.jpg","width":516,"height":579},{"@type":"BreadcrumbList","@id":"https:\/\/medicpro.hr\/veleprodaja\/proizvod\/tlakomjer-na-pero-gamma-xxl-zidni\/#breadcrumb","itemListElement":[{"@type":"ListItem","position":1,"name":"Po\u010detna stranica","item":"https:\/\/medicpro.hr\/veleprodaja\/"},{"@type":"ListItem","position":2,"name":"Veleprodaja","item":"https:\/\/medicpro.hr\/veleprodaja\/trgovina\/"},{"@type":"ListItem","position":3,"name":"TLAKOMJER na pero &#8220;Gamma XXL&#8221;, zidni"}]},{"@type":"WebSite","@id":"https:\/\/medicpro.hr\/veleprodaja\/#website","url":"https:\/\/medicpro.hr\/veleprodaja\/","name":"Medicpro.hr","description":"Medicinski potro\u0161ni materijal i oprema","publisher":{"@id":"https:\/\/medicpro.hr\/veleprodaja\/#organization"},"potentialAction":[{"@type":"SearchAction","target":{"@type":"EntryPoint","urlTemplate":"https:\/\/medicpro.hr\/veleprodaja\/?s={search_term_string}"},"query-input":{"@type":"PropertyValueSpecification","valueRequired":true,"valueName":"search_term_string"}}],"inLanguage":"hr"},{"@type":"Organization","@id":"https:\/\/medicpro.hr\/veleprodaja\/#organization","name":"Medicpro d.o.o.","url":"https:\/\/medicpro.hr\/veleprodaja\/","logo":{"@type":"ImageObject","inLanguage":"hr","@id":"https:\/\/medicpro.hr\/veleprodaja\/#\/schema\/logo\/image\/","url":"https:\/\/medicpro.hr\/veleprodaja\/wp-content\/uploads\/2025\/05\/medicpro_logo.svg","contentUrl":"https:\/\/medicpro.hr\/veleprodaja\/wp-content\/uploads\/2025\/05\/medicpro_logo.svg","width":226,"height":42,"caption":"Medicpro d.o.o."},"image":{"@id":"https:\/\/medicpro.hr\/veleprodaja\/#\/schema\/logo\/image\/"}}]}},"_links":{"self":[{"href":"https:\/\/medicpro.hr\/veleprodaja\/wp-json\/wp\/v2\/product\/59638","targetHints":{"allow":["GET"]}}],"collection":[{"href":"https:\/\/medicpro.hr\/veleprodaja\/wp-json\/wp\/v2\/product"}],"about":[{"href":"https:\/\/medicpro.hr\/veleprodaja\/wp-json\/wp\/v2\/types\/product"}],"replies":[{"embeddable":true,"href":"https:\/\/medicpro.hr\/veleprodaja\/wp-json\/wp\/v2\/comments?post=59638"}],"wp:featuredmedia":[{"embeddable":true,"href":"https:\/\/medicpro.hr\/veleprodaja\/wp-json\/wp\/v2\/media\/49283"}],"wp:attachment":[{"href":"https:\/\/medicpro.hr\/veleprodaja\/wp-json\/wp\/v2\/media?parent=59638"}],"wp:term":[{"taxonomy":"product_brand","embeddable":true,"href":"https:\/\/medicpro.hr\/veleprodaja\/wp-json\/wp\/v2\/product_brand?post=59638"},{"taxonomy":"product_cat","embeddable":true,"href":"https:\/\/medicpro.hr\/veleprodaja\/wp-json\/wp\/v2\/product_cat?post=59638"},{"taxonomy":"product_tag","embeddable":true,"href":"https:\/\/medicpro.hr\/veleprodaja\/wp-json\/wp\/v2\/product_tag?post=59638"}],"curies":[{"name":"wp","href":"https:\/\/api.w.org\/{rel}","templated":true}]}}