{"id":59616,"date":"2025-09-01T02:57:19","date_gmt":"2025-09-01T00:57:19","guid":{"rendered":"https:\/\/zdesmedicpro-velepro.kuhada.net\/?post_type=product&#038;p=59616"},"modified":"2026-01-12T12:44:23","modified_gmt":"2026-01-12T11:44:23","slug":"vaga-seca-877-podna-digitalna-umjerena-do-200-kg-klasa-iii","status":"publish","type":"product","link":"https:\/\/medicpro.hr\/veleprodaja\/proizvod\/vaga-seca-877-podna-digitalna-umjerena-do-200-kg-klasa-iii\/","title":{"rendered":"VAGA SECA 877 PODNA, DIGITALNA, UMJERENA, do 200 kg, klasa III"},"content":{"rendered":"<ul>\n<li><strong>Kompaktna medicinska vaga digitalna podna seca 877<\/strong> te\u017ei samo 4.2 kg.<\/li>\n<li>Vaga je veoma stabilna zahvaljuju\u0107i niveliraju\u0107im nogicama.<\/li>\n<li>Prikladna za pacijente te\u017eine do 200 kg.<\/li>\n<li>Preciznost mjerenja: do 150 kg \u2013 100 g, od 150 do 200 kg \u2013 200 g.<\/li>\n<li>Dimenzije: 36 \u00d7 32 cm, visina 6 cm.<\/li>\n<li>Automatsko paljenje pritiskom, automatsko ga\u0161enje.<\/li>\n<li>Napajanje: 6 AA alkalnih baterija, do 10.000 mjerenja.<\/li>\n<li><strong>Vaga se isporu\u010duje s valjanom ovjernom markicom.<\/strong><\/li>\n<\/ul>\n","protected":false},"excerpt":{"rendered":"<p>Kompaktna medicinska vaga digitalna podna seca 877 te\u017ei samo 4.2 kg. Vaga je veoma stabilna zahvaljuju\u0107i niveliraju\u0107im nogicama. Prikladna za<\/p>\n","protected":false},"featured_media":49258,"comment_status":"open","ping_status":"closed","template":"","meta":[],"product_brand":[],"product_cat":[702,711],"product_tag":[],"class_list":{"0":"post-59616","1":"product","2":"type-product","3":"status-publish","4":"has-post-thumbnail","6":"product_cat-dijagnostika","7":"product_cat-medicinske-vage","9":"first","10":"onbackorder","11":"taxable","12":"shipping-taxable","13":"purchasable","14":"product-type-simple"},"acf":[],"yoast_head":"<!-- This site is optimized with the Yoast SEO plugin v27.3 - https:\/\/yoast.com\/product\/yoast-seo-wordpress\/ -->\n<title>VAGA SECA 877 PODNA, DIGITALNA, UMJERENA, do 200 kg, klasa III - Medicpro<\/title>\n<meta name=\"robots\" content=\"index, follow, max-snippet:-1, max-image-preview:large, max-video-preview:-1\" \/>\n<link rel=\"canonical\" href=\"https:\/\/medicpro.hr\/veleprodaja\/proizvod\/vaga-seca-877-podna-digitalna-umjerena-do-200-kg-klasa-iii\/\" \/>\n<meta property=\"og:locale\" content=\"hr_HR\" \/>\n<meta property=\"og:type\" content=\"article\" \/>\n<meta property=\"og:title\" content=\"VAGA SECA 877 PODNA, DIGITALNA, UMJERENA, do 200 kg, klasa III - Medicpro\" \/>\n<meta property=\"og:description\" content=\"Kompaktna medicinska vaga digitalna podna seca 877 te\u017ei samo 4.2 kg. Vaga je veoma stabilna zahvaljuju\u0107i niveliraju\u0107im nogicama. Prikladna za\" \/>\n<meta property=\"og:url\" content=\"https:\/\/medicpro.hr\/veleprodaja\/proizvod\/vaga-seca-877-podna-digitalna-umjerena-do-200-kg-klasa-iii\/\" \/>\n<meta property=\"og:site_name\" content=\"Medicpro\" \/>\n<meta property=\"article:modified_time\" content=\"2026-01-12T11:44:23+00:00\" \/>\n<meta property=\"og:image\" content=\"https:\/\/medicpro.hr\/veleprodaja\/wp-content\/uploads\/2025\/06\/products-4233-1-3.jpg\" \/>\n\t<meta property=\"og:image:width\" content=\"400\" \/>\n\t<meta property=\"og:image:height\" content=\"400\" \/>\n\t<meta property=\"og:image:type\" content=\"image\/jpeg\" \/>\n<meta name=\"twitter:card\" content=\"summary_large_image\" \/>\n<script type=\"application\/ld+json\" class=\"yoast-schema-graph\">{\"@context\":\"https:\\\/\\\/schema.org\",\"@graph\":[{\"@type\":\"WebPage\",\"@id\":\"https:\\\/\\\/medicpro.hr\\\/veleprodaja\\\/proizvod\\\/vaga-seca-877-podna-digitalna-umjerena-do-200-kg-klasa-iii\\\/\",\"url\":\"https:\\\/\\\/medicpro.hr\\\/veleprodaja\\\/proizvod\\\/vaga-seca-877-podna-digitalna-umjerena-do-200-kg-klasa-iii\\\/\",\"name\":\"VAGA SECA 877 PODNA, DIGITALNA, UMJERENA, do 200 kg, klasa III - Medicpro\",\"isPartOf\":{\"@id\":\"https:\\\/\\\/medicpro.hr\\\/veleprodaja\\\/#website\"},\"primaryImageOfPage\":{\"@id\":\"https:\\\/\\\/medicpro.hr\\\/veleprodaja\\\/proizvod\\\/vaga-seca-877-podna-digitalna-umjerena-do-200-kg-klasa-iii\\\/#primaryimage\"},\"image\":{\"@id\":\"https:\\\/\\\/medicpro.hr\\\/veleprodaja\\\/proizvod\\\/vaga-seca-877-podna-digitalna-umjerena-do-200-kg-klasa-iii\\\/#primaryimage\"},\"thumbnailUrl\":\"https:\\\/\\\/medicpro.hr\\\/veleprodaja\\\/wp-content\\\/uploads\\\/2025\\\/06\\\/products-4233-1-3.jpg\",\"datePublished\":\"2025-09-01T00:57:19+00:00\",\"dateModified\":\"2026-01-12T11:44:23+00:00\",\"breadcrumb\":{\"@id\":\"https:\\\/\\\/medicpro.hr\\\/veleprodaja\\\/proizvod\\\/vaga-seca-877-podna-digitalna-umjerena-do-200-kg-klasa-iii\\\/#breadcrumb\"},\"inLanguage\":\"hr\",\"potentialAction\":[{\"@type\":\"ReadAction\",\"target\":[\"https:\\\/\\\/medicpro.hr\\\/veleprodaja\\\/proizvod\\\/vaga-seca-877-podna-digitalna-umjerena-do-200-kg-klasa-iii\\\/\"]}]},{\"@type\":\"ImageObject\",\"inLanguage\":\"hr\",\"@id\":\"https:\\\/\\\/medicpro.hr\\\/veleprodaja\\\/proizvod\\\/vaga-seca-877-podna-digitalna-umjerena-do-200-kg-klasa-iii\\\/#primaryimage\",\"url\":\"https:\\\/\\\/medicpro.hr\\\/veleprodaja\\\/wp-content\\\/uploads\\\/2025\\\/06\\\/products-4233-1-3.jpg\",\"contentUrl\":\"https:\\\/\\\/medicpro.hr\\\/veleprodaja\\\/wp-content\\\/uploads\\\/2025\\\/06\\\/products-4233-1-3.jpg\",\"width\":400,\"height\":400},{\"@type\":\"BreadcrumbList\",\"@id\":\"https:\\\/\\\/medicpro.hr\\\/veleprodaja\\\/proizvod\\\/vaga-seca-877-podna-digitalna-umjerena-do-200-kg-klasa-iii\\\/#breadcrumb\",\"itemListElement\":[{\"@type\":\"ListItem\",\"position\":1,\"name\":\"Po\u010detna stranica\",\"item\":\"https:\\\/\\\/medicpro.hr\\\/veleprodaja\\\/\"},{\"@type\":\"ListItem\",\"position\":2,\"name\":\"Veleprodaja\",\"item\":\"https:\\\/\\\/medicpro.hr\\\/veleprodaja\\\/trgovina\\\/\"},{\"@type\":\"ListItem\",\"position\":3,\"name\":\"VAGA SECA 877 PODNA, DIGITALNA, UMJERENA, do 200 kg, klasa III\"}]},{\"@type\":\"WebSite\",\"@id\":\"https:\\\/\\\/medicpro.hr\\\/veleprodaja\\\/#website\",\"url\":\"https:\\\/\\\/medicpro.hr\\\/veleprodaja\\\/\",\"name\":\"Medicpro.hr\",\"description\":\"Medicinski potro\u0161ni materijal i oprema\",\"publisher\":{\"@id\":\"https:\\\/\\\/medicpro.hr\\\/veleprodaja\\\/#organization\"},\"potentialAction\":[{\"@type\":\"SearchAction\",\"target\":{\"@type\":\"EntryPoint\",\"urlTemplate\":\"https:\\\/\\\/medicpro.hr\\\/veleprodaja\\\/?s={search_term_string}\"},\"query-input\":{\"@type\":\"PropertyValueSpecification\",\"valueRequired\":true,\"valueName\":\"search_term_string\"}}],\"inLanguage\":\"hr\"},{\"@type\":\"Organization\",\"@id\":\"https:\\\/\\\/medicpro.hr\\\/veleprodaja\\\/#organization\",\"name\":\"Medicpro d.o.o.\",\"url\":\"https:\\\/\\\/medicpro.hr\\\/veleprodaja\\\/\",\"logo\":{\"@type\":\"ImageObject\",\"inLanguage\":\"hr\",\"@id\":\"https:\\\/\\\/medicpro.hr\\\/veleprodaja\\\/#\\\/schema\\\/logo\\\/image\\\/\",\"url\":\"https:\\\/\\\/medicpro.hr\\\/veleprodaja\\\/wp-content\\\/uploads\\\/2025\\\/05\\\/medicpro_logo.svg\",\"contentUrl\":\"https:\\\/\\\/medicpro.hr\\\/veleprodaja\\\/wp-content\\\/uploads\\\/2025\\\/05\\\/medicpro_logo.svg\",\"width\":226,\"height\":42,\"caption\":\"Medicpro d.o.o.\"},\"image\":{\"@id\":\"https:\\\/\\\/medicpro.hr\\\/veleprodaja\\\/#\\\/schema\\\/logo\\\/image\\\/\"}}]}<\/script>\n<!-- \/ Yoast SEO plugin. -->","yoast_head_json":{"title":"VAGA SECA 877 PODNA, DIGITALNA, UMJERENA, do 200 kg, klasa III - Medicpro","robots":{"index":"index","follow":"follow","max-snippet":"max-snippet:-1","max-image-preview":"max-image-preview:large","max-video-preview":"max-video-preview:-1"},"canonical":"https:\/\/medicpro.hr\/veleprodaja\/proizvod\/vaga-seca-877-podna-digitalna-umjerena-do-200-kg-klasa-iii\/","og_locale":"hr_HR","og_type":"article","og_title":"VAGA SECA 877 PODNA, DIGITALNA, UMJERENA, do 200 kg, klasa III - Medicpro","og_description":"Kompaktna medicinska vaga digitalna podna seca 877 te\u017ei samo 4.2 kg. Vaga je veoma stabilna zahvaljuju\u0107i niveliraju\u0107im nogicama. Prikladna za","og_url":"https:\/\/medicpro.hr\/veleprodaja\/proizvod\/vaga-seca-877-podna-digitalna-umjerena-do-200-kg-klasa-iii\/","og_site_name":"Medicpro","article_modified_time":"2026-01-12T11:44:23+00:00","og_image":[{"width":400,"height":400,"url":"https:\/\/medicpro.hr\/veleprodaja\/wp-content\/uploads\/2025\/06\/products-4233-1-3.jpg","type":"image\/jpeg"}],"twitter_card":"summary_large_image","schema":{"@context":"https:\/\/schema.org","@graph":[{"@type":"WebPage","@id":"https:\/\/medicpro.hr\/veleprodaja\/proizvod\/vaga-seca-877-podna-digitalna-umjerena-do-200-kg-klasa-iii\/","url":"https:\/\/medicpro.hr\/veleprodaja\/proizvod\/vaga-seca-877-podna-digitalna-umjerena-do-200-kg-klasa-iii\/","name":"VAGA SECA 877 PODNA, DIGITALNA, UMJERENA, do 200 kg, klasa III - Medicpro","isPartOf":{"@id":"https:\/\/medicpro.hr\/veleprodaja\/#website"},"primaryImageOfPage":{"@id":"https:\/\/medicpro.hr\/veleprodaja\/proizvod\/vaga-seca-877-podna-digitalna-umjerena-do-200-kg-klasa-iii\/#primaryimage"},"image":{"@id":"https:\/\/medicpro.hr\/veleprodaja\/proizvod\/vaga-seca-877-podna-digitalna-umjerena-do-200-kg-klasa-iii\/#primaryimage"},"thumbnailUrl":"https:\/\/medicpro.hr\/veleprodaja\/wp-content\/uploads\/2025\/06\/products-4233-1-3.jpg","datePublished":"2025-09-01T00:57:19+00:00","dateModified":"2026-01-12T11:44:23+00:00","breadcrumb":{"@id":"https:\/\/medicpro.hr\/veleprodaja\/proizvod\/vaga-seca-877-podna-digitalna-umjerena-do-200-kg-klasa-iii\/#breadcrumb"},"inLanguage":"hr","potentialAction":[{"@type":"ReadAction","target":["https:\/\/medicpro.hr\/veleprodaja\/proizvod\/vaga-seca-877-podna-digitalna-umjerena-do-200-kg-klasa-iii\/"]}]},{"@type":"ImageObject","inLanguage":"hr","@id":"https:\/\/medicpro.hr\/veleprodaja\/proizvod\/vaga-seca-877-podna-digitalna-umjerena-do-200-kg-klasa-iii\/#primaryimage","url":"https:\/\/medicpro.hr\/veleprodaja\/wp-content\/uploads\/2025\/06\/products-4233-1-3.jpg","contentUrl":"https:\/\/medicpro.hr\/veleprodaja\/wp-content\/uploads\/2025\/06\/products-4233-1-3.jpg","width":400,"height":400},{"@type":"BreadcrumbList","@id":"https:\/\/medicpro.hr\/veleprodaja\/proizvod\/vaga-seca-877-podna-digitalna-umjerena-do-200-kg-klasa-iii\/#breadcrumb","itemListElement":[{"@type":"ListItem","position":1,"name":"Po\u010detna stranica","item":"https:\/\/medicpro.hr\/veleprodaja\/"},{"@type":"ListItem","position":2,"name":"Veleprodaja","item":"https:\/\/medicpro.hr\/veleprodaja\/trgovina\/"},{"@type":"ListItem","position":3,"name":"VAGA SECA 877 PODNA, DIGITALNA, UMJERENA, do 200 kg, klasa III"}]},{"@type":"WebSite","@id":"https:\/\/medicpro.hr\/veleprodaja\/#website","url":"https:\/\/medicpro.hr\/veleprodaja\/","name":"Medicpro.hr","description":"Medicinski potro\u0161ni materijal i oprema","publisher":{"@id":"https:\/\/medicpro.hr\/veleprodaja\/#organization"},"potentialAction":[{"@type":"SearchAction","target":{"@type":"EntryPoint","urlTemplate":"https:\/\/medicpro.hr\/veleprodaja\/?s={search_term_string}"},"query-input":{"@type":"PropertyValueSpecification","valueRequired":true,"valueName":"search_term_string"}}],"inLanguage":"hr"},{"@type":"Organization","@id":"https:\/\/medicpro.hr\/veleprodaja\/#organization","name":"Medicpro d.o.o.","url":"https:\/\/medicpro.hr\/veleprodaja\/","logo":{"@type":"ImageObject","inLanguage":"hr","@id":"https:\/\/medicpro.hr\/veleprodaja\/#\/schema\/logo\/image\/","url":"https:\/\/medicpro.hr\/veleprodaja\/wp-content\/uploads\/2025\/05\/medicpro_logo.svg","contentUrl":"https:\/\/medicpro.hr\/veleprodaja\/wp-content\/uploads\/2025\/05\/medicpro_logo.svg","width":226,"height":42,"caption":"Medicpro d.o.o."},"image":{"@id":"https:\/\/medicpro.hr\/veleprodaja\/#\/schema\/logo\/image\/"}}]}},"_links":{"self":[{"href":"https:\/\/medicpro.hr\/veleprodaja\/wp-json\/wp\/v2\/product\/59616","targetHints":{"allow":["GET"]}}],"collection":[{"href":"https:\/\/medicpro.hr\/veleprodaja\/wp-json\/wp\/v2\/product"}],"about":[{"href":"https:\/\/medicpro.hr\/veleprodaja\/wp-json\/wp\/v2\/types\/product"}],"replies":[{"embeddable":true,"href":"https:\/\/medicpro.hr\/veleprodaja\/wp-json\/wp\/v2\/comments?post=59616"}],"wp:featuredmedia":[{"embeddable":true,"href":"https:\/\/medicpro.hr\/veleprodaja\/wp-json\/wp\/v2\/media\/49258"}],"wp:attachment":[{"href":"https:\/\/medicpro.hr\/veleprodaja\/wp-json\/wp\/v2\/media?parent=59616"}],"wp:term":[{"taxonomy":"product_brand","embeddable":true,"href":"https:\/\/medicpro.hr\/veleprodaja\/wp-json\/wp\/v2\/product_brand?post=59616"},{"taxonomy":"product_cat","embeddable":true,"href":"https:\/\/medicpro.hr\/veleprodaja\/wp-json\/wp\/v2\/product_cat?post=59616"},{"taxonomy":"product_tag","embeddable":true,"href":"https:\/\/medicpro.hr\/veleprodaja\/wp-json\/wp\/v2\/product_tag?post=59616"}],"curies":[{"name":"wp","href":"https:\/\/api.w.org\/{rel}","templated":true}]}}