{"id":59553,"date":"2025-09-01T02:57:11","date_gmt":"2025-09-01T00:57:11","guid":{"rendered":"https:\/\/zdesmedicpro-velepro.kuhada.net\/?post_type=product&#038;p=59553"},"modified":"2026-04-14T09:30:05","modified_gmt":"2026-04-14T07:30:05","slug":"skarice-iris-precizne-zakrivljene-11cm-g","status":"publish","type":"product","link":"https:\/\/medicpro.hr\/veleprodaja\/proizvod\/skarice-iris-precizne-zakrivljene-11cm-g\/","title":{"rendered":"\u0160KARICE IRIS PRECIZNE, ZAKRIVLJENE, 11cm, G"},"content":{"rendered":"<ul>\n<li><strong>Vi\u0161enamjenske \u0161karice izra\u0111ene od nehr\u0111aju\u0107eg \u010delika.<\/strong><\/li>\n<li>\n<div class=\"bx-messenger-content-item bx-messenger-content-item-id-47435 bx-messenger-content-item-2\" data-type=\"other\" data-senderid=\"43\" data-messagedate=\"Thu May 19 2022 15:07:20 GMT+0200 (Central European Summer Time)\" data-messageid=\"47435\" data-blockmessageid=\"47435\"><span class=\"bx-messenger-content-item-content\"><span class=\"bx-messenger-content-item-text-center\"><span class=\"bx-messenger-content-item-text-message\"><span class=\"bx-messenger-content-item-text-wrap \"><span id=\"im-message-47435\" class=\"bx-messenger-message\">Naj\u010de\u0161\u0107e se koriste u oftalmologiji prilikom zahvata, no korisne su i u raznim drugim namjenama.<\/span><\/span><\/span><\/span><\/span><\/div>\n<\/li>\n<li>O\u0161trice \u0161karica su <strong>zakrivljenog oblika.<br \/>\n<\/strong><\/li>\n<li>Duljina: 11 cm.<\/li>\n<\/ul>\n","protected":false},"excerpt":{"rendered":"<p>Vi\u0161enamjenske \u0161karice izra\u0111ene od nehr\u0111aju\u0107eg \u010delika. Naj\u010de\u0161\u0107e se koriste u oftalmologiji prilikom zahvata, no korisne su i u raznim drugim<\/p>\n","protected":false},"featured_media":49085,"comment_status":"open","ping_status":"closed","template":"","meta":[],"product_brand":[],"product_cat":[732,761,800],"product_tag":[],"class_list":{"0":"post-59553","1":"product","2":"type-product","3":"status-publish","4":"has-post-thumbnail","6":"product_cat-instrumenti-i-oprema","7":"product_cat-kirurski-instrumenti","8":"product_cat-skare","10":"first","11":"onbackorder","12":"taxable","13":"shipping-taxable","14":"purchasable","15":"product-type-simple"},"acf":[],"yoast_head":"<!-- This site is optimized with the Yoast SEO plugin v27.3 - https:\/\/yoast.com\/product\/yoast-seo-wordpress\/ -->\n<title>\u0160KARICE IRIS PRECIZNE, ZAKRIVLJENE, 11cm, G - Medicpro<\/title>\n<meta name=\"robots\" content=\"index, follow, max-snippet:-1, max-image-preview:large, max-video-preview:-1\" \/>\n<link rel=\"canonical\" href=\"https:\/\/medicpro.hr\/veleprodaja\/proizvod\/skarice-iris-precizne-zakrivljene-11cm-g\/\" \/>\n<meta property=\"og:locale\" content=\"hr_HR\" \/>\n<meta property=\"og:type\" content=\"article\" \/>\n<meta property=\"og:title\" content=\"\u0160KARICE IRIS PRECIZNE, ZAKRIVLJENE, 11cm, G - Medicpro\" \/>\n<meta property=\"og:description\" content=\"Vi\u0161enamjenske \u0161karice izra\u0111ene od nehr\u0111aju\u0107eg \u010delika. Naj\u010de\u0161\u0107e se koriste u oftalmologiji prilikom zahvata, no korisne su i u raznim drugim\" \/>\n<meta property=\"og:url\" content=\"https:\/\/medicpro.hr\/veleprodaja\/proizvod\/skarice-iris-precizne-zakrivljene-11cm-g\/\" \/>\n<meta property=\"og:site_name\" content=\"Medicpro\" \/>\n<meta property=\"article:modified_time\" content=\"2026-04-14T07:30:05+00:00\" \/>\n<meta property=\"og:image\" content=\"https:\/\/medicpro.hr\/veleprodaja\/wp-content\/uploads\/2025\/06\/precizne-iris-skarice-zakrivljene-11-cm-3.jpg\" \/>\n\t<meta property=\"og:image:width\" content=\"800\" \/>\n\t<meta property=\"og:image:height\" content=\"600\" \/>\n\t<meta property=\"og:image:type\" content=\"image\/jpeg\" \/>\n<meta name=\"twitter:card\" content=\"summary_large_image\" \/>\n<script type=\"application\/ld+json\" class=\"yoast-schema-graph\">{\"@context\":\"https:\\\/\\\/schema.org\",\"@graph\":[{\"@type\":\"WebPage\",\"@id\":\"https:\\\/\\\/medicpro.hr\\\/veleprodaja\\\/proizvod\\\/skarice-iris-precizne-zakrivljene-11cm-g\\\/\",\"url\":\"https:\\\/\\\/medicpro.hr\\\/veleprodaja\\\/proizvod\\\/skarice-iris-precizne-zakrivljene-11cm-g\\\/\",\"name\":\"\u0160KARICE IRIS PRECIZNE, ZAKRIVLJENE, 11cm, G - Medicpro\",\"isPartOf\":{\"@id\":\"https:\\\/\\\/medicpro.hr\\\/veleprodaja\\\/#website\"},\"primaryImageOfPage\":{\"@id\":\"https:\\\/\\\/medicpro.hr\\\/veleprodaja\\\/proizvod\\\/skarice-iris-precizne-zakrivljene-11cm-g\\\/#primaryimage\"},\"image\":{\"@id\":\"https:\\\/\\\/medicpro.hr\\\/veleprodaja\\\/proizvod\\\/skarice-iris-precizne-zakrivljene-11cm-g\\\/#primaryimage\"},\"thumbnailUrl\":\"https:\\\/\\\/medicpro.hr\\\/veleprodaja\\\/wp-content\\\/uploads\\\/2025\\\/06\\\/precizne-iris-skarice-zakrivljene-11-cm-3.jpg\",\"datePublished\":\"2025-09-01T00:57:11+00:00\",\"dateModified\":\"2026-04-14T07:30:05+00:00\",\"breadcrumb\":{\"@id\":\"https:\\\/\\\/medicpro.hr\\\/veleprodaja\\\/proizvod\\\/skarice-iris-precizne-zakrivljene-11cm-g\\\/#breadcrumb\"},\"inLanguage\":\"hr\",\"potentialAction\":[{\"@type\":\"ReadAction\",\"target\":[\"https:\\\/\\\/medicpro.hr\\\/veleprodaja\\\/proizvod\\\/skarice-iris-precizne-zakrivljene-11cm-g\\\/\"]}]},{\"@type\":\"ImageObject\",\"inLanguage\":\"hr\",\"@id\":\"https:\\\/\\\/medicpro.hr\\\/veleprodaja\\\/proizvod\\\/skarice-iris-precizne-zakrivljene-11cm-g\\\/#primaryimage\",\"url\":\"https:\\\/\\\/medicpro.hr\\\/veleprodaja\\\/wp-content\\\/uploads\\\/2025\\\/06\\\/precizne-iris-skarice-zakrivljene-11-cm-3.jpg\",\"contentUrl\":\"https:\\\/\\\/medicpro.hr\\\/veleprodaja\\\/wp-content\\\/uploads\\\/2025\\\/06\\\/precizne-iris-skarice-zakrivljene-11-cm-3.jpg\",\"width\":800,\"height\":600},{\"@type\":\"BreadcrumbList\",\"@id\":\"https:\\\/\\\/medicpro.hr\\\/veleprodaja\\\/proizvod\\\/skarice-iris-precizne-zakrivljene-11cm-g\\\/#breadcrumb\",\"itemListElement\":[{\"@type\":\"ListItem\",\"position\":1,\"name\":\"Po\u010detna stranica\",\"item\":\"https:\\\/\\\/medicpro.hr\\\/veleprodaja\\\/\"},{\"@type\":\"ListItem\",\"position\":2,\"name\":\"Veleprodaja\",\"item\":\"https:\\\/\\\/medicpro.hr\\\/veleprodaja\\\/trgovina\\\/\"},{\"@type\":\"ListItem\",\"position\":3,\"name\":\"\u0160KARICE IRIS PRECIZNE, ZAKRIVLJENE, 11cm, G\"}]},{\"@type\":\"WebSite\",\"@id\":\"https:\\\/\\\/medicpro.hr\\\/veleprodaja\\\/#website\",\"url\":\"https:\\\/\\\/medicpro.hr\\\/veleprodaja\\\/\",\"name\":\"Medicpro.hr\",\"description\":\"Medicinski potro\u0161ni materijal i oprema\",\"publisher\":{\"@id\":\"https:\\\/\\\/medicpro.hr\\\/veleprodaja\\\/#organization\"},\"potentialAction\":[{\"@type\":\"SearchAction\",\"target\":{\"@type\":\"EntryPoint\",\"urlTemplate\":\"https:\\\/\\\/medicpro.hr\\\/veleprodaja\\\/?s={search_term_string}\"},\"query-input\":{\"@type\":\"PropertyValueSpecification\",\"valueRequired\":true,\"valueName\":\"search_term_string\"}}],\"inLanguage\":\"hr\"},{\"@type\":\"Organization\",\"@id\":\"https:\\\/\\\/medicpro.hr\\\/veleprodaja\\\/#organization\",\"name\":\"Medicpro d.o.o.\",\"url\":\"https:\\\/\\\/medicpro.hr\\\/veleprodaja\\\/\",\"logo\":{\"@type\":\"ImageObject\",\"inLanguage\":\"hr\",\"@id\":\"https:\\\/\\\/medicpro.hr\\\/veleprodaja\\\/#\\\/schema\\\/logo\\\/image\\\/\",\"url\":\"https:\\\/\\\/medicpro.hr\\\/veleprodaja\\\/wp-content\\\/uploads\\\/2025\\\/05\\\/medicpro_logo.svg\",\"contentUrl\":\"https:\\\/\\\/medicpro.hr\\\/veleprodaja\\\/wp-content\\\/uploads\\\/2025\\\/05\\\/medicpro_logo.svg\",\"width\":226,\"height\":42,\"caption\":\"Medicpro d.o.o.\"},\"image\":{\"@id\":\"https:\\\/\\\/medicpro.hr\\\/veleprodaja\\\/#\\\/schema\\\/logo\\\/image\\\/\"}}]}<\/script>\n<!-- \/ Yoast SEO plugin. -->","yoast_head_json":{"title":"\u0160KARICE IRIS PRECIZNE, ZAKRIVLJENE, 11cm, G - Medicpro","robots":{"index":"index","follow":"follow","max-snippet":"max-snippet:-1","max-image-preview":"max-image-preview:large","max-video-preview":"max-video-preview:-1"},"canonical":"https:\/\/medicpro.hr\/veleprodaja\/proizvod\/skarice-iris-precizne-zakrivljene-11cm-g\/","og_locale":"hr_HR","og_type":"article","og_title":"\u0160KARICE IRIS PRECIZNE, ZAKRIVLJENE, 11cm, G - Medicpro","og_description":"Vi\u0161enamjenske \u0161karice izra\u0111ene od nehr\u0111aju\u0107eg \u010delika. Naj\u010de\u0161\u0107e se koriste u oftalmologiji prilikom zahvata, no korisne su i u raznim drugim","og_url":"https:\/\/medicpro.hr\/veleprodaja\/proizvod\/skarice-iris-precizne-zakrivljene-11cm-g\/","og_site_name":"Medicpro","article_modified_time":"2026-04-14T07:30:05+00:00","og_image":[{"width":800,"height":600,"url":"https:\/\/medicpro.hr\/veleprodaja\/wp-content\/uploads\/2025\/06\/precizne-iris-skarice-zakrivljene-11-cm-3.jpg","type":"image\/jpeg"}],"twitter_card":"summary_large_image","schema":{"@context":"https:\/\/schema.org","@graph":[{"@type":"WebPage","@id":"https:\/\/medicpro.hr\/veleprodaja\/proizvod\/skarice-iris-precizne-zakrivljene-11cm-g\/","url":"https:\/\/medicpro.hr\/veleprodaja\/proizvod\/skarice-iris-precizne-zakrivljene-11cm-g\/","name":"\u0160KARICE IRIS PRECIZNE, ZAKRIVLJENE, 11cm, G - Medicpro","isPartOf":{"@id":"https:\/\/medicpro.hr\/veleprodaja\/#website"},"primaryImageOfPage":{"@id":"https:\/\/medicpro.hr\/veleprodaja\/proizvod\/skarice-iris-precizne-zakrivljene-11cm-g\/#primaryimage"},"image":{"@id":"https:\/\/medicpro.hr\/veleprodaja\/proizvod\/skarice-iris-precizne-zakrivljene-11cm-g\/#primaryimage"},"thumbnailUrl":"https:\/\/medicpro.hr\/veleprodaja\/wp-content\/uploads\/2025\/06\/precizne-iris-skarice-zakrivljene-11-cm-3.jpg","datePublished":"2025-09-01T00:57:11+00:00","dateModified":"2026-04-14T07:30:05+00:00","breadcrumb":{"@id":"https:\/\/medicpro.hr\/veleprodaja\/proizvod\/skarice-iris-precizne-zakrivljene-11cm-g\/#breadcrumb"},"inLanguage":"hr","potentialAction":[{"@type":"ReadAction","target":["https:\/\/medicpro.hr\/veleprodaja\/proizvod\/skarice-iris-precizne-zakrivljene-11cm-g\/"]}]},{"@type":"ImageObject","inLanguage":"hr","@id":"https:\/\/medicpro.hr\/veleprodaja\/proizvod\/skarice-iris-precizne-zakrivljene-11cm-g\/#primaryimage","url":"https:\/\/medicpro.hr\/veleprodaja\/wp-content\/uploads\/2025\/06\/precizne-iris-skarice-zakrivljene-11-cm-3.jpg","contentUrl":"https:\/\/medicpro.hr\/veleprodaja\/wp-content\/uploads\/2025\/06\/precizne-iris-skarice-zakrivljene-11-cm-3.jpg","width":800,"height":600},{"@type":"BreadcrumbList","@id":"https:\/\/medicpro.hr\/veleprodaja\/proizvod\/skarice-iris-precizne-zakrivljene-11cm-g\/#breadcrumb","itemListElement":[{"@type":"ListItem","position":1,"name":"Po\u010detna stranica","item":"https:\/\/medicpro.hr\/veleprodaja\/"},{"@type":"ListItem","position":2,"name":"Veleprodaja","item":"https:\/\/medicpro.hr\/veleprodaja\/trgovina\/"},{"@type":"ListItem","position":3,"name":"\u0160KARICE IRIS PRECIZNE, ZAKRIVLJENE, 11cm, G"}]},{"@type":"WebSite","@id":"https:\/\/medicpro.hr\/veleprodaja\/#website","url":"https:\/\/medicpro.hr\/veleprodaja\/","name":"Medicpro.hr","description":"Medicinski potro\u0161ni materijal i oprema","publisher":{"@id":"https:\/\/medicpro.hr\/veleprodaja\/#organization"},"potentialAction":[{"@type":"SearchAction","target":{"@type":"EntryPoint","urlTemplate":"https:\/\/medicpro.hr\/veleprodaja\/?s={search_term_string}"},"query-input":{"@type":"PropertyValueSpecification","valueRequired":true,"valueName":"search_term_string"}}],"inLanguage":"hr"},{"@type":"Organization","@id":"https:\/\/medicpro.hr\/veleprodaja\/#organization","name":"Medicpro d.o.o.","url":"https:\/\/medicpro.hr\/veleprodaja\/","logo":{"@type":"ImageObject","inLanguage":"hr","@id":"https:\/\/medicpro.hr\/veleprodaja\/#\/schema\/logo\/image\/","url":"https:\/\/medicpro.hr\/veleprodaja\/wp-content\/uploads\/2025\/05\/medicpro_logo.svg","contentUrl":"https:\/\/medicpro.hr\/veleprodaja\/wp-content\/uploads\/2025\/05\/medicpro_logo.svg","width":226,"height":42,"caption":"Medicpro d.o.o."},"image":{"@id":"https:\/\/medicpro.hr\/veleprodaja\/#\/schema\/logo\/image\/"}}]}},"_links":{"self":[{"href":"https:\/\/medicpro.hr\/veleprodaja\/wp-json\/wp\/v2\/product\/59553","targetHints":{"allow":["GET"]}}],"collection":[{"href":"https:\/\/medicpro.hr\/veleprodaja\/wp-json\/wp\/v2\/product"}],"about":[{"href":"https:\/\/medicpro.hr\/veleprodaja\/wp-json\/wp\/v2\/types\/product"}],"replies":[{"embeddable":true,"href":"https:\/\/medicpro.hr\/veleprodaja\/wp-json\/wp\/v2\/comments?post=59553"}],"wp:featuredmedia":[{"embeddable":true,"href":"https:\/\/medicpro.hr\/veleprodaja\/wp-json\/wp\/v2\/media\/49085"}],"wp:attachment":[{"href":"https:\/\/medicpro.hr\/veleprodaja\/wp-json\/wp\/v2\/media?parent=59553"}],"wp:term":[{"taxonomy":"product_brand","embeddable":true,"href":"https:\/\/medicpro.hr\/veleprodaja\/wp-json\/wp\/v2\/product_brand?post=59553"},{"taxonomy":"product_cat","embeddable":true,"href":"https:\/\/medicpro.hr\/veleprodaja\/wp-json\/wp\/v2\/product_cat?post=59553"},{"taxonomy":"product_tag","embeddable":true,"href":"https:\/\/medicpro.hr\/veleprodaja\/wp-json\/wp\/v2\/product_tag?post=59553"}],"curies":[{"name":"wp","href":"https:\/\/api.w.org\/{rel}","templated":true}]}}