{"id":59393,"date":"2025-09-01T02:56:50","date_gmt":"2025-09-01T00:56:50","guid":{"rendered":"https:\/\/zdesmedicpro-velepro.kuhada.net\/?post_type=product&#038;p=59393"},"modified":"2026-04-14T09:30:06","modified_gmt":"2026-04-14T07:30:06","slug":"inj-igla-05x25-25g-nar-a-100","status":"publish","type":"product","link":"https:\/\/medicpro.hr\/veleprodaja\/proizvod\/inj-igla-05x25-25g-nar-a-100\/","title":{"rendered":"INJ. IGLA 0,5&#215;25 25G NAR. a&#8217; 100"},"content":{"rendered":"<ul>\n<li><strong>Injekcijska igla veli\u010dine 25G (Gauge) naran\u010daste boje.<\/strong><\/li>\n<li>Poznatija jo\u0161 i kao hipodermalna odnosna\u00a0<strong>potko\u017ena igla<\/strong>.<\/li>\n<li><strong>Du\u017eina igle iznosi 25 mm<\/strong>, dok je promjer\u00a0<strong>0,5 mm.<\/strong><\/li>\n<li>Proizvo\u0111a\u010d\u00a0<strong>Becton, Dickinson and Company (BD).<\/strong><\/li>\n<li>Igle su kompatibilne sa \u0161pricama svih dimenzija koje imaju luer-slip i luer-lock nastavak.<\/li>\n<li>Lako ih se raspoznaje jer su kodirane razli\u010ditim bojama po internacionalnim standardima za raspoznavanje medicinskih instrumenata.<\/li>\n<li>Svaka igla je sterilna i zasebno zapakirana.<\/li>\n<li>Za jednokratnu upotrebu.<\/li>\n<li>Pakiranje sadr\u017ei 100 komada igli.<\/li>\n<li>Cijena se odnosi na pakiranje od 100 komada.<\/li>\n<\/ul>\n","protected":false},"excerpt":{"rendered":"<p>Injekcijska igla veli\u010dine 25G (Gauge) naran\u010daste boje. Poznatija jo\u0161 i kao hipodermalna odnosna\u00a0potko\u017ena igla. Du\u017eina igle iznosi 25 mm, dok<\/p>\n","protected":false},"featured_media":48727,"comment_status":"open","ping_status":"closed","template":"","meta":[],"product_brand":[],"product_cat":[720,763],"product_tag":[],"class_list":{"0":"post-59393","1":"product","2":"type-product","3":"status-publish","4":"has-post-thumbnail","6":"product_cat-injekcijski-materijal","7":"product_cat-injekcijske-igle","9":"first","10":"instock","11":"taxable","12":"shipping-taxable","13":"purchasable","14":"product-type-simple"},"acf":[],"yoast_head":"<!-- This site is optimized with the Yoast SEO plugin v27.3 - https:\/\/yoast.com\/product\/yoast-seo-wordpress\/ -->\n<title>INJ. IGLA 0,5x25 25G NAR. a&#039; 100 - Medicpro<\/title>\n<meta name=\"robots\" content=\"index, follow, max-snippet:-1, max-image-preview:large, max-video-preview:-1\" \/>\n<link rel=\"canonical\" href=\"https:\/\/medicpro.hr\/veleprodaja\/proizvod\/inj-igla-05x25-25g-nar-a-100\/\" \/>\n<meta property=\"og:locale\" content=\"hr_HR\" \/>\n<meta property=\"og:type\" content=\"article\" \/>\n<meta property=\"og:title\" content=\"INJ. IGLA 0,5x25 25G NAR. a&#039; 100 - Medicpro\" \/>\n<meta property=\"og:description\" content=\"Injekcijska igla veli\u010dine 25G (Gauge) naran\u010daste boje. Poznatija jo\u0161 i kao hipodermalna odnosna\u00a0potko\u017ena igla. Du\u017eina igle iznosi 25 mm, dok\" \/>\n<meta property=\"og:url\" content=\"https:\/\/medicpro.hr\/veleprodaja\/proizvod\/inj-igla-05x25-25g-nar-a-100\/\" \/>\n<meta property=\"og:site_name\" content=\"Medicpro\" \/>\n<meta property=\"article:modified_time\" content=\"2026-04-14T07:30:06+00:00\" \/>\n<meta property=\"og:image\" content=\"https:\/\/medicpro.hr\/veleprodaja\/wp-content\/uploads\/2025\/06\/inj-igla-05-x-25-25-g-nar-4.jpg\" \/>\n\t<meta property=\"og:image:width\" content=\"800\" \/>\n\t<meta property=\"og:image:height\" content=\"1040\" \/>\n\t<meta property=\"og:image:type\" content=\"image\/jpeg\" \/>\n<meta name=\"twitter:card\" content=\"summary_large_image\" \/>\n<script type=\"application\/ld+json\" class=\"yoast-schema-graph\">{\"@context\":\"https:\\\/\\\/schema.org\",\"@graph\":[{\"@type\":\"WebPage\",\"@id\":\"https:\\\/\\\/medicpro.hr\\\/veleprodaja\\\/proizvod\\\/inj-igla-05x25-25g-nar-a-100\\\/\",\"url\":\"https:\\\/\\\/medicpro.hr\\\/veleprodaja\\\/proizvod\\\/inj-igla-05x25-25g-nar-a-100\\\/\",\"name\":\"INJ. IGLA 0,5x25 25G NAR. a' 100 - Medicpro\",\"isPartOf\":{\"@id\":\"https:\\\/\\\/medicpro.hr\\\/veleprodaja\\\/#website\"},\"primaryImageOfPage\":{\"@id\":\"https:\\\/\\\/medicpro.hr\\\/veleprodaja\\\/proizvod\\\/inj-igla-05x25-25g-nar-a-100\\\/#primaryimage\"},\"image\":{\"@id\":\"https:\\\/\\\/medicpro.hr\\\/veleprodaja\\\/proizvod\\\/inj-igla-05x25-25g-nar-a-100\\\/#primaryimage\"},\"thumbnailUrl\":\"https:\\\/\\\/medicpro.hr\\\/veleprodaja\\\/wp-content\\\/uploads\\\/2025\\\/06\\\/inj-igla-05-x-25-25-g-nar-4.jpg\",\"datePublished\":\"2025-09-01T00:56:50+00:00\",\"dateModified\":\"2026-04-14T07:30:06+00:00\",\"breadcrumb\":{\"@id\":\"https:\\\/\\\/medicpro.hr\\\/veleprodaja\\\/proizvod\\\/inj-igla-05x25-25g-nar-a-100\\\/#breadcrumb\"},\"inLanguage\":\"hr\",\"potentialAction\":[{\"@type\":\"ReadAction\",\"target\":[\"https:\\\/\\\/medicpro.hr\\\/veleprodaja\\\/proizvod\\\/inj-igla-05x25-25g-nar-a-100\\\/\"]}]},{\"@type\":\"ImageObject\",\"inLanguage\":\"hr\",\"@id\":\"https:\\\/\\\/medicpro.hr\\\/veleprodaja\\\/proizvod\\\/inj-igla-05x25-25g-nar-a-100\\\/#primaryimage\",\"url\":\"https:\\\/\\\/medicpro.hr\\\/veleprodaja\\\/wp-content\\\/uploads\\\/2025\\\/06\\\/inj-igla-05-x-25-25-g-nar-4.jpg\",\"contentUrl\":\"https:\\\/\\\/medicpro.hr\\\/veleprodaja\\\/wp-content\\\/uploads\\\/2025\\\/06\\\/inj-igla-05-x-25-25-g-nar-4.jpg\",\"width\":800,\"height\":1040},{\"@type\":\"BreadcrumbList\",\"@id\":\"https:\\\/\\\/medicpro.hr\\\/veleprodaja\\\/proizvod\\\/inj-igla-05x25-25g-nar-a-100\\\/#breadcrumb\",\"itemListElement\":[{\"@type\":\"ListItem\",\"position\":1,\"name\":\"Po\u010detna stranica\",\"item\":\"https:\\\/\\\/medicpro.hr\\\/veleprodaja\\\/\"},{\"@type\":\"ListItem\",\"position\":2,\"name\":\"Veleprodaja\",\"item\":\"https:\\\/\\\/medicpro.hr\\\/veleprodaja\\\/trgovina\\\/\"},{\"@type\":\"ListItem\",\"position\":3,\"name\":\"INJ. IGLA 0,5&#215;25 25G NAR. a&#8217; 100\"}]},{\"@type\":\"WebSite\",\"@id\":\"https:\\\/\\\/medicpro.hr\\\/veleprodaja\\\/#website\",\"url\":\"https:\\\/\\\/medicpro.hr\\\/veleprodaja\\\/\",\"name\":\"Medicpro.hr\",\"description\":\"Medicinski potro\u0161ni materijal i oprema\",\"publisher\":{\"@id\":\"https:\\\/\\\/medicpro.hr\\\/veleprodaja\\\/#organization\"},\"potentialAction\":[{\"@type\":\"SearchAction\",\"target\":{\"@type\":\"EntryPoint\",\"urlTemplate\":\"https:\\\/\\\/medicpro.hr\\\/veleprodaja\\\/?s={search_term_string}\"},\"query-input\":{\"@type\":\"PropertyValueSpecification\",\"valueRequired\":true,\"valueName\":\"search_term_string\"}}],\"inLanguage\":\"hr\"},{\"@type\":\"Organization\",\"@id\":\"https:\\\/\\\/medicpro.hr\\\/veleprodaja\\\/#organization\",\"name\":\"Medicpro d.o.o.\",\"url\":\"https:\\\/\\\/medicpro.hr\\\/veleprodaja\\\/\",\"logo\":{\"@type\":\"ImageObject\",\"inLanguage\":\"hr\",\"@id\":\"https:\\\/\\\/medicpro.hr\\\/veleprodaja\\\/#\\\/schema\\\/logo\\\/image\\\/\",\"url\":\"https:\\\/\\\/medicpro.hr\\\/veleprodaja\\\/wp-content\\\/uploads\\\/2025\\\/05\\\/medicpro_logo.svg\",\"contentUrl\":\"https:\\\/\\\/medicpro.hr\\\/veleprodaja\\\/wp-content\\\/uploads\\\/2025\\\/05\\\/medicpro_logo.svg\",\"width\":226,\"height\":42,\"caption\":\"Medicpro d.o.o.\"},\"image\":{\"@id\":\"https:\\\/\\\/medicpro.hr\\\/veleprodaja\\\/#\\\/schema\\\/logo\\\/image\\\/\"}}]}<\/script>\n<!-- \/ Yoast SEO plugin. -->","yoast_head_json":{"title":"INJ. IGLA 0,5x25 25G NAR. a' 100 - Medicpro","robots":{"index":"index","follow":"follow","max-snippet":"max-snippet:-1","max-image-preview":"max-image-preview:large","max-video-preview":"max-video-preview:-1"},"canonical":"https:\/\/medicpro.hr\/veleprodaja\/proizvod\/inj-igla-05x25-25g-nar-a-100\/","og_locale":"hr_HR","og_type":"article","og_title":"INJ. IGLA 0,5x25 25G NAR. a' 100 - Medicpro","og_description":"Injekcijska igla veli\u010dine 25G (Gauge) naran\u010daste boje. Poznatija jo\u0161 i kao hipodermalna odnosna\u00a0potko\u017ena igla. Du\u017eina igle iznosi 25 mm, dok","og_url":"https:\/\/medicpro.hr\/veleprodaja\/proizvod\/inj-igla-05x25-25g-nar-a-100\/","og_site_name":"Medicpro","article_modified_time":"2026-04-14T07:30:06+00:00","og_image":[{"width":800,"height":1040,"url":"https:\/\/medicpro.hr\/veleprodaja\/wp-content\/uploads\/2025\/06\/inj-igla-05-x-25-25-g-nar-4.jpg","type":"image\/jpeg"}],"twitter_card":"summary_large_image","schema":{"@context":"https:\/\/schema.org","@graph":[{"@type":"WebPage","@id":"https:\/\/medicpro.hr\/veleprodaja\/proizvod\/inj-igla-05x25-25g-nar-a-100\/","url":"https:\/\/medicpro.hr\/veleprodaja\/proizvod\/inj-igla-05x25-25g-nar-a-100\/","name":"INJ. IGLA 0,5x25 25G NAR. a' 100 - Medicpro","isPartOf":{"@id":"https:\/\/medicpro.hr\/veleprodaja\/#website"},"primaryImageOfPage":{"@id":"https:\/\/medicpro.hr\/veleprodaja\/proizvod\/inj-igla-05x25-25g-nar-a-100\/#primaryimage"},"image":{"@id":"https:\/\/medicpro.hr\/veleprodaja\/proizvod\/inj-igla-05x25-25g-nar-a-100\/#primaryimage"},"thumbnailUrl":"https:\/\/medicpro.hr\/veleprodaja\/wp-content\/uploads\/2025\/06\/inj-igla-05-x-25-25-g-nar-4.jpg","datePublished":"2025-09-01T00:56:50+00:00","dateModified":"2026-04-14T07:30:06+00:00","breadcrumb":{"@id":"https:\/\/medicpro.hr\/veleprodaja\/proizvod\/inj-igla-05x25-25g-nar-a-100\/#breadcrumb"},"inLanguage":"hr","potentialAction":[{"@type":"ReadAction","target":["https:\/\/medicpro.hr\/veleprodaja\/proizvod\/inj-igla-05x25-25g-nar-a-100\/"]}]},{"@type":"ImageObject","inLanguage":"hr","@id":"https:\/\/medicpro.hr\/veleprodaja\/proizvod\/inj-igla-05x25-25g-nar-a-100\/#primaryimage","url":"https:\/\/medicpro.hr\/veleprodaja\/wp-content\/uploads\/2025\/06\/inj-igla-05-x-25-25-g-nar-4.jpg","contentUrl":"https:\/\/medicpro.hr\/veleprodaja\/wp-content\/uploads\/2025\/06\/inj-igla-05-x-25-25-g-nar-4.jpg","width":800,"height":1040},{"@type":"BreadcrumbList","@id":"https:\/\/medicpro.hr\/veleprodaja\/proizvod\/inj-igla-05x25-25g-nar-a-100\/#breadcrumb","itemListElement":[{"@type":"ListItem","position":1,"name":"Po\u010detna stranica","item":"https:\/\/medicpro.hr\/veleprodaja\/"},{"@type":"ListItem","position":2,"name":"Veleprodaja","item":"https:\/\/medicpro.hr\/veleprodaja\/trgovina\/"},{"@type":"ListItem","position":3,"name":"INJ. IGLA 0,5&#215;25 25G NAR. a&#8217; 100"}]},{"@type":"WebSite","@id":"https:\/\/medicpro.hr\/veleprodaja\/#website","url":"https:\/\/medicpro.hr\/veleprodaja\/","name":"Medicpro.hr","description":"Medicinski potro\u0161ni materijal i oprema","publisher":{"@id":"https:\/\/medicpro.hr\/veleprodaja\/#organization"},"potentialAction":[{"@type":"SearchAction","target":{"@type":"EntryPoint","urlTemplate":"https:\/\/medicpro.hr\/veleprodaja\/?s={search_term_string}"},"query-input":{"@type":"PropertyValueSpecification","valueRequired":true,"valueName":"search_term_string"}}],"inLanguage":"hr"},{"@type":"Organization","@id":"https:\/\/medicpro.hr\/veleprodaja\/#organization","name":"Medicpro d.o.o.","url":"https:\/\/medicpro.hr\/veleprodaja\/","logo":{"@type":"ImageObject","inLanguage":"hr","@id":"https:\/\/medicpro.hr\/veleprodaja\/#\/schema\/logo\/image\/","url":"https:\/\/medicpro.hr\/veleprodaja\/wp-content\/uploads\/2025\/05\/medicpro_logo.svg","contentUrl":"https:\/\/medicpro.hr\/veleprodaja\/wp-content\/uploads\/2025\/05\/medicpro_logo.svg","width":226,"height":42,"caption":"Medicpro d.o.o."},"image":{"@id":"https:\/\/medicpro.hr\/veleprodaja\/#\/schema\/logo\/image\/"}}]}},"_links":{"self":[{"href":"https:\/\/medicpro.hr\/veleprodaja\/wp-json\/wp\/v2\/product\/59393","targetHints":{"allow":["GET"]}}],"collection":[{"href":"https:\/\/medicpro.hr\/veleprodaja\/wp-json\/wp\/v2\/product"}],"about":[{"href":"https:\/\/medicpro.hr\/veleprodaja\/wp-json\/wp\/v2\/types\/product"}],"replies":[{"embeddable":true,"href":"https:\/\/medicpro.hr\/veleprodaja\/wp-json\/wp\/v2\/comments?post=59393"}],"wp:featuredmedia":[{"embeddable":true,"href":"https:\/\/medicpro.hr\/veleprodaja\/wp-json\/wp\/v2\/media\/48727"}],"wp:attachment":[{"href":"https:\/\/medicpro.hr\/veleprodaja\/wp-json\/wp\/v2\/media?parent=59393"}],"wp:term":[{"taxonomy":"product_brand","embeddable":true,"href":"https:\/\/medicpro.hr\/veleprodaja\/wp-json\/wp\/v2\/product_brand?post=59393"},{"taxonomy":"product_cat","embeddable":true,"href":"https:\/\/medicpro.hr\/veleprodaja\/wp-json\/wp\/v2\/product_cat?post=59393"},{"taxonomy":"product_tag","embeddable":true,"href":"https:\/\/medicpro.hr\/veleprodaja\/wp-json\/wp\/v2\/product_tag?post=59393"}],"curies":[{"name":"wp","href":"https:\/\/api.w.org\/{rel}","templated":true}]}}