{"id":59369,"date":"2025-09-01T02:56:46","date_gmt":"2025-09-01T00:56:46","guid":{"rendered":"https:\/\/zdesmedicpro-velepro.kuhada.net\/?post_type=product&#038;p=59369"},"modified":"2025-12-16T13:35:15","modified_gmt":"2025-12-16T12:35:15","slug":"flaster-micropore-5cm-x-91-m-bd-a6-3m","status":"publish","type":"product","link":"https:\/\/medicpro.hr\/veleprodaja\/proizvod\/flaster-micropore-5cm-x-91-m-bd-a6-3m\/","title":{"rendered":"FLASTER MICROPORE 5cm x 9,1 m BD a&#8217;6, 3M"},"content":{"rendered":"<ul>\n<li><strong>Mikroporozna traka bez dispenzera (plasti\u010dnog dr\u017ea\u010da) renomiranog proizvo\u0111a\u010da 3M<\/strong>.<\/li>\n<li>Pouzdano u\u010dvr\u0161\u0107uje zavoje i ure\u0111aje na ko\u017eu.<\/li>\n<li>Nje\u017eno prianja, udobna i visokoprozra\u010dna.<\/li>\n<li><strong>Hipoalergena i bez lateksa.<\/strong><\/li>\n<li><strong>Prianja i na vla\u017enoj ko\u017ei.<\/strong><\/li>\n<li><strong>Predlo\u017eena primjena:<\/strong>\n<ul>\n<li>osiguravanje i u\u010dvr\u0161\u0107ivanje malih do srednjih zavoja i kompresa<\/li>\n<li>osiguravanje i u\u010dvr\u0161\u0107ivanje laganih cjev\u010dica te pribora za stomu<\/li>\n<li>u situacijama kada se u\u010dvr\u0161\u0107ivanje mora provoditi ponavljaju\u0107e<\/li>\n<li>kod osjetljive (rizi\u010dne) ko\u017ee.<\/li>\n<\/ul>\n<\/li>\n<li>Dimenzije trake: 5 cm x 9,1 m.<\/li>\n<li>Cijena se odnosi na pakiranje od 6 komada.<\/li>\n<\/ul>\n","protected":false},"excerpt":{"rendered":"<p>Mikroporozna traka bez dispenzera (plasti\u010dnog dr\u017ea\u010da) renomiranog proizvo\u0111a\u010da 3M. Pouzdano u\u010dvr\u0161\u0107uje zavoje i ure\u0111aje na ko\u017eu. Nje\u017eno prianja, udobna i<\/p>\n","protected":false},"featured_media":48661,"comment_status":"open","ping_status":"closed","template":"","meta":[],"product_brand":[],"product_cat":[748,749,751],"product_tag":[],"class_list":{"0":"post-59369","1":"product","2":"type-product","3":"status-publish","4":"has-post-thumbnail","6":"product_cat-zavojni-materijal","7":"product_cat-flasteri","8":"product_cat-zavojni-flasteri","10":"first","11":"onbackorder","12":"taxable","13":"shipping-taxable","14":"purchasable","15":"product-type-simple"},"acf":[],"yoast_head":"<!-- This site is optimized with the Yoast SEO plugin v27.3 - https:\/\/yoast.com\/product\/yoast-seo-wordpress\/ -->\n<title>FLASTER MICROPORE 5cm x 9,1 m BD a&#039;6, 3M - Medicpro<\/title>\n<meta name=\"robots\" content=\"index, follow, max-snippet:-1, max-image-preview:large, max-video-preview:-1\" \/>\n<link rel=\"canonical\" href=\"https:\/\/medicpro.hr\/veleprodaja\/proizvod\/flaster-micropore-5cm-x-91-m-bd-a6-3m\/\" \/>\n<meta property=\"og:locale\" content=\"hr_HR\" \/>\n<meta property=\"og:type\" content=\"article\" \/>\n<meta property=\"og:title\" content=\"FLASTER MICROPORE 5cm x 9,1 m BD a&#039;6, 3M - Medicpro\" \/>\n<meta property=\"og:description\" content=\"Mikroporozna traka bez dispenzera (plasti\u010dnog dr\u017ea\u010da) renomiranog proizvo\u0111a\u010da 3M. Pouzdano u\u010dvr\u0161\u0107uje zavoje i ure\u0111aje na ko\u017eu. Nje\u017eno prianja, udobna i\" \/>\n<meta property=\"og:url\" content=\"https:\/\/medicpro.hr\/veleprodaja\/proizvod\/flaster-micropore-5cm-x-91-m-bd-a6-3m\/\" \/>\n<meta property=\"og:site_name\" content=\"Medicpro\" \/>\n<meta property=\"article:modified_time\" content=\"2025-12-16T12:35:15+00:00\" \/>\n<meta property=\"og:image\" content=\"https:\/\/medicpro.hr\/veleprodaja\/wp-content\/uploads\/2025\/06\/flaster-micropore-5-cm-x-91-m-bd-3m-4.jpg\" \/>\n\t<meta property=\"og:image:width\" content=\"800\" \/>\n\t<meta property=\"og:image:height\" content=\"1040\" \/>\n\t<meta property=\"og:image:type\" content=\"image\/jpeg\" \/>\n<meta name=\"twitter:card\" content=\"summary_large_image\" \/>\n<script type=\"application\/ld+json\" class=\"yoast-schema-graph\">{\"@context\":\"https:\\\/\\\/schema.org\",\"@graph\":[{\"@type\":\"WebPage\",\"@id\":\"https:\\\/\\\/medicpro.hr\\\/veleprodaja\\\/proizvod\\\/flaster-micropore-5cm-x-91-m-bd-a6-3m\\\/\",\"url\":\"https:\\\/\\\/medicpro.hr\\\/veleprodaja\\\/proizvod\\\/flaster-micropore-5cm-x-91-m-bd-a6-3m\\\/\",\"name\":\"FLASTER MICROPORE 5cm x 9,1 m BD a'6, 3M - Medicpro\",\"isPartOf\":{\"@id\":\"https:\\\/\\\/medicpro.hr\\\/veleprodaja\\\/#website\"},\"primaryImageOfPage\":{\"@id\":\"https:\\\/\\\/medicpro.hr\\\/veleprodaja\\\/proizvod\\\/flaster-micropore-5cm-x-91-m-bd-a6-3m\\\/#primaryimage\"},\"image\":{\"@id\":\"https:\\\/\\\/medicpro.hr\\\/veleprodaja\\\/proizvod\\\/flaster-micropore-5cm-x-91-m-bd-a6-3m\\\/#primaryimage\"},\"thumbnailUrl\":\"https:\\\/\\\/medicpro.hr\\\/veleprodaja\\\/wp-content\\\/uploads\\\/2025\\\/06\\\/flaster-micropore-5-cm-x-91-m-bd-3m-4.jpg\",\"datePublished\":\"2025-09-01T00:56:46+00:00\",\"dateModified\":\"2025-12-16T12:35:15+00:00\",\"breadcrumb\":{\"@id\":\"https:\\\/\\\/medicpro.hr\\\/veleprodaja\\\/proizvod\\\/flaster-micropore-5cm-x-91-m-bd-a6-3m\\\/#breadcrumb\"},\"inLanguage\":\"hr\",\"potentialAction\":[{\"@type\":\"ReadAction\",\"target\":[\"https:\\\/\\\/medicpro.hr\\\/veleprodaja\\\/proizvod\\\/flaster-micropore-5cm-x-91-m-bd-a6-3m\\\/\"]}]},{\"@type\":\"ImageObject\",\"inLanguage\":\"hr\",\"@id\":\"https:\\\/\\\/medicpro.hr\\\/veleprodaja\\\/proizvod\\\/flaster-micropore-5cm-x-91-m-bd-a6-3m\\\/#primaryimage\",\"url\":\"https:\\\/\\\/medicpro.hr\\\/veleprodaja\\\/wp-content\\\/uploads\\\/2025\\\/06\\\/flaster-micropore-5-cm-x-91-m-bd-3m-4.jpg\",\"contentUrl\":\"https:\\\/\\\/medicpro.hr\\\/veleprodaja\\\/wp-content\\\/uploads\\\/2025\\\/06\\\/flaster-micropore-5-cm-x-91-m-bd-3m-4.jpg\",\"width\":800,\"height\":1040},{\"@type\":\"BreadcrumbList\",\"@id\":\"https:\\\/\\\/medicpro.hr\\\/veleprodaja\\\/proizvod\\\/flaster-micropore-5cm-x-91-m-bd-a6-3m\\\/#breadcrumb\",\"itemListElement\":[{\"@type\":\"ListItem\",\"position\":1,\"name\":\"Po\u010detna stranica\",\"item\":\"https:\\\/\\\/medicpro.hr\\\/veleprodaja\\\/\"},{\"@type\":\"ListItem\",\"position\":2,\"name\":\"Veleprodaja\",\"item\":\"https:\\\/\\\/medicpro.hr\\\/veleprodaja\\\/trgovina\\\/\"},{\"@type\":\"ListItem\",\"position\":3,\"name\":\"FLASTER MICROPORE 5cm x 9,1 m BD a&#8217;6, 3M\"}]},{\"@type\":\"WebSite\",\"@id\":\"https:\\\/\\\/medicpro.hr\\\/veleprodaja\\\/#website\",\"url\":\"https:\\\/\\\/medicpro.hr\\\/veleprodaja\\\/\",\"name\":\"Medicpro.hr\",\"description\":\"Medicinski potro\u0161ni materijal i oprema\",\"publisher\":{\"@id\":\"https:\\\/\\\/medicpro.hr\\\/veleprodaja\\\/#organization\"},\"potentialAction\":[{\"@type\":\"SearchAction\",\"target\":{\"@type\":\"EntryPoint\",\"urlTemplate\":\"https:\\\/\\\/medicpro.hr\\\/veleprodaja\\\/?s={search_term_string}\"},\"query-input\":{\"@type\":\"PropertyValueSpecification\",\"valueRequired\":true,\"valueName\":\"search_term_string\"}}],\"inLanguage\":\"hr\"},{\"@type\":\"Organization\",\"@id\":\"https:\\\/\\\/medicpro.hr\\\/veleprodaja\\\/#organization\",\"name\":\"Medicpro d.o.o.\",\"url\":\"https:\\\/\\\/medicpro.hr\\\/veleprodaja\\\/\",\"logo\":{\"@type\":\"ImageObject\",\"inLanguage\":\"hr\",\"@id\":\"https:\\\/\\\/medicpro.hr\\\/veleprodaja\\\/#\\\/schema\\\/logo\\\/image\\\/\",\"url\":\"https:\\\/\\\/medicpro.hr\\\/veleprodaja\\\/wp-content\\\/uploads\\\/2025\\\/05\\\/medicpro_logo.svg\",\"contentUrl\":\"https:\\\/\\\/medicpro.hr\\\/veleprodaja\\\/wp-content\\\/uploads\\\/2025\\\/05\\\/medicpro_logo.svg\",\"width\":226,\"height\":42,\"caption\":\"Medicpro d.o.o.\"},\"image\":{\"@id\":\"https:\\\/\\\/medicpro.hr\\\/veleprodaja\\\/#\\\/schema\\\/logo\\\/image\\\/\"}}]}<\/script>\n<!-- \/ Yoast SEO plugin. -->","yoast_head_json":{"title":"FLASTER MICROPORE 5cm x 9,1 m BD a'6, 3M - Medicpro","robots":{"index":"index","follow":"follow","max-snippet":"max-snippet:-1","max-image-preview":"max-image-preview:large","max-video-preview":"max-video-preview:-1"},"canonical":"https:\/\/medicpro.hr\/veleprodaja\/proizvod\/flaster-micropore-5cm-x-91-m-bd-a6-3m\/","og_locale":"hr_HR","og_type":"article","og_title":"FLASTER MICROPORE 5cm x 9,1 m BD a'6, 3M - Medicpro","og_description":"Mikroporozna traka bez dispenzera (plasti\u010dnog dr\u017ea\u010da) renomiranog proizvo\u0111a\u010da 3M. Pouzdano u\u010dvr\u0161\u0107uje zavoje i ure\u0111aje na ko\u017eu. Nje\u017eno prianja, udobna i","og_url":"https:\/\/medicpro.hr\/veleprodaja\/proizvod\/flaster-micropore-5cm-x-91-m-bd-a6-3m\/","og_site_name":"Medicpro","article_modified_time":"2025-12-16T12:35:15+00:00","og_image":[{"width":800,"height":1040,"url":"https:\/\/medicpro.hr\/veleprodaja\/wp-content\/uploads\/2025\/06\/flaster-micropore-5-cm-x-91-m-bd-3m-4.jpg","type":"image\/jpeg"}],"twitter_card":"summary_large_image","schema":{"@context":"https:\/\/schema.org","@graph":[{"@type":"WebPage","@id":"https:\/\/medicpro.hr\/veleprodaja\/proizvod\/flaster-micropore-5cm-x-91-m-bd-a6-3m\/","url":"https:\/\/medicpro.hr\/veleprodaja\/proizvod\/flaster-micropore-5cm-x-91-m-bd-a6-3m\/","name":"FLASTER MICROPORE 5cm x 9,1 m BD a'6, 3M - Medicpro","isPartOf":{"@id":"https:\/\/medicpro.hr\/veleprodaja\/#website"},"primaryImageOfPage":{"@id":"https:\/\/medicpro.hr\/veleprodaja\/proizvod\/flaster-micropore-5cm-x-91-m-bd-a6-3m\/#primaryimage"},"image":{"@id":"https:\/\/medicpro.hr\/veleprodaja\/proizvod\/flaster-micropore-5cm-x-91-m-bd-a6-3m\/#primaryimage"},"thumbnailUrl":"https:\/\/medicpro.hr\/veleprodaja\/wp-content\/uploads\/2025\/06\/flaster-micropore-5-cm-x-91-m-bd-3m-4.jpg","datePublished":"2025-09-01T00:56:46+00:00","dateModified":"2025-12-16T12:35:15+00:00","breadcrumb":{"@id":"https:\/\/medicpro.hr\/veleprodaja\/proizvod\/flaster-micropore-5cm-x-91-m-bd-a6-3m\/#breadcrumb"},"inLanguage":"hr","potentialAction":[{"@type":"ReadAction","target":["https:\/\/medicpro.hr\/veleprodaja\/proizvod\/flaster-micropore-5cm-x-91-m-bd-a6-3m\/"]}]},{"@type":"ImageObject","inLanguage":"hr","@id":"https:\/\/medicpro.hr\/veleprodaja\/proizvod\/flaster-micropore-5cm-x-91-m-bd-a6-3m\/#primaryimage","url":"https:\/\/medicpro.hr\/veleprodaja\/wp-content\/uploads\/2025\/06\/flaster-micropore-5-cm-x-91-m-bd-3m-4.jpg","contentUrl":"https:\/\/medicpro.hr\/veleprodaja\/wp-content\/uploads\/2025\/06\/flaster-micropore-5-cm-x-91-m-bd-3m-4.jpg","width":800,"height":1040},{"@type":"BreadcrumbList","@id":"https:\/\/medicpro.hr\/veleprodaja\/proizvod\/flaster-micropore-5cm-x-91-m-bd-a6-3m\/#breadcrumb","itemListElement":[{"@type":"ListItem","position":1,"name":"Po\u010detna stranica","item":"https:\/\/medicpro.hr\/veleprodaja\/"},{"@type":"ListItem","position":2,"name":"Veleprodaja","item":"https:\/\/medicpro.hr\/veleprodaja\/trgovina\/"},{"@type":"ListItem","position":3,"name":"FLASTER MICROPORE 5cm x 9,1 m BD a&#8217;6, 3M"}]},{"@type":"WebSite","@id":"https:\/\/medicpro.hr\/veleprodaja\/#website","url":"https:\/\/medicpro.hr\/veleprodaja\/","name":"Medicpro.hr","description":"Medicinski potro\u0161ni materijal i oprema","publisher":{"@id":"https:\/\/medicpro.hr\/veleprodaja\/#organization"},"potentialAction":[{"@type":"SearchAction","target":{"@type":"EntryPoint","urlTemplate":"https:\/\/medicpro.hr\/veleprodaja\/?s={search_term_string}"},"query-input":{"@type":"PropertyValueSpecification","valueRequired":true,"valueName":"search_term_string"}}],"inLanguage":"hr"},{"@type":"Organization","@id":"https:\/\/medicpro.hr\/veleprodaja\/#organization","name":"Medicpro d.o.o.","url":"https:\/\/medicpro.hr\/veleprodaja\/","logo":{"@type":"ImageObject","inLanguage":"hr","@id":"https:\/\/medicpro.hr\/veleprodaja\/#\/schema\/logo\/image\/","url":"https:\/\/medicpro.hr\/veleprodaja\/wp-content\/uploads\/2025\/05\/medicpro_logo.svg","contentUrl":"https:\/\/medicpro.hr\/veleprodaja\/wp-content\/uploads\/2025\/05\/medicpro_logo.svg","width":226,"height":42,"caption":"Medicpro d.o.o."},"image":{"@id":"https:\/\/medicpro.hr\/veleprodaja\/#\/schema\/logo\/image\/"}}]}},"_links":{"self":[{"href":"https:\/\/medicpro.hr\/veleprodaja\/wp-json\/wp\/v2\/product\/59369","targetHints":{"allow":["GET"]}}],"collection":[{"href":"https:\/\/medicpro.hr\/veleprodaja\/wp-json\/wp\/v2\/product"}],"about":[{"href":"https:\/\/medicpro.hr\/veleprodaja\/wp-json\/wp\/v2\/types\/product"}],"replies":[{"embeddable":true,"href":"https:\/\/medicpro.hr\/veleprodaja\/wp-json\/wp\/v2\/comments?post=59369"}],"wp:featuredmedia":[{"embeddable":true,"href":"https:\/\/medicpro.hr\/veleprodaja\/wp-json\/wp\/v2\/media\/48661"}],"wp:attachment":[{"href":"https:\/\/medicpro.hr\/veleprodaja\/wp-json\/wp\/v2\/media?parent=59369"}],"wp:term":[{"taxonomy":"product_brand","embeddable":true,"href":"https:\/\/medicpro.hr\/veleprodaja\/wp-json\/wp\/v2\/product_brand?post=59369"},{"taxonomy":"product_cat","embeddable":true,"href":"https:\/\/medicpro.hr\/veleprodaja\/wp-json\/wp\/v2\/product_cat?post=59369"},{"taxonomy":"product_tag","embeddable":true,"href":"https:\/\/medicpro.hr\/veleprodaja\/wp-json\/wp\/v2\/product_tag?post=59369"}],"curies":[{"name":"wp","href":"https:\/\/api.w.org\/{rel}","templated":true}]}}