{"id":59310,"date":"2025-09-01T02:56:39","date_gmt":"2025-09-01T00:56:39","guid":{"rendered":"https:\/\/zdesmedicpro-velepro.kuhada.net\/?post_type=product&#038;p=59310"},"modified":"2026-03-06T13:15:57","modified_gmt":"2026-03-06T12:15:57","slug":"uredaj-led-podoskop-za-plantarnu-analizu-stopala","status":"publish","type":"product","link":"https:\/\/medicpro.hr\/veleprodaja\/proizvod\/uredaj-led-podoskop-za-plantarnu-analizu-stopala\/","title":{"rendered":"URE\u0110AJ LED PODOSKOP ZA PLANTARNU ANALIZU STOPALA"},"content":{"rendered":"<ul>\n<li>Sna\u017ean i u\u010dinkovit ure\u0111aj za plantarnu analizu stopala izra\u0111en od lakiranog drveta, plastike i stakla.<\/li>\n<li>Sadr\u017ei <strong>dvostruko bo\u010dno osvjetljenje<\/strong> za jasniju analizu i <strong>ogledalo za precizni pogled na stopalo<\/strong> \u010dime se isti\u010du to\u010dke najve\u0107eg i najmanjeg optere\u0107enja.<\/li>\n<li>Bo\u010dni utori za ruke omogu\u0107uju korisniku lak\u0161e premje\u0161tanje ure\u0111aja.<\/li>\n<li>Dimenzije ure\u0111aja: 46 x 55 x 33 cm.<\/li>\n<li>Dimenzije gazi\u0161ta: 32 x 36 cm.<\/li>\n<li>Te\u017eina: 15.5 kg.<\/li>\n<li>Snaga: 100 &#8211; 240 V, 50\/60 Hz.<\/li>\n<li>Kapacitet: 200 kg.<\/li>\n<li>Ure\u0111aj je proizveden u Italiji.<\/li>\n<\/ul>\n","protected":false},"excerpt":{"rendered":"<p>Sna\u017ean i u\u010dinkovit ure\u0111aj za plantarnu analizu stopala izra\u0111en od lakiranog drveta, plastike i stakla. Sadr\u017ei dvostruko bo\u010dno osvjetljenje za<\/p>\n","protected":false},"featured_media":48535,"comment_status":"open","ping_status":"closed","template":"","meta":[],"product_brand":[],"product_cat":[702,717],"product_tag":[],"class_list":{"0":"post-59310","1":"product","2":"type-product","3":"status-publish","4":"has-post-thumbnail","6":"product_cat-dijagnostika","7":"product_cat-antropometrijski-instrumenti","9":"first","10":"onbackorder","11":"taxable","12":"shipping-taxable","13":"purchasable","14":"product-type-simple"},"acf":[],"yoast_head":"<!-- This site is optimized with the Yoast SEO plugin v27.3 - https:\/\/yoast.com\/product\/yoast-seo-wordpress\/ -->\n<title>URE\u0110AJ LED PODOSKOP ZA PLANTARNU ANALIZU STOPALA - Medicpro<\/title>\n<meta name=\"robots\" content=\"index, follow, max-snippet:-1, max-image-preview:large, max-video-preview:-1\" \/>\n<link rel=\"canonical\" href=\"https:\/\/medicpro.hr\/veleprodaja\/proizvod\/uredaj-led-podoskop-za-plantarnu-analizu-stopala\/\" \/>\n<meta property=\"og:locale\" content=\"hr_HR\" \/>\n<meta property=\"og:type\" content=\"article\" \/>\n<meta property=\"og:title\" content=\"URE\u0110AJ LED PODOSKOP ZA PLANTARNU ANALIZU STOPALA - Medicpro\" \/>\n<meta property=\"og:description\" content=\"Sna\u017ean i u\u010dinkovit ure\u0111aj za plantarnu analizu stopala izra\u0111en od lakiranog drveta, plastike i stakla. Sadr\u017ei dvostruko bo\u010dno osvjetljenje za\" \/>\n<meta property=\"og:url\" content=\"https:\/\/medicpro.hr\/veleprodaja\/proizvod\/uredaj-led-podoskop-za-plantarnu-analizu-stopala\/\" \/>\n<meta property=\"og:site_name\" content=\"Medicpro\" \/>\n<meta property=\"article:modified_time\" content=\"2026-03-06T12:15:57+00:00\" \/>\n<meta property=\"og:image\" content=\"https:\/\/medicpro.hr\/veleprodaja\/wp-content\/uploads\/2025\/06\/uredaj-za-plantarnu-analizu-stopala-led-podoskop-3.jpg\" \/>\n\t<meta property=\"og:image:width\" content=\"800\" \/>\n\t<meta property=\"og:image:height\" content=\"600\" \/>\n\t<meta property=\"og:image:type\" content=\"image\/jpeg\" \/>\n<meta name=\"twitter:card\" content=\"summary_large_image\" \/>\n<script type=\"application\/ld+json\" class=\"yoast-schema-graph\">{\"@context\":\"https:\\\/\\\/schema.org\",\"@graph\":[{\"@type\":\"WebPage\",\"@id\":\"https:\\\/\\\/medicpro.hr\\\/veleprodaja\\\/proizvod\\\/uredaj-led-podoskop-za-plantarnu-analizu-stopala\\\/\",\"url\":\"https:\\\/\\\/medicpro.hr\\\/veleprodaja\\\/proizvod\\\/uredaj-led-podoskop-za-plantarnu-analizu-stopala\\\/\",\"name\":\"URE\u0110AJ LED PODOSKOP ZA PLANTARNU ANALIZU STOPALA - Medicpro\",\"isPartOf\":{\"@id\":\"https:\\\/\\\/medicpro.hr\\\/veleprodaja\\\/#website\"},\"primaryImageOfPage\":{\"@id\":\"https:\\\/\\\/medicpro.hr\\\/veleprodaja\\\/proizvod\\\/uredaj-led-podoskop-za-plantarnu-analizu-stopala\\\/#primaryimage\"},\"image\":{\"@id\":\"https:\\\/\\\/medicpro.hr\\\/veleprodaja\\\/proizvod\\\/uredaj-led-podoskop-za-plantarnu-analizu-stopala\\\/#primaryimage\"},\"thumbnailUrl\":\"https:\\\/\\\/medicpro.hr\\\/veleprodaja\\\/wp-content\\\/uploads\\\/2025\\\/06\\\/uredaj-za-plantarnu-analizu-stopala-led-podoskop-3.jpg\",\"datePublished\":\"2025-09-01T00:56:39+00:00\",\"dateModified\":\"2026-03-06T12:15:57+00:00\",\"breadcrumb\":{\"@id\":\"https:\\\/\\\/medicpro.hr\\\/veleprodaja\\\/proizvod\\\/uredaj-led-podoskop-za-plantarnu-analizu-stopala\\\/#breadcrumb\"},\"inLanguage\":\"hr\",\"potentialAction\":[{\"@type\":\"ReadAction\",\"target\":[\"https:\\\/\\\/medicpro.hr\\\/veleprodaja\\\/proizvod\\\/uredaj-led-podoskop-za-plantarnu-analizu-stopala\\\/\"]}]},{\"@type\":\"ImageObject\",\"inLanguage\":\"hr\",\"@id\":\"https:\\\/\\\/medicpro.hr\\\/veleprodaja\\\/proizvod\\\/uredaj-led-podoskop-za-plantarnu-analizu-stopala\\\/#primaryimage\",\"url\":\"https:\\\/\\\/medicpro.hr\\\/veleprodaja\\\/wp-content\\\/uploads\\\/2025\\\/06\\\/uredaj-za-plantarnu-analizu-stopala-led-podoskop-3.jpg\",\"contentUrl\":\"https:\\\/\\\/medicpro.hr\\\/veleprodaja\\\/wp-content\\\/uploads\\\/2025\\\/06\\\/uredaj-za-plantarnu-analizu-stopala-led-podoskop-3.jpg\",\"width\":800,\"height\":600},{\"@type\":\"BreadcrumbList\",\"@id\":\"https:\\\/\\\/medicpro.hr\\\/veleprodaja\\\/proizvod\\\/uredaj-led-podoskop-za-plantarnu-analizu-stopala\\\/#breadcrumb\",\"itemListElement\":[{\"@type\":\"ListItem\",\"position\":1,\"name\":\"Po\u010detna stranica\",\"item\":\"https:\\\/\\\/medicpro.hr\\\/veleprodaja\\\/\"},{\"@type\":\"ListItem\",\"position\":2,\"name\":\"Veleprodaja\",\"item\":\"https:\\\/\\\/medicpro.hr\\\/veleprodaja\\\/trgovina\\\/\"},{\"@type\":\"ListItem\",\"position\":3,\"name\":\"URE\u0110AJ LED PODOSKOP ZA PLANTARNU ANALIZU STOPALA\"}]},{\"@type\":\"WebSite\",\"@id\":\"https:\\\/\\\/medicpro.hr\\\/veleprodaja\\\/#website\",\"url\":\"https:\\\/\\\/medicpro.hr\\\/veleprodaja\\\/\",\"name\":\"Medicpro.hr\",\"description\":\"Medicinski potro\u0161ni materijal i oprema\",\"publisher\":{\"@id\":\"https:\\\/\\\/medicpro.hr\\\/veleprodaja\\\/#organization\"},\"potentialAction\":[{\"@type\":\"SearchAction\",\"target\":{\"@type\":\"EntryPoint\",\"urlTemplate\":\"https:\\\/\\\/medicpro.hr\\\/veleprodaja\\\/?s={search_term_string}\"},\"query-input\":{\"@type\":\"PropertyValueSpecification\",\"valueRequired\":true,\"valueName\":\"search_term_string\"}}],\"inLanguage\":\"hr\"},{\"@type\":\"Organization\",\"@id\":\"https:\\\/\\\/medicpro.hr\\\/veleprodaja\\\/#organization\",\"name\":\"Medicpro d.o.o.\",\"url\":\"https:\\\/\\\/medicpro.hr\\\/veleprodaja\\\/\",\"logo\":{\"@type\":\"ImageObject\",\"inLanguage\":\"hr\",\"@id\":\"https:\\\/\\\/medicpro.hr\\\/veleprodaja\\\/#\\\/schema\\\/logo\\\/image\\\/\",\"url\":\"https:\\\/\\\/medicpro.hr\\\/veleprodaja\\\/wp-content\\\/uploads\\\/2025\\\/05\\\/medicpro_logo.svg\",\"contentUrl\":\"https:\\\/\\\/medicpro.hr\\\/veleprodaja\\\/wp-content\\\/uploads\\\/2025\\\/05\\\/medicpro_logo.svg\",\"width\":226,\"height\":42,\"caption\":\"Medicpro d.o.o.\"},\"image\":{\"@id\":\"https:\\\/\\\/medicpro.hr\\\/veleprodaja\\\/#\\\/schema\\\/logo\\\/image\\\/\"}}]}<\/script>\n<!-- \/ Yoast SEO plugin. -->","yoast_head_json":{"title":"URE\u0110AJ LED PODOSKOP ZA PLANTARNU ANALIZU STOPALA - Medicpro","robots":{"index":"index","follow":"follow","max-snippet":"max-snippet:-1","max-image-preview":"max-image-preview:large","max-video-preview":"max-video-preview:-1"},"canonical":"https:\/\/medicpro.hr\/veleprodaja\/proizvod\/uredaj-led-podoskop-za-plantarnu-analizu-stopala\/","og_locale":"hr_HR","og_type":"article","og_title":"URE\u0110AJ LED PODOSKOP ZA PLANTARNU ANALIZU STOPALA - Medicpro","og_description":"Sna\u017ean i u\u010dinkovit ure\u0111aj za plantarnu analizu stopala izra\u0111en od lakiranog drveta, plastike i stakla. Sadr\u017ei dvostruko bo\u010dno osvjetljenje za","og_url":"https:\/\/medicpro.hr\/veleprodaja\/proizvod\/uredaj-led-podoskop-za-plantarnu-analizu-stopala\/","og_site_name":"Medicpro","article_modified_time":"2026-03-06T12:15:57+00:00","og_image":[{"width":800,"height":600,"url":"https:\/\/medicpro.hr\/veleprodaja\/wp-content\/uploads\/2025\/06\/uredaj-za-plantarnu-analizu-stopala-led-podoskop-3.jpg","type":"image\/jpeg"}],"twitter_card":"summary_large_image","schema":{"@context":"https:\/\/schema.org","@graph":[{"@type":"WebPage","@id":"https:\/\/medicpro.hr\/veleprodaja\/proizvod\/uredaj-led-podoskop-za-plantarnu-analizu-stopala\/","url":"https:\/\/medicpro.hr\/veleprodaja\/proizvod\/uredaj-led-podoskop-za-plantarnu-analizu-stopala\/","name":"URE\u0110AJ LED PODOSKOP ZA PLANTARNU ANALIZU STOPALA - Medicpro","isPartOf":{"@id":"https:\/\/medicpro.hr\/veleprodaja\/#website"},"primaryImageOfPage":{"@id":"https:\/\/medicpro.hr\/veleprodaja\/proizvod\/uredaj-led-podoskop-za-plantarnu-analizu-stopala\/#primaryimage"},"image":{"@id":"https:\/\/medicpro.hr\/veleprodaja\/proizvod\/uredaj-led-podoskop-za-plantarnu-analizu-stopala\/#primaryimage"},"thumbnailUrl":"https:\/\/medicpro.hr\/veleprodaja\/wp-content\/uploads\/2025\/06\/uredaj-za-plantarnu-analizu-stopala-led-podoskop-3.jpg","datePublished":"2025-09-01T00:56:39+00:00","dateModified":"2026-03-06T12:15:57+00:00","breadcrumb":{"@id":"https:\/\/medicpro.hr\/veleprodaja\/proizvod\/uredaj-led-podoskop-za-plantarnu-analizu-stopala\/#breadcrumb"},"inLanguage":"hr","potentialAction":[{"@type":"ReadAction","target":["https:\/\/medicpro.hr\/veleprodaja\/proizvod\/uredaj-led-podoskop-za-plantarnu-analizu-stopala\/"]}]},{"@type":"ImageObject","inLanguage":"hr","@id":"https:\/\/medicpro.hr\/veleprodaja\/proizvod\/uredaj-led-podoskop-za-plantarnu-analizu-stopala\/#primaryimage","url":"https:\/\/medicpro.hr\/veleprodaja\/wp-content\/uploads\/2025\/06\/uredaj-za-plantarnu-analizu-stopala-led-podoskop-3.jpg","contentUrl":"https:\/\/medicpro.hr\/veleprodaja\/wp-content\/uploads\/2025\/06\/uredaj-za-plantarnu-analizu-stopala-led-podoskop-3.jpg","width":800,"height":600},{"@type":"BreadcrumbList","@id":"https:\/\/medicpro.hr\/veleprodaja\/proizvod\/uredaj-led-podoskop-za-plantarnu-analizu-stopala\/#breadcrumb","itemListElement":[{"@type":"ListItem","position":1,"name":"Po\u010detna stranica","item":"https:\/\/medicpro.hr\/veleprodaja\/"},{"@type":"ListItem","position":2,"name":"Veleprodaja","item":"https:\/\/medicpro.hr\/veleprodaja\/trgovina\/"},{"@type":"ListItem","position":3,"name":"URE\u0110AJ LED PODOSKOP ZA PLANTARNU ANALIZU STOPALA"}]},{"@type":"WebSite","@id":"https:\/\/medicpro.hr\/veleprodaja\/#website","url":"https:\/\/medicpro.hr\/veleprodaja\/","name":"Medicpro.hr","description":"Medicinski potro\u0161ni materijal i oprema","publisher":{"@id":"https:\/\/medicpro.hr\/veleprodaja\/#organization"},"potentialAction":[{"@type":"SearchAction","target":{"@type":"EntryPoint","urlTemplate":"https:\/\/medicpro.hr\/veleprodaja\/?s={search_term_string}"},"query-input":{"@type":"PropertyValueSpecification","valueRequired":true,"valueName":"search_term_string"}}],"inLanguage":"hr"},{"@type":"Organization","@id":"https:\/\/medicpro.hr\/veleprodaja\/#organization","name":"Medicpro d.o.o.","url":"https:\/\/medicpro.hr\/veleprodaja\/","logo":{"@type":"ImageObject","inLanguage":"hr","@id":"https:\/\/medicpro.hr\/veleprodaja\/#\/schema\/logo\/image\/","url":"https:\/\/medicpro.hr\/veleprodaja\/wp-content\/uploads\/2025\/05\/medicpro_logo.svg","contentUrl":"https:\/\/medicpro.hr\/veleprodaja\/wp-content\/uploads\/2025\/05\/medicpro_logo.svg","width":226,"height":42,"caption":"Medicpro d.o.o."},"image":{"@id":"https:\/\/medicpro.hr\/veleprodaja\/#\/schema\/logo\/image\/"}}]}},"_links":{"self":[{"href":"https:\/\/medicpro.hr\/veleprodaja\/wp-json\/wp\/v2\/product\/59310","targetHints":{"allow":["GET"]}}],"collection":[{"href":"https:\/\/medicpro.hr\/veleprodaja\/wp-json\/wp\/v2\/product"}],"about":[{"href":"https:\/\/medicpro.hr\/veleprodaja\/wp-json\/wp\/v2\/types\/product"}],"replies":[{"embeddable":true,"href":"https:\/\/medicpro.hr\/veleprodaja\/wp-json\/wp\/v2\/comments?post=59310"}],"wp:featuredmedia":[{"embeddable":true,"href":"https:\/\/medicpro.hr\/veleprodaja\/wp-json\/wp\/v2\/media\/48535"}],"wp:attachment":[{"href":"https:\/\/medicpro.hr\/veleprodaja\/wp-json\/wp\/v2\/media?parent=59310"}],"wp:term":[{"taxonomy":"product_brand","embeddable":true,"href":"https:\/\/medicpro.hr\/veleprodaja\/wp-json\/wp\/v2\/product_brand?post=59310"},{"taxonomy":"product_cat","embeddable":true,"href":"https:\/\/medicpro.hr\/veleprodaja\/wp-json\/wp\/v2\/product_cat?post=59310"},{"taxonomy":"product_tag","embeddable":true,"href":"https:\/\/medicpro.hr\/veleprodaja\/wp-json\/wp\/v2\/product_tag?post=59310"}],"curies":[{"name":"wp","href":"https:\/\/api.w.org\/{rel}","templated":true}]}}