{"id":2060892,"date":"2026-03-19T09:43:43","date_gmt":"2026-03-19T08:43:43","guid":{"rendered":"https:\/\/medicpro.hr\/veleprodaja\/?post_type=product&#038;p=2060892"},"modified":"2026-03-31T13:22:57","modified_gmt":"2026-03-31T11:22:57","slug":"inhalator-hospyneb-professional-230v-50-60-hz","status":"publish","type":"product","link":"https:\/\/medicpro.hr\/veleprodaja\/proizvod\/inhalator-hospyneb-professional-230v-50-60-hz\/","title":{"rendered":"INHALATOR HOSPYNEB PROFESSIONAL 230V-50\/60 Hz"},"content":{"rendered":"<ul>\n<li>Inhalator za aerosolnu terapiju respiratornog trakta s klipnim kompresorom i zra\u010dnim filterom.<\/li>\n<li>Za profesionalnu i ku\u0107nu upotrebu (uz savjetovanje s lije\u010dnikom)<strong>.<\/strong><\/li>\n<li><strong>Pouzdan, siguran i jednostavan za kori\u0161tenje, idealan za sve uzraste.<\/strong><\/li>\n<li>Izra\u0111en u skladu s va\u017ee\u0107im europskim propisima za sigurnost ure\u0111aja za elektromedicinsku uporabu (EN 60601-1; EN 13544-1).<\/li>\n<li>Sukladan EMC standardima EN 60601-1-2 (standardi za elektromagnetsku kompatibilnost).<\/li>\n<li>Proizveden u Italiji.<\/li>\n<li><strong>Tehni\u010dke specifikacije:<\/strong><\/li>\n<li>Napajanje: 230 V \u2013 50\/60 Hz.<\/li>\n<li>Radni tlak: 0 \u2013 1,3 bar.<\/li>\n<li>Maksimalni tlak (pritisak): 3,5 bar.<\/li>\n<li>Razina buke: 60 dBa.<\/li>\n<li>Protok zraka: 15 l\/min.<\/li>\n<li>Dimenzije: 28 x 19 x 17 cm.<\/li>\n<li>Te\u017eina: 4,1 kg.<\/li>\n<li><strong>Standardni pribor:<\/strong><\/li>\n<li>Fasterjet raspr\u0161iva\u010d sa sustavom ventila.<\/li>\n<li>Nastavci za usta i nos.<\/li>\n<li>Maska za odrasle (ne sadr\u017ei PVC i DEHP).<\/li>\n<li>Maska za djecu (ne sadr\u017ei PVC i DEHP).<\/li>\n<li>Rezervni filter.<\/li>\n<li>Zra\u010dna cijev.<\/li>\n<li>Kabel za napajanje.<\/li>\n<\/ul>\n","protected":false},"excerpt":{"rendered":"<p>Inhalator za aerosolnu terapiju respiratornog trakta s klipnim kompresorom i zra\u010dnim filterom. Za profesionalnu i ku\u0107nu upotrebu (uz savjetovanje s<\/p>\n","protected":false},"featured_media":2060934,"comment_status":"open","ping_status":"closed","template":"","meta":[],"product_brand":[],"product_cat":[700,764],"product_tag":[],"class_list":{"0":"post-2060892","1":"product","2":"type-product","3":"status-publish","4":"has-post-thumbnail","6":"product_cat-medicinski-uredaji","7":"product_cat-inhalatori","9":"first","10":"onbackorder","11":"taxable","12":"shipping-taxable","13":"purchasable","14":"product-type-simple"},"acf":[],"yoast_head":"<!-- This site is optimized with the Yoast SEO plugin v27.3 - https:\/\/yoast.com\/product\/yoast-seo-wordpress\/ -->\n<title>INHALATOR HOSPYNEB PROFESSIONAL 230V-50\/60 Hz - Medicpro<\/title>\n<meta name=\"description\" content=\"Inhalator za aerosolnu terapiju s klipnim kompresorom za profesionalnu i ku\u0107nu upotrebu. Pouzdan, siguran i jednostavan za kori\u0161tenje, uz kompletan pribor za odrasle i djecu.\" \/>\n<meta name=\"robots\" content=\"index, follow, max-snippet:-1, max-image-preview:large, max-video-preview:-1\" \/>\n<link rel=\"canonical\" href=\"https:\/\/medicpro.hr\/veleprodaja\/proizvod\/inhalator-hospyneb-professional-230v-50-60-hz\/\" \/>\n<meta property=\"og:locale\" content=\"hr_HR\" \/>\n<meta property=\"og:type\" content=\"article\" \/>\n<meta property=\"og:title\" content=\"INHALATOR HOSPYNEB PROFESSIONAL 230V-50\/60 Hz - Medicpro\" \/>\n<meta property=\"og:description\" content=\"Inhalator za aerosolnu terapiju s klipnim kompresorom za profesionalnu i ku\u0107nu upotrebu. Pouzdan, siguran i jednostavan za kori\u0161tenje, uz kompletan pribor za odrasle i djecu.\" \/>\n<meta property=\"og:url\" content=\"https:\/\/medicpro.hr\/veleprodaja\/proizvod\/inhalator-hospyneb-professional-230v-50-60-hz\/\" \/>\n<meta property=\"og:site_name\" content=\"Medicpro\" \/>\n<meta property=\"article:modified_time\" content=\"2026-03-31T11:22:57+00:00\" \/>\n<meta property=\"og:image\" content=\"https:\/\/medicpro.hr\/veleprodaja\/wp-content\/uploads\/2026\/03\/inhalator-hospyneb-professional-230v-50-60-hz.png\" \/>\n\t<meta property=\"og:image:width\" content=\"1890\" \/>\n\t<meta property=\"og:image:height\" content=\"1890\" \/>\n\t<meta property=\"og:image:type\" content=\"image\/png\" \/>\n<meta name=\"twitter:card\" content=\"summary_large_image\" \/>\n<meta name=\"twitter:label1\" content=\"Procijenjeno vrijeme \u010ditanja\" \/>\n\t<meta name=\"twitter:data1\" content=\"1 minuta\" \/>\n<script type=\"application\/ld+json\" class=\"yoast-schema-graph\">{\"@context\":\"https:\\\/\\\/schema.org\",\"@graph\":[{\"@type\":\"WebPage\",\"@id\":\"https:\\\/\\\/medicpro.hr\\\/veleprodaja\\\/proizvod\\\/inhalator-hospyneb-professional-230v-50-60-hz\\\/\",\"url\":\"https:\\\/\\\/medicpro.hr\\\/veleprodaja\\\/proizvod\\\/inhalator-hospyneb-professional-230v-50-60-hz\\\/\",\"name\":\"INHALATOR HOSPYNEB PROFESSIONAL 230V-50\\\/60 Hz - Medicpro\",\"isPartOf\":{\"@id\":\"https:\\\/\\\/medicpro.hr\\\/veleprodaja\\\/#website\"},\"primaryImageOfPage\":{\"@id\":\"https:\\\/\\\/medicpro.hr\\\/veleprodaja\\\/proizvod\\\/inhalator-hospyneb-professional-230v-50-60-hz\\\/#primaryimage\"},\"image\":{\"@id\":\"https:\\\/\\\/medicpro.hr\\\/veleprodaja\\\/proizvod\\\/inhalator-hospyneb-professional-230v-50-60-hz\\\/#primaryimage\"},\"thumbnailUrl\":\"https:\\\/\\\/medicpro.hr\\\/veleprodaja\\\/wp-content\\\/uploads\\\/2026\\\/03\\\/inhalator-hospyneb-professional-230v-50-60-hz.png\",\"datePublished\":\"2026-03-19T08:43:43+00:00\",\"dateModified\":\"2026-03-31T11:22:57+00:00\",\"description\":\"Inhalator za aerosolnu terapiju s klipnim kompresorom za profesionalnu i ku\u0107nu upotrebu. Pouzdan, siguran i jednostavan za kori\u0161tenje, uz kompletan pribor za odrasle i djecu.\",\"breadcrumb\":{\"@id\":\"https:\\\/\\\/medicpro.hr\\\/veleprodaja\\\/proizvod\\\/inhalator-hospyneb-professional-230v-50-60-hz\\\/#breadcrumb\"},\"inLanguage\":\"hr\",\"potentialAction\":[{\"@type\":\"ReadAction\",\"target\":[\"https:\\\/\\\/medicpro.hr\\\/veleprodaja\\\/proizvod\\\/inhalator-hospyneb-professional-230v-50-60-hz\\\/\"]}]},{\"@type\":\"ImageObject\",\"inLanguage\":\"hr\",\"@id\":\"https:\\\/\\\/medicpro.hr\\\/veleprodaja\\\/proizvod\\\/inhalator-hospyneb-professional-230v-50-60-hz\\\/#primaryimage\",\"url\":\"https:\\\/\\\/medicpro.hr\\\/veleprodaja\\\/wp-content\\\/uploads\\\/2026\\\/03\\\/inhalator-hospyneb-professional-230v-50-60-hz.png\",\"contentUrl\":\"https:\\\/\\\/medicpro.hr\\\/veleprodaja\\\/wp-content\\\/uploads\\\/2026\\\/03\\\/inhalator-hospyneb-professional-230v-50-60-hz.png\",\"width\":1890,\"height\":1890,\"caption\":\"INHALATOR HOSPYNEB PROFESSIONAL 230V-50\\\/60 Hz\"},{\"@type\":\"BreadcrumbList\",\"@id\":\"https:\\\/\\\/medicpro.hr\\\/veleprodaja\\\/proizvod\\\/inhalator-hospyneb-professional-230v-50-60-hz\\\/#breadcrumb\",\"itemListElement\":[{\"@type\":\"ListItem\",\"position\":1,\"name\":\"Po\u010detna stranica\",\"item\":\"https:\\\/\\\/medicpro.hr\\\/veleprodaja\\\/\"},{\"@type\":\"ListItem\",\"position\":2,\"name\":\"Veleprodaja\",\"item\":\"https:\\\/\\\/medicpro.hr\\\/veleprodaja\\\/trgovina\\\/\"},{\"@type\":\"ListItem\",\"position\":3,\"name\":\"INHALATOR HOSPYNEB PROFESSIONAL 230V-50\\\/60 Hz\"}]},{\"@type\":\"WebSite\",\"@id\":\"https:\\\/\\\/medicpro.hr\\\/veleprodaja\\\/#website\",\"url\":\"https:\\\/\\\/medicpro.hr\\\/veleprodaja\\\/\",\"name\":\"Medicpro.hr\",\"description\":\"Medicinski potro\u0161ni materijal i oprema\",\"publisher\":{\"@id\":\"https:\\\/\\\/medicpro.hr\\\/veleprodaja\\\/#organization\"},\"potentialAction\":[{\"@type\":\"SearchAction\",\"target\":{\"@type\":\"EntryPoint\",\"urlTemplate\":\"https:\\\/\\\/medicpro.hr\\\/veleprodaja\\\/?s={search_term_string}\"},\"query-input\":{\"@type\":\"PropertyValueSpecification\",\"valueRequired\":true,\"valueName\":\"search_term_string\"}}],\"inLanguage\":\"hr\"},{\"@type\":\"Organization\",\"@id\":\"https:\\\/\\\/medicpro.hr\\\/veleprodaja\\\/#organization\",\"name\":\"Medicpro d.o.o.\",\"url\":\"https:\\\/\\\/medicpro.hr\\\/veleprodaja\\\/\",\"logo\":{\"@type\":\"ImageObject\",\"inLanguage\":\"hr\",\"@id\":\"https:\\\/\\\/medicpro.hr\\\/veleprodaja\\\/#\\\/schema\\\/logo\\\/image\\\/\",\"url\":\"https:\\\/\\\/medicpro.hr\\\/veleprodaja\\\/wp-content\\\/uploads\\\/2025\\\/05\\\/medicpro_logo.svg\",\"contentUrl\":\"https:\\\/\\\/medicpro.hr\\\/veleprodaja\\\/wp-content\\\/uploads\\\/2025\\\/05\\\/medicpro_logo.svg\",\"width\":226,\"height\":42,\"caption\":\"Medicpro d.o.o.\"},\"image\":{\"@id\":\"https:\\\/\\\/medicpro.hr\\\/veleprodaja\\\/#\\\/schema\\\/logo\\\/image\\\/\"}}]}<\/script>\n<!-- \/ Yoast SEO plugin. -->","yoast_head_json":{"title":"INHALATOR HOSPYNEB PROFESSIONAL 230V-50\/60 Hz - Medicpro","description":"Inhalator za aerosolnu terapiju s klipnim kompresorom za profesionalnu i ku\u0107nu upotrebu. Pouzdan, siguran i jednostavan za kori\u0161tenje, uz kompletan pribor za odrasle i djecu.","robots":{"index":"index","follow":"follow","max-snippet":"max-snippet:-1","max-image-preview":"max-image-preview:large","max-video-preview":"max-video-preview:-1"},"canonical":"https:\/\/medicpro.hr\/veleprodaja\/proizvod\/inhalator-hospyneb-professional-230v-50-60-hz\/","og_locale":"hr_HR","og_type":"article","og_title":"INHALATOR HOSPYNEB PROFESSIONAL 230V-50\/60 Hz - Medicpro","og_description":"Inhalator za aerosolnu terapiju s klipnim kompresorom za profesionalnu i ku\u0107nu upotrebu. Pouzdan, siguran i jednostavan za kori\u0161tenje, uz kompletan pribor za odrasle i djecu.","og_url":"https:\/\/medicpro.hr\/veleprodaja\/proizvod\/inhalator-hospyneb-professional-230v-50-60-hz\/","og_site_name":"Medicpro","article_modified_time":"2026-03-31T11:22:57+00:00","og_image":[{"width":1890,"height":1890,"url":"https:\/\/medicpro.hr\/veleprodaja\/wp-content\/uploads\/2026\/03\/inhalator-hospyneb-professional-230v-50-60-hz.png","type":"image\/png"}],"twitter_card":"summary_large_image","twitter_misc":{"Procijenjeno vrijeme \u010ditanja":"1 minuta"},"schema":{"@context":"https:\/\/schema.org","@graph":[{"@type":"WebPage","@id":"https:\/\/medicpro.hr\/veleprodaja\/proizvod\/inhalator-hospyneb-professional-230v-50-60-hz\/","url":"https:\/\/medicpro.hr\/veleprodaja\/proizvod\/inhalator-hospyneb-professional-230v-50-60-hz\/","name":"INHALATOR HOSPYNEB PROFESSIONAL 230V-50\/60 Hz - Medicpro","isPartOf":{"@id":"https:\/\/medicpro.hr\/veleprodaja\/#website"},"primaryImageOfPage":{"@id":"https:\/\/medicpro.hr\/veleprodaja\/proizvod\/inhalator-hospyneb-professional-230v-50-60-hz\/#primaryimage"},"image":{"@id":"https:\/\/medicpro.hr\/veleprodaja\/proizvod\/inhalator-hospyneb-professional-230v-50-60-hz\/#primaryimage"},"thumbnailUrl":"https:\/\/medicpro.hr\/veleprodaja\/wp-content\/uploads\/2026\/03\/inhalator-hospyneb-professional-230v-50-60-hz.png","datePublished":"2026-03-19T08:43:43+00:00","dateModified":"2026-03-31T11:22:57+00:00","description":"Inhalator za aerosolnu terapiju s klipnim kompresorom za profesionalnu i ku\u0107nu upotrebu. Pouzdan, siguran i jednostavan za kori\u0161tenje, uz kompletan pribor za odrasle i djecu.","breadcrumb":{"@id":"https:\/\/medicpro.hr\/veleprodaja\/proizvod\/inhalator-hospyneb-professional-230v-50-60-hz\/#breadcrumb"},"inLanguage":"hr","potentialAction":[{"@type":"ReadAction","target":["https:\/\/medicpro.hr\/veleprodaja\/proizvod\/inhalator-hospyneb-professional-230v-50-60-hz\/"]}]},{"@type":"ImageObject","inLanguage":"hr","@id":"https:\/\/medicpro.hr\/veleprodaja\/proizvod\/inhalator-hospyneb-professional-230v-50-60-hz\/#primaryimage","url":"https:\/\/medicpro.hr\/veleprodaja\/wp-content\/uploads\/2026\/03\/inhalator-hospyneb-professional-230v-50-60-hz.png","contentUrl":"https:\/\/medicpro.hr\/veleprodaja\/wp-content\/uploads\/2026\/03\/inhalator-hospyneb-professional-230v-50-60-hz.png","width":1890,"height":1890,"caption":"INHALATOR HOSPYNEB PROFESSIONAL 230V-50\/60 Hz"},{"@type":"BreadcrumbList","@id":"https:\/\/medicpro.hr\/veleprodaja\/proizvod\/inhalator-hospyneb-professional-230v-50-60-hz\/#breadcrumb","itemListElement":[{"@type":"ListItem","position":1,"name":"Po\u010detna stranica","item":"https:\/\/medicpro.hr\/veleprodaja\/"},{"@type":"ListItem","position":2,"name":"Veleprodaja","item":"https:\/\/medicpro.hr\/veleprodaja\/trgovina\/"},{"@type":"ListItem","position":3,"name":"INHALATOR HOSPYNEB PROFESSIONAL 230V-50\/60 Hz"}]},{"@type":"WebSite","@id":"https:\/\/medicpro.hr\/veleprodaja\/#website","url":"https:\/\/medicpro.hr\/veleprodaja\/","name":"Medicpro.hr","description":"Medicinski potro\u0161ni materijal i oprema","publisher":{"@id":"https:\/\/medicpro.hr\/veleprodaja\/#organization"},"potentialAction":[{"@type":"SearchAction","target":{"@type":"EntryPoint","urlTemplate":"https:\/\/medicpro.hr\/veleprodaja\/?s={search_term_string}"},"query-input":{"@type":"PropertyValueSpecification","valueRequired":true,"valueName":"search_term_string"}}],"inLanguage":"hr"},{"@type":"Organization","@id":"https:\/\/medicpro.hr\/veleprodaja\/#organization","name":"Medicpro d.o.o.","url":"https:\/\/medicpro.hr\/veleprodaja\/","logo":{"@type":"ImageObject","inLanguage":"hr","@id":"https:\/\/medicpro.hr\/veleprodaja\/#\/schema\/logo\/image\/","url":"https:\/\/medicpro.hr\/veleprodaja\/wp-content\/uploads\/2025\/05\/medicpro_logo.svg","contentUrl":"https:\/\/medicpro.hr\/veleprodaja\/wp-content\/uploads\/2025\/05\/medicpro_logo.svg","width":226,"height":42,"caption":"Medicpro d.o.o."},"image":{"@id":"https:\/\/medicpro.hr\/veleprodaja\/#\/schema\/logo\/image\/"}}]}},"_links":{"self":[{"href":"https:\/\/medicpro.hr\/veleprodaja\/wp-json\/wp\/v2\/product\/2060892","targetHints":{"allow":["GET"]}}],"collection":[{"href":"https:\/\/medicpro.hr\/veleprodaja\/wp-json\/wp\/v2\/product"}],"about":[{"href":"https:\/\/medicpro.hr\/veleprodaja\/wp-json\/wp\/v2\/types\/product"}],"replies":[{"embeddable":true,"href":"https:\/\/medicpro.hr\/veleprodaja\/wp-json\/wp\/v2\/comments?post=2060892"}],"wp:featuredmedia":[{"embeddable":true,"href":"https:\/\/medicpro.hr\/veleprodaja\/wp-json\/wp\/v2\/media\/2060934"}],"wp:attachment":[{"href":"https:\/\/medicpro.hr\/veleprodaja\/wp-json\/wp\/v2\/media?parent=2060892"}],"wp:term":[{"taxonomy":"product_brand","embeddable":true,"href":"https:\/\/medicpro.hr\/veleprodaja\/wp-json\/wp\/v2\/product_brand?post=2060892"},{"taxonomy":"product_cat","embeddable":true,"href":"https:\/\/medicpro.hr\/veleprodaja\/wp-json\/wp\/v2\/product_cat?post=2060892"},{"taxonomy":"product_tag","embeddable":true,"href":"https:\/\/medicpro.hr\/veleprodaja\/wp-json\/wp\/v2\/product_tag?post=2060892"}],"curies":[{"name":"wp","href":"https:\/\/api.w.org\/{rel}","templated":true}]}}