{"id":2060888,"date":"2026-03-19T09:26:10","date_gmt":"2026-03-19T08:26:10","guid":{"rendered":"https:\/\/medicpro.hr\/veleprodaja\/?post_type=product&#038;p=2060888"},"modified":"2026-03-31T12:11:00","modified_gmt":"2026-03-31T10:11:00","slug":"komplet-vakuum-udlaga-3-kom-ruka-noga-podlaktica","status":"publish","type":"product","link":"https:\/\/medicpro.hr\/veleprodaja\/proizvod\/komplet-vakuum-udlaga-3-kom-ruka-noga-podlaktica\/","title":{"rendered":"KOMPLET VAKUUM UDLAGA 3 KOM (RUKA, NOGA, PODLAKTICA)"},"content":{"rendered":"<ul>\n<li>Sadr\u017eaj kompleta: komplet uklju\u010duje vakuumske <strong>udlage za ruku, lakat i nogu, najlonsku torbu i pumpu<\/strong>.<\/li>\n<li>Materijal: izra\u0111ene od visokokvalitetnog i <strong>izdr\u017eljivog TPU materijala<\/strong>, punjene ne\u0161kodljivim EPS granulama.<\/li>\n<li>Dijagnostika: prikladne za <strong>RTG snimanja i CT skeniranje (propusne za zra\u010denje)<\/strong>.<\/li>\n<li>Prilagodljivost: \u010dvrsto\u0107a udlaga mo\u017ee se regulirati ispumpavanjem zraka ovisno o situaciji.<\/li>\n<li>Funkcionalnost: brzo i jednostavno pode\u0161avanje meko\u0107e i tvrdo\u0107e udlage.<\/li>\n<li>Dimenzije pakiranja: 50 x 28 x 22 cm<\/li>\n<li>Dodatna oprema: uklju\u010dena transportna torba i pumpa zapremnine 0,25 l.<\/li>\n<\/ul>\n","protected":false},"excerpt":{"rendered":"<p>Sadr\u017eaj kompleta: komplet uklju\u010duje vakuumske udlage za ruku, lakat i nogu, najlonsku torbu i pumpu. Materijal: izra\u0111ene od visokokvalitetnog i<\/p>\n","protected":false},"featured_media":2060931,"comment_status":"open","ping_status":"closed","template":"","meta":[],"product_brand":[],"product_cat":[708,775],"product_tag":[],"class_list":{"0":"post-2060888","1":"product","2":"type-product","3":"status-publish","4":"has-post-thumbnail","6":"product_cat-prva-pomoc-i-reanimacija","7":"product_cat-udlage","9":"first","10":"onbackorder","11":"taxable","12":"shipping-taxable","13":"purchasable","14":"product-type-simple"},"acf":[],"yoast_head":"<!-- This site is optimized with the Yoast SEO plugin v27.3 - https:\/\/yoast.com\/product\/yoast-seo-wordpress\/ -->\n<title>KOMPLET VAKUUM UDLAGA 3 KOM (RUKA, NOGA, PODLAKTICA) - Medicpro<\/title>\n<meta name=\"description\" content=\"Komplet vakuumskih udlaga za ruku, lakat i nogu od izdr\u017eljivog TPU materijala, RTG i CT propusan. Uklju\u010duje torbu i pumpu za brzo i jednostavno pode\u0161avanje \u010dvrsto\u0107e.\" \/>\n<meta name=\"robots\" content=\"index, follow, max-snippet:-1, max-image-preview:large, max-video-preview:-1\" \/>\n<link rel=\"canonical\" href=\"https:\/\/medicpro.hr\/veleprodaja\/proizvod\/komplet-vakuum-udlaga-3-kom-ruka-noga-podlaktica\/\" \/>\n<meta property=\"og:locale\" content=\"hr_HR\" \/>\n<meta property=\"og:type\" content=\"article\" \/>\n<meta property=\"og:title\" content=\"KOMPLET VAKUUM UDLAGA 3 KOM (RUKA, NOGA, PODLAKTICA) - Medicpro\" \/>\n<meta property=\"og:description\" content=\"Komplet vakuumskih udlaga za ruku, lakat i nogu od izdr\u017eljivog TPU materijala, RTG i CT propusan. Uklju\u010duje torbu i pumpu za brzo i jednostavno pode\u0161avanje \u010dvrsto\u0107e.\" \/>\n<meta property=\"og:url\" content=\"https:\/\/medicpro.hr\/veleprodaja\/proizvod\/komplet-vakuum-udlaga-3-kom-ruka-noga-podlaktica\/\" \/>\n<meta property=\"og:site_name\" content=\"Medicpro\" \/>\n<meta property=\"article:modified_time\" content=\"2026-03-31T10:11:00+00:00\" \/>\n<meta property=\"og:image\" content=\"https:\/\/medicpro.hr\/veleprodaja\/wp-content\/uploads\/2026\/03\/komplet-vakuum-udlaga-3-kom-ruka-noga-podlakrica.png\" \/>\n\t<meta property=\"og:image:width\" content=\"1890\" \/>\n\t<meta property=\"og:image:height\" content=\"1890\" \/>\n\t<meta property=\"og:image:type\" content=\"image\/png\" \/>\n<meta name=\"twitter:card\" content=\"summary_large_image\" \/>\n<meta name=\"twitter:label1\" content=\"Procijenjeno vrijeme \u010ditanja\" \/>\n\t<meta name=\"twitter:data1\" content=\"1 minuta\" \/>\n<script type=\"application\/ld+json\" class=\"yoast-schema-graph\">{\"@context\":\"https:\\\/\\\/schema.org\",\"@graph\":[{\"@type\":\"WebPage\",\"@id\":\"https:\\\/\\\/medicpro.hr\\\/veleprodaja\\\/proizvod\\\/komplet-vakuum-udlaga-3-kom-ruka-noga-podlaktica\\\/\",\"url\":\"https:\\\/\\\/medicpro.hr\\\/veleprodaja\\\/proizvod\\\/komplet-vakuum-udlaga-3-kom-ruka-noga-podlaktica\\\/\",\"name\":\"KOMPLET VAKUUM UDLAGA 3 KOM (RUKA, NOGA, PODLAKTICA) - Medicpro\",\"isPartOf\":{\"@id\":\"https:\\\/\\\/medicpro.hr\\\/veleprodaja\\\/#website\"},\"primaryImageOfPage\":{\"@id\":\"https:\\\/\\\/medicpro.hr\\\/veleprodaja\\\/proizvod\\\/komplet-vakuum-udlaga-3-kom-ruka-noga-podlaktica\\\/#primaryimage\"},\"image\":{\"@id\":\"https:\\\/\\\/medicpro.hr\\\/veleprodaja\\\/proizvod\\\/komplet-vakuum-udlaga-3-kom-ruka-noga-podlaktica\\\/#primaryimage\"},\"thumbnailUrl\":\"https:\\\/\\\/medicpro.hr\\\/veleprodaja\\\/wp-content\\\/uploads\\\/2026\\\/03\\\/komplet-vakuum-udlaga-3-kom-ruka-noga-podlakrica.png\",\"datePublished\":\"2026-03-19T08:26:10+00:00\",\"dateModified\":\"2026-03-31T10:11:00+00:00\",\"description\":\"Komplet vakuumskih udlaga za ruku, lakat i nogu od izdr\u017eljivog TPU materijala, RTG i CT propusan. Uklju\u010duje torbu i pumpu za brzo i jednostavno pode\u0161avanje \u010dvrsto\u0107e.\",\"breadcrumb\":{\"@id\":\"https:\\\/\\\/medicpro.hr\\\/veleprodaja\\\/proizvod\\\/komplet-vakuum-udlaga-3-kom-ruka-noga-podlaktica\\\/#breadcrumb\"},\"inLanguage\":\"hr\",\"potentialAction\":[{\"@type\":\"ReadAction\",\"target\":[\"https:\\\/\\\/medicpro.hr\\\/veleprodaja\\\/proizvod\\\/komplet-vakuum-udlaga-3-kom-ruka-noga-podlaktica\\\/\"]}]},{\"@type\":\"ImageObject\",\"inLanguage\":\"hr\",\"@id\":\"https:\\\/\\\/medicpro.hr\\\/veleprodaja\\\/proizvod\\\/komplet-vakuum-udlaga-3-kom-ruka-noga-podlaktica\\\/#primaryimage\",\"url\":\"https:\\\/\\\/medicpro.hr\\\/veleprodaja\\\/wp-content\\\/uploads\\\/2026\\\/03\\\/komplet-vakuum-udlaga-3-kom-ruka-noga-podlakrica.png\",\"contentUrl\":\"https:\\\/\\\/medicpro.hr\\\/veleprodaja\\\/wp-content\\\/uploads\\\/2026\\\/03\\\/komplet-vakuum-udlaga-3-kom-ruka-noga-podlakrica.png\",\"width\":1890,\"height\":1890,\"caption\":\"KOMPLET VAKUUM UDLAGA 3 KOM (RUKA, NOGA, PODLAKTICA)\"},{\"@type\":\"BreadcrumbList\",\"@id\":\"https:\\\/\\\/medicpro.hr\\\/veleprodaja\\\/proizvod\\\/komplet-vakuum-udlaga-3-kom-ruka-noga-podlaktica\\\/#breadcrumb\",\"itemListElement\":[{\"@type\":\"ListItem\",\"position\":1,\"name\":\"Po\u010detna stranica\",\"item\":\"https:\\\/\\\/medicpro.hr\\\/veleprodaja\\\/\"},{\"@type\":\"ListItem\",\"position\":2,\"name\":\"Veleprodaja\",\"item\":\"https:\\\/\\\/medicpro.hr\\\/veleprodaja\\\/trgovina\\\/\"},{\"@type\":\"ListItem\",\"position\":3,\"name\":\"KOMPLET VAKUUM UDLAGA 3 KOM (RUKA, NOGA, PODLAKTICA)\"}]},{\"@type\":\"WebSite\",\"@id\":\"https:\\\/\\\/medicpro.hr\\\/veleprodaja\\\/#website\",\"url\":\"https:\\\/\\\/medicpro.hr\\\/veleprodaja\\\/\",\"name\":\"Medicpro.hr\",\"description\":\"Medicinski potro\u0161ni materijal i oprema\",\"publisher\":{\"@id\":\"https:\\\/\\\/medicpro.hr\\\/veleprodaja\\\/#organization\"},\"potentialAction\":[{\"@type\":\"SearchAction\",\"target\":{\"@type\":\"EntryPoint\",\"urlTemplate\":\"https:\\\/\\\/medicpro.hr\\\/veleprodaja\\\/?s={search_term_string}\"},\"query-input\":{\"@type\":\"PropertyValueSpecification\",\"valueRequired\":true,\"valueName\":\"search_term_string\"}}],\"inLanguage\":\"hr\"},{\"@type\":\"Organization\",\"@id\":\"https:\\\/\\\/medicpro.hr\\\/veleprodaja\\\/#organization\",\"name\":\"Medicpro d.o.o.\",\"url\":\"https:\\\/\\\/medicpro.hr\\\/veleprodaja\\\/\",\"logo\":{\"@type\":\"ImageObject\",\"inLanguage\":\"hr\",\"@id\":\"https:\\\/\\\/medicpro.hr\\\/veleprodaja\\\/#\\\/schema\\\/logo\\\/image\\\/\",\"url\":\"https:\\\/\\\/medicpro.hr\\\/veleprodaja\\\/wp-content\\\/uploads\\\/2025\\\/05\\\/medicpro_logo.svg\",\"contentUrl\":\"https:\\\/\\\/medicpro.hr\\\/veleprodaja\\\/wp-content\\\/uploads\\\/2025\\\/05\\\/medicpro_logo.svg\",\"width\":226,\"height\":42,\"caption\":\"Medicpro d.o.o.\"},\"image\":{\"@id\":\"https:\\\/\\\/medicpro.hr\\\/veleprodaja\\\/#\\\/schema\\\/logo\\\/image\\\/\"}}]}<\/script>\n<!-- \/ Yoast SEO plugin. -->","yoast_head_json":{"title":"KOMPLET VAKUUM UDLAGA 3 KOM (RUKA, NOGA, PODLAKTICA) - Medicpro","description":"Komplet vakuumskih udlaga za ruku, lakat i nogu od izdr\u017eljivog TPU materijala, RTG i CT propusan. Uklju\u010duje torbu i pumpu za brzo i jednostavno pode\u0161avanje \u010dvrsto\u0107e.","robots":{"index":"index","follow":"follow","max-snippet":"max-snippet:-1","max-image-preview":"max-image-preview:large","max-video-preview":"max-video-preview:-1"},"canonical":"https:\/\/medicpro.hr\/veleprodaja\/proizvod\/komplet-vakuum-udlaga-3-kom-ruka-noga-podlaktica\/","og_locale":"hr_HR","og_type":"article","og_title":"KOMPLET VAKUUM UDLAGA 3 KOM (RUKA, NOGA, PODLAKTICA) - Medicpro","og_description":"Komplet vakuumskih udlaga za ruku, lakat i nogu od izdr\u017eljivog TPU materijala, RTG i CT propusan. Uklju\u010duje torbu i pumpu za brzo i jednostavno pode\u0161avanje \u010dvrsto\u0107e.","og_url":"https:\/\/medicpro.hr\/veleprodaja\/proizvod\/komplet-vakuum-udlaga-3-kom-ruka-noga-podlaktica\/","og_site_name":"Medicpro","article_modified_time":"2026-03-31T10:11:00+00:00","og_image":[{"width":1890,"height":1890,"url":"https:\/\/medicpro.hr\/veleprodaja\/wp-content\/uploads\/2026\/03\/komplet-vakuum-udlaga-3-kom-ruka-noga-podlakrica.png","type":"image\/png"}],"twitter_card":"summary_large_image","twitter_misc":{"Procijenjeno vrijeme \u010ditanja":"1 minuta"},"schema":{"@context":"https:\/\/schema.org","@graph":[{"@type":"WebPage","@id":"https:\/\/medicpro.hr\/veleprodaja\/proizvod\/komplet-vakuum-udlaga-3-kom-ruka-noga-podlaktica\/","url":"https:\/\/medicpro.hr\/veleprodaja\/proizvod\/komplet-vakuum-udlaga-3-kom-ruka-noga-podlaktica\/","name":"KOMPLET VAKUUM UDLAGA 3 KOM (RUKA, NOGA, PODLAKTICA) - Medicpro","isPartOf":{"@id":"https:\/\/medicpro.hr\/veleprodaja\/#website"},"primaryImageOfPage":{"@id":"https:\/\/medicpro.hr\/veleprodaja\/proizvod\/komplet-vakuum-udlaga-3-kom-ruka-noga-podlaktica\/#primaryimage"},"image":{"@id":"https:\/\/medicpro.hr\/veleprodaja\/proizvod\/komplet-vakuum-udlaga-3-kom-ruka-noga-podlaktica\/#primaryimage"},"thumbnailUrl":"https:\/\/medicpro.hr\/veleprodaja\/wp-content\/uploads\/2026\/03\/komplet-vakuum-udlaga-3-kom-ruka-noga-podlakrica.png","datePublished":"2026-03-19T08:26:10+00:00","dateModified":"2026-03-31T10:11:00+00:00","description":"Komplet vakuumskih udlaga za ruku, lakat i nogu od izdr\u017eljivog TPU materijala, RTG i CT propusan. Uklju\u010duje torbu i pumpu za brzo i jednostavno pode\u0161avanje \u010dvrsto\u0107e.","breadcrumb":{"@id":"https:\/\/medicpro.hr\/veleprodaja\/proizvod\/komplet-vakuum-udlaga-3-kom-ruka-noga-podlaktica\/#breadcrumb"},"inLanguage":"hr","potentialAction":[{"@type":"ReadAction","target":["https:\/\/medicpro.hr\/veleprodaja\/proizvod\/komplet-vakuum-udlaga-3-kom-ruka-noga-podlaktica\/"]}]},{"@type":"ImageObject","inLanguage":"hr","@id":"https:\/\/medicpro.hr\/veleprodaja\/proizvod\/komplet-vakuum-udlaga-3-kom-ruka-noga-podlaktica\/#primaryimage","url":"https:\/\/medicpro.hr\/veleprodaja\/wp-content\/uploads\/2026\/03\/komplet-vakuum-udlaga-3-kom-ruka-noga-podlakrica.png","contentUrl":"https:\/\/medicpro.hr\/veleprodaja\/wp-content\/uploads\/2026\/03\/komplet-vakuum-udlaga-3-kom-ruka-noga-podlakrica.png","width":1890,"height":1890,"caption":"KOMPLET VAKUUM UDLAGA 3 KOM (RUKA, NOGA, PODLAKTICA)"},{"@type":"BreadcrumbList","@id":"https:\/\/medicpro.hr\/veleprodaja\/proizvod\/komplet-vakuum-udlaga-3-kom-ruka-noga-podlaktica\/#breadcrumb","itemListElement":[{"@type":"ListItem","position":1,"name":"Po\u010detna stranica","item":"https:\/\/medicpro.hr\/veleprodaja\/"},{"@type":"ListItem","position":2,"name":"Veleprodaja","item":"https:\/\/medicpro.hr\/veleprodaja\/trgovina\/"},{"@type":"ListItem","position":3,"name":"KOMPLET VAKUUM UDLAGA 3 KOM (RUKA, NOGA, PODLAKTICA)"}]},{"@type":"WebSite","@id":"https:\/\/medicpro.hr\/veleprodaja\/#website","url":"https:\/\/medicpro.hr\/veleprodaja\/","name":"Medicpro.hr","description":"Medicinski potro\u0161ni materijal i oprema","publisher":{"@id":"https:\/\/medicpro.hr\/veleprodaja\/#organization"},"potentialAction":[{"@type":"SearchAction","target":{"@type":"EntryPoint","urlTemplate":"https:\/\/medicpro.hr\/veleprodaja\/?s={search_term_string}"},"query-input":{"@type":"PropertyValueSpecification","valueRequired":true,"valueName":"search_term_string"}}],"inLanguage":"hr"},{"@type":"Organization","@id":"https:\/\/medicpro.hr\/veleprodaja\/#organization","name":"Medicpro d.o.o.","url":"https:\/\/medicpro.hr\/veleprodaja\/","logo":{"@type":"ImageObject","inLanguage":"hr","@id":"https:\/\/medicpro.hr\/veleprodaja\/#\/schema\/logo\/image\/","url":"https:\/\/medicpro.hr\/veleprodaja\/wp-content\/uploads\/2025\/05\/medicpro_logo.svg","contentUrl":"https:\/\/medicpro.hr\/veleprodaja\/wp-content\/uploads\/2025\/05\/medicpro_logo.svg","width":226,"height":42,"caption":"Medicpro d.o.o."},"image":{"@id":"https:\/\/medicpro.hr\/veleprodaja\/#\/schema\/logo\/image\/"}}]}},"_links":{"self":[{"href":"https:\/\/medicpro.hr\/veleprodaja\/wp-json\/wp\/v2\/product\/2060888","targetHints":{"allow":["GET"]}}],"collection":[{"href":"https:\/\/medicpro.hr\/veleprodaja\/wp-json\/wp\/v2\/product"}],"about":[{"href":"https:\/\/medicpro.hr\/veleprodaja\/wp-json\/wp\/v2\/types\/product"}],"replies":[{"embeddable":true,"href":"https:\/\/medicpro.hr\/veleprodaja\/wp-json\/wp\/v2\/comments?post=2060888"}],"wp:featuredmedia":[{"embeddable":true,"href":"https:\/\/medicpro.hr\/veleprodaja\/wp-json\/wp\/v2\/media\/2060931"}],"wp:attachment":[{"href":"https:\/\/medicpro.hr\/veleprodaja\/wp-json\/wp\/v2\/media?parent=2060888"}],"wp:term":[{"taxonomy":"product_brand","embeddable":true,"href":"https:\/\/medicpro.hr\/veleprodaja\/wp-json\/wp\/v2\/product_brand?post=2060888"},{"taxonomy":"product_cat","embeddable":true,"href":"https:\/\/medicpro.hr\/veleprodaja\/wp-json\/wp\/v2\/product_cat?post=2060888"},{"taxonomy":"product_tag","embeddable":true,"href":"https:\/\/medicpro.hr\/veleprodaja\/wp-json\/wp\/v2\/product_tag?post=2060888"}],"curies":[{"name":"wp","href":"https:\/\/api.w.org\/{rel}","templated":true}]}}