{"id":2060857,"date":"2026-03-12T10:31:43","date_gmt":"2026-03-12T09:31:43","guid":{"rendered":"https:\/\/medicpro.hr\/veleprodaja\/?post_type=product&#038;p=2060857"},"modified":"2026-03-18T12:37:15","modified_gmt":"2026-03-18T11:37:15","slug":"steri-strip-3mm-x-75mm-a-1","status":"publish","type":"product","link":"https:\/\/medicpro.hr\/veleprodaja\/proizvod\/steri-strip-3mm-x-75mm-a-1\/","title":{"rendered":"STERI STRIP 3mm x 75mm a&#8217;1"},"content":{"rendered":"<ul>\n<li>Steri strip su sterilne trakice (\u0161av flasteri) za zatvaranje rana na ko\u017ei.<\/li>\n<li>Indicirane <strong>za zatvaranje ko\u017ee prilikom obrade laceracija te kirur\u0161kih incizija<\/strong>.<\/li>\n<li>Mogu se upotrijebiti u kombinaciji s ko\u017enim \u0161avovima ili spajalicama te kao pomo\u0107 pri zacjeljivanju nakon njihova uklanjanja.<\/li>\n<li><strong>Trakice su udobne te se raste\u017eu u skladu s tjelesnim pokretima<\/strong>.<\/li>\n<li>Izra\u0111ene od poroznog, netkanog te elasti\u010dnog materijala.<\/li>\n<li><strong>Oja\u010dane vlaknima radi \u010dvrsto\u0107e<\/strong>.<\/li>\n<li>Dimenzije: 3mm x 75mm.<\/li>\n<li>Cijena se odnosi na jedan omot koji sadr\u017ei 5 trakica.<\/li>\n<\/ul>\n","protected":false},"excerpt":{"rendered":"<p>Steri strip su sterilne trakice (\u0161av flasteri) za zatvaranje rana na ko\u017ei. Indicirane za zatvaranje ko\u017ee prilikom obrade laceracija te<\/p>\n","protected":false},"featured_media":2060876,"comment_status":"open","ping_status":"closed","template":"","meta":[],"product_brand":[],"product_cat":[748,749,802],"product_tag":[],"class_list":{"0":"post-2060857","1":"product","2":"type-product","3":"status-publish","4":"has-post-thumbnail","6":"product_cat-zavojni-materijal","7":"product_cat-flasteri","8":"product_cat-steri-strip","10":"first","11":"instock","12":"taxable","13":"shipping-taxable","14":"purchasable","15":"product-type-simple"},"acf":[],"yoast_head":"<!-- This site is optimized with the Yoast SEO plugin v27.3 - https:\/\/yoast.com\/product\/yoast-seo-wordpress\/ -->\n<title>STERI STRIP 3mm x 75mm a&#039;1 - Medicpro<\/title>\n<meta name=\"description\" content=\"Steri Strip sterilne trakice za zatvaranje rana (3 x 75 mm), idealne za laceracije i kirur\u0161ke incizije. Elasti\u010dne, porozne i udobne za sigurno cijeljenje ko\u017ee. Omot s 5 trakica.\" \/>\n<meta name=\"robots\" content=\"index, follow, max-snippet:-1, max-image-preview:large, max-video-preview:-1\" \/>\n<link rel=\"canonical\" href=\"https:\/\/medicpro.hr\/veleprodaja\/proizvod\/steri-strip-3mm-x-75mm-a-1\/\" \/>\n<meta property=\"og:locale\" content=\"hr_HR\" \/>\n<meta property=\"og:type\" content=\"article\" \/>\n<meta property=\"og:title\" content=\"STERI STRIP 3mm x 75mm a&#039;1 - Medicpro\" \/>\n<meta property=\"og:description\" content=\"Steri Strip sterilne trakice za zatvaranje rana (3 x 75 mm), idealne za laceracije i kirur\u0161ke incizije. Elasti\u010dne, porozne i udobne za sigurno cijeljenje ko\u017ee. Omot s 5 trakica.\" \/>\n<meta property=\"og:url\" content=\"https:\/\/medicpro.hr\/veleprodaja\/proizvod\/steri-strip-3mm-x-75mm-a-1\/\" \/>\n<meta property=\"og:site_name\" content=\"Medicpro\" \/>\n<meta property=\"article:modified_time\" content=\"2026-03-18T11:37:15+00:00\" \/>\n<meta property=\"og:image\" content=\"https:\/\/medicpro.hr\/veleprodaja\/wp-content\/uploads\/2026\/03\/steri-strip-3-mm-x-75-mm-a-1-e1773830198367.jpg\" \/>\n\t<meta property=\"og:image:width\" content=\"800\" \/>\n\t<meta property=\"og:image:height\" content=\"800\" \/>\n\t<meta property=\"og:image:type\" content=\"image\/jpeg\" \/>\n<meta name=\"twitter:card\" content=\"summary_large_image\" \/>\n<meta name=\"twitter:label1\" content=\"Procijenjeno vrijeme \u010ditanja\" \/>\n\t<meta name=\"twitter:data1\" content=\"1 minuta\" \/>\n<script type=\"application\/ld+json\" class=\"yoast-schema-graph\">{\"@context\":\"https:\\\/\\\/schema.org\",\"@graph\":[{\"@type\":\"WebPage\",\"@id\":\"https:\\\/\\\/medicpro.hr\\\/veleprodaja\\\/proizvod\\\/steri-strip-3mm-x-75mm-a-1\\\/\",\"url\":\"https:\\\/\\\/medicpro.hr\\\/veleprodaja\\\/proizvod\\\/steri-strip-3mm-x-75mm-a-1\\\/\",\"name\":\"STERI STRIP 3mm x 75mm a'1 - Medicpro\",\"isPartOf\":{\"@id\":\"https:\\\/\\\/medicpro.hr\\\/veleprodaja\\\/#website\"},\"primaryImageOfPage\":{\"@id\":\"https:\\\/\\\/medicpro.hr\\\/veleprodaja\\\/proizvod\\\/steri-strip-3mm-x-75mm-a-1\\\/#primaryimage\"},\"image\":{\"@id\":\"https:\\\/\\\/medicpro.hr\\\/veleprodaja\\\/proizvod\\\/steri-strip-3mm-x-75mm-a-1\\\/#primaryimage\"},\"thumbnailUrl\":\"https:\\\/\\\/medicpro.hr\\\/veleprodaja\\\/wp-content\\\/uploads\\\/2026\\\/03\\\/steri-strip-3-mm-x-75-mm-a-1-e1773830198367.jpg\",\"datePublished\":\"2026-03-12T09:31:43+00:00\",\"dateModified\":\"2026-03-18T11:37:15+00:00\",\"description\":\"Steri Strip sterilne trakice za zatvaranje rana (3 x 75 mm), idealne za laceracije i kirur\u0161ke incizije. Elasti\u010dne, porozne i udobne za sigurno cijeljenje ko\u017ee. Omot s 5 trakica.\",\"breadcrumb\":{\"@id\":\"https:\\\/\\\/medicpro.hr\\\/veleprodaja\\\/proizvod\\\/steri-strip-3mm-x-75mm-a-1\\\/#breadcrumb\"},\"inLanguage\":\"hr\",\"potentialAction\":[{\"@type\":\"ReadAction\",\"target\":[\"https:\\\/\\\/medicpro.hr\\\/veleprodaja\\\/proizvod\\\/steri-strip-3mm-x-75mm-a-1\\\/\"]}]},{\"@type\":\"ImageObject\",\"inLanguage\":\"hr\",\"@id\":\"https:\\\/\\\/medicpro.hr\\\/veleprodaja\\\/proizvod\\\/steri-strip-3mm-x-75mm-a-1\\\/#primaryimage\",\"url\":\"https:\\\/\\\/medicpro.hr\\\/veleprodaja\\\/wp-content\\\/uploads\\\/2026\\\/03\\\/steri-strip-3-mm-x-75-mm-a-1-e1773830198367.jpg\",\"contentUrl\":\"https:\\\/\\\/medicpro.hr\\\/veleprodaja\\\/wp-content\\\/uploads\\\/2026\\\/03\\\/steri-strip-3-mm-x-75-mm-a-1-e1773830198367.jpg\",\"width\":800,\"height\":800,\"caption\":\"Steri strip dimenzije 3mm x 75mm\"},{\"@type\":\"BreadcrumbList\",\"@id\":\"https:\\\/\\\/medicpro.hr\\\/veleprodaja\\\/proizvod\\\/steri-strip-3mm-x-75mm-a-1\\\/#breadcrumb\",\"itemListElement\":[{\"@type\":\"ListItem\",\"position\":1,\"name\":\"Po\u010detna stranica\",\"item\":\"https:\\\/\\\/medicpro.hr\\\/veleprodaja\\\/\"},{\"@type\":\"ListItem\",\"position\":2,\"name\":\"Veleprodaja\",\"item\":\"https:\\\/\\\/medicpro.hr\\\/veleprodaja\\\/trgovina\\\/\"},{\"@type\":\"ListItem\",\"position\":3,\"name\":\"STERI STRIP 3mm x 75mm a&#8217;1\"}]},{\"@type\":\"WebSite\",\"@id\":\"https:\\\/\\\/medicpro.hr\\\/veleprodaja\\\/#website\",\"url\":\"https:\\\/\\\/medicpro.hr\\\/veleprodaja\\\/\",\"name\":\"Medicpro.hr\",\"description\":\"Medicinski potro\u0161ni materijal i oprema\",\"publisher\":{\"@id\":\"https:\\\/\\\/medicpro.hr\\\/veleprodaja\\\/#organization\"},\"potentialAction\":[{\"@type\":\"SearchAction\",\"target\":{\"@type\":\"EntryPoint\",\"urlTemplate\":\"https:\\\/\\\/medicpro.hr\\\/veleprodaja\\\/?s={search_term_string}\"},\"query-input\":{\"@type\":\"PropertyValueSpecification\",\"valueRequired\":true,\"valueName\":\"search_term_string\"}}],\"inLanguage\":\"hr\"},{\"@type\":\"Organization\",\"@id\":\"https:\\\/\\\/medicpro.hr\\\/veleprodaja\\\/#organization\",\"name\":\"Medicpro d.o.o.\",\"url\":\"https:\\\/\\\/medicpro.hr\\\/veleprodaja\\\/\",\"logo\":{\"@type\":\"ImageObject\",\"inLanguage\":\"hr\",\"@id\":\"https:\\\/\\\/medicpro.hr\\\/veleprodaja\\\/#\\\/schema\\\/logo\\\/image\\\/\",\"url\":\"https:\\\/\\\/medicpro.hr\\\/veleprodaja\\\/wp-content\\\/uploads\\\/2025\\\/05\\\/medicpro_logo.svg\",\"contentUrl\":\"https:\\\/\\\/medicpro.hr\\\/veleprodaja\\\/wp-content\\\/uploads\\\/2025\\\/05\\\/medicpro_logo.svg\",\"width\":226,\"height\":42,\"caption\":\"Medicpro d.o.o.\"},\"image\":{\"@id\":\"https:\\\/\\\/medicpro.hr\\\/veleprodaja\\\/#\\\/schema\\\/logo\\\/image\\\/\"}}]}<\/script>\n<!-- \/ Yoast SEO plugin. -->","yoast_head_json":{"title":"STERI STRIP 3mm x 75mm a'1 - Medicpro","description":"Steri Strip sterilne trakice za zatvaranje rana (3 x 75 mm), idealne za laceracije i kirur\u0161ke incizije. Elasti\u010dne, porozne i udobne za sigurno cijeljenje ko\u017ee. Omot s 5 trakica.","robots":{"index":"index","follow":"follow","max-snippet":"max-snippet:-1","max-image-preview":"max-image-preview:large","max-video-preview":"max-video-preview:-1"},"canonical":"https:\/\/medicpro.hr\/veleprodaja\/proizvod\/steri-strip-3mm-x-75mm-a-1\/","og_locale":"hr_HR","og_type":"article","og_title":"STERI STRIP 3mm x 75mm a'1 - Medicpro","og_description":"Steri Strip sterilne trakice za zatvaranje rana (3 x 75 mm), idealne za laceracije i kirur\u0161ke incizije. Elasti\u010dne, porozne i udobne za sigurno cijeljenje ko\u017ee. Omot s 5 trakica.","og_url":"https:\/\/medicpro.hr\/veleprodaja\/proizvod\/steri-strip-3mm-x-75mm-a-1\/","og_site_name":"Medicpro","article_modified_time":"2026-03-18T11:37:15+00:00","og_image":[{"width":800,"height":800,"url":"https:\/\/medicpro.hr\/veleprodaja\/wp-content\/uploads\/2026\/03\/steri-strip-3-mm-x-75-mm-a-1-e1773830198367.jpg","type":"image\/jpeg"}],"twitter_card":"summary_large_image","twitter_misc":{"Procijenjeno vrijeme \u010ditanja":"1 minuta"},"schema":{"@context":"https:\/\/schema.org","@graph":[{"@type":"WebPage","@id":"https:\/\/medicpro.hr\/veleprodaja\/proizvod\/steri-strip-3mm-x-75mm-a-1\/","url":"https:\/\/medicpro.hr\/veleprodaja\/proizvod\/steri-strip-3mm-x-75mm-a-1\/","name":"STERI STRIP 3mm x 75mm a'1 - Medicpro","isPartOf":{"@id":"https:\/\/medicpro.hr\/veleprodaja\/#website"},"primaryImageOfPage":{"@id":"https:\/\/medicpro.hr\/veleprodaja\/proizvod\/steri-strip-3mm-x-75mm-a-1\/#primaryimage"},"image":{"@id":"https:\/\/medicpro.hr\/veleprodaja\/proizvod\/steri-strip-3mm-x-75mm-a-1\/#primaryimage"},"thumbnailUrl":"https:\/\/medicpro.hr\/veleprodaja\/wp-content\/uploads\/2026\/03\/steri-strip-3-mm-x-75-mm-a-1-e1773830198367.jpg","datePublished":"2026-03-12T09:31:43+00:00","dateModified":"2026-03-18T11:37:15+00:00","description":"Steri Strip sterilne trakice za zatvaranje rana (3 x 75 mm), idealne za laceracije i kirur\u0161ke incizije. Elasti\u010dne, porozne i udobne za sigurno cijeljenje ko\u017ee. Omot s 5 trakica.","breadcrumb":{"@id":"https:\/\/medicpro.hr\/veleprodaja\/proizvod\/steri-strip-3mm-x-75mm-a-1\/#breadcrumb"},"inLanguage":"hr","potentialAction":[{"@type":"ReadAction","target":["https:\/\/medicpro.hr\/veleprodaja\/proizvod\/steri-strip-3mm-x-75mm-a-1\/"]}]},{"@type":"ImageObject","inLanguage":"hr","@id":"https:\/\/medicpro.hr\/veleprodaja\/proizvod\/steri-strip-3mm-x-75mm-a-1\/#primaryimage","url":"https:\/\/medicpro.hr\/veleprodaja\/wp-content\/uploads\/2026\/03\/steri-strip-3-mm-x-75-mm-a-1-e1773830198367.jpg","contentUrl":"https:\/\/medicpro.hr\/veleprodaja\/wp-content\/uploads\/2026\/03\/steri-strip-3-mm-x-75-mm-a-1-e1773830198367.jpg","width":800,"height":800,"caption":"Steri strip dimenzije 3mm x 75mm"},{"@type":"BreadcrumbList","@id":"https:\/\/medicpro.hr\/veleprodaja\/proizvod\/steri-strip-3mm-x-75mm-a-1\/#breadcrumb","itemListElement":[{"@type":"ListItem","position":1,"name":"Po\u010detna stranica","item":"https:\/\/medicpro.hr\/veleprodaja\/"},{"@type":"ListItem","position":2,"name":"Veleprodaja","item":"https:\/\/medicpro.hr\/veleprodaja\/trgovina\/"},{"@type":"ListItem","position":3,"name":"STERI STRIP 3mm x 75mm a&#8217;1"}]},{"@type":"WebSite","@id":"https:\/\/medicpro.hr\/veleprodaja\/#website","url":"https:\/\/medicpro.hr\/veleprodaja\/","name":"Medicpro.hr","description":"Medicinski potro\u0161ni materijal i oprema","publisher":{"@id":"https:\/\/medicpro.hr\/veleprodaja\/#organization"},"potentialAction":[{"@type":"SearchAction","target":{"@type":"EntryPoint","urlTemplate":"https:\/\/medicpro.hr\/veleprodaja\/?s={search_term_string}"},"query-input":{"@type":"PropertyValueSpecification","valueRequired":true,"valueName":"search_term_string"}}],"inLanguage":"hr"},{"@type":"Organization","@id":"https:\/\/medicpro.hr\/veleprodaja\/#organization","name":"Medicpro d.o.o.","url":"https:\/\/medicpro.hr\/veleprodaja\/","logo":{"@type":"ImageObject","inLanguage":"hr","@id":"https:\/\/medicpro.hr\/veleprodaja\/#\/schema\/logo\/image\/","url":"https:\/\/medicpro.hr\/veleprodaja\/wp-content\/uploads\/2025\/05\/medicpro_logo.svg","contentUrl":"https:\/\/medicpro.hr\/veleprodaja\/wp-content\/uploads\/2025\/05\/medicpro_logo.svg","width":226,"height":42,"caption":"Medicpro d.o.o."},"image":{"@id":"https:\/\/medicpro.hr\/veleprodaja\/#\/schema\/logo\/image\/"}}]}},"_links":{"self":[{"href":"https:\/\/medicpro.hr\/veleprodaja\/wp-json\/wp\/v2\/product\/2060857","targetHints":{"allow":["GET"]}}],"collection":[{"href":"https:\/\/medicpro.hr\/veleprodaja\/wp-json\/wp\/v2\/product"}],"about":[{"href":"https:\/\/medicpro.hr\/veleprodaja\/wp-json\/wp\/v2\/types\/product"}],"replies":[{"embeddable":true,"href":"https:\/\/medicpro.hr\/veleprodaja\/wp-json\/wp\/v2\/comments?post=2060857"}],"wp:featuredmedia":[{"embeddable":true,"href":"https:\/\/medicpro.hr\/veleprodaja\/wp-json\/wp\/v2\/media\/2060876"}],"wp:attachment":[{"href":"https:\/\/medicpro.hr\/veleprodaja\/wp-json\/wp\/v2\/media?parent=2060857"}],"wp:term":[{"taxonomy":"product_brand","embeddable":true,"href":"https:\/\/medicpro.hr\/veleprodaja\/wp-json\/wp\/v2\/product_brand?post=2060857"},{"taxonomy":"product_cat","embeddable":true,"href":"https:\/\/medicpro.hr\/veleprodaja\/wp-json\/wp\/v2\/product_cat?post=2060857"},{"taxonomy":"product_tag","embeddable":true,"href":"https:\/\/medicpro.hr\/veleprodaja\/wp-json\/wp\/v2\/product_tag?post=2060857"}],"curies":[{"name":"wp","href":"https:\/\/api.w.org\/{rel}","templated":true}]}}