{"id":2060808,"date":"2026-03-04T14:03:06","date_gmt":"2026-03-04T13:03:06","guid":{"rendered":"https:\/\/medicpro.hr\/veleprodaja\/?post_type=product&#038;p=2060808"},"modified":"2026-03-06T13:15:59","modified_gmt":"2026-03-06T12:15:59","slug":"inj-igla-safety-08x38mm-21g-zelena-a100","status":"publish","type":"product","link":"https:\/\/medicpro.hr\/veleprodaja\/proizvod\/inj-igla-safety-08x38mm-21g-zelena-a100\/","title":{"rendered":"INJ. IGLA SAFETY 0,8x38mm 21G ZELENA a&#8217;100"},"content":{"rendered":"<ul>\n<li>Injekcijska igla safety dizajnirana je za <strong data-start=\"75\" data-end=\"105\">minimalnu traumu pri ubodu<\/strong>, zahvaljuju\u0107i <strong data-start=\"120\" data-end=\"162\">trostruko bru\u0161enom vrhu (triple bevel)<\/strong>.<\/li>\n<li>Svaki dio igle obra\u0111en je kako bi <strong data-start=\"201\" data-end=\"234\">injekcija bila \u0161to bezbolnija<\/strong>.<\/li>\n<li>Safety mehanizam <strong data-start=\"273\" data-end=\"307\">\u0161titi od slu\u010dajnih uboda iglom<\/strong> nakon injekcije. To zna\u010dajno smanjuje rizik od profesionalne izlo\u017eenosti krvi i infekcijama tijekom rada.<\/li>\n<li>Igle su izra\u0111ene od <strong data-start=\"259\" data-end=\"290\">nehr\u0111aju\u0107eg \u010delika AISI 304<\/strong> te su <strong data-start=\"297\" data-end=\"332\">potpuno netoksi\u010dne i nepirogene<\/strong>.<\/li>\n<li><strong data-start=\"356\" data-end=\"369\">Veli\u010dina:<\/strong> 21G \u2013 0,8\u00d738mm.<\/li>\n<li><strong data-start=\"392\" data-end=\"412\">Referentna boja:<\/strong> zelena.<\/li>\n<li>\n<p data-start=\"423\" data-end=\"437\"><strong data-start=\"423\" data-end=\"437\">Pakiranje:<\/strong><\/p>\n<ul data-start=\"438\" data-end=\"553\" data-is-last-node=\"\" data-is-only-node=\"\">\n<li data-start=\"438\" data-end=\"466\">\n<p data-start=\"440\" data-end=\"466\">kutija od <strong data-start=\"450\" data-end=\"464\">100 komada<\/strong><\/p>\n<\/li>\n<li data-start=\"467\" data-end=\"515\">\n<p data-start=\"469\" data-end=\"515\"><strong data-start=\"469\" data-end=\"513\">pojedina\u010dno pakirane u sterilnom blister pakiranju.<\/strong><\/p>\n<\/li>\n<\/ul>\n<\/li>\n<li data-start=\"467\" data-end=\"515\">Cijena se odnosi na pakiranje od 100 komada.<\/li>\n<\/ul>\n","protected":false},"excerpt":{"rendered":"<p>Injekcijska igla safety dizajnirana je za minimalnu traumu pri ubodu, zahvaljuju\u0107i trostruko bru\u0161enom vrhu (triple bevel). Svaki dio igle obra\u0111en<\/p>\n","protected":false},"featured_media":2060835,"comment_status":"open","ping_status":"closed","template":"","meta":[],"product_brand":[],"product_cat":[720,763],"product_tag":[],"class_list":{"0":"post-2060808","1":"product","2":"type-product","3":"status-publish","4":"has-post-thumbnail","6":"product_cat-injekcijski-materijal","7":"product_cat-injekcijske-igle","9":"first","10":"instock","11":"taxable","12":"shipping-taxable","13":"purchasable","14":"product-type-simple"},"acf":[],"yoast_head":"<!-- This site is optimized with the Yoast SEO plugin v27.3 - https:\/\/yoast.com\/product\/yoast-seo-wordpress\/ -->\n<title>INJ. IGLA SAFETY 0,8x38mm 21G ZELENA a&#039;100 - Medicpro<\/title>\n<meta name=\"description\" content=\"Sigurnosne hipodermi\u010dne igle sa safety mehanizmom za za\u0161titu od uboda. Trostruko bru\u0161en vrh za manje boli i preciznu injekciju. Sterilno pakiranje 100 kom.\" \/>\n<meta name=\"robots\" content=\"index, follow, max-snippet:-1, max-image-preview:large, max-video-preview:-1\" \/>\n<link rel=\"canonical\" href=\"https:\/\/medicpro.hr\/veleprodaja\/proizvod\/inj-igla-safety-08x38mm-21g-zelena-a100\/\" \/>\n<meta property=\"og:locale\" content=\"hr_HR\" \/>\n<meta property=\"og:type\" content=\"article\" \/>\n<meta property=\"og:title\" content=\"INJ. IGLA SAFETY 0,8x38mm 21G ZELENA a&#039;100 - Medicpro\" \/>\n<meta property=\"og:description\" content=\"Sigurnosne hipodermi\u010dne igle sa safety mehanizmom za za\u0161titu od uboda. Trostruko bru\u0161en vrh za manje boli i preciznu injekciju. Sterilno pakiranje 100 kom.\" \/>\n<meta property=\"og:url\" content=\"https:\/\/medicpro.hr\/veleprodaja\/proizvod\/inj-igla-safety-08x38mm-21g-zelena-a100\/\" \/>\n<meta property=\"og:site_name\" content=\"Medicpro\" \/>\n<meta property=\"article:modified_time\" content=\"2026-03-06T12:15:59+00:00\" \/>\n<meta property=\"og:image\" content=\"https:\/\/medicpro.hr\/veleprodaja\/wp-content\/uploads\/2026\/03\/injekcijska-igla-safety-0.8-x-38-mm-21g-zelena.png\" \/>\n\t<meta property=\"og:image:width\" content=\"1890\" \/>\n\t<meta property=\"og:image:height\" content=\"1890\" \/>\n\t<meta property=\"og:image:type\" content=\"image\/png\" \/>\n<meta name=\"twitter:card\" content=\"summary_large_image\" \/>\n<meta name=\"twitter:label1\" content=\"Procijenjeno vrijeme \u010ditanja\" \/>\n\t<meta name=\"twitter:data1\" content=\"1 minuta\" \/>\n<script type=\"application\/ld+json\" class=\"yoast-schema-graph\">{\"@context\":\"https:\\\/\\\/schema.org\",\"@graph\":[{\"@type\":\"WebPage\",\"@id\":\"https:\\\/\\\/medicpro.hr\\\/veleprodaja\\\/proizvod\\\/inj-igla-safety-08x38mm-21g-zelena-a100\\\/\",\"url\":\"https:\\\/\\\/medicpro.hr\\\/veleprodaja\\\/proizvod\\\/inj-igla-safety-08x38mm-21g-zelena-a100\\\/\",\"name\":\"INJ. IGLA SAFETY 0,8x38mm 21G ZELENA a'100 - Medicpro\",\"isPartOf\":{\"@id\":\"https:\\\/\\\/medicpro.hr\\\/veleprodaja\\\/#website\"},\"primaryImageOfPage\":{\"@id\":\"https:\\\/\\\/medicpro.hr\\\/veleprodaja\\\/proizvod\\\/inj-igla-safety-08x38mm-21g-zelena-a100\\\/#primaryimage\"},\"image\":{\"@id\":\"https:\\\/\\\/medicpro.hr\\\/veleprodaja\\\/proizvod\\\/inj-igla-safety-08x38mm-21g-zelena-a100\\\/#primaryimage\"},\"thumbnailUrl\":\"https:\\\/\\\/medicpro.hr\\\/veleprodaja\\\/wp-content\\\/uploads\\\/2026\\\/03\\\/injekcijska-igla-safety-0.8-x-38-mm-21g-zelena.png\",\"datePublished\":\"2026-03-04T13:03:06+00:00\",\"dateModified\":\"2026-03-06T12:15:59+00:00\",\"description\":\"Sigurnosne hipodermi\u010dne igle sa safety mehanizmom za za\u0161titu od uboda. Trostruko bru\u0161en vrh za manje boli i preciznu injekciju. Sterilno pakiranje 100 kom.\",\"breadcrumb\":{\"@id\":\"https:\\\/\\\/medicpro.hr\\\/veleprodaja\\\/proizvod\\\/inj-igla-safety-08x38mm-21g-zelena-a100\\\/#breadcrumb\"},\"inLanguage\":\"hr\",\"potentialAction\":[{\"@type\":\"ReadAction\",\"target\":[\"https:\\\/\\\/medicpro.hr\\\/veleprodaja\\\/proizvod\\\/inj-igla-safety-08x38mm-21g-zelena-a100\\\/\"]}]},{\"@type\":\"ImageObject\",\"inLanguage\":\"hr\",\"@id\":\"https:\\\/\\\/medicpro.hr\\\/veleprodaja\\\/proizvod\\\/inj-igla-safety-08x38mm-21g-zelena-a100\\\/#primaryimage\",\"url\":\"https:\\\/\\\/medicpro.hr\\\/veleprodaja\\\/wp-content\\\/uploads\\\/2026\\\/03\\\/injekcijska-igla-safety-0.8-x-38-mm-21g-zelena.png\",\"contentUrl\":\"https:\\\/\\\/medicpro.hr\\\/veleprodaja\\\/wp-content\\\/uploads\\\/2026\\\/03\\\/injekcijska-igla-safety-0.8-x-38-mm-21g-zelena.png\",\"width\":1890,\"height\":1890,\"caption\":\"Injekcijska igla safety 0,8x38 mm 21G zelena\"},{\"@type\":\"BreadcrumbList\",\"@id\":\"https:\\\/\\\/medicpro.hr\\\/veleprodaja\\\/proizvod\\\/inj-igla-safety-08x38mm-21g-zelena-a100\\\/#breadcrumb\",\"itemListElement\":[{\"@type\":\"ListItem\",\"position\":1,\"name\":\"Po\u010detna stranica\",\"item\":\"https:\\\/\\\/medicpro.hr\\\/veleprodaja\\\/\"},{\"@type\":\"ListItem\",\"position\":2,\"name\":\"Veleprodaja\",\"item\":\"https:\\\/\\\/medicpro.hr\\\/veleprodaja\\\/trgovina\\\/\"},{\"@type\":\"ListItem\",\"position\":3,\"name\":\"INJ. IGLA SAFETY 0,8x38mm 21G ZELENA a&#8217;100\"}]},{\"@type\":\"WebSite\",\"@id\":\"https:\\\/\\\/medicpro.hr\\\/veleprodaja\\\/#website\",\"url\":\"https:\\\/\\\/medicpro.hr\\\/veleprodaja\\\/\",\"name\":\"Medicpro.hr\",\"description\":\"Medicinski potro\u0161ni materijal i oprema\",\"publisher\":{\"@id\":\"https:\\\/\\\/medicpro.hr\\\/veleprodaja\\\/#organization\"},\"potentialAction\":[{\"@type\":\"SearchAction\",\"target\":{\"@type\":\"EntryPoint\",\"urlTemplate\":\"https:\\\/\\\/medicpro.hr\\\/veleprodaja\\\/?s={search_term_string}\"},\"query-input\":{\"@type\":\"PropertyValueSpecification\",\"valueRequired\":true,\"valueName\":\"search_term_string\"}}],\"inLanguage\":\"hr\"},{\"@type\":\"Organization\",\"@id\":\"https:\\\/\\\/medicpro.hr\\\/veleprodaja\\\/#organization\",\"name\":\"Medicpro d.o.o.\",\"url\":\"https:\\\/\\\/medicpro.hr\\\/veleprodaja\\\/\",\"logo\":{\"@type\":\"ImageObject\",\"inLanguage\":\"hr\",\"@id\":\"https:\\\/\\\/medicpro.hr\\\/veleprodaja\\\/#\\\/schema\\\/logo\\\/image\\\/\",\"url\":\"https:\\\/\\\/medicpro.hr\\\/veleprodaja\\\/wp-content\\\/uploads\\\/2025\\\/05\\\/medicpro_logo.svg\",\"contentUrl\":\"https:\\\/\\\/medicpro.hr\\\/veleprodaja\\\/wp-content\\\/uploads\\\/2025\\\/05\\\/medicpro_logo.svg\",\"width\":226,\"height\":42,\"caption\":\"Medicpro d.o.o.\"},\"image\":{\"@id\":\"https:\\\/\\\/medicpro.hr\\\/veleprodaja\\\/#\\\/schema\\\/logo\\\/image\\\/\"}}]}<\/script>\n<!-- \/ Yoast SEO plugin. -->","yoast_head_json":{"title":"INJ. IGLA SAFETY 0,8x38mm 21G ZELENA a'100 - Medicpro","description":"Sigurnosne hipodermi\u010dne igle sa safety mehanizmom za za\u0161titu od uboda. Trostruko bru\u0161en vrh za manje boli i preciznu injekciju. Sterilno pakiranje 100 kom.","robots":{"index":"index","follow":"follow","max-snippet":"max-snippet:-1","max-image-preview":"max-image-preview:large","max-video-preview":"max-video-preview:-1"},"canonical":"https:\/\/medicpro.hr\/veleprodaja\/proizvod\/inj-igla-safety-08x38mm-21g-zelena-a100\/","og_locale":"hr_HR","og_type":"article","og_title":"INJ. IGLA SAFETY 0,8x38mm 21G ZELENA a'100 - Medicpro","og_description":"Sigurnosne hipodermi\u010dne igle sa safety mehanizmom za za\u0161titu od uboda. Trostruko bru\u0161en vrh za manje boli i preciznu injekciju. Sterilno pakiranje 100 kom.","og_url":"https:\/\/medicpro.hr\/veleprodaja\/proizvod\/inj-igla-safety-08x38mm-21g-zelena-a100\/","og_site_name":"Medicpro","article_modified_time":"2026-03-06T12:15:59+00:00","og_image":[{"width":1890,"height":1890,"url":"https:\/\/medicpro.hr\/veleprodaja\/wp-content\/uploads\/2026\/03\/injekcijska-igla-safety-0.8-x-38-mm-21g-zelena.png","type":"image\/png"}],"twitter_card":"summary_large_image","twitter_misc":{"Procijenjeno vrijeme \u010ditanja":"1 minuta"},"schema":{"@context":"https:\/\/schema.org","@graph":[{"@type":"WebPage","@id":"https:\/\/medicpro.hr\/veleprodaja\/proizvod\/inj-igla-safety-08x38mm-21g-zelena-a100\/","url":"https:\/\/medicpro.hr\/veleprodaja\/proizvod\/inj-igla-safety-08x38mm-21g-zelena-a100\/","name":"INJ. IGLA SAFETY 0,8x38mm 21G ZELENA a'100 - Medicpro","isPartOf":{"@id":"https:\/\/medicpro.hr\/veleprodaja\/#website"},"primaryImageOfPage":{"@id":"https:\/\/medicpro.hr\/veleprodaja\/proizvod\/inj-igla-safety-08x38mm-21g-zelena-a100\/#primaryimage"},"image":{"@id":"https:\/\/medicpro.hr\/veleprodaja\/proizvod\/inj-igla-safety-08x38mm-21g-zelena-a100\/#primaryimage"},"thumbnailUrl":"https:\/\/medicpro.hr\/veleprodaja\/wp-content\/uploads\/2026\/03\/injekcijska-igla-safety-0.8-x-38-mm-21g-zelena.png","datePublished":"2026-03-04T13:03:06+00:00","dateModified":"2026-03-06T12:15:59+00:00","description":"Sigurnosne hipodermi\u010dne igle sa safety mehanizmom za za\u0161titu od uboda. Trostruko bru\u0161en vrh za manje boli i preciznu injekciju. Sterilno pakiranje 100 kom.","breadcrumb":{"@id":"https:\/\/medicpro.hr\/veleprodaja\/proizvod\/inj-igla-safety-08x38mm-21g-zelena-a100\/#breadcrumb"},"inLanguage":"hr","potentialAction":[{"@type":"ReadAction","target":["https:\/\/medicpro.hr\/veleprodaja\/proizvod\/inj-igla-safety-08x38mm-21g-zelena-a100\/"]}]},{"@type":"ImageObject","inLanguage":"hr","@id":"https:\/\/medicpro.hr\/veleprodaja\/proizvod\/inj-igla-safety-08x38mm-21g-zelena-a100\/#primaryimage","url":"https:\/\/medicpro.hr\/veleprodaja\/wp-content\/uploads\/2026\/03\/injekcijska-igla-safety-0.8-x-38-mm-21g-zelena.png","contentUrl":"https:\/\/medicpro.hr\/veleprodaja\/wp-content\/uploads\/2026\/03\/injekcijska-igla-safety-0.8-x-38-mm-21g-zelena.png","width":1890,"height":1890,"caption":"Injekcijska igla safety 0,8x38 mm 21G zelena"},{"@type":"BreadcrumbList","@id":"https:\/\/medicpro.hr\/veleprodaja\/proizvod\/inj-igla-safety-08x38mm-21g-zelena-a100\/#breadcrumb","itemListElement":[{"@type":"ListItem","position":1,"name":"Po\u010detna stranica","item":"https:\/\/medicpro.hr\/veleprodaja\/"},{"@type":"ListItem","position":2,"name":"Veleprodaja","item":"https:\/\/medicpro.hr\/veleprodaja\/trgovina\/"},{"@type":"ListItem","position":3,"name":"INJ. IGLA SAFETY 0,8x38mm 21G ZELENA a&#8217;100"}]},{"@type":"WebSite","@id":"https:\/\/medicpro.hr\/veleprodaja\/#website","url":"https:\/\/medicpro.hr\/veleprodaja\/","name":"Medicpro.hr","description":"Medicinski potro\u0161ni materijal i oprema","publisher":{"@id":"https:\/\/medicpro.hr\/veleprodaja\/#organization"},"potentialAction":[{"@type":"SearchAction","target":{"@type":"EntryPoint","urlTemplate":"https:\/\/medicpro.hr\/veleprodaja\/?s={search_term_string}"},"query-input":{"@type":"PropertyValueSpecification","valueRequired":true,"valueName":"search_term_string"}}],"inLanguage":"hr"},{"@type":"Organization","@id":"https:\/\/medicpro.hr\/veleprodaja\/#organization","name":"Medicpro d.o.o.","url":"https:\/\/medicpro.hr\/veleprodaja\/","logo":{"@type":"ImageObject","inLanguage":"hr","@id":"https:\/\/medicpro.hr\/veleprodaja\/#\/schema\/logo\/image\/","url":"https:\/\/medicpro.hr\/veleprodaja\/wp-content\/uploads\/2025\/05\/medicpro_logo.svg","contentUrl":"https:\/\/medicpro.hr\/veleprodaja\/wp-content\/uploads\/2025\/05\/medicpro_logo.svg","width":226,"height":42,"caption":"Medicpro d.o.o."},"image":{"@id":"https:\/\/medicpro.hr\/veleprodaja\/#\/schema\/logo\/image\/"}}]}},"_links":{"self":[{"href":"https:\/\/medicpro.hr\/veleprodaja\/wp-json\/wp\/v2\/product\/2060808","targetHints":{"allow":["GET"]}}],"collection":[{"href":"https:\/\/medicpro.hr\/veleprodaja\/wp-json\/wp\/v2\/product"}],"about":[{"href":"https:\/\/medicpro.hr\/veleprodaja\/wp-json\/wp\/v2\/types\/product"}],"replies":[{"embeddable":true,"href":"https:\/\/medicpro.hr\/veleprodaja\/wp-json\/wp\/v2\/comments?post=2060808"}],"wp:featuredmedia":[{"embeddable":true,"href":"https:\/\/medicpro.hr\/veleprodaja\/wp-json\/wp\/v2\/media\/2060835"}],"wp:attachment":[{"href":"https:\/\/medicpro.hr\/veleprodaja\/wp-json\/wp\/v2\/media?parent=2060808"}],"wp:term":[{"taxonomy":"product_brand","embeddable":true,"href":"https:\/\/medicpro.hr\/veleprodaja\/wp-json\/wp\/v2\/product_brand?post=2060808"},{"taxonomy":"product_cat","embeddable":true,"href":"https:\/\/medicpro.hr\/veleprodaja\/wp-json\/wp\/v2\/product_cat?post=2060808"},{"taxonomy":"product_tag","embeddable":true,"href":"https:\/\/medicpro.hr\/veleprodaja\/wp-json\/wp\/v2\/product_tag?post=2060808"}],"curies":[{"name":"wp","href":"https:\/\/api.w.org\/{rel}","templated":true}]}}