{"id":2060358,"date":"2025-11-17T11:42:11","date_gmt":"2025-11-17T10:42:11","guid":{"rendered":"https:\/\/medicpro.hr\/veleprodaja\/?post_type=product&#038;p=2060358"},"modified":"2025-11-28T11:24:50","modified_gmt":"2025-11-28T10:24:50","slug":"kompresa-za-opekline-cooltherm-za-lice","status":"publish","type":"product","link":"https:\/\/medicpro.hr\/veleprodaja\/proizvod\/kompresa-za-opekline-cooltherm-za-lice\/","title":{"rendered":"KOMPRESA ZA OPEKLINE COOLTHERM &#8211; ZA LICE"},"content":{"rendered":"<ul>\n<li>Sterilna hidrogel kompresa za opekline posebno oblikovana za lice i ve\u0107e povr\u0161ine tijela.<\/li>\n<li><strong>Veliki format i perforirani otvori za o\u010di, nos i usta omogu\u0107uju brzo prilago\u0111avanje obloge za primjenu na licu<\/strong>.<\/li>\n<li><strong>Ako se perforirani dijelovi ne uklone, obloga se mo\u017ee koristiti i kao velika obloga za udove ili trup<\/strong>.<\/li>\n<li>Izra\u0111ena od \u010dvrstog netkanog materijala koji se lako prilago\u0111ava obliku tijela i pokriva podru\u010dje opekline.<\/li>\n<li>Poma\u017ee u brzom hla\u0111enju, smanjuje bol i minimizira dodatno o\u0161te\u0107enje ko\u017ee.<\/li>\n<li><strong>Ne lijepi se za ope\u010denu ko\u017eu, netoksi\u010dna je i sigurna za primjenu u hitnim stanjima, na radnom mjestu, u zdravstvenim ustanovama i prvoj pomo\u0107i<\/strong>.<\/li>\n<li>Idealna za upotrebu u vozilima hitne pomo\u0107i i svugdje gdje je va\u017eno imati jedno rje\u0161enje i za lice i za ve\u0107e povr\u0161ine tijela.<\/li>\n<li>Dimenzije: 30&#215;40 cm.<\/li>\n<li>Dostupne i u drugim oblicima:\n<ul>\n<li><a href=\"https:\/\/medicpro.hr\/veleprodaja\/proizvod\/kompresa-za-opekline-cooltherm-10x10-cm\/\">10&#215;10 cm<\/a>,<\/li>\n<li><a href=\"https:\/\/medicpro.hr\/veleprodaja\/proizvod\/kompresa-za-opekline-cooltherm-rukavica\/\">u obliku rukavice<\/a>,<\/li>\n<li><a href=\"https:\/\/medicpro.hr\/veleprodaja\/proizvod\/gel-za-opekline-cooltherm-60-ml\/\">gel bo\u010dica 60 ml<\/a>.<\/li>\n<\/ul>\n<\/li>\n<li>Cijena se odnosi na 1 komad.<\/li>\n<\/ul>\n","protected":false},"excerpt":{"rendered":"<p>Sterilna hidrogel kompresa za opekline posebno oblikovana za lice i ve\u0107e povr\u0161ine tijela. Veliki format i perforirani otvori za o\u010di,<\/p>\n","protected":false},"featured_media":2060379,"comment_status":"open","ping_status":"closed","template":"","meta":[],"product_brand":[],"product_cat":[708,714],"product_tag":[],"class_list":{"0":"post-2060358","1":"product","2":"type-product","3":"status-publish","4":"has-post-thumbnail","6":"product_cat-prva-pomoc-i-reanimacija","7":"product_cat-opekline","9":"first","10":"instock","11":"taxable","12":"shipping-taxable","13":"purchasable","14":"product-type-simple"},"acf":[],"yoast_head":"<!-- This site is optimized with the Yoast SEO plugin v27.3 - https:\/\/yoast.com\/product\/yoast-seo-wordpress\/ -->\n<title>KOMPRESA ZA OPEKLINE COOLTHERM - ZA LICE - Medicpro<\/title>\n<meta name=\"robots\" content=\"index, follow, max-snippet:-1, max-image-preview:large, max-video-preview:-1\" \/>\n<link rel=\"canonical\" href=\"https:\/\/medicpro.hr\/veleprodaja\/proizvod\/kompresa-za-opekline-cooltherm-za-lice\/\" \/>\n<meta property=\"og:locale\" content=\"hr_HR\" \/>\n<meta property=\"og:type\" content=\"article\" \/>\n<meta property=\"og:title\" content=\"KOMPRESA ZA OPEKLINE COOLTHERM - ZA LICE - Medicpro\" \/>\n<meta property=\"og:description\" content=\"Sterilna hidrogel kompresa za opekline posebno oblikovana za lice i ve\u0107e povr\u0161ine tijela. Veliki format i perforirani otvori za o\u010di,\" \/>\n<meta property=\"og:url\" content=\"https:\/\/medicpro.hr\/veleprodaja\/proizvod\/kompresa-za-opekline-cooltherm-za-lice\/\" \/>\n<meta property=\"og:site_name\" content=\"Medicpro\" \/>\n<meta property=\"article:modified_time\" content=\"2025-11-28T10:24:50+00:00\" \/>\n<meta property=\"og:image\" content=\"https:\/\/medicpro.hr\/veleprodaja\/wp-content\/uploads\/2025\/11\/kompresa-za-opekline-cooltherm-za-lice.png\" \/>\n\t<meta property=\"og:image:width\" content=\"1890\" \/>\n\t<meta property=\"og:image:height\" content=\"1890\" \/>\n\t<meta property=\"og:image:type\" content=\"image\/png\" \/>\n<meta name=\"twitter:card\" content=\"summary_large_image\" \/>\n<meta name=\"twitter:label1\" content=\"Procijenjeno vrijeme \u010ditanja\" \/>\n\t<meta name=\"twitter:data1\" content=\"1 minuta\" \/>\n<script type=\"application\/ld+json\" class=\"yoast-schema-graph\">{\"@context\":\"https:\\\/\\\/schema.org\",\"@graph\":[{\"@type\":\"WebPage\",\"@id\":\"https:\\\/\\\/medicpro.hr\\\/veleprodaja\\\/proizvod\\\/kompresa-za-opekline-cooltherm-za-lice\\\/\",\"url\":\"https:\\\/\\\/medicpro.hr\\\/veleprodaja\\\/proizvod\\\/kompresa-za-opekline-cooltherm-za-lice\\\/\",\"name\":\"KOMPRESA ZA OPEKLINE COOLTHERM - ZA LICE - Medicpro\",\"isPartOf\":{\"@id\":\"https:\\\/\\\/medicpro.hr\\\/veleprodaja\\\/#website\"},\"primaryImageOfPage\":{\"@id\":\"https:\\\/\\\/medicpro.hr\\\/veleprodaja\\\/proizvod\\\/kompresa-za-opekline-cooltherm-za-lice\\\/#primaryimage\"},\"image\":{\"@id\":\"https:\\\/\\\/medicpro.hr\\\/veleprodaja\\\/proizvod\\\/kompresa-za-opekline-cooltherm-za-lice\\\/#primaryimage\"},\"thumbnailUrl\":\"https:\\\/\\\/medicpro.hr\\\/veleprodaja\\\/wp-content\\\/uploads\\\/2025\\\/11\\\/kompresa-za-opekline-cooltherm-za-lice.png\",\"datePublished\":\"2025-11-17T10:42:11+00:00\",\"dateModified\":\"2025-11-28T10:24:50+00:00\",\"breadcrumb\":{\"@id\":\"https:\\\/\\\/medicpro.hr\\\/veleprodaja\\\/proizvod\\\/kompresa-za-opekline-cooltherm-za-lice\\\/#breadcrumb\"},\"inLanguage\":\"hr\",\"potentialAction\":[{\"@type\":\"ReadAction\",\"target\":[\"https:\\\/\\\/medicpro.hr\\\/veleprodaja\\\/proizvod\\\/kompresa-za-opekline-cooltherm-za-lice\\\/\"]}]},{\"@type\":\"ImageObject\",\"inLanguage\":\"hr\",\"@id\":\"https:\\\/\\\/medicpro.hr\\\/veleprodaja\\\/proizvod\\\/kompresa-za-opekline-cooltherm-za-lice\\\/#primaryimage\",\"url\":\"https:\\\/\\\/medicpro.hr\\\/veleprodaja\\\/wp-content\\\/uploads\\\/2025\\\/11\\\/kompresa-za-opekline-cooltherm-za-lice.png\",\"contentUrl\":\"https:\\\/\\\/medicpro.hr\\\/veleprodaja\\\/wp-content\\\/uploads\\\/2025\\\/11\\\/kompresa-za-opekline-cooltherm-za-lice.png\",\"width\":1890,\"height\":1890,\"caption\":\"Kompresa za opekline za lice\"},{\"@type\":\"BreadcrumbList\",\"@id\":\"https:\\\/\\\/medicpro.hr\\\/veleprodaja\\\/proizvod\\\/kompresa-za-opekline-cooltherm-za-lice\\\/#breadcrumb\",\"itemListElement\":[{\"@type\":\"ListItem\",\"position\":1,\"name\":\"Po\u010detna stranica\",\"item\":\"https:\\\/\\\/medicpro.hr\\\/veleprodaja\\\/\"},{\"@type\":\"ListItem\",\"position\":2,\"name\":\"Veleprodaja\",\"item\":\"https:\\\/\\\/medicpro.hr\\\/veleprodaja\\\/trgovina\\\/\"},{\"@type\":\"ListItem\",\"position\":3,\"name\":\"KOMPRESA ZA OPEKLINE COOLTHERM &#8211; ZA LICE\"}]},{\"@type\":\"WebSite\",\"@id\":\"https:\\\/\\\/medicpro.hr\\\/veleprodaja\\\/#website\",\"url\":\"https:\\\/\\\/medicpro.hr\\\/veleprodaja\\\/\",\"name\":\"Medicpro.hr\",\"description\":\"Medicinski potro\u0161ni materijal i oprema\",\"publisher\":{\"@id\":\"https:\\\/\\\/medicpro.hr\\\/veleprodaja\\\/#organization\"},\"potentialAction\":[{\"@type\":\"SearchAction\",\"target\":{\"@type\":\"EntryPoint\",\"urlTemplate\":\"https:\\\/\\\/medicpro.hr\\\/veleprodaja\\\/?s={search_term_string}\"},\"query-input\":{\"@type\":\"PropertyValueSpecification\",\"valueRequired\":true,\"valueName\":\"search_term_string\"}}],\"inLanguage\":\"hr\"},{\"@type\":\"Organization\",\"@id\":\"https:\\\/\\\/medicpro.hr\\\/veleprodaja\\\/#organization\",\"name\":\"Medicpro d.o.o.\",\"url\":\"https:\\\/\\\/medicpro.hr\\\/veleprodaja\\\/\",\"logo\":{\"@type\":\"ImageObject\",\"inLanguage\":\"hr\",\"@id\":\"https:\\\/\\\/medicpro.hr\\\/veleprodaja\\\/#\\\/schema\\\/logo\\\/image\\\/\",\"url\":\"https:\\\/\\\/medicpro.hr\\\/veleprodaja\\\/wp-content\\\/uploads\\\/2025\\\/05\\\/medicpro_logo.svg\",\"contentUrl\":\"https:\\\/\\\/medicpro.hr\\\/veleprodaja\\\/wp-content\\\/uploads\\\/2025\\\/05\\\/medicpro_logo.svg\",\"width\":226,\"height\":42,\"caption\":\"Medicpro d.o.o.\"},\"image\":{\"@id\":\"https:\\\/\\\/medicpro.hr\\\/veleprodaja\\\/#\\\/schema\\\/logo\\\/image\\\/\"}}]}<\/script>\n<!-- \/ Yoast SEO plugin. -->","yoast_head_json":{"title":"KOMPRESA ZA OPEKLINE COOLTHERM - ZA LICE - Medicpro","robots":{"index":"index","follow":"follow","max-snippet":"max-snippet:-1","max-image-preview":"max-image-preview:large","max-video-preview":"max-video-preview:-1"},"canonical":"https:\/\/medicpro.hr\/veleprodaja\/proizvod\/kompresa-za-opekline-cooltherm-za-lice\/","og_locale":"hr_HR","og_type":"article","og_title":"KOMPRESA ZA OPEKLINE COOLTHERM - ZA LICE - Medicpro","og_description":"Sterilna hidrogel kompresa za opekline posebno oblikovana za lice i ve\u0107e povr\u0161ine tijela. Veliki format i perforirani otvori za o\u010di,","og_url":"https:\/\/medicpro.hr\/veleprodaja\/proizvod\/kompresa-za-opekline-cooltherm-za-lice\/","og_site_name":"Medicpro","article_modified_time":"2025-11-28T10:24:50+00:00","og_image":[{"width":1890,"height":1890,"url":"https:\/\/medicpro.hr\/veleprodaja\/wp-content\/uploads\/2025\/11\/kompresa-za-opekline-cooltherm-za-lice.png","type":"image\/png"}],"twitter_card":"summary_large_image","twitter_misc":{"Procijenjeno vrijeme \u010ditanja":"1 minuta"},"schema":{"@context":"https:\/\/schema.org","@graph":[{"@type":"WebPage","@id":"https:\/\/medicpro.hr\/veleprodaja\/proizvod\/kompresa-za-opekline-cooltherm-za-lice\/","url":"https:\/\/medicpro.hr\/veleprodaja\/proizvod\/kompresa-za-opekline-cooltherm-za-lice\/","name":"KOMPRESA ZA OPEKLINE COOLTHERM - ZA LICE - Medicpro","isPartOf":{"@id":"https:\/\/medicpro.hr\/veleprodaja\/#website"},"primaryImageOfPage":{"@id":"https:\/\/medicpro.hr\/veleprodaja\/proizvod\/kompresa-za-opekline-cooltherm-za-lice\/#primaryimage"},"image":{"@id":"https:\/\/medicpro.hr\/veleprodaja\/proizvod\/kompresa-za-opekline-cooltherm-za-lice\/#primaryimage"},"thumbnailUrl":"https:\/\/medicpro.hr\/veleprodaja\/wp-content\/uploads\/2025\/11\/kompresa-za-opekline-cooltherm-za-lice.png","datePublished":"2025-11-17T10:42:11+00:00","dateModified":"2025-11-28T10:24:50+00:00","breadcrumb":{"@id":"https:\/\/medicpro.hr\/veleprodaja\/proizvod\/kompresa-za-opekline-cooltherm-za-lice\/#breadcrumb"},"inLanguage":"hr","potentialAction":[{"@type":"ReadAction","target":["https:\/\/medicpro.hr\/veleprodaja\/proizvod\/kompresa-za-opekline-cooltherm-za-lice\/"]}]},{"@type":"ImageObject","inLanguage":"hr","@id":"https:\/\/medicpro.hr\/veleprodaja\/proizvod\/kompresa-za-opekline-cooltherm-za-lice\/#primaryimage","url":"https:\/\/medicpro.hr\/veleprodaja\/wp-content\/uploads\/2025\/11\/kompresa-za-opekline-cooltherm-za-lice.png","contentUrl":"https:\/\/medicpro.hr\/veleprodaja\/wp-content\/uploads\/2025\/11\/kompresa-za-opekline-cooltherm-za-lice.png","width":1890,"height":1890,"caption":"Kompresa za opekline za lice"},{"@type":"BreadcrumbList","@id":"https:\/\/medicpro.hr\/veleprodaja\/proizvod\/kompresa-za-opekline-cooltherm-za-lice\/#breadcrumb","itemListElement":[{"@type":"ListItem","position":1,"name":"Po\u010detna stranica","item":"https:\/\/medicpro.hr\/veleprodaja\/"},{"@type":"ListItem","position":2,"name":"Veleprodaja","item":"https:\/\/medicpro.hr\/veleprodaja\/trgovina\/"},{"@type":"ListItem","position":3,"name":"KOMPRESA ZA OPEKLINE COOLTHERM &#8211; ZA LICE"}]},{"@type":"WebSite","@id":"https:\/\/medicpro.hr\/veleprodaja\/#website","url":"https:\/\/medicpro.hr\/veleprodaja\/","name":"Medicpro.hr","description":"Medicinski potro\u0161ni materijal i oprema","publisher":{"@id":"https:\/\/medicpro.hr\/veleprodaja\/#organization"},"potentialAction":[{"@type":"SearchAction","target":{"@type":"EntryPoint","urlTemplate":"https:\/\/medicpro.hr\/veleprodaja\/?s={search_term_string}"},"query-input":{"@type":"PropertyValueSpecification","valueRequired":true,"valueName":"search_term_string"}}],"inLanguage":"hr"},{"@type":"Organization","@id":"https:\/\/medicpro.hr\/veleprodaja\/#organization","name":"Medicpro d.o.o.","url":"https:\/\/medicpro.hr\/veleprodaja\/","logo":{"@type":"ImageObject","inLanguage":"hr","@id":"https:\/\/medicpro.hr\/veleprodaja\/#\/schema\/logo\/image\/","url":"https:\/\/medicpro.hr\/veleprodaja\/wp-content\/uploads\/2025\/05\/medicpro_logo.svg","contentUrl":"https:\/\/medicpro.hr\/veleprodaja\/wp-content\/uploads\/2025\/05\/medicpro_logo.svg","width":226,"height":42,"caption":"Medicpro d.o.o."},"image":{"@id":"https:\/\/medicpro.hr\/veleprodaja\/#\/schema\/logo\/image\/"}}]}},"_links":{"self":[{"href":"https:\/\/medicpro.hr\/veleprodaja\/wp-json\/wp\/v2\/product\/2060358","targetHints":{"allow":["GET"]}}],"collection":[{"href":"https:\/\/medicpro.hr\/veleprodaja\/wp-json\/wp\/v2\/product"}],"about":[{"href":"https:\/\/medicpro.hr\/veleprodaja\/wp-json\/wp\/v2\/types\/product"}],"replies":[{"embeddable":true,"href":"https:\/\/medicpro.hr\/veleprodaja\/wp-json\/wp\/v2\/comments?post=2060358"}],"wp:featuredmedia":[{"embeddable":true,"href":"https:\/\/medicpro.hr\/veleprodaja\/wp-json\/wp\/v2\/media\/2060379"}],"wp:attachment":[{"href":"https:\/\/medicpro.hr\/veleprodaja\/wp-json\/wp\/v2\/media?parent=2060358"}],"wp:term":[{"taxonomy":"product_brand","embeddable":true,"href":"https:\/\/medicpro.hr\/veleprodaja\/wp-json\/wp\/v2\/product_brand?post=2060358"},{"taxonomy":"product_cat","embeddable":true,"href":"https:\/\/medicpro.hr\/veleprodaja\/wp-json\/wp\/v2\/product_cat?post=2060358"},{"taxonomy":"product_tag","embeddable":true,"href":"https:\/\/medicpro.hr\/veleprodaja\/wp-json\/wp\/v2\/product_tag?post=2060358"}],"curies":[{"name":"wp","href":"https:\/\/api.w.org\/{rel}","templated":true}]}}