{"id":2059963,"date":"2025-09-23T15:49:36","date_gmt":"2025-09-23T13:49:36","guid":{"rendered":"https:\/\/medicpro.hr\/veleprodaja\/?post_type=product&#038;p=2059963"},"modified":"2025-09-24T14:51:28","modified_gmt":"2025-09-24T12:51:28","slug":"model-psa-njemacki-ovcar","status":"publish","type":"product","link":"https:\/\/medicpro.hr\/veleprodaja\/proizvod\/model-psa-njemacki-ovcar\/","title":{"rendered":"MODEL PSA, NJEMA\u010cKI OV\u010cAR"},"content":{"rendered":"<ul>\n<li>Model <strong>\u017eenke njema\u010dkog ov\u010dara<\/strong> izra\u0111en je u mjerilu pribli\u017eno <strong>2\/3 prirodne veli\u010dine<\/strong>.<\/li>\n<li>Model se mo\u017ee podijeliti na <strong>2 polovice<\/strong>.<\/li>\n<li>Jedna polovica prikazuje detaljnu <strong>vanjsku<\/strong> <strong>muskulaturu<\/strong> \u017eivotinje, dok druga polovica prikazuje <strong>vanjski izgled s krznom<\/strong>.<\/li>\n<li>Model je postavljen na postolje s kota\u010di\u0107ima.<\/li>\n<li>Model se sastoji od ukupno <strong>11 dijelova<\/strong>.<\/li>\n<li>Dijelovi uklju\u010duju:\n<ul>\n<li>plu\u0107a,<\/li>\n<li>\u017eeludac (dva dijela),<\/li>\n<li>srce (dva dijela),<\/li>\n<li>lijevi prednji ud,<\/li>\n<li>rep,<\/li>\n<li>jetru,<\/li>\n<li>crijeva,<\/li>\n<li>jednu polovicu s mi\u0161i\u0107ima i<\/li>\n<li>jednu polovicu s vanjskim dijelom\/krznom.<\/li>\n<\/ul>\n<\/li>\n<\/ul>\n","protected":false},"excerpt":{"rendered":"<p>Model \u017eenke njema\u010dkog ov\u010dara izra\u0111en je u mjerilu pribli\u017eno 2\/3 prirodne veli\u010dine. Model se mo\u017ee podijeliti na 2 polovice. Jedna<\/p>\n","protected":false},"featured_media":2060046,"comment_status":"open","ping_status":"closed","template":"","meta":[],"product_brand":[],"product_cat":[776,960],"product_tag":[],"class_list":{"0":"post-2059963","1":"product","2":"type-product","3":"status-publish","4":"has-post-thumbnail","6":"product_cat-anatomski-modeli-i-simulatori","7":"product_cat-veterina","9":"first","10":"onbackorder","11":"taxable","12":"shipping-taxable","13":"purchasable","14":"product-type-simple"},"acf":[],"yoast_head":"<!-- This site is optimized with the Yoast SEO plugin v27.3 - https:\/\/yoast.com\/product\/yoast-seo-wordpress\/ -->\n<title>MODEL PSA, NJEMA\u010cKI OV\u010cAR - Medicpro<\/title>\n<meta name=\"robots\" content=\"index, follow, max-snippet:-1, max-image-preview:large, max-video-preview:-1\" \/>\n<link rel=\"canonical\" href=\"https:\/\/medicpro.hr\/veleprodaja\/proizvod\/model-psa-njemacki-ovcar\/\" \/>\n<meta property=\"og:locale\" content=\"hr_HR\" \/>\n<meta property=\"og:type\" content=\"article\" \/>\n<meta property=\"og:title\" content=\"MODEL PSA, NJEMA\u010cKI OV\u010cAR - Medicpro\" \/>\n<meta property=\"og:description\" content=\"Model \u017eenke njema\u010dkog ov\u010dara izra\u0111en je u mjerilu pribli\u017eno 2\/3 prirodne veli\u010dine. Model se mo\u017ee podijeliti na 2 polovice. Jedna\" \/>\n<meta property=\"og:url\" content=\"https:\/\/medicpro.hr\/veleprodaja\/proizvod\/model-psa-njemacki-ovcar\/\" \/>\n<meta property=\"og:site_name\" content=\"Medicpro\" \/>\n<meta property=\"article:modified_time\" content=\"2025-09-24T12:51:28+00:00\" \/>\n<meta property=\"og:image\" content=\"https:\/\/medicpro.hr\/veleprodaja\/wp-content\/uploads\/2025\/09\/model-psa-njemacki-ovcar.png\" \/>\n\t<meta property=\"og:image:width\" content=\"1890\" \/>\n\t<meta property=\"og:image:height\" content=\"1890\" \/>\n\t<meta property=\"og:image:type\" content=\"image\/png\" \/>\n<meta name=\"twitter:card\" content=\"summary_large_image\" \/>\n<meta name=\"twitter:label1\" content=\"Procijenjeno vrijeme \u010ditanja\" \/>\n\t<meta name=\"twitter:data1\" content=\"1 minuta\" \/>\n<script type=\"application\/ld+json\" class=\"yoast-schema-graph\">{\"@context\":\"https:\\\/\\\/schema.org\",\"@graph\":[{\"@type\":\"WebPage\",\"@id\":\"https:\\\/\\\/medicpro.hr\\\/veleprodaja\\\/proizvod\\\/model-psa-njemacki-ovcar\\\/\",\"url\":\"https:\\\/\\\/medicpro.hr\\\/veleprodaja\\\/proizvod\\\/model-psa-njemacki-ovcar\\\/\",\"name\":\"MODEL PSA, NJEMA\u010cKI OV\u010cAR - Medicpro\",\"isPartOf\":{\"@id\":\"https:\\\/\\\/medicpro.hr\\\/veleprodaja\\\/#website\"},\"primaryImageOfPage\":{\"@id\":\"https:\\\/\\\/medicpro.hr\\\/veleprodaja\\\/proizvod\\\/model-psa-njemacki-ovcar\\\/#primaryimage\"},\"image\":{\"@id\":\"https:\\\/\\\/medicpro.hr\\\/veleprodaja\\\/proizvod\\\/model-psa-njemacki-ovcar\\\/#primaryimage\"},\"thumbnailUrl\":\"https:\\\/\\\/medicpro.hr\\\/veleprodaja\\\/wp-content\\\/uploads\\\/2025\\\/09\\\/model-psa-njemacki-ovcar.png\",\"datePublished\":\"2025-09-23T13:49:36+00:00\",\"dateModified\":\"2025-09-24T12:51:28+00:00\",\"breadcrumb\":{\"@id\":\"https:\\\/\\\/medicpro.hr\\\/veleprodaja\\\/proizvod\\\/model-psa-njemacki-ovcar\\\/#breadcrumb\"},\"inLanguage\":\"hr\",\"potentialAction\":[{\"@type\":\"ReadAction\",\"target\":[\"https:\\\/\\\/medicpro.hr\\\/veleprodaja\\\/proizvod\\\/model-psa-njemacki-ovcar\\\/\"]}]},{\"@type\":\"ImageObject\",\"inLanguage\":\"hr\",\"@id\":\"https:\\\/\\\/medicpro.hr\\\/veleprodaja\\\/proizvod\\\/model-psa-njemacki-ovcar\\\/#primaryimage\",\"url\":\"https:\\\/\\\/medicpro.hr\\\/veleprodaja\\\/wp-content\\\/uploads\\\/2025\\\/09\\\/model-psa-njemacki-ovcar.png\",\"contentUrl\":\"https:\\\/\\\/medicpro.hr\\\/veleprodaja\\\/wp-content\\\/uploads\\\/2025\\\/09\\\/model-psa-njemacki-ovcar.png\",\"width\":1890,\"height\":1890,\"caption\":\"Model psa njema\u010dkog ov\u010dara\"},{\"@type\":\"BreadcrumbList\",\"@id\":\"https:\\\/\\\/medicpro.hr\\\/veleprodaja\\\/proizvod\\\/model-psa-njemacki-ovcar\\\/#breadcrumb\",\"itemListElement\":[{\"@type\":\"ListItem\",\"position\":1,\"name\":\"Po\u010detna stranica\",\"item\":\"https:\\\/\\\/medicpro.hr\\\/veleprodaja\\\/\"},{\"@type\":\"ListItem\",\"position\":2,\"name\":\"Veleprodaja\",\"item\":\"https:\\\/\\\/medicpro.hr\\\/veleprodaja\\\/trgovina\\\/\"},{\"@type\":\"ListItem\",\"position\":3,\"name\":\"MODEL PSA, NJEMA\u010cKI OV\u010cAR\"}]},{\"@type\":\"WebSite\",\"@id\":\"https:\\\/\\\/medicpro.hr\\\/veleprodaja\\\/#website\",\"url\":\"https:\\\/\\\/medicpro.hr\\\/veleprodaja\\\/\",\"name\":\"Medicpro.hr\",\"description\":\"Medicinski potro\u0161ni materijal i oprema\",\"publisher\":{\"@id\":\"https:\\\/\\\/medicpro.hr\\\/veleprodaja\\\/#organization\"},\"potentialAction\":[{\"@type\":\"SearchAction\",\"target\":{\"@type\":\"EntryPoint\",\"urlTemplate\":\"https:\\\/\\\/medicpro.hr\\\/veleprodaja\\\/?s={search_term_string}\"},\"query-input\":{\"@type\":\"PropertyValueSpecification\",\"valueRequired\":true,\"valueName\":\"search_term_string\"}}],\"inLanguage\":\"hr\"},{\"@type\":\"Organization\",\"@id\":\"https:\\\/\\\/medicpro.hr\\\/veleprodaja\\\/#organization\",\"name\":\"Medicpro d.o.o.\",\"url\":\"https:\\\/\\\/medicpro.hr\\\/veleprodaja\\\/\",\"logo\":{\"@type\":\"ImageObject\",\"inLanguage\":\"hr\",\"@id\":\"https:\\\/\\\/medicpro.hr\\\/veleprodaja\\\/#\\\/schema\\\/logo\\\/image\\\/\",\"url\":\"https:\\\/\\\/medicpro.hr\\\/veleprodaja\\\/wp-content\\\/uploads\\\/2025\\\/05\\\/medicpro_logo.svg\",\"contentUrl\":\"https:\\\/\\\/medicpro.hr\\\/veleprodaja\\\/wp-content\\\/uploads\\\/2025\\\/05\\\/medicpro_logo.svg\",\"width\":226,\"height\":42,\"caption\":\"Medicpro d.o.o.\"},\"image\":{\"@id\":\"https:\\\/\\\/medicpro.hr\\\/veleprodaja\\\/#\\\/schema\\\/logo\\\/image\\\/\"}}]}<\/script>\n<!-- \/ Yoast SEO plugin. -->","yoast_head_json":{"title":"MODEL PSA, NJEMA\u010cKI OV\u010cAR - Medicpro","robots":{"index":"index","follow":"follow","max-snippet":"max-snippet:-1","max-image-preview":"max-image-preview:large","max-video-preview":"max-video-preview:-1"},"canonical":"https:\/\/medicpro.hr\/veleprodaja\/proizvod\/model-psa-njemacki-ovcar\/","og_locale":"hr_HR","og_type":"article","og_title":"MODEL PSA, NJEMA\u010cKI OV\u010cAR - Medicpro","og_description":"Model \u017eenke njema\u010dkog ov\u010dara izra\u0111en je u mjerilu pribli\u017eno 2\/3 prirodne veli\u010dine. Model se mo\u017ee podijeliti na 2 polovice. Jedna","og_url":"https:\/\/medicpro.hr\/veleprodaja\/proizvod\/model-psa-njemacki-ovcar\/","og_site_name":"Medicpro","article_modified_time":"2025-09-24T12:51:28+00:00","og_image":[{"width":1890,"height":1890,"url":"https:\/\/medicpro.hr\/veleprodaja\/wp-content\/uploads\/2025\/09\/model-psa-njemacki-ovcar.png","type":"image\/png"}],"twitter_card":"summary_large_image","twitter_misc":{"Procijenjeno vrijeme \u010ditanja":"1 minuta"},"schema":{"@context":"https:\/\/schema.org","@graph":[{"@type":"WebPage","@id":"https:\/\/medicpro.hr\/veleprodaja\/proizvod\/model-psa-njemacki-ovcar\/","url":"https:\/\/medicpro.hr\/veleprodaja\/proizvod\/model-psa-njemacki-ovcar\/","name":"MODEL PSA, NJEMA\u010cKI OV\u010cAR - Medicpro","isPartOf":{"@id":"https:\/\/medicpro.hr\/veleprodaja\/#website"},"primaryImageOfPage":{"@id":"https:\/\/medicpro.hr\/veleprodaja\/proizvod\/model-psa-njemacki-ovcar\/#primaryimage"},"image":{"@id":"https:\/\/medicpro.hr\/veleprodaja\/proizvod\/model-psa-njemacki-ovcar\/#primaryimage"},"thumbnailUrl":"https:\/\/medicpro.hr\/veleprodaja\/wp-content\/uploads\/2025\/09\/model-psa-njemacki-ovcar.png","datePublished":"2025-09-23T13:49:36+00:00","dateModified":"2025-09-24T12:51:28+00:00","breadcrumb":{"@id":"https:\/\/medicpro.hr\/veleprodaja\/proizvod\/model-psa-njemacki-ovcar\/#breadcrumb"},"inLanguage":"hr","potentialAction":[{"@type":"ReadAction","target":["https:\/\/medicpro.hr\/veleprodaja\/proizvod\/model-psa-njemacki-ovcar\/"]}]},{"@type":"ImageObject","inLanguage":"hr","@id":"https:\/\/medicpro.hr\/veleprodaja\/proizvod\/model-psa-njemacki-ovcar\/#primaryimage","url":"https:\/\/medicpro.hr\/veleprodaja\/wp-content\/uploads\/2025\/09\/model-psa-njemacki-ovcar.png","contentUrl":"https:\/\/medicpro.hr\/veleprodaja\/wp-content\/uploads\/2025\/09\/model-psa-njemacki-ovcar.png","width":1890,"height":1890,"caption":"Model psa njema\u010dkog ov\u010dara"},{"@type":"BreadcrumbList","@id":"https:\/\/medicpro.hr\/veleprodaja\/proizvod\/model-psa-njemacki-ovcar\/#breadcrumb","itemListElement":[{"@type":"ListItem","position":1,"name":"Po\u010detna stranica","item":"https:\/\/medicpro.hr\/veleprodaja\/"},{"@type":"ListItem","position":2,"name":"Veleprodaja","item":"https:\/\/medicpro.hr\/veleprodaja\/trgovina\/"},{"@type":"ListItem","position":3,"name":"MODEL PSA, NJEMA\u010cKI OV\u010cAR"}]},{"@type":"WebSite","@id":"https:\/\/medicpro.hr\/veleprodaja\/#website","url":"https:\/\/medicpro.hr\/veleprodaja\/","name":"Medicpro.hr","description":"Medicinski potro\u0161ni materijal i oprema","publisher":{"@id":"https:\/\/medicpro.hr\/veleprodaja\/#organization"},"potentialAction":[{"@type":"SearchAction","target":{"@type":"EntryPoint","urlTemplate":"https:\/\/medicpro.hr\/veleprodaja\/?s={search_term_string}"},"query-input":{"@type":"PropertyValueSpecification","valueRequired":true,"valueName":"search_term_string"}}],"inLanguage":"hr"},{"@type":"Organization","@id":"https:\/\/medicpro.hr\/veleprodaja\/#organization","name":"Medicpro d.o.o.","url":"https:\/\/medicpro.hr\/veleprodaja\/","logo":{"@type":"ImageObject","inLanguage":"hr","@id":"https:\/\/medicpro.hr\/veleprodaja\/#\/schema\/logo\/image\/","url":"https:\/\/medicpro.hr\/veleprodaja\/wp-content\/uploads\/2025\/05\/medicpro_logo.svg","contentUrl":"https:\/\/medicpro.hr\/veleprodaja\/wp-content\/uploads\/2025\/05\/medicpro_logo.svg","width":226,"height":42,"caption":"Medicpro d.o.o."},"image":{"@id":"https:\/\/medicpro.hr\/veleprodaja\/#\/schema\/logo\/image\/"}}]}},"_links":{"self":[{"href":"https:\/\/medicpro.hr\/veleprodaja\/wp-json\/wp\/v2\/product\/2059963","targetHints":{"allow":["GET"]}}],"collection":[{"href":"https:\/\/medicpro.hr\/veleprodaja\/wp-json\/wp\/v2\/product"}],"about":[{"href":"https:\/\/medicpro.hr\/veleprodaja\/wp-json\/wp\/v2\/types\/product"}],"replies":[{"embeddable":true,"href":"https:\/\/medicpro.hr\/veleprodaja\/wp-json\/wp\/v2\/comments?post=2059963"}],"wp:featuredmedia":[{"embeddable":true,"href":"https:\/\/medicpro.hr\/veleprodaja\/wp-json\/wp\/v2\/media\/2060046"}],"wp:attachment":[{"href":"https:\/\/medicpro.hr\/veleprodaja\/wp-json\/wp\/v2\/media?parent=2059963"}],"wp:term":[{"taxonomy":"product_brand","embeddable":true,"href":"https:\/\/medicpro.hr\/veleprodaja\/wp-json\/wp\/v2\/product_brand?post=2059963"},{"taxonomy":"product_cat","embeddable":true,"href":"https:\/\/medicpro.hr\/veleprodaja\/wp-json\/wp\/v2\/product_cat?post=2059963"},{"taxonomy":"product_tag","embeddable":true,"href":"https:\/\/medicpro.hr\/veleprodaja\/wp-json\/wp\/v2\/product_tag?post=2059963"}],"curies":[{"name":"wp","href":"https:\/\/api.w.org\/{rel}","templated":true}]}}