{"id":2059923,"date":"2025-11-07T09:54:17","date_gmt":"2025-11-07T08:54:17","guid":{"rendered":"https:\/\/medicpro.hr\/veleprodaja\/?post_type=product&#038;p=2059923"},"modified":"2026-03-31T09:33:58","modified_gmt":"2026-03-31T07:33:58","slug":"tape-za-bandazu-ast-kristalno-plavi-38cm-x-15m","status":"publish","type":"product","link":"https:\/\/medicpro.hr\/veleprodaja\/proizvod\/tape-za-bandazu-ast-kristalno-plavi-38cm-x-15m\/","title":{"rendered":"TAPE ZA BANDA\u017dU AST, KRISTALNO PLAVI, 3,8cm x 15m"},"content":{"rendered":"<ul>\n<li>Tape za banda\u017eu AST <strong>pru\u017ea podr\u0161ku zglobovima i mi\u0161i\u0107ima tijekom sportskih aktivnosti<\/strong>.<\/li>\n<li>Odr\u017eava stabilnost zglobova tijekom <strong>fizi\u010dkih aktivnosti srednjeg intenziteta<\/strong>.<\/li>\n<li><strong>Pru\u017ea dodatnu \u010dvrsto\u0107u i otpornost za pouzdanu podr\u0161ku tijekom cijelog treninga<\/strong>.<\/li>\n<li><strong>Mo\u017ee se ru\u010dno trgati<\/strong>, olak\u0161avaju\u0107i brzo i precizno nano\u0161enje.<\/li>\n<li><strong>Ne sadr\u017ei lateks, siguran je za osobe s osjetljivom ko\u017eom<\/strong>.<\/li>\n<li>Materijal: mje\u0161avina rayona i pamuka.<\/li>\n<li><strong>Dostupan u raznim bojama<\/strong>:\n<ul>\n<li>crna,<\/li>\n<li><a href=\"https:\/\/medicpro.hr\/veleprodaja\/proizvod\/tape-za-bandazu-ast-roza-38cm-x-15m\/\">roza<\/a>,<\/li>\n<li><a href=\"https:\/\/medicpro.hr\/veleprodaja\/proizvod\/tape-za-bandazu-ast-crveni-38cm-x-15m\/\">crvena<\/a>,<\/li>\n<li><a href=\"https:\/\/medicpro.hr\/veleprodaja\/proizvod\/tape-za-bandazu-ast-plavi-38cm-x-15m\/\">kraljevsko plava<\/a>,<\/li>\n<li><a href=\"https:\/\/medicpro.hr\/veleprodaja\/proizvod\/tape-za-bandazu-ast-bijeli-38cm-x-15m\/\">bijela<\/a>,<\/li>\n<li>\u017euta.<\/li>\n<\/ul>\n<\/li>\n<li>Dostupan i u dual pakiranju, dimenzija 2,5cm x 15m + 1,25cm x 15m:\n<ul>\n<li><a href=\"https:\/\/medicpro.hr\/veleprodaja\/proizvod\/tape-za-bandazu-ast-dual-kristalno-plavi-bijeli-25cm-x-15m-125cm-x-15m\/\">kristalno plavi + bijeli<\/a>,<\/li>\n<li><a href=\"https:\/\/medicpro.hr\/veleprodaja\/proizvod\/tape-za-bandazu-ast-dual-crni-bijeli-25cm-x-15m-125cm-x-15m\/\">crni + bijeli<\/a>.<\/li>\n<\/ul>\n<\/li>\n<li>U skladu s me\u0111unarodnim standardima.<\/li>\n<li>Cijena se odnosi na jedan komad.<\/li>\n<\/ul>\n","protected":false},"excerpt":{"rendered":"<p>Tape za banda\u017eu AST pru\u017ea podr\u0161ku zglobovima i mi\u0161i\u0107ima tijekom sportskih aktivnosti. Odr\u017eava stabilnost zglobova tijekom fizi\u010dkih aktivnosti srednjeg intenziteta.<\/p>\n","protected":false},"featured_media":2060334,"comment_status":"open","ping_status":"closed","template":"","meta":[],"product_brand":[],"product_cat":[765,838,805],"product_tag":[],"class_list":{"0":"post-2059923","1":"product","2":"type-product","3":"status-publish","4":"has-post-thumbnail","6":"product_cat-kutak-za-sportase","7":"product_cat-d3-tape-kutak-za-sportase","8":"product_cat-sportske-bandaze","10":"first","11":"instock","12":"taxable","13":"shipping-taxable","14":"purchasable","15":"product-type-simple"},"acf":[],"yoast_head":"<!-- This site is optimized with the Yoast SEO plugin v27.3 - https:\/\/yoast.com\/product\/yoast-seo-wordpress\/ -->\n<title>TAPE ZA BANDA\u017dU AST, KRISTALNO PLAVI, 3,8cm x 15m - Medicpro<\/title>\n<meta name=\"robots\" content=\"index, follow, max-snippet:-1, max-image-preview:large, max-video-preview:-1\" \/>\n<link rel=\"canonical\" href=\"https:\/\/medicpro.hr\/veleprodaja\/proizvod\/tape-za-bandazu-ast-kristalno-plavi-38cm-x-15m\/\" \/>\n<meta property=\"og:locale\" content=\"hr_HR\" \/>\n<meta property=\"og:type\" content=\"article\" \/>\n<meta property=\"og:title\" content=\"TAPE ZA BANDA\u017dU AST, KRISTALNO PLAVI, 3,8cm x 15m - Medicpro\" \/>\n<meta property=\"og:description\" content=\"Tape za banda\u017eu AST pru\u017ea podr\u0161ku zglobovima i mi\u0161i\u0107ima tijekom sportskih aktivnosti. Odr\u017eava stabilnost zglobova tijekom fizi\u010dkih aktivnosti srednjeg intenziteta.\" \/>\n<meta property=\"og:url\" content=\"https:\/\/medicpro.hr\/veleprodaja\/proizvod\/tape-za-bandazu-ast-kristalno-plavi-38cm-x-15m\/\" \/>\n<meta property=\"og:site_name\" content=\"Medicpro\" \/>\n<meta property=\"article:modified_time\" content=\"2026-03-31T07:33:58+00:00\" \/>\n<meta property=\"og:image\" content=\"https:\/\/medicpro.hr\/veleprodaja\/wp-content\/uploads\/2025\/11\/tape-za-bandazu-ast-kristalno-plavi-3.8-cm-x-15-m.png\" \/>\n\t<meta property=\"og:image:width\" content=\"1890\" \/>\n\t<meta property=\"og:image:height\" content=\"1890\" \/>\n\t<meta property=\"og:image:type\" content=\"image\/png\" \/>\n<meta name=\"twitter:card\" content=\"summary_large_image\" \/>\n<meta name=\"twitter:label1\" content=\"Procijenjeno vrijeme \u010ditanja\" \/>\n\t<meta name=\"twitter:data1\" content=\"1 minuta\" \/>\n<script type=\"application\/ld+json\" class=\"yoast-schema-graph\">{\"@context\":\"https:\\\/\\\/schema.org\",\"@graph\":[{\"@type\":\"WebPage\",\"@id\":\"https:\\\/\\\/medicpro.hr\\\/veleprodaja\\\/proizvod\\\/tape-za-bandazu-ast-kristalno-plavi-38cm-x-15m\\\/\",\"url\":\"https:\\\/\\\/medicpro.hr\\\/veleprodaja\\\/proizvod\\\/tape-za-bandazu-ast-kristalno-plavi-38cm-x-15m\\\/\",\"name\":\"TAPE ZA BANDA\u017dU AST, KRISTALNO PLAVI, 3,8cm x 15m - Medicpro\",\"isPartOf\":{\"@id\":\"https:\\\/\\\/medicpro.hr\\\/veleprodaja\\\/#website\"},\"primaryImageOfPage\":{\"@id\":\"https:\\\/\\\/medicpro.hr\\\/veleprodaja\\\/proizvod\\\/tape-za-bandazu-ast-kristalno-plavi-38cm-x-15m\\\/#primaryimage\"},\"image\":{\"@id\":\"https:\\\/\\\/medicpro.hr\\\/veleprodaja\\\/proizvod\\\/tape-za-bandazu-ast-kristalno-plavi-38cm-x-15m\\\/#primaryimage\"},\"thumbnailUrl\":\"https:\\\/\\\/medicpro.hr\\\/veleprodaja\\\/wp-content\\\/uploads\\\/2025\\\/11\\\/tape-za-bandazu-ast-kristalno-plavi-3.8-cm-x-15-m.png\",\"datePublished\":\"2025-11-07T08:54:17+00:00\",\"dateModified\":\"2026-03-31T07:33:58+00:00\",\"breadcrumb\":{\"@id\":\"https:\\\/\\\/medicpro.hr\\\/veleprodaja\\\/proizvod\\\/tape-za-bandazu-ast-kristalno-plavi-38cm-x-15m\\\/#breadcrumb\"},\"inLanguage\":\"hr\",\"potentialAction\":[{\"@type\":\"ReadAction\",\"target\":[\"https:\\\/\\\/medicpro.hr\\\/veleprodaja\\\/proizvod\\\/tape-za-bandazu-ast-kristalno-plavi-38cm-x-15m\\\/\"]}]},{\"@type\":\"ImageObject\",\"inLanguage\":\"hr\",\"@id\":\"https:\\\/\\\/medicpro.hr\\\/veleprodaja\\\/proizvod\\\/tape-za-bandazu-ast-kristalno-plavi-38cm-x-15m\\\/#primaryimage\",\"url\":\"https:\\\/\\\/medicpro.hr\\\/veleprodaja\\\/wp-content\\\/uploads\\\/2025\\\/11\\\/tape-za-bandazu-ast-kristalno-plavi-3.8-cm-x-15-m.png\",\"contentUrl\":\"https:\\\/\\\/medicpro.hr\\\/veleprodaja\\\/wp-content\\\/uploads\\\/2025\\\/11\\\/tape-za-bandazu-ast-kristalno-plavi-3.8-cm-x-15-m.png\",\"width\":1890,\"height\":1890,\"caption\":\"Tape za banda\u017eu AST kristalno plave boje, dimenzije 3,8 cm x 15 m\"},{\"@type\":\"BreadcrumbList\",\"@id\":\"https:\\\/\\\/medicpro.hr\\\/veleprodaja\\\/proizvod\\\/tape-za-bandazu-ast-kristalno-plavi-38cm-x-15m\\\/#breadcrumb\",\"itemListElement\":[{\"@type\":\"ListItem\",\"position\":1,\"name\":\"Po\u010detna stranica\",\"item\":\"https:\\\/\\\/medicpro.hr\\\/veleprodaja\\\/\"},{\"@type\":\"ListItem\",\"position\":2,\"name\":\"Veleprodaja\",\"item\":\"https:\\\/\\\/medicpro.hr\\\/veleprodaja\\\/trgovina\\\/\"},{\"@type\":\"ListItem\",\"position\":3,\"name\":\"TAPE ZA BANDA\u017dU AST, KRISTALNO PLAVI, 3,8cm x 15m\"}]},{\"@type\":\"WebSite\",\"@id\":\"https:\\\/\\\/medicpro.hr\\\/veleprodaja\\\/#website\",\"url\":\"https:\\\/\\\/medicpro.hr\\\/veleprodaja\\\/\",\"name\":\"Medicpro.hr\",\"description\":\"Medicinski potro\u0161ni materijal i oprema\",\"publisher\":{\"@id\":\"https:\\\/\\\/medicpro.hr\\\/veleprodaja\\\/#organization\"},\"potentialAction\":[{\"@type\":\"SearchAction\",\"target\":{\"@type\":\"EntryPoint\",\"urlTemplate\":\"https:\\\/\\\/medicpro.hr\\\/veleprodaja\\\/?s={search_term_string}\"},\"query-input\":{\"@type\":\"PropertyValueSpecification\",\"valueRequired\":true,\"valueName\":\"search_term_string\"}}],\"inLanguage\":\"hr\"},{\"@type\":\"Organization\",\"@id\":\"https:\\\/\\\/medicpro.hr\\\/veleprodaja\\\/#organization\",\"name\":\"Medicpro d.o.o.\",\"url\":\"https:\\\/\\\/medicpro.hr\\\/veleprodaja\\\/\",\"logo\":{\"@type\":\"ImageObject\",\"inLanguage\":\"hr\",\"@id\":\"https:\\\/\\\/medicpro.hr\\\/veleprodaja\\\/#\\\/schema\\\/logo\\\/image\\\/\",\"url\":\"https:\\\/\\\/medicpro.hr\\\/veleprodaja\\\/wp-content\\\/uploads\\\/2025\\\/05\\\/medicpro_logo.svg\",\"contentUrl\":\"https:\\\/\\\/medicpro.hr\\\/veleprodaja\\\/wp-content\\\/uploads\\\/2025\\\/05\\\/medicpro_logo.svg\",\"width\":226,\"height\":42,\"caption\":\"Medicpro d.o.o.\"},\"image\":{\"@id\":\"https:\\\/\\\/medicpro.hr\\\/veleprodaja\\\/#\\\/schema\\\/logo\\\/image\\\/\"}}]}<\/script>\n<!-- \/ Yoast SEO plugin. -->","yoast_head_json":{"title":"TAPE ZA BANDA\u017dU AST, KRISTALNO PLAVI, 3,8cm x 15m - Medicpro","robots":{"index":"index","follow":"follow","max-snippet":"max-snippet:-1","max-image-preview":"max-image-preview:large","max-video-preview":"max-video-preview:-1"},"canonical":"https:\/\/medicpro.hr\/veleprodaja\/proizvod\/tape-za-bandazu-ast-kristalno-plavi-38cm-x-15m\/","og_locale":"hr_HR","og_type":"article","og_title":"TAPE ZA BANDA\u017dU AST, KRISTALNO PLAVI, 3,8cm x 15m - Medicpro","og_description":"Tape za banda\u017eu AST pru\u017ea podr\u0161ku zglobovima i mi\u0161i\u0107ima tijekom sportskih aktivnosti. Odr\u017eava stabilnost zglobova tijekom fizi\u010dkih aktivnosti srednjeg intenziteta.","og_url":"https:\/\/medicpro.hr\/veleprodaja\/proizvod\/tape-za-bandazu-ast-kristalno-plavi-38cm-x-15m\/","og_site_name":"Medicpro","article_modified_time":"2026-03-31T07:33:58+00:00","og_image":[{"width":1890,"height":1890,"url":"https:\/\/medicpro.hr\/veleprodaja\/wp-content\/uploads\/2025\/11\/tape-za-bandazu-ast-kristalno-plavi-3.8-cm-x-15-m.png","type":"image\/png"}],"twitter_card":"summary_large_image","twitter_misc":{"Procijenjeno vrijeme \u010ditanja":"1 minuta"},"schema":{"@context":"https:\/\/schema.org","@graph":[{"@type":"WebPage","@id":"https:\/\/medicpro.hr\/veleprodaja\/proizvod\/tape-za-bandazu-ast-kristalno-plavi-38cm-x-15m\/","url":"https:\/\/medicpro.hr\/veleprodaja\/proizvod\/tape-za-bandazu-ast-kristalno-plavi-38cm-x-15m\/","name":"TAPE ZA BANDA\u017dU AST, KRISTALNO PLAVI, 3,8cm x 15m - Medicpro","isPartOf":{"@id":"https:\/\/medicpro.hr\/veleprodaja\/#website"},"primaryImageOfPage":{"@id":"https:\/\/medicpro.hr\/veleprodaja\/proizvod\/tape-za-bandazu-ast-kristalno-plavi-38cm-x-15m\/#primaryimage"},"image":{"@id":"https:\/\/medicpro.hr\/veleprodaja\/proizvod\/tape-za-bandazu-ast-kristalno-plavi-38cm-x-15m\/#primaryimage"},"thumbnailUrl":"https:\/\/medicpro.hr\/veleprodaja\/wp-content\/uploads\/2025\/11\/tape-za-bandazu-ast-kristalno-plavi-3.8-cm-x-15-m.png","datePublished":"2025-11-07T08:54:17+00:00","dateModified":"2026-03-31T07:33:58+00:00","breadcrumb":{"@id":"https:\/\/medicpro.hr\/veleprodaja\/proizvod\/tape-za-bandazu-ast-kristalno-plavi-38cm-x-15m\/#breadcrumb"},"inLanguage":"hr","potentialAction":[{"@type":"ReadAction","target":["https:\/\/medicpro.hr\/veleprodaja\/proizvod\/tape-za-bandazu-ast-kristalno-plavi-38cm-x-15m\/"]}]},{"@type":"ImageObject","inLanguage":"hr","@id":"https:\/\/medicpro.hr\/veleprodaja\/proizvod\/tape-za-bandazu-ast-kristalno-plavi-38cm-x-15m\/#primaryimage","url":"https:\/\/medicpro.hr\/veleprodaja\/wp-content\/uploads\/2025\/11\/tape-za-bandazu-ast-kristalno-plavi-3.8-cm-x-15-m.png","contentUrl":"https:\/\/medicpro.hr\/veleprodaja\/wp-content\/uploads\/2025\/11\/tape-za-bandazu-ast-kristalno-plavi-3.8-cm-x-15-m.png","width":1890,"height":1890,"caption":"Tape za banda\u017eu AST kristalno plave boje, dimenzije 3,8 cm x 15 m"},{"@type":"BreadcrumbList","@id":"https:\/\/medicpro.hr\/veleprodaja\/proizvod\/tape-za-bandazu-ast-kristalno-plavi-38cm-x-15m\/#breadcrumb","itemListElement":[{"@type":"ListItem","position":1,"name":"Po\u010detna stranica","item":"https:\/\/medicpro.hr\/veleprodaja\/"},{"@type":"ListItem","position":2,"name":"Veleprodaja","item":"https:\/\/medicpro.hr\/veleprodaja\/trgovina\/"},{"@type":"ListItem","position":3,"name":"TAPE ZA BANDA\u017dU AST, KRISTALNO PLAVI, 3,8cm x 15m"}]},{"@type":"WebSite","@id":"https:\/\/medicpro.hr\/veleprodaja\/#website","url":"https:\/\/medicpro.hr\/veleprodaja\/","name":"Medicpro.hr","description":"Medicinski potro\u0161ni materijal i oprema","publisher":{"@id":"https:\/\/medicpro.hr\/veleprodaja\/#organization"},"potentialAction":[{"@type":"SearchAction","target":{"@type":"EntryPoint","urlTemplate":"https:\/\/medicpro.hr\/veleprodaja\/?s={search_term_string}"},"query-input":{"@type":"PropertyValueSpecification","valueRequired":true,"valueName":"search_term_string"}}],"inLanguage":"hr"},{"@type":"Organization","@id":"https:\/\/medicpro.hr\/veleprodaja\/#organization","name":"Medicpro d.o.o.","url":"https:\/\/medicpro.hr\/veleprodaja\/","logo":{"@type":"ImageObject","inLanguage":"hr","@id":"https:\/\/medicpro.hr\/veleprodaja\/#\/schema\/logo\/image\/","url":"https:\/\/medicpro.hr\/veleprodaja\/wp-content\/uploads\/2025\/05\/medicpro_logo.svg","contentUrl":"https:\/\/medicpro.hr\/veleprodaja\/wp-content\/uploads\/2025\/05\/medicpro_logo.svg","width":226,"height":42,"caption":"Medicpro d.o.o."},"image":{"@id":"https:\/\/medicpro.hr\/veleprodaja\/#\/schema\/logo\/image\/"}}]}},"_links":{"self":[{"href":"https:\/\/medicpro.hr\/veleprodaja\/wp-json\/wp\/v2\/product\/2059923","targetHints":{"allow":["GET"]}}],"collection":[{"href":"https:\/\/medicpro.hr\/veleprodaja\/wp-json\/wp\/v2\/product"}],"about":[{"href":"https:\/\/medicpro.hr\/veleprodaja\/wp-json\/wp\/v2\/types\/product"}],"replies":[{"embeddable":true,"href":"https:\/\/medicpro.hr\/veleprodaja\/wp-json\/wp\/v2\/comments?post=2059923"}],"wp:featuredmedia":[{"embeddable":true,"href":"https:\/\/medicpro.hr\/veleprodaja\/wp-json\/wp\/v2\/media\/2060334"}],"wp:attachment":[{"href":"https:\/\/medicpro.hr\/veleprodaja\/wp-json\/wp\/v2\/media?parent=2059923"}],"wp:term":[{"taxonomy":"product_brand","embeddable":true,"href":"https:\/\/medicpro.hr\/veleprodaja\/wp-json\/wp\/v2\/product_brand?post=2059923"},{"taxonomy":"product_cat","embeddable":true,"href":"https:\/\/medicpro.hr\/veleprodaja\/wp-json\/wp\/v2\/product_cat?post=2059923"},{"taxonomy":"product_tag","embeddable":true,"href":"https:\/\/medicpro.hr\/veleprodaja\/wp-json\/wp\/v2\/product_tag?post=2059923"}],"curies":[{"name":"wp","href":"https:\/\/api.w.org\/{rel}","templated":true}]}}