{"id":2059890,"date":"2025-09-16T13:33:45","date_gmt":"2025-09-16T11:33:45","guid":{"rendered":"https:\/\/medicpro.hr\/veleprodaja\/?post_type=product&#038;p=2059890"},"modified":"2026-04-02T12:52:22","modified_gmt":"2026-04-02T10:52:22","slug":"omnistrip-12x101mm-2x3st-a1","status":"publish","type":"product","link":"https:\/\/medicpro.hr\/veleprodaja\/proizvod\/omnistrip-12x101mm-2x3st-a1\/","title":{"rendered":"OMNISTRIP 12x101mm 2x3ST  a&#8217;1"},"content":{"rendered":"<ul>\n<li>Omnistrip su <strong>sterilne trakice za zatvaranje rana<\/strong>.<\/li>\n<li>Mogu slu\u017eiti kao zamjena za \u0161avove.<\/li>\n<li><strong>Iznimno elasti\u010dne<\/strong> i jednostavne za no\u0161enje.<\/li>\n<li>Izra\u0111ene u obliku kra\u0107ih trakica sa zaobljenim rubovima.<\/li>\n<li>Osnovni materijal je netkani tekstil izra\u0111en od mje\u0161avine poliestera i poliamidnih vlakana prevu\u010denih hipoalergenim ljepljivim premazom od poliakrilata.<\/li>\n<li><strong>Ne uzrokuju maceraciju ko\u017ee<\/strong>.<\/li>\n<li>Dobro se lijepe i <strong>uklanjaju se bez ostataka ljepila<\/strong>.<\/li>\n<li>Otporne na zra\u010denje i toplinu.<\/li>\n<li>Dimenzije: 12 x 101 mm.<\/li>\n<li>Cijena se odnosi na jedan omot od 6 trakica.<\/li>\n<\/ul>\n","protected":false},"excerpt":{"rendered":"<p>Omnistrip su sterilne trakice za zatvaranje rana. Mogu slu\u017eiti kao zamjena za \u0161avove. Iznimno elasti\u010dne i jednostavne za no\u0161enje. Izra\u0111ene<\/p>\n","protected":false},"featured_media":2059902,"comment_status":"open","ping_status":"closed","template":"","meta":[],"product_brand":[],"product_cat":[748,749,802],"product_tag":[],"class_list":{"0":"post-2059890","1":"product","2":"type-product","3":"status-publish","4":"has-post-thumbnail","6":"product_cat-zavojni-materijal","7":"product_cat-flasteri","8":"product_cat-steri-strip","10":"first","11":"instock","12":"taxable","13":"shipping-taxable","14":"purchasable","15":"product-type-simple"},"acf":[],"yoast_head":"<!-- This site is optimized with the Yoast SEO plugin v27.3 - https:\/\/yoast.com\/product\/yoast-seo-wordpress\/ -->\n<title>OMNISTRIP 12x101mm 2x3ST a&#039;1 - Medicpro<\/title>\n<meta name=\"robots\" content=\"index, follow, max-snippet:-1, max-image-preview:large, max-video-preview:-1\" \/>\n<link rel=\"canonical\" href=\"https:\/\/medicpro.hr\/veleprodaja\/proizvod\/omnistrip-12x101mm-2x3st-a1\/\" \/>\n<meta property=\"og:locale\" content=\"hr_HR\" \/>\n<meta property=\"og:type\" content=\"article\" \/>\n<meta property=\"og:title\" content=\"OMNISTRIP 12x101mm 2x3ST a&#039;1 - Medicpro\" \/>\n<meta property=\"og:description\" content=\"Omnistrip su sterilne trakice za zatvaranje rana. Mogu slu\u017eiti kao zamjena za \u0161avove. Iznimno elasti\u010dne i jednostavne za no\u0161enje. Izra\u0111ene\" \/>\n<meta property=\"og:url\" content=\"https:\/\/medicpro.hr\/veleprodaja\/proizvod\/omnistrip-12x101mm-2x3st-a1\/\" \/>\n<meta property=\"og:site_name\" content=\"Medicpro\" \/>\n<meta property=\"article:modified_time\" content=\"2026-04-02T10:52:22+00:00\" \/>\n<meta property=\"og:image\" content=\"https:\/\/medicpro.hr\/veleprodaja\/wp-content\/uploads\/2025\/09\/omnistrip-12-x-101-mm-2-x-3-st-e1758024269710.jpg\" \/>\n\t<meta property=\"og:image:width\" content=\"800\" \/>\n\t<meta property=\"og:image:height\" content=\"783\" \/>\n\t<meta property=\"og:image:type\" content=\"image\/jpeg\" \/>\n<meta name=\"twitter:card\" content=\"summary_large_image\" \/>\n<meta name=\"twitter:label1\" content=\"Procijenjeno vrijeme \u010ditanja\" \/>\n\t<meta name=\"twitter:data1\" content=\"1 minuta\" \/>\n<script type=\"application\/ld+json\" class=\"yoast-schema-graph\">{\"@context\":\"https:\\\/\\\/schema.org\",\"@graph\":[{\"@type\":\"WebPage\",\"@id\":\"https:\\\/\\\/medicpro.hr\\\/veleprodaja\\\/proizvod\\\/omnistrip-12x101mm-2x3st-a1\\\/\",\"url\":\"https:\\\/\\\/medicpro.hr\\\/veleprodaja\\\/proizvod\\\/omnistrip-12x101mm-2x3st-a1\\\/\",\"name\":\"OMNISTRIP 12x101mm 2x3ST a'1 - Medicpro\",\"isPartOf\":{\"@id\":\"https:\\\/\\\/medicpro.hr\\\/veleprodaja\\\/#website\"},\"primaryImageOfPage\":{\"@id\":\"https:\\\/\\\/medicpro.hr\\\/veleprodaja\\\/proizvod\\\/omnistrip-12x101mm-2x3st-a1\\\/#primaryimage\"},\"image\":{\"@id\":\"https:\\\/\\\/medicpro.hr\\\/veleprodaja\\\/proizvod\\\/omnistrip-12x101mm-2x3st-a1\\\/#primaryimage\"},\"thumbnailUrl\":\"https:\\\/\\\/medicpro.hr\\\/veleprodaja\\\/wp-content\\\/uploads\\\/2025\\\/09\\\/omnistrip-12-x-101-mm-2-x-3-st-e1758024269710.jpg\",\"datePublished\":\"2025-09-16T11:33:45+00:00\",\"dateModified\":\"2026-04-02T10:52:22+00:00\",\"breadcrumb\":{\"@id\":\"https:\\\/\\\/medicpro.hr\\\/veleprodaja\\\/proizvod\\\/omnistrip-12x101mm-2x3st-a1\\\/#breadcrumb\"},\"inLanguage\":\"hr\",\"potentialAction\":[{\"@type\":\"ReadAction\",\"target\":[\"https:\\\/\\\/medicpro.hr\\\/veleprodaja\\\/proizvod\\\/omnistrip-12x101mm-2x3st-a1\\\/\"]}]},{\"@type\":\"ImageObject\",\"inLanguage\":\"hr\",\"@id\":\"https:\\\/\\\/medicpro.hr\\\/veleprodaja\\\/proizvod\\\/omnistrip-12x101mm-2x3st-a1\\\/#primaryimage\",\"url\":\"https:\\\/\\\/medicpro.hr\\\/veleprodaja\\\/wp-content\\\/uploads\\\/2025\\\/09\\\/omnistrip-12-x-101-mm-2-x-3-st-e1758024269710.jpg\",\"contentUrl\":\"https:\\\/\\\/medicpro.hr\\\/veleprodaja\\\/wp-content\\\/uploads\\\/2025\\\/09\\\/omnistrip-12-x-101-mm-2-x-3-st-e1758024269710.jpg\",\"width\":800,\"height\":783,\"caption\":\"Omnistrip dimenzije 12 x 101 mm\"},{\"@type\":\"BreadcrumbList\",\"@id\":\"https:\\\/\\\/medicpro.hr\\\/veleprodaja\\\/proizvod\\\/omnistrip-12x101mm-2x3st-a1\\\/#breadcrumb\",\"itemListElement\":[{\"@type\":\"ListItem\",\"position\":1,\"name\":\"Po\u010detna stranica\",\"item\":\"https:\\\/\\\/medicpro.hr\\\/veleprodaja\\\/\"},{\"@type\":\"ListItem\",\"position\":2,\"name\":\"Veleprodaja\",\"item\":\"https:\\\/\\\/medicpro.hr\\\/veleprodaja\\\/trgovina\\\/\"},{\"@type\":\"ListItem\",\"position\":3,\"name\":\"OMNISTRIP 12x101mm 2x3ST a&#8217;1\"}]},{\"@type\":\"WebSite\",\"@id\":\"https:\\\/\\\/medicpro.hr\\\/veleprodaja\\\/#website\",\"url\":\"https:\\\/\\\/medicpro.hr\\\/veleprodaja\\\/\",\"name\":\"Medicpro.hr\",\"description\":\"Medicinski potro\u0161ni materijal i oprema\",\"publisher\":{\"@id\":\"https:\\\/\\\/medicpro.hr\\\/veleprodaja\\\/#organization\"},\"potentialAction\":[{\"@type\":\"SearchAction\",\"target\":{\"@type\":\"EntryPoint\",\"urlTemplate\":\"https:\\\/\\\/medicpro.hr\\\/veleprodaja\\\/?s={search_term_string}\"},\"query-input\":{\"@type\":\"PropertyValueSpecification\",\"valueRequired\":true,\"valueName\":\"search_term_string\"}}],\"inLanguage\":\"hr\"},{\"@type\":\"Organization\",\"@id\":\"https:\\\/\\\/medicpro.hr\\\/veleprodaja\\\/#organization\",\"name\":\"Medicpro d.o.o.\",\"url\":\"https:\\\/\\\/medicpro.hr\\\/veleprodaja\\\/\",\"logo\":{\"@type\":\"ImageObject\",\"inLanguage\":\"hr\",\"@id\":\"https:\\\/\\\/medicpro.hr\\\/veleprodaja\\\/#\\\/schema\\\/logo\\\/image\\\/\",\"url\":\"https:\\\/\\\/medicpro.hr\\\/veleprodaja\\\/wp-content\\\/uploads\\\/2025\\\/05\\\/medicpro_logo.svg\",\"contentUrl\":\"https:\\\/\\\/medicpro.hr\\\/veleprodaja\\\/wp-content\\\/uploads\\\/2025\\\/05\\\/medicpro_logo.svg\",\"width\":226,\"height\":42,\"caption\":\"Medicpro d.o.o.\"},\"image\":{\"@id\":\"https:\\\/\\\/medicpro.hr\\\/veleprodaja\\\/#\\\/schema\\\/logo\\\/image\\\/\"}}]}<\/script>\n<!-- \/ Yoast SEO plugin. -->","yoast_head_json":{"title":"OMNISTRIP 12x101mm 2x3ST a'1 - Medicpro","robots":{"index":"index","follow":"follow","max-snippet":"max-snippet:-1","max-image-preview":"max-image-preview:large","max-video-preview":"max-video-preview:-1"},"canonical":"https:\/\/medicpro.hr\/veleprodaja\/proizvod\/omnistrip-12x101mm-2x3st-a1\/","og_locale":"hr_HR","og_type":"article","og_title":"OMNISTRIP 12x101mm 2x3ST a'1 - Medicpro","og_description":"Omnistrip su sterilne trakice za zatvaranje rana. Mogu slu\u017eiti kao zamjena za \u0161avove. Iznimno elasti\u010dne i jednostavne za no\u0161enje. Izra\u0111ene","og_url":"https:\/\/medicpro.hr\/veleprodaja\/proizvod\/omnistrip-12x101mm-2x3st-a1\/","og_site_name":"Medicpro","article_modified_time":"2026-04-02T10:52:22+00:00","og_image":[{"width":800,"height":783,"url":"https:\/\/medicpro.hr\/veleprodaja\/wp-content\/uploads\/2025\/09\/omnistrip-12-x-101-mm-2-x-3-st-e1758024269710.jpg","type":"image\/jpeg"}],"twitter_card":"summary_large_image","twitter_misc":{"Procijenjeno vrijeme \u010ditanja":"1 minuta"},"schema":{"@context":"https:\/\/schema.org","@graph":[{"@type":"WebPage","@id":"https:\/\/medicpro.hr\/veleprodaja\/proizvod\/omnistrip-12x101mm-2x3st-a1\/","url":"https:\/\/medicpro.hr\/veleprodaja\/proizvod\/omnistrip-12x101mm-2x3st-a1\/","name":"OMNISTRIP 12x101mm 2x3ST a'1 - Medicpro","isPartOf":{"@id":"https:\/\/medicpro.hr\/veleprodaja\/#website"},"primaryImageOfPage":{"@id":"https:\/\/medicpro.hr\/veleprodaja\/proizvod\/omnistrip-12x101mm-2x3st-a1\/#primaryimage"},"image":{"@id":"https:\/\/medicpro.hr\/veleprodaja\/proizvod\/omnistrip-12x101mm-2x3st-a1\/#primaryimage"},"thumbnailUrl":"https:\/\/medicpro.hr\/veleprodaja\/wp-content\/uploads\/2025\/09\/omnistrip-12-x-101-mm-2-x-3-st-e1758024269710.jpg","datePublished":"2025-09-16T11:33:45+00:00","dateModified":"2026-04-02T10:52:22+00:00","breadcrumb":{"@id":"https:\/\/medicpro.hr\/veleprodaja\/proizvod\/omnistrip-12x101mm-2x3st-a1\/#breadcrumb"},"inLanguage":"hr","potentialAction":[{"@type":"ReadAction","target":["https:\/\/medicpro.hr\/veleprodaja\/proizvod\/omnistrip-12x101mm-2x3st-a1\/"]}]},{"@type":"ImageObject","inLanguage":"hr","@id":"https:\/\/medicpro.hr\/veleprodaja\/proizvod\/omnistrip-12x101mm-2x3st-a1\/#primaryimage","url":"https:\/\/medicpro.hr\/veleprodaja\/wp-content\/uploads\/2025\/09\/omnistrip-12-x-101-mm-2-x-3-st-e1758024269710.jpg","contentUrl":"https:\/\/medicpro.hr\/veleprodaja\/wp-content\/uploads\/2025\/09\/omnistrip-12-x-101-mm-2-x-3-st-e1758024269710.jpg","width":800,"height":783,"caption":"Omnistrip dimenzije 12 x 101 mm"},{"@type":"BreadcrumbList","@id":"https:\/\/medicpro.hr\/veleprodaja\/proizvod\/omnistrip-12x101mm-2x3st-a1\/#breadcrumb","itemListElement":[{"@type":"ListItem","position":1,"name":"Po\u010detna stranica","item":"https:\/\/medicpro.hr\/veleprodaja\/"},{"@type":"ListItem","position":2,"name":"Veleprodaja","item":"https:\/\/medicpro.hr\/veleprodaja\/trgovina\/"},{"@type":"ListItem","position":3,"name":"OMNISTRIP 12x101mm 2x3ST a&#8217;1"}]},{"@type":"WebSite","@id":"https:\/\/medicpro.hr\/veleprodaja\/#website","url":"https:\/\/medicpro.hr\/veleprodaja\/","name":"Medicpro.hr","description":"Medicinski potro\u0161ni materijal i oprema","publisher":{"@id":"https:\/\/medicpro.hr\/veleprodaja\/#organization"},"potentialAction":[{"@type":"SearchAction","target":{"@type":"EntryPoint","urlTemplate":"https:\/\/medicpro.hr\/veleprodaja\/?s={search_term_string}"},"query-input":{"@type":"PropertyValueSpecification","valueRequired":true,"valueName":"search_term_string"}}],"inLanguage":"hr"},{"@type":"Organization","@id":"https:\/\/medicpro.hr\/veleprodaja\/#organization","name":"Medicpro d.o.o.","url":"https:\/\/medicpro.hr\/veleprodaja\/","logo":{"@type":"ImageObject","inLanguage":"hr","@id":"https:\/\/medicpro.hr\/veleprodaja\/#\/schema\/logo\/image\/","url":"https:\/\/medicpro.hr\/veleprodaja\/wp-content\/uploads\/2025\/05\/medicpro_logo.svg","contentUrl":"https:\/\/medicpro.hr\/veleprodaja\/wp-content\/uploads\/2025\/05\/medicpro_logo.svg","width":226,"height":42,"caption":"Medicpro d.o.o."},"image":{"@id":"https:\/\/medicpro.hr\/veleprodaja\/#\/schema\/logo\/image\/"}}]}},"_links":{"self":[{"href":"https:\/\/medicpro.hr\/veleprodaja\/wp-json\/wp\/v2\/product\/2059890","targetHints":{"allow":["GET"]}}],"collection":[{"href":"https:\/\/medicpro.hr\/veleprodaja\/wp-json\/wp\/v2\/product"}],"about":[{"href":"https:\/\/medicpro.hr\/veleprodaja\/wp-json\/wp\/v2\/types\/product"}],"replies":[{"embeddable":true,"href":"https:\/\/medicpro.hr\/veleprodaja\/wp-json\/wp\/v2\/comments?post=2059890"}],"wp:featuredmedia":[{"embeddable":true,"href":"https:\/\/medicpro.hr\/veleprodaja\/wp-json\/wp\/v2\/media\/2059902"}],"wp:attachment":[{"href":"https:\/\/medicpro.hr\/veleprodaja\/wp-json\/wp\/v2\/media?parent=2059890"}],"wp:term":[{"taxonomy":"product_brand","embeddable":true,"href":"https:\/\/medicpro.hr\/veleprodaja\/wp-json\/wp\/v2\/product_brand?post=2059890"},{"taxonomy":"product_cat","embeddable":true,"href":"https:\/\/medicpro.hr\/veleprodaja\/wp-json\/wp\/v2\/product_cat?post=2059890"},{"taxonomy":"product_tag","embeddable":true,"href":"https:\/\/medicpro.hr\/veleprodaja\/wp-json\/wp\/v2\/product_tag?post=2059890"}],"curies":[{"name":"wp","href":"https:\/\/api.w.org\/{rel}","templated":true}]}}